{"id":1305,"date":"2015-01-06T18:32:44","date_gmt":"2015-01-06T18:32:44","guid":{"rendered":"http:\/\/www.boutiquekatag.com\/?page_id=1305"},"modified":"2015-01-08T20:42:48","modified_gmt":"2015-01-08T20:42:48","slug":"aventure-168","status":"publish","type":"page","link":"https:\/\/www.katag.ca\/en\/aventure-168\/","title":{"rendered":"Aventure 168"},"content":{"rendered":"<p>Malgr\u00e9 tous vos efforts, vous vous approchez sans cesse de la structure! Soudain, deux cr\u00e9atures ail\u00e9es ressemblant \u00e0 des gardes directement sortis des pires films d\u2019horreurs se dirigent droit vers vous. Vous sentez que vous ne pourrez leur r\u00e9sister et vous l\u00e2chez soudain prise et cessez de vous battre. Les deux gardes s\u2019approchent de vous et, alors que vous \u00e9tiez certain qu\u2019ils allaient vous frapper, ils vous regardent en riant. \u00ab H\u00e9 gamin! Qu\u2019est-ce que tu fais \u00e0 r\u00f4der aux alentours du Labyrinthe? Ne sais-tu donc pas que cet endroit est damn\u00e9 et n\u2019est pas pour les enfants? Tes parents ne t\u2019ont pas appris \u00e0 rester loin des endroits qui semblaient dangereux? Allez, d\u00e9guerpit d\u2019ici avant qu\u2019on ne te soup\u00e7onne d\u2019\u00eatre un Immortel et qu\u2019on t\u2019enferme pour toujours dans l\u2019un des cachots du Labyrinthe! \u00bb<\/p>\n<p>Les deux gardes repartent, toujours en riant. Mais vous, vous ne trouvez rien de dr\u00f4le \u00e0 ce qui vient de vous arriver. Vous perdez la moiti\u00e9 de vos points dans la cat\u00e9gorie intuition pour avoir \u00e9t\u00e9 si imprudent. Vous devez faire la correction n\u00e9cessaire sur votre feuille de route. Vous n\u2019avez maintenant d\u2019autre choix que de retourner sur le navire.<\/p>\n<div class=\"btn-container  align-center\"><a class=\"organic-btn  dark-blue-btn small-btn  align-center\" href=\"http:\/\/www.katag.ca\/aventure-147\/\"><span class=\"btn-holder\">Cliquez ici pour continuer<\/span><\/a><\/div>\n","protected":false},"excerpt":{"rendered":"<p>Malgr\u00e9 tous vos efforts, vous vous approchez sans cesse de la structure! Soudain, deux cr\u00e9atures ail\u00e9es ressemblant \u00e0 des gardes directement sortis des pires films d\u2019horreurs se dirigent droit vers vous. Vous sentez que vous ne pourrez leur r\u00e9sister et vous l\u00e2chez soudain prise et cessez de vous battre. Les deux gardes s\u2019approchent de vous et, alors que vous \u00e9tiez certain qu\u2019ils allaient vous frapper, ils vous regardent en riant. \u00ab H\u00e9 gamin! Qu\u2019est-ce que tu fais \u00e0 r\u00f4der aux alentours du Labyrinthe? Ne sais-tu donc pas que&#8230;<\/p>\n","protected":false},"author":2,"featured_media":0,"parent":0,"menu_order":0,"comment_status":"closed","ping_status":"closed","template":"","meta":{"footnotes":""},"class_list":["post-1305","page","type-page","status-publish","hentry"],"yoast_head":"<!-- This site is optimized with the Yoast SEO plugin v27.5 - https:\/\/yoast.com\/product\/yoast-seo-wordpress\/ -->\n<title>Aventure 168 | Katag<\/title>\n<meta name=\"robots\" content=\"index, follow, max-snippet:-1, max-image-preview:large, max-video-preview:-1\" \/>\n<link rel=\"canonical\" href=\"https:\/\/www.katag.ca\/aventure-168\/\" \/>\n<meta property=\"og:locale\" content=\"en_US\" \/>\n<meta property=\"og:type\" content=\"article\" \/>\n<meta property=\"og:title\" content=\"Aventure 168 | Katag\" \/>\n<meta property=\"og:description\" content=\"Malgr\u00e9 tous vos efforts, vous vous approchez sans cesse de la structure! Soudain, deux cr\u00e9atures ail\u00e9es ressemblant \u00e0 des gardes directement sortis des pires films d\u2019horreurs se dirigent droit vers vous. Vous sentez que vous ne pourrez leur r\u00e9sister et vous l\u00e2chez soudain prise et cessez de vous battre. Les deux gardes s\u2019approchent de vous et, alors que vous \u00e9tiez certain qu\u2019ils allaient vous frapper, ils vous regardent en riant. \u00ab H\u00e9 gamin! Qu\u2019est-ce que tu fais \u00e0 r\u00f4der aux alentours du Labyrinthe? Ne sais-tu donc pas que...\" \/>\n<meta property=\"og:url\" content=\"https:\/\/www.katag.ca\/aventure-168\/\" \/>\n<meta property=\"og:site_name\" content=\"Katag\" \/>\n<meta property=\"article:publisher\" content=\"https:\/\/www.facebook.com\/Katag.ca\" \/>\n<meta property=\"article:modified_time\" content=\"2015-01-08T20:42:48+00:00\" \/>\n<meta name=\"twitter:card\" content=\"summary_large_image\" \/>\n<meta name=\"twitter:label1\" content=\"Est. reading time\" \/>\n\t<meta name=\"twitter:data1\" content=\"1 minute\" \/>\n<script type=\"application\/ld+json\" class=\"yoast-schema-graph\">{\"@context\":\"https:\\\/\\\/schema.org\",\"@graph\":[{\"@type\":\"WebPage\",\"@id\":\"https:\\\/\\\/www.katag.ca\\\/aventure-168\\\/\",\"url\":\"https:\\\/\\\/www.katag.ca\\\/aventure-168\\\/\",\"name\":\"Aventure 168 | Katag\",\"isPartOf\":{\"@id\":\"https:\\\/\\\/www.katag.ca\\\/#website\"},\"datePublished\":\"2015-01-06T18:32:44+00:00\",\"dateModified\":\"2015-01-08T20:42:48+00:00\",\"breadcrumb\":{\"@id\":\"https:\\\/\\\/www.katag.ca\\\/aventure-168\\\/#breadcrumb\"},\"inLanguage\":\"en-US\",\"potentialAction\":[{\"@type\":\"ReadAction\",\"target\":[\"https:\\\/\\\/www.katag.ca\\\/aventure-168\\\/\"]}]},{\"@type\":\"BreadcrumbList\",\"@id\":\"https:\\\/\\\/www.katag.ca\\\/aventure-168\\\/#breadcrumb\",\"itemListElement\":[{\"@type\":\"ListItem\",\"position\":1,\"name\":\"Accueil\",\"item\":\"https:\\\/\\\/www.katag.ca\\\/\"},{\"@type\":\"ListItem\",\"position\":2,\"name\":\"Aventure 168\"}]},{\"@type\":\"WebSite\",\"@id\":\"https:\\\/\\\/www.katag.ca\\\/#website\",\"url\":\"https:\\\/\\\/www.katag.ca\\\/\",\"name\":\"Katag\",\"description\":\"LE jeu d'&eacute;p&eacute;es-mousse\",\"publisher\":{\"@id\":\"https:\\\/\\\/www.katag.ca\\\/#organization\"},\"potentialAction\":[{\"@type\":\"SearchAction\",\"target\":{\"@type\":\"EntryPoint\",\"urlTemplate\":\"https:\\\/\\\/www.katag.ca\\\/?s={search_term_string}\"},\"query-input\":{\"@type\":\"PropertyValueSpecification\",\"valueRequired\":true,\"valueName\":\"search_term_string\"}}],\"inLanguage\":\"en-US\"},{\"@type\":\"Organization\",\"@id\":\"https:\\\/\\\/www.katag.ca\\\/#organization\",\"name\":\"Katag\",\"url\":\"https:\\\/\\\/www.katag.ca\\\/\",\"logo\":{\"@type\":\"ImageObject\",\"inLanguage\":\"en-US\",\"@id\":\"https:\\\/\\\/www.katag.ca\\\/#\\\/schema\\\/logo\\\/image\\\/\",\"url\":\"https:\\\/\\\/www.katag.ca\\\/wp-content\\\/uploads\\\/2021\\\/03\\\/logo-fr.png\",\"contentUrl\":\"https:\\\/\\\/www.katag.ca\\\/wp-content\\\/uploads\\\/2021\\\/03\\\/logo-fr.png\",\"width\":338,\"height\":173,\"caption\":\"Katag\"},\"image\":{\"@id\":\"https:\\\/\\\/www.katag.ca\\\/#\\\/schema\\\/logo\\\/image\\\/\"},\"sameAs\":[\"https:\\\/\\\/www.facebook.com\\\/Katag.ca\"]}]}<\/script>\n<!-- \/ Yoast SEO plugin. -->","yoast_head_json":{"title":"Aventure 168 | Katag","robots":{"index":"index","follow":"follow","max-snippet":"max-snippet:-1","max-image-preview":"max-image-preview:large","max-video-preview":"max-video-preview:-1"},"canonical":"https:\/\/www.katag.ca\/aventure-168\/","og_locale":"en_US","og_type":"article","og_title":"Aventure 168 | Katag","og_description":"Malgr\u00e9 tous vos efforts, vous vous approchez sans cesse de la structure! Soudain, deux cr\u00e9atures ail\u00e9es ressemblant \u00e0 des gardes directement sortis des pires films d\u2019horreurs se dirigent droit vers vous. Vous sentez que vous ne pourrez leur r\u00e9sister et vous l\u00e2chez soudain prise et cessez de vous battre. Les deux gardes s\u2019approchent de vous et, alors que vous \u00e9tiez certain qu\u2019ils allaient vous frapper, ils vous regardent en riant. \u00ab H\u00e9 gamin! Qu\u2019est-ce que tu fais \u00e0 r\u00f4der aux alentours du Labyrinthe? Ne sais-tu donc pas que...","og_url":"https:\/\/www.katag.ca\/aventure-168\/","og_site_name":"Katag","article_publisher":"https:\/\/www.facebook.com\/Katag.ca","article_modified_time":"2015-01-08T20:42:48+00:00","twitter_card":"summary_large_image","twitter_misc":{"Est. reading time":"1 minute"},"schema":{"@context":"https:\/\/schema.org","@graph":[{"@type":"WebPage","@id":"https:\/\/www.katag.ca\/aventure-168\/","url":"https:\/\/www.katag.ca\/aventure-168\/","name":"Aventure 168 | Katag","isPartOf":{"@id":"https:\/\/www.katag.ca\/#website"},"datePublished":"2015-01-06T18:32:44+00:00","dateModified":"2015-01-08T20:42:48+00:00","breadcrumb":{"@id":"https:\/\/www.katag.ca\/aventure-168\/#breadcrumb"},"inLanguage":"en-US","potentialAction":[{"@type":"ReadAction","target":["https:\/\/www.katag.ca\/aventure-168\/"]}]},{"@type":"BreadcrumbList","@id":"https:\/\/www.katag.ca\/aventure-168\/#breadcrumb","itemListElement":[{"@type":"ListItem","position":1,"name":"Accueil","item":"https:\/\/www.katag.ca\/"},{"@type":"ListItem","position":2,"name":"Aventure 168"}]},{"@type":"WebSite","@id":"https:\/\/www.katag.ca\/#website","url":"https:\/\/www.katag.ca\/","name":"Katag","description":"LE jeu d'&eacute;p&eacute;es-mousse","publisher":{"@id":"https:\/\/www.katag.ca\/#organization"},"potentialAction":[{"@type":"SearchAction","target":{"@type":"EntryPoint","urlTemplate":"https:\/\/www.katag.ca\/?s={search_term_string}"},"query-input":{"@type":"PropertyValueSpecification","valueRequired":true,"valueName":"search_term_string"}}],"inLanguage":"en-US"},{"@type":"Organization","@id":"https:\/\/www.katag.ca\/#organization","name":"Katag","url":"https:\/\/www.katag.ca\/","logo":{"@type":"ImageObject","inLanguage":"en-US","@id":"https:\/\/www.katag.ca\/#\/schema\/logo\/image\/","url":"https:\/\/www.katag.ca\/wp-content\/uploads\/2021\/03\/logo-fr.png","contentUrl":"https:\/\/www.katag.ca\/wp-content\/uploads\/2021\/03\/logo-fr.png","width":338,"height":173,"caption":"Katag"},"image":{"@id":"https:\/\/www.katag.ca\/#\/schema\/logo\/image\/"},"sameAs":["https:\/\/www.facebook.com\/Katag.ca"]}]}},"_links":{"self":[{"href":"https:\/\/www.katag.ca\/en\/wp-json\/wp\/v2\/pages\/1305","targetHints":{"allow":["GET"]}}],"collection":[{"href":"https:\/\/www.katag.ca\/en\/wp-json\/wp\/v2\/pages"}],"about":[{"href":"https:\/\/www.katag.ca\/en\/wp-json\/wp\/v2\/types\/page"}],"author":[{"embeddable":true,"href":"https:\/\/www.katag.ca\/en\/wp-json\/wp\/v2\/users\/2"}],"replies":[{"embeddable":true,"href":"https:\/\/www.katag.ca\/en\/wp-json\/wp\/v2\/comments?post=1305"}],"version-history":[{"count":3,"href":"https:\/\/www.katag.ca\/en\/wp-json\/wp\/v2\/pages\/1305\/revisions"}],"predecessor-version":[{"id":1913,"href":"https:\/\/www.katag.ca\/en\/wp-json\/wp\/v2\/pages\/1305\/revisions\/1913"}],"wp:attachment":[{"href":"https:\/\/www.katag.ca\/en\/wp-json\/wp\/v2\/media?parent=1305"}],"curies":[{"name":"wp","href":"https:\/\/api.w.org\/{rel}","templated":true}]}}