{"id":1310,"date":"2015-01-06T18:34:10","date_gmt":"2015-01-06T18:34:10","guid":{"rendered":"http:\/\/www.boutiquekatag.com\/?page_id=1310"},"modified":"2015-01-08T20:46:01","modified_gmt":"2015-01-08T20:46:01","slug":"aventure-170","status":"publish","type":"page","link":"https:\/\/www.katag.ca\/en\/aventure-170\/","title":{"rendered":"Aventure 170"},"content":{"rendered":"<p>Vous collez l\u2019oreille \u00e0 la porte et vous entendez : \u00ab Mais non Huberto, je te jure! Ce n\u2019est pas moi qui l\u2019ai pris! C\u2019est sans doute encore un de ces sales gamins qui est venu tra\u00eener dans les parages et qu\u2019il l\u2019a trouv\u00e9\u2026 Si \u00e7a se trouve, il est encore ici! Tu sais ce qu\u2019on dit, les voleurs sont comme des R\u00eaveurs, ils sont difficiles \u00e0 voir venir! Et puis, il est possible que ce foutu cauchemar lui ait donn\u00e9 la frousse de sa vie avant qu\u2019il ne parte vers l\u2019ouest, en direction du lac Diga\u2026 \u00bb \u00ab Tu as peut-\u00eatre raison mon Charlot, mais ton baratin ne me ram\u00e8ne pas mon cristal! Moi, je fais le tour du navire et, si je trouve ce satan\u00e9 voleur, je vais lui faire sa f\u00eate!\u00bb<\/p>\n<p>Vous comprenez rapidement que vous feriez mieux de rester loin de ces deux individus. Toutefois, vous savez maintenant quelle direction a pris le cauchemar. Ajoutez un point de chance \u00e0 votre total. Qu\u2019allez-vous faire maintenant? <\/p>\n<div class=\"btn-container  align-center\"><a class=\"organic-btn  dark-blue-btn small-btn  align-center\" href=\"http:\/\/www.katag.ca\/aventure-169\/\"><span class=\"btn-holder\">Vous d\u00e9sirez continuer d\u2019explorer la cale<\/span><\/a><\/div>\n<div class=\"btn-container  align-center\"><a class=\"organic-btn  dark-blue-btn small-btn  align-center\" href=\"http:\/\/www.katag.ca\/aventure-192\/\"><span class=\"btn-holder\">Vous pr\u00e9f\u00e9rez remonter pour vous diriger vers l\u2019est en direction du lac Diga<\/span><\/a><\/div>\n","protected":false},"excerpt":{"rendered":"<p>Vous collez l\u2019oreille \u00e0 la porte et vous entendez : \u00ab Mais non Huberto, je te jure! Ce n\u2019est pas moi qui l\u2019ai pris! C\u2019est sans doute encore un de ces sales gamins qui est venu tra\u00eener dans les parages et qu\u2019il l\u2019a trouv\u00e9\u2026 Si \u00e7a se trouve, il est encore ici! Tu sais ce qu\u2019on dit, les voleurs sont comme des R\u00eaveurs, ils sont difficiles \u00e0 voir venir! Et puis, il est possible que ce foutu cauchemar lui ait donn\u00e9 la frousse de sa vie avant qu\u2019il&#8230;<\/p>\n","protected":false},"author":2,"featured_media":0,"parent":0,"menu_order":0,"comment_status":"closed","ping_status":"closed","template":"","meta":{"footnotes":""},"class_list":["post-1310","page","type-page","status-publish","hentry"],"yoast_head":"<!-- This site is optimized with the Yoast SEO plugin v27.5 - https:\/\/yoast.com\/product\/yoast-seo-wordpress\/ -->\n<title>Aventure 170 | Katag<\/title>\n<meta name=\"robots\" content=\"index, follow, max-snippet:-1, max-image-preview:large, max-video-preview:-1\" \/>\n<link rel=\"canonical\" href=\"https:\/\/www.katag.ca\/en\/aventure-170\/\" \/>\n<meta property=\"og:locale\" content=\"en_US\" \/>\n<meta property=\"og:type\" content=\"article\" \/>\n<meta property=\"og:title\" content=\"Aventure 170 | Katag\" \/>\n<meta property=\"og:description\" content=\"Vous collez l\u2019oreille \u00e0 la porte et vous entendez : \u00ab Mais non Huberto, je te jure! Ce n\u2019est pas moi qui l\u2019ai pris! C\u2019est sans doute encore un de ces sales gamins qui est venu tra\u00eener dans les parages et qu\u2019il l\u2019a trouv\u00e9\u2026 Si \u00e7a se trouve, il est encore ici! Tu sais ce qu\u2019on dit, les voleurs sont comme des R\u00eaveurs, ils sont difficiles \u00e0 voir venir! Et puis, il est possible que ce foutu cauchemar lui ait donn\u00e9 la frousse de sa vie avant qu\u2019il...\" \/>\n<meta property=\"og:url\" content=\"https:\/\/www.katag.ca\/en\/aventure-170\/\" \/>\n<meta property=\"og:site_name\" content=\"Katag\" \/>\n<meta property=\"article:publisher\" content=\"https:\/\/www.facebook.com\/Katag.ca\" \/>\n<meta property=\"article:modified_time\" content=\"2015-01-08T20:46:01+00:00\" \/>\n<meta name=\"twitter:card\" content=\"summary_large_image\" \/>\n<meta name=\"twitter:label1\" content=\"Est. reading time\" \/>\n\t<meta name=\"twitter:data1\" content=\"1 minute\" \/>\n<script type=\"application\/ld+json\" class=\"yoast-schema-graph\">{\"@context\":\"https:\\\/\\\/schema.org\",\"@graph\":[{\"@type\":\"WebPage\",\"@id\":\"https:\\\/\\\/www.katag.ca\\\/en\\\/aventure-170\\\/\",\"url\":\"https:\\\/\\\/www.katag.ca\\\/en\\\/aventure-170\\\/\",\"name\":\"Aventure 170 | Katag\",\"isPartOf\":{\"@id\":\"https:\\\/\\\/www.katag.ca\\\/#website\"},\"datePublished\":\"2015-01-06T18:34:10+00:00\",\"dateModified\":\"2015-01-08T20:46:01+00:00\",\"breadcrumb\":{\"@id\":\"https:\\\/\\\/www.katag.ca\\\/en\\\/aventure-170\\\/#breadcrumb\"},\"inLanguage\":\"en-US\",\"potentialAction\":[{\"@type\":\"ReadAction\",\"target\":[\"https:\\\/\\\/www.katag.ca\\\/en\\\/aventure-170\\\/\"]}]},{\"@type\":\"BreadcrumbList\",\"@id\":\"https:\\\/\\\/www.katag.ca\\\/en\\\/aventure-170\\\/#breadcrumb\",\"itemListElement\":[{\"@type\":\"ListItem\",\"position\":1,\"name\":\"Accueil\",\"item\":\"https:\\\/\\\/www.katag.ca\\\/\"},{\"@type\":\"ListItem\",\"position\":2,\"name\":\"Aventure 170\"}]},{\"@type\":\"WebSite\",\"@id\":\"https:\\\/\\\/www.katag.ca\\\/#website\",\"url\":\"https:\\\/\\\/www.katag.ca\\\/\",\"name\":\"Katag\",\"description\":\"LE jeu d'&eacute;p&eacute;es-mousse\",\"publisher\":{\"@id\":\"https:\\\/\\\/www.katag.ca\\\/#organization\"},\"potentialAction\":[{\"@type\":\"SearchAction\",\"target\":{\"@type\":\"EntryPoint\",\"urlTemplate\":\"https:\\\/\\\/www.katag.ca\\\/?s={search_term_string}\"},\"query-input\":{\"@type\":\"PropertyValueSpecification\",\"valueRequired\":true,\"valueName\":\"search_term_string\"}}],\"inLanguage\":\"en-US\"},{\"@type\":\"Organization\",\"@id\":\"https:\\\/\\\/www.katag.ca\\\/#organization\",\"name\":\"Katag\",\"url\":\"https:\\\/\\\/www.katag.ca\\\/\",\"logo\":{\"@type\":\"ImageObject\",\"inLanguage\":\"en-US\",\"@id\":\"https:\\\/\\\/www.katag.ca\\\/#\\\/schema\\\/logo\\\/image\\\/\",\"url\":\"https:\\\/\\\/www.katag.ca\\\/wp-content\\\/uploads\\\/2021\\\/03\\\/logo-fr.png\",\"contentUrl\":\"https:\\\/\\\/www.katag.ca\\\/wp-content\\\/uploads\\\/2021\\\/03\\\/logo-fr.png\",\"width\":338,\"height\":173,\"caption\":\"Katag\"},\"image\":{\"@id\":\"https:\\\/\\\/www.katag.ca\\\/#\\\/schema\\\/logo\\\/image\\\/\"},\"sameAs\":[\"https:\\\/\\\/www.facebook.com\\\/Katag.ca\"]}]}<\/script>\n<!-- \/ Yoast SEO plugin. -->","yoast_head_json":{"title":"Aventure 170 | Katag","robots":{"index":"index","follow":"follow","max-snippet":"max-snippet:-1","max-image-preview":"max-image-preview:large","max-video-preview":"max-video-preview:-1"},"canonical":"https:\/\/www.katag.ca\/en\/aventure-170\/","og_locale":"en_US","og_type":"article","og_title":"Aventure 170 | Katag","og_description":"Vous collez l\u2019oreille \u00e0 la porte et vous entendez : \u00ab Mais non Huberto, je te jure! Ce n\u2019est pas moi qui l\u2019ai pris! C\u2019est sans doute encore un de ces sales gamins qui est venu tra\u00eener dans les parages et qu\u2019il l\u2019a trouv\u00e9\u2026 Si \u00e7a se trouve, il est encore ici! Tu sais ce qu\u2019on dit, les voleurs sont comme des R\u00eaveurs, ils sont difficiles \u00e0 voir venir! Et puis, il est possible que ce foutu cauchemar lui ait donn\u00e9 la frousse de sa vie avant qu\u2019il...","og_url":"https:\/\/www.katag.ca\/en\/aventure-170\/","og_site_name":"Katag","article_publisher":"https:\/\/www.facebook.com\/Katag.ca","article_modified_time":"2015-01-08T20:46:01+00:00","twitter_card":"summary_large_image","twitter_misc":{"Est. reading time":"1 minute"},"schema":{"@context":"https:\/\/schema.org","@graph":[{"@type":"WebPage","@id":"https:\/\/www.katag.ca\/en\/aventure-170\/","url":"https:\/\/www.katag.ca\/en\/aventure-170\/","name":"Aventure 170 | Katag","isPartOf":{"@id":"https:\/\/www.katag.ca\/#website"},"datePublished":"2015-01-06T18:34:10+00:00","dateModified":"2015-01-08T20:46:01+00:00","breadcrumb":{"@id":"https:\/\/www.katag.ca\/en\/aventure-170\/#breadcrumb"},"inLanguage":"en-US","potentialAction":[{"@type":"ReadAction","target":["https:\/\/www.katag.ca\/en\/aventure-170\/"]}]},{"@type":"BreadcrumbList","@id":"https:\/\/www.katag.ca\/en\/aventure-170\/#breadcrumb","itemListElement":[{"@type":"ListItem","position":1,"name":"Accueil","item":"https:\/\/www.katag.ca\/"},{"@type":"ListItem","position":2,"name":"Aventure 170"}]},{"@type":"WebSite","@id":"https:\/\/www.katag.ca\/#website","url":"https:\/\/www.katag.ca\/","name":"Katag","description":"LE jeu d'&eacute;p&eacute;es-mousse","publisher":{"@id":"https:\/\/www.katag.ca\/#organization"},"potentialAction":[{"@type":"SearchAction","target":{"@type":"EntryPoint","urlTemplate":"https:\/\/www.katag.ca\/?s={search_term_string}"},"query-input":{"@type":"PropertyValueSpecification","valueRequired":true,"valueName":"search_term_string"}}],"inLanguage":"en-US"},{"@type":"Organization","@id":"https:\/\/www.katag.ca\/#organization","name":"Katag","url":"https:\/\/www.katag.ca\/","logo":{"@type":"ImageObject","inLanguage":"en-US","@id":"https:\/\/www.katag.ca\/#\/schema\/logo\/image\/","url":"https:\/\/www.katag.ca\/wp-content\/uploads\/2021\/03\/logo-fr.png","contentUrl":"https:\/\/www.katag.ca\/wp-content\/uploads\/2021\/03\/logo-fr.png","width":338,"height":173,"caption":"Katag"},"image":{"@id":"https:\/\/www.katag.ca\/#\/schema\/logo\/image\/"},"sameAs":["https:\/\/www.facebook.com\/Katag.ca"]}]}},"_links":{"self":[{"href":"https:\/\/www.katag.ca\/en\/wp-json\/wp\/v2\/pages\/1310","targetHints":{"allow":["GET"]}}],"collection":[{"href":"https:\/\/www.katag.ca\/en\/wp-json\/wp\/v2\/pages"}],"about":[{"href":"https:\/\/www.katag.ca\/en\/wp-json\/wp\/v2\/types\/page"}],"author":[{"embeddable":true,"href":"https:\/\/www.katag.ca\/en\/wp-json\/wp\/v2\/users\/2"}],"replies":[{"embeddable":true,"href":"https:\/\/www.katag.ca\/en\/wp-json\/wp\/v2\/comments?post=1310"}],"version-history":[{"count":2,"href":"https:\/\/www.katag.ca\/en\/wp-json\/wp\/v2\/pages\/1310\/revisions"}],"predecessor-version":[{"id":1917,"href":"https:\/\/www.katag.ca\/en\/wp-json\/wp\/v2\/pages\/1310\/revisions\/1917"}],"wp:attachment":[{"href":"https:\/\/www.katag.ca\/en\/wp-json\/wp\/v2\/media?parent=1310"}],"curies":[{"name":"wp","href":"https:\/\/api.w.org\/{rel}","templated":true}]}}