{"id":1312,"date":"2015-01-06T18:34:56","date_gmt":"2015-01-06T18:34:56","guid":{"rendered":"http:\/\/www.boutiquekatag.com\/?page_id=1312"},"modified":"2015-01-08T20:47:31","modified_gmt":"2015-01-08T20:47:31","slug":"aventure-171","status":"publish","type":"page","link":"https:\/\/www.katag.ca\/en\/aventure-171\/","title":{"rendered":"Aventure 171"},"content":{"rendered":"<p>\u00c0 peine \u00eates-vous remont\u00e9 que vous apercevez deux hommes qui montent par la passerelle pour embarquer sur le navire. Avant m\u00eame que vous n\u2019ayez pu r\u00e9agir, l\u2019un d\u2019eux vous saisit par le bras. \u00ab H\u00e9, Huberto! Regarde ce que je viens de d\u00e9nicher! C\u2019est probablement ton voleur! \u00bb L\u2019homme d\u00e9nomm\u00e9 Huberto arrive en courant. \u00ab Je hais les voleurs! Alors, dis-moi la v\u00e9rit\u00e9 maintenant et je t\u2019\u00e9pargnerai peut-\u00eatre! As-tu vol\u00e9 mon cristal? \u00bb Vous sentez que vous \u00eates pris au pi\u00e8ge et que peu importe ce que vous leur direz, ces derniers ne vous croiront pas! Qu\u2019allez-vous faire?<\/p>\n<div class=\"btn-container  align-center\"><a class=\"organic-btn  dark-blue-btn small-btn  align-center\" href=\"http:\/\/www.katag.ca\/aventure-151\/\"><span class=\"btn-holder\">Vous d\u00e9tenez son cristal et d\u00e9sirez lui remettre<\/span><\/a><\/div>\n<div class=\"btn-container  align-center\"><a class=\"organic-btn  dark-blue-btn small-btn  align-center\" href=\"http:\/\/www.katag.ca\/aventure-157\/\"><span class=\"btn-holder\">Vous d\u00e9tenez son cristal mais pr\u00e9f\u00e9rez la garder<\/span><\/a><\/div>\n<div class=\"btn-container  align-center\"><a class=\"organic-btn  dark-blue-btn small-btn  align-center\" href=\"http:\/\/www.katag.ca\/aventure-158\/\"><span class=\"btn-holder\">Vous ne d\u00e9tenez pas son cristal<\/span><\/a><\/div>\n<div class=\"btn-container  align-center\"><a class=\"organic-btn  dark-blue-btn small-btn  align-center\" href=\"http:\/\/www.katag.ca\/aventure-165\/\"><span class=\"btn-holder\">Vous pr\u00e9f\u00e9rez lui r\u00e9pondre que tous les pirates ne sont que des voleurs<\/span><\/a><\/div>\n","protected":false},"excerpt":{"rendered":"<p>\u00c0 peine \u00eates-vous remont\u00e9 que vous apercevez deux hommes qui montent par la passerelle pour embarquer sur le navire. Avant m\u00eame que vous n\u2019ayez pu r\u00e9agir, l\u2019un d\u2019eux vous saisit par le bras. \u00ab H\u00e9, Huberto! Regarde ce que je viens de d\u00e9nicher! C\u2019est probablement ton voleur! \u00bb L\u2019homme d\u00e9nomm\u00e9 Huberto arrive en courant. \u00ab Je hais les voleurs! Alors, dis-moi la v\u00e9rit\u00e9 maintenant et je t\u2019\u00e9pargnerai peut-\u00eatre! As-tu vol\u00e9 mon cristal? \u00bb Vous sentez que vous \u00eates pris au pi\u00e8ge et que peu importe ce que vous&#8230;<\/p>\n","protected":false},"author":2,"featured_media":0,"parent":0,"menu_order":0,"comment_status":"closed","ping_status":"closed","template":"","meta":{"footnotes":""},"class_list":["post-1312","page","type-page","status-publish","hentry"],"yoast_head":"<!-- This site is optimized with the Yoast SEO plugin v27.5 - https:\/\/yoast.com\/product\/yoast-seo-wordpress\/ -->\n<title>Aventure 171 | Katag<\/title>\n<meta name=\"robots\" content=\"index, follow, max-snippet:-1, max-image-preview:large, max-video-preview:-1\" \/>\n<link rel=\"canonical\" href=\"https:\/\/www.katag.ca\/aventure-171\/\" \/>\n<meta property=\"og:locale\" content=\"en_US\" \/>\n<meta property=\"og:type\" content=\"article\" \/>\n<meta property=\"og:title\" content=\"Aventure 171 | Katag\" \/>\n<meta property=\"og:description\" content=\"\u00c0 peine \u00eates-vous remont\u00e9 que vous apercevez deux hommes qui montent par la passerelle pour embarquer sur le navire. Avant m\u00eame que vous n\u2019ayez pu r\u00e9agir, l\u2019un d\u2019eux vous saisit par le bras. \u00ab H\u00e9, Huberto! Regarde ce que je viens de d\u00e9nicher! C\u2019est probablement ton voleur! \u00bb L\u2019homme d\u00e9nomm\u00e9 Huberto arrive en courant. \u00ab Je hais les voleurs! Alors, dis-moi la v\u00e9rit\u00e9 maintenant et je t\u2019\u00e9pargnerai peut-\u00eatre! As-tu vol\u00e9 mon cristal? \u00bb Vous sentez que vous \u00eates pris au pi\u00e8ge et que peu importe ce que vous...\" \/>\n<meta property=\"og:url\" content=\"https:\/\/www.katag.ca\/aventure-171\/\" \/>\n<meta property=\"og:site_name\" content=\"Katag\" \/>\n<meta property=\"article:publisher\" content=\"https:\/\/www.facebook.com\/Katag.ca\" \/>\n<meta property=\"article:modified_time\" content=\"2015-01-08T20:47:31+00:00\" \/>\n<meta name=\"twitter:card\" content=\"summary_large_image\" \/>\n<meta name=\"twitter:label1\" content=\"Est. reading time\" \/>\n\t<meta name=\"twitter:data1\" content=\"1 minute\" \/>\n<script type=\"application\/ld+json\" class=\"yoast-schema-graph\">{\"@context\":\"https:\\\/\\\/schema.org\",\"@graph\":[{\"@type\":\"WebPage\",\"@id\":\"https:\\\/\\\/www.katag.ca\\\/aventure-171\\\/\",\"url\":\"https:\\\/\\\/www.katag.ca\\\/aventure-171\\\/\",\"name\":\"Aventure 171 | Katag\",\"isPartOf\":{\"@id\":\"https:\\\/\\\/www.katag.ca\\\/#website\"},\"datePublished\":\"2015-01-06T18:34:56+00:00\",\"dateModified\":\"2015-01-08T20:47:31+00:00\",\"breadcrumb\":{\"@id\":\"https:\\\/\\\/www.katag.ca\\\/aventure-171\\\/#breadcrumb\"},\"inLanguage\":\"en-US\",\"potentialAction\":[{\"@type\":\"ReadAction\",\"target\":[\"https:\\\/\\\/www.katag.ca\\\/aventure-171\\\/\"]}]},{\"@type\":\"BreadcrumbList\",\"@id\":\"https:\\\/\\\/www.katag.ca\\\/aventure-171\\\/#breadcrumb\",\"itemListElement\":[{\"@type\":\"ListItem\",\"position\":1,\"name\":\"Accueil\",\"item\":\"https:\\\/\\\/www.katag.ca\\\/\"},{\"@type\":\"ListItem\",\"position\":2,\"name\":\"Aventure 171\"}]},{\"@type\":\"WebSite\",\"@id\":\"https:\\\/\\\/www.katag.ca\\\/#website\",\"url\":\"https:\\\/\\\/www.katag.ca\\\/\",\"name\":\"Katag\",\"description\":\"LE jeu d'&eacute;p&eacute;es-mousse\",\"publisher\":{\"@id\":\"https:\\\/\\\/www.katag.ca\\\/#organization\"},\"potentialAction\":[{\"@type\":\"SearchAction\",\"target\":{\"@type\":\"EntryPoint\",\"urlTemplate\":\"https:\\\/\\\/www.katag.ca\\\/?s={search_term_string}\"},\"query-input\":{\"@type\":\"PropertyValueSpecification\",\"valueRequired\":true,\"valueName\":\"search_term_string\"}}],\"inLanguage\":\"en-US\"},{\"@type\":\"Organization\",\"@id\":\"https:\\\/\\\/www.katag.ca\\\/#organization\",\"name\":\"Katag\",\"url\":\"https:\\\/\\\/www.katag.ca\\\/\",\"logo\":{\"@type\":\"ImageObject\",\"inLanguage\":\"en-US\",\"@id\":\"https:\\\/\\\/www.katag.ca\\\/#\\\/schema\\\/logo\\\/image\\\/\",\"url\":\"https:\\\/\\\/www.katag.ca\\\/wp-content\\\/uploads\\\/2021\\\/03\\\/logo-fr.png\",\"contentUrl\":\"https:\\\/\\\/www.katag.ca\\\/wp-content\\\/uploads\\\/2021\\\/03\\\/logo-fr.png\",\"width\":338,\"height\":173,\"caption\":\"Katag\"},\"image\":{\"@id\":\"https:\\\/\\\/www.katag.ca\\\/#\\\/schema\\\/logo\\\/image\\\/\"},\"sameAs\":[\"https:\\\/\\\/www.facebook.com\\\/Katag.ca\"]}]}<\/script>\n<!-- \/ Yoast SEO plugin. -->","yoast_head_json":{"title":"Aventure 171 | Katag","robots":{"index":"index","follow":"follow","max-snippet":"max-snippet:-1","max-image-preview":"max-image-preview:large","max-video-preview":"max-video-preview:-1"},"canonical":"https:\/\/www.katag.ca\/aventure-171\/","og_locale":"en_US","og_type":"article","og_title":"Aventure 171 | Katag","og_description":"\u00c0 peine \u00eates-vous remont\u00e9 que vous apercevez deux hommes qui montent par la passerelle pour embarquer sur le navire. Avant m\u00eame que vous n\u2019ayez pu r\u00e9agir, l\u2019un d\u2019eux vous saisit par le bras. \u00ab H\u00e9, Huberto! Regarde ce que je viens de d\u00e9nicher! C\u2019est probablement ton voleur! \u00bb L\u2019homme d\u00e9nomm\u00e9 Huberto arrive en courant. \u00ab Je hais les voleurs! Alors, dis-moi la v\u00e9rit\u00e9 maintenant et je t\u2019\u00e9pargnerai peut-\u00eatre! As-tu vol\u00e9 mon cristal? \u00bb Vous sentez que vous \u00eates pris au pi\u00e8ge et que peu importe ce que vous...","og_url":"https:\/\/www.katag.ca\/aventure-171\/","og_site_name":"Katag","article_publisher":"https:\/\/www.facebook.com\/Katag.ca","article_modified_time":"2015-01-08T20:47:31+00:00","twitter_card":"summary_large_image","twitter_misc":{"Est. reading time":"1 minute"},"schema":{"@context":"https:\/\/schema.org","@graph":[{"@type":"WebPage","@id":"https:\/\/www.katag.ca\/aventure-171\/","url":"https:\/\/www.katag.ca\/aventure-171\/","name":"Aventure 171 | Katag","isPartOf":{"@id":"https:\/\/www.katag.ca\/#website"},"datePublished":"2015-01-06T18:34:56+00:00","dateModified":"2015-01-08T20:47:31+00:00","breadcrumb":{"@id":"https:\/\/www.katag.ca\/aventure-171\/#breadcrumb"},"inLanguage":"en-US","potentialAction":[{"@type":"ReadAction","target":["https:\/\/www.katag.ca\/aventure-171\/"]}]},{"@type":"BreadcrumbList","@id":"https:\/\/www.katag.ca\/aventure-171\/#breadcrumb","itemListElement":[{"@type":"ListItem","position":1,"name":"Accueil","item":"https:\/\/www.katag.ca\/"},{"@type":"ListItem","position":2,"name":"Aventure 171"}]},{"@type":"WebSite","@id":"https:\/\/www.katag.ca\/#website","url":"https:\/\/www.katag.ca\/","name":"Katag","description":"LE jeu d'&eacute;p&eacute;es-mousse","publisher":{"@id":"https:\/\/www.katag.ca\/#organization"},"potentialAction":[{"@type":"SearchAction","target":{"@type":"EntryPoint","urlTemplate":"https:\/\/www.katag.ca\/?s={search_term_string}"},"query-input":{"@type":"PropertyValueSpecification","valueRequired":true,"valueName":"search_term_string"}}],"inLanguage":"en-US"},{"@type":"Organization","@id":"https:\/\/www.katag.ca\/#organization","name":"Katag","url":"https:\/\/www.katag.ca\/","logo":{"@type":"ImageObject","inLanguage":"en-US","@id":"https:\/\/www.katag.ca\/#\/schema\/logo\/image\/","url":"https:\/\/www.katag.ca\/wp-content\/uploads\/2021\/03\/logo-fr.png","contentUrl":"https:\/\/www.katag.ca\/wp-content\/uploads\/2021\/03\/logo-fr.png","width":338,"height":173,"caption":"Katag"},"image":{"@id":"https:\/\/www.katag.ca\/#\/schema\/logo\/image\/"},"sameAs":["https:\/\/www.facebook.com\/Katag.ca"]}]}},"_links":{"self":[{"href":"https:\/\/www.katag.ca\/en\/wp-json\/wp\/v2\/pages\/1312","targetHints":{"allow":["GET"]}}],"collection":[{"href":"https:\/\/www.katag.ca\/en\/wp-json\/wp\/v2\/pages"}],"about":[{"href":"https:\/\/www.katag.ca\/en\/wp-json\/wp\/v2\/types\/page"}],"author":[{"embeddable":true,"href":"https:\/\/www.katag.ca\/en\/wp-json\/wp\/v2\/users\/2"}],"replies":[{"embeddable":true,"href":"https:\/\/www.katag.ca\/en\/wp-json\/wp\/v2\/comments?post=1312"}],"version-history":[{"count":3,"href":"https:\/\/www.katag.ca\/en\/wp-json\/wp\/v2\/pages\/1312\/revisions"}],"predecessor-version":[{"id":1919,"href":"https:\/\/www.katag.ca\/en\/wp-json\/wp\/v2\/pages\/1312\/revisions\/1919"}],"wp:attachment":[{"href":"https:\/\/www.katag.ca\/en\/wp-json\/wp\/v2\/media?parent=1312"}],"curies":[{"name":"wp","href":"https:\/\/api.w.org\/{rel}","templated":true}]}}