{"id":1320,"date":"2015-01-06T18:38:12","date_gmt":"2015-01-06T18:38:12","guid":{"rendered":"http:\/\/www.boutiquekatag.com\/?page_id=1320"},"modified":"2015-01-08T20:53:10","modified_gmt":"2015-01-08T20:53:10","slug":"aventure-175","status":"publish","type":"page","link":"https:\/\/www.katag.ca\/en\/aventure-175\/","title":{"rendered":"Aventure 175"},"content":{"rendered":"<p>Vous entrez dans sa boutique et commencez \u00e0 regarder ses produits. Il y a des \u00e9p\u00e9es de toutes les formes et de toutes les dimensions, des armures, des boucliers. Il y a \u00e9galement quelque chose qui ressemble aux carquois que vous avez vus lors des joutes de Katag auxquelles vous avez particip\u00e9. Ils sont \u00e9quip\u00e9s de boules et d\u2019une ceinture. L\u2019homme vous adresse la parole : \u00ab Peut-\u00eatre aimeriez-vous acheter une \u00e9p\u00e9e ou un bouclier? On ne sait jamais quand on peut en avoir besoin, surtout lorsque l\u2019on circule dans un quartier comme ici! \u00bb Vous vous rappelez soudain qu\u2019\u00e0 Manifeste, tout se paye en r\u00eaves et que peut-\u00eatre vous pourriez vous offrir un de ces articles! Vous d\u00e9cidez donc de lui demander le prix de ses \u00e9p\u00e9es. \u00ab Normalement, je vends mes \u00e9p\u00e9es r\u00e9guli\u00e8res aux R\u00eaveurs \u00e9gar\u00e9s, mais vous, vous me semblez familier\u2026 Mes prix seront toutefois les m\u00eames\u2026 Que voulez-vous, il faut bien vivre! Un r\u00eave pour deux dagues, deux r\u00eaves pour une moyenne, pour deux \u00e9p\u00e9es courtes ou pour un bouclier, trois r\u00eaves pour une longue \u00e9p\u00e9e, quatre r\u00eaves pour une double-lame ou une lance et cinq r\u00eaves pour un carquois et quatre balles. Prenez encore une fois note que je ne vous vends pas mes armes r\u00e9guli\u00e8res, mais bien celles de qualit\u00e9 sup\u00e9rieure! \u00bb Qu\u2019allez-vous faire? <\/p>\n<div class=\"btn-container  align-center\"><a class=\"organic-btn  dark-blue-btn small-btn  align-center\" href=\"http:\/\/www.katag.ca\/aventure-177\/\"><span class=\"btn-holder\">Vous achetez deux dagues<\/span><\/a><\/div>\n<div class=\"btn-container  align-center\"><a class=\"organic-btn  dark-blue-btn small-btn  align-center\" href=\"http:\/\/www.katag.ca\/aventure-178\/\"><span class=\"btn-holder\">Vous achetez deux \u00e9p\u00e9es courtes<\/span><\/a><\/div>\n<div class=\"btn-container  align-center\"><a class=\"organic-btn  dark-blue-btn small-btn  align-center\" href=\"http:\/\/www.katag.ca\/aventure-179\/\"><span class=\"btn-holder\">Vous achetez une \u00e9p\u00e9e moyenne<\/span><\/a><\/div>\n<div class=\"btn-container  align-center\"><a class=\"organic-btn  dark-blue-btn small-btn  align-center\" href=\"http:\/\/www.katag.ca\/aventure-180\/\"><span class=\"btn-holder\">Vous achetez un bouclier<\/span><\/a><\/div>\n<div class=\"btn-container  align-center\"><a class=\"organic-btn  dark-blue-btn small-btn  align-center\" href=\"http:\/\/www.katag.ca\/aventure-181\/\"><span class=\"btn-holder\">Vous achetez une longue \u00e9p\u00e9e<\/span><\/a><\/div>\n<div class=\"btn-container  align-center\"><a class=\"organic-btn  dark-blue-btn small-btn  align-center\" href=\"http:\/\/www.katag.ca\/aventure-182\/\"><span class=\"btn-holder\">Vous achetez une double-lame<\/span><\/a><\/div>\n<div class=\"btn-container  align-center\"><a class=\"organic-btn  dark-blue-btn small-btn  align-center\" href=\"http:\/\/www.katag.ca\/aventure-183\/\"><span class=\"btn-holder\">Vous achetez une lance<\/span><\/a><\/div>\n<div class=\"btn-container  align-center\"><a class=\"organic-btn  dark-blue-btn small-btn  align-center\" href=\"http:\/\/www.katag.ca\/aventure-184\/\"><span class=\"btn-holder\">Vous achetez un carquois et quatre balles<\/span><\/a><\/div>\n<div class=\"btn-container  align-center\"><a class=\"organic-btn  dark-blue-btn small-btn  align-center\" href=\"http:\/\/www.katag.ca\/aventure-176\/\"><span class=\"btn-holder\">Vous pr\u00e9f\u00e9rez ne rien acheter et reprendre votre chemin<\/span><\/a><\/div>\n","protected":false},"excerpt":{"rendered":"<p>Vous entrez dans sa boutique et commencez \u00e0 regarder ses produits. Il y a des \u00e9p\u00e9es de toutes les formes et de toutes les dimensions, des armures, des boucliers. Il y a \u00e9galement quelque chose qui ressemble aux carquois que vous avez vus lors des joutes de Katag auxquelles vous avez particip\u00e9. Ils sont \u00e9quip\u00e9s de boules et d\u2019une ceinture. L\u2019homme vous adresse la parole : \u00ab Peut-\u00eatre aimeriez-vous acheter une \u00e9p\u00e9e ou un bouclier? On ne sait jamais quand on peut en avoir besoin, surtout lorsque l\u2019on&#8230;<\/p>\n","protected":false},"author":2,"featured_media":0,"parent":0,"menu_order":0,"comment_status":"closed","ping_status":"closed","template":"","meta":{"footnotes":""},"class_list":["post-1320","page","type-page","status-publish","hentry"],"yoast_head":"<!-- This site is optimized with the Yoast SEO plugin v27.5 - https:\/\/yoast.com\/product\/yoast-seo-wordpress\/ -->\n<title>Aventure 175 | Katag<\/title>\n<meta name=\"robots\" content=\"index, follow, max-snippet:-1, max-image-preview:large, max-video-preview:-1\" \/>\n<link rel=\"canonical\" href=\"https:\/\/www.katag.ca\/en\/aventure-175\/\" \/>\n<meta property=\"og:locale\" content=\"en_US\" \/>\n<meta property=\"og:type\" content=\"article\" \/>\n<meta property=\"og:title\" content=\"Aventure 175 | Katag\" \/>\n<meta property=\"og:description\" content=\"Vous entrez dans sa boutique et commencez \u00e0 regarder ses produits. Il y a des \u00e9p\u00e9es de toutes les formes et de toutes les dimensions, des armures, des boucliers. Il y a \u00e9galement quelque chose qui ressemble aux carquois que vous avez vus lors des joutes de Katag auxquelles vous avez particip\u00e9. Ils sont \u00e9quip\u00e9s de boules et d\u2019une ceinture. L\u2019homme vous adresse la parole : \u00ab Peut-\u00eatre aimeriez-vous acheter une \u00e9p\u00e9e ou un bouclier? On ne sait jamais quand on peut en avoir besoin, surtout lorsque l\u2019on...\" \/>\n<meta property=\"og:url\" content=\"https:\/\/www.katag.ca\/en\/aventure-175\/\" \/>\n<meta property=\"og:site_name\" content=\"Katag\" \/>\n<meta property=\"article:publisher\" content=\"https:\/\/www.facebook.com\/Katag.ca\" \/>\n<meta property=\"article:modified_time\" content=\"2015-01-08T20:53:10+00:00\" \/>\n<meta name=\"twitter:card\" content=\"summary_large_image\" \/>\n<meta name=\"twitter:label1\" content=\"Est. reading time\" \/>\n\t<meta name=\"twitter:data1\" content=\"2 minutes\" \/>\n<script type=\"application\/ld+json\" class=\"yoast-schema-graph\">{\"@context\":\"https:\\\/\\\/schema.org\",\"@graph\":[{\"@type\":\"WebPage\",\"@id\":\"https:\\\/\\\/www.katag.ca\\\/en\\\/aventure-175\\\/\",\"url\":\"https:\\\/\\\/www.katag.ca\\\/en\\\/aventure-175\\\/\",\"name\":\"Aventure 175 | Katag\",\"isPartOf\":{\"@id\":\"https:\\\/\\\/www.katag.ca\\\/#website\"},\"datePublished\":\"2015-01-06T18:38:12+00:00\",\"dateModified\":\"2015-01-08T20:53:10+00:00\",\"breadcrumb\":{\"@id\":\"https:\\\/\\\/www.katag.ca\\\/en\\\/aventure-175\\\/#breadcrumb\"},\"inLanguage\":\"en-US\",\"potentialAction\":[{\"@type\":\"ReadAction\",\"target\":[\"https:\\\/\\\/www.katag.ca\\\/en\\\/aventure-175\\\/\"]}]},{\"@type\":\"BreadcrumbList\",\"@id\":\"https:\\\/\\\/www.katag.ca\\\/en\\\/aventure-175\\\/#breadcrumb\",\"itemListElement\":[{\"@type\":\"ListItem\",\"position\":1,\"name\":\"Accueil\",\"item\":\"https:\\\/\\\/www.katag.ca\\\/\"},{\"@type\":\"ListItem\",\"position\":2,\"name\":\"Aventure 175\"}]},{\"@type\":\"WebSite\",\"@id\":\"https:\\\/\\\/www.katag.ca\\\/#website\",\"url\":\"https:\\\/\\\/www.katag.ca\\\/\",\"name\":\"Katag\",\"description\":\"LE jeu d'&eacute;p&eacute;es-mousse\",\"publisher\":{\"@id\":\"https:\\\/\\\/www.katag.ca\\\/#organization\"},\"potentialAction\":[{\"@type\":\"SearchAction\",\"target\":{\"@type\":\"EntryPoint\",\"urlTemplate\":\"https:\\\/\\\/www.katag.ca\\\/?s={search_term_string}\"},\"query-input\":{\"@type\":\"PropertyValueSpecification\",\"valueRequired\":true,\"valueName\":\"search_term_string\"}}],\"inLanguage\":\"en-US\"},{\"@type\":\"Organization\",\"@id\":\"https:\\\/\\\/www.katag.ca\\\/#organization\",\"name\":\"Katag\",\"url\":\"https:\\\/\\\/www.katag.ca\\\/\",\"logo\":{\"@type\":\"ImageObject\",\"inLanguage\":\"en-US\",\"@id\":\"https:\\\/\\\/www.katag.ca\\\/#\\\/schema\\\/logo\\\/image\\\/\",\"url\":\"https:\\\/\\\/www.katag.ca\\\/wp-content\\\/uploads\\\/2021\\\/03\\\/logo-fr.png\",\"contentUrl\":\"https:\\\/\\\/www.katag.ca\\\/wp-content\\\/uploads\\\/2021\\\/03\\\/logo-fr.png\",\"width\":338,\"height\":173,\"caption\":\"Katag\"},\"image\":{\"@id\":\"https:\\\/\\\/www.katag.ca\\\/#\\\/schema\\\/logo\\\/image\\\/\"},\"sameAs\":[\"https:\\\/\\\/www.facebook.com\\\/Katag.ca\"]}]}<\/script>\n<!-- \/ Yoast SEO plugin. -->","yoast_head_json":{"title":"Aventure 175 | Katag","robots":{"index":"index","follow":"follow","max-snippet":"max-snippet:-1","max-image-preview":"max-image-preview:large","max-video-preview":"max-video-preview:-1"},"canonical":"https:\/\/www.katag.ca\/en\/aventure-175\/","og_locale":"en_US","og_type":"article","og_title":"Aventure 175 | Katag","og_description":"Vous entrez dans sa boutique et commencez \u00e0 regarder ses produits. Il y a des \u00e9p\u00e9es de toutes les formes et de toutes les dimensions, des armures, des boucliers. Il y a \u00e9galement quelque chose qui ressemble aux carquois que vous avez vus lors des joutes de Katag auxquelles vous avez particip\u00e9. Ils sont \u00e9quip\u00e9s de boules et d\u2019une ceinture. L\u2019homme vous adresse la parole : \u00ab Peut-\u00eatre aimeriez-vous acheter une \u00e9p\u00e9e ou un bouclier? On ne sait jamais quand on peut en avoir besoin, surtout lorsque l\u2019on...","og_url":"https:\/\/www.katag.ca\/en\/aventure-175\/","og_site_name":"Katag","article_publisher":"https:\/\/www.facebook.com\/Katag.ca","article_modified_time":"2015-01-08T20:53:10+00:00","twitter_card":"summary_large_image","twitter_misc":{"Est. reading time":"2 minutes"},"schema":{"@context":"https:\/\/schema.org","@graph":[{"@type":"WebPage","@id":"https:\/\/www.katag.ca\/en\/aventure-175\/","url":"https:\/\/www.katag.ca\/en\/aventure-175\/","name":"Aventure 175 | Katag","isPartOf":{"@id":"https:\/\/www.katag.ca\/#website"},"datePublished":"2015-01-06T18:38:12+00:00","dateModified":"2015-01-08T20:53:10+00:00","breadcrumb":{"@id":"https:\/\/www.katag.ca\/en\/aventure-175\/#breadcrumb"},"inLanguage":"en-US","potentialAction":[{"@type":"ReadAction","target":["https:\/\/www.katag.ca\/en\/aventure-175\/"]}]},{"@type":"BreadcrumbList","@id":"https:\/\/www.katag.ca\/en\/aventure-175\/#breadcrumb","itemListElement":[{"@type":"ListItem","position":1,"name":"Accueil","item":"https:\/\/www.katag.ca\/"},{"@type":"ListItem","position":2,"name":"Aventure 175"}]},{"@type":"WebSite","@id":"https:\/\/www.katag.ca\/#website","url":"https:\/\/www.katag.ca\/","name":"Katag","description":"LE jeu d'&eacute;p&eacute;es-mousse","publisher":{"@id":"https:\/\/www.katag.ca\/#organization"},"potentialAction":[{"@type":"SearchAction","target":{"@type":"EntryPoint","urlTemplate":"https:\/\/www.katag.ca\/?s={search_term_string}"},"query-input":{"@type":"PropertyValueSpecification","valueRequired":true,"valueName":"search_term_string"}}],"inLanguage":"en-US"},{"@type":"Organization","@id":"https:\/\/www.katag.ca\/#organization","name":"Katag","url":"https:\/\/www.katag.ca\/","logo":{"@type":"ImageObject","inLanguage":"en-US","@id":"https:\/\/www.katag.ca\/#\/schema\/logo\/image\/","url":"https:\/\/www.katag.ca\/wp-content\/uploads\/2021\/03\/logo-fr.png","contentUrl":"https:\/\/www.katag.ca\/wp-content\/uploads\/2021\/03\/logo-fr.png","width":338,"height":173,"caption":"Katag"},"image":{"@id":"https:\/\/www.katag.ca\/#\/schema\/logo\/image\/"},"sameAs":["https:\/\/www.facebook.com\/Katag.ca"]}]}},"_links":{"self":[{"href":"https:\/\/www.katag.ca\/en\/wp-json\/wp\/v2\/pages\/1320","targetHints":{"allow":["GET"]}}],"collection":[{"href":"https:\/\/www.katag.ca\/en\/wp-json\/wp\/v2\/pages"}],"about":[{"href":"https:\/\/www.katag.ca\/en\/wp-json\/wp\/v2\/types\/page"}],"author":[{"embeddable":true,"href":"https:\/\/www.katag.ca\/en\/wp-json\/wp\/v2\/users\/2"}],"replies":[{"embeddable":true,"href":"https:\/\/www.katag.ca\/en\/wp-json\/wp\/v2\/comments?post=1320"}],"version-history":[{"count":4,"href":"https:\/\/www.katag.ca\/en\/wp-json\/wp\/v2\/pages\/1320\/revisions"}],"predecessor-version":[{"id":1926,"href":"https:\/\/www.katag.ca\/en\/wp-json\/wp\/v2\/pages\/1320\/revisions\/1926"}],"wp:attachment":[{"href":"https:\/\/www.katag.ca\/en\/wp-json\/wp\/v2\/media?parent=1320"}],"curies":[{"name":"wp","href":"https:\/\/api.w.org\/{rel}","templated":true}]}}