{"id":1322,"date":"2015-01-06T18:39:23","date_gmt":"2015-01-06T18:39:23","guid":{"rendered":"http:\/\/www.boutiquekatag.com\/?page_id=1322"},"modified":"2015-01-08T20:55:46","modified_gmt":"2015-01-08T20:55:46","slug":"aventure-176","status":"publish","type":"page","link":"https:\/\/www.katag.ca\/en\/aventure-176\/","title":{"rendered":"Aventure 176"},"content":{"rendered":"<p>Vous continuez votre route et arrivez bient\u00f4t \u00e0 ce qui semble \u00eatre un grand march\u00e9. Vous \u00eates surpris d\u2019y voir un tel achalandage \u00e0 une cette heure du jour! Les commer\u00e7ants vendant de la nourriture sont situ\u00e9s au centre, et il semble y avoir des boutiques tout autour. Vous apercevez \u00e9galement que de l\u2019autre c\u00f4t\u00e9 de la place, la ruelle sur laquelle vous vous trouvez semble continuer. Cinq endroits attirent particuli\u00e8rement votre attention : une boutique nomm\u00e9e V\u00eatements Clodor, un bar \u00e0 jus nomm\u00e9 Jejute, un salon de voyance nomm\u00e9 M\u00e9m\u00e9 : voyance et cartes, une agence de voyage nomm\u00e9e Droit au but, ainsi qu\u2019une auberge nomm\u00e9e Dormez-vous? Qu\u2019allez-vous faire maintenant?<\/p>\n<div class=\"btn-container  align-center\"><a class=\"organic-btn  dark-blue-btn small-btn  align-center\" href=\"http:\/\/www.katag.ca\/aventure-215\/\"><span class=\"btn-holder\">Vous d\u00e9sirez vous diriger vers les marchands de nourriture<\/span><\/a><\/div>\n<div class=\"btn-container  align-center\"><a class=\"organic-btn  dark-blue-btn small-btn  align-center\" href=\"http:\/\/www.katag.ca\/aventure-196\/\"><span class=\"btn-holder\">Vous pr\u00e9f\u00e9rez vous diriger vers V\u00eatements Clodor<\/span><\/a><\/div>\n<div class=\"btn-container  align-center\"><a class=\"organic-btn  dark-blue-btn small-btn  align-center\" href=\"http:\/\/www.katag.ca\/aventure-197\/\"><span class=\"btn-holder\">Vous d\u00e9cidez de vous diriger vers Jejute<\/span><\/a><\/div>\n<div class=\"btn-container  align-center\"><a class=\"organic-btn  dark-blue-btn small-btn  align-center\" href=\"http:\/\/www.katag.ca\/aventure-198\/\"><span class=\"btn-holder\">Vous prenez la d\u00e9cision de vous diriger vers M\u00e9m\u00e9 : voyance et cartes<\/span><\/a><\/div>\n<div class=\"btn-container  align-center\"><a class=\"organic-btn  dark-blue-btn small-btn  align-center\" href=\"http:\/\/www.katag.ca\/aventure-199\/\"><span class=\"btn-holder\">Vous optez pour Droit au but<\/span><\/a><\/div>\n<div class=\"btn-container  align-center\"><a class=\"organic-btn  dark-blue-btn small-btn  align-center\" href=\"http:\/\/www.katag.ca\/aventure-200\/\"><span class=\"btn-holder\">Vous allez vers Dormez-vous?<\/span><\/a><\/div>\n<div class=\"btn-container  align-center\"><a class=\"organic-btn  dark-blue-btn small-btn  align-center\" href=\"http:\/\/www.katag.ca\/aventure-201\/\"><span class=\"btn-holder\">Vous d\u00e9sirez poursuivre votre chemin sans vous attarder dans cet endroit<\/span><\/a><\/div>\n","protected":false},"excerpt":{"rendered":"<p>Vous continuez votre route et arrivez bient\u00f4t \u00e0 ce qui semble \u00eatre un grand march\u00e9. Vous \u00eates surpris d\u2019y voir un tel achalandage \u00e0 une cette heure du jour! Les commer\u00e7ants vendant de la nourriture sont situ\u00e9s au centre, et il semble y avoir des boutiques tout autour. Vous apercevez \u00e9galement que de l\u2019autre c\u00f4t\u00e9 de la place, la ruelle sur laquelle vous vous trouvez semble continuer. Cinq endroits attirent particuli\u00e8rement votre attention : une boutique nomm\u00e9e V\u00eatements Clodor, un bar \u00e0 jus nomm\u00e9 Jejute, un salon de&#8230;<\/p>\n","protected":false},"author":2,"featured_media":0,"parent":0,"menu_order":0,"comment_status":"closed","ping_status":"closed","template":"","meta":{"footnotes":""},"class_list":["post-1322","page","type-page","status-publish","hentry"],"yoast_head":"<!-- This site is optimized with the Yoast SEO plugin v27.5 - https:\/\/yoast.com\/product\/yoast-seo-wordpress\/ -->\n<title>Aventure 176 | Katag<\/title>\n<meta name=\"robots\" content=\"index, follow, max-snippet:-1, max-image-preview:large, max-video-preview:-1\" \/>\n<link rel=\"canonical\" href=\"https:\/\/www.katag.ca\/en\/aventure-176\/\" \/>\n<meta property=\"og:locale\" content=\"en_US\" \/>\n<meta property=\"og:type\" content=\"article\" \/>\n<meta property=\"og:title\" content=\"Aventure 176 | Katag\" \/>\n<meta property=\"og:description\" content=\"Vous continuez votre route et arrivez bient\u00f4t \u00e0 ce qui semble \u00eatre un grand march\u00e9. Vous \u00eates surpris d\u2019y voir un tel achalandage \u00e0 une cette heure du jour! Les commer\u00e7ants vendant de la nourriture sont situ\u00e9s au centre, et il semble y avoir des boutiques tout autour. Vous apercevez \u00e9galement que de l\u2019autre c\u00f4t\u00e9 de la place, la ruelle sur laquelle vous vous trouvez semble continuer. Cinq endroits attirent particuli\u00e8rement votre attention : une boutique nomm\u00e9e V\u00eatements Clodor, un bar \u00e0 jus nomm\u00e9 Jejute, un salon de...\" \/>\n<meta property=\"og:url\" content=\"https:\/\/www.katag.ca\/en\/aventure-176\/\" \/>\n<meta property=\"og:site_name\" content=\"Katag\" \/>\n<meta property=\"article:publisher\" content=\"https:\/\/www.facebook.com\/Katag.ca\" \/>\n<meta property=\"article:modified_time\" content=\"2015-01-08T20:55:46+00:00\" \/>\n<meta name=\"twitter:card\" content=\"summary_large_image\" \/>\n<meta name=\"twitter:label1\" content=\"Est. reading time\" \/>\n\t<meta name=\"twitter:data1\" content=\"1 minute\" \/>\n<script type=\"application\/ld+json\" class=\"yoast-schema-graph\">{\"@context\":\"https:\\\/\\\/schema.org\",\"@graph\":[{\"@type\":\"WebPage\",\"@id\":\"https:\\\/\\\/www.katag.ca\\\/en\\\/aventure-176\\\/\",\"url\":\"https:\\\/\\\/www.katag.ca\\\/en\\\/aventure-176\\\/\",\"name\":\"Aventure 176 | Katag\",\"isPartOf\":{\"@id\":\"https:\\\/\\\/www.katag.ca\\\/#website\"},\"datePublished\":\"2015-01-06T18:39:23+00:00\",\"dateModified\":\"2015-01-08T20:55:46+00:00\",\"breadcrumb\":{\"@id\":\"https:\\\/\\\/www.katag.ca\\\/en\\\/aventure-176\\\/#breadcrumb\"},\"inLanguage\":\"en-US\",\"potentialAction\":[{\"@type\":\"ReadAction\",\"target\":[\"https:\\\/\\\/www.katag.ca\\\/en\\\/aventure-176\\\/\"]}]},{\"@type\":\"BreadcrumbList\",\"@id\":\"https:\\\/\\\/www.katag.ca\\\/en\\\/aventure-176\\\/#breadcrumb\",\"itemListElement\":[{\"@type\":\"ListItem\",\"position\":1,\"name\":\"Accueil\",\"item\":\"https:\\\/\\\/www.katag.ca\\\/\"},{\"@type\":\"ListItem\",\"position\":2,\"name\":\"Aventure 176\"}]},{\"@type\":\"WebSite\",\"@id\":\"https:\\\/\\\/www.katag.ca\\\/#website\",\"url\":\"https:\\\/\\\/www.katag.ca\\\/\",\"name\":\"Katag\",\"description\":\"LE jeu d'&eacute;p&eacute;es-mousse\",\"publisher\":{\"@id\":\"https:\\\/\\\/www.katag.ca\\\/#organization\"},\"potentialAction\":[{\"@type\":\"SearchAction\",\"target\":{\"@type\":\"EntryPoint\",\"urlTemplate\":\"https:\\\/\\\/www.katag.ca\\\/?s={search_term_string}\"},\"query-input\":{\"@type\":\"PropertyValueSpecification\",\"valueRequired\":true,\"valueName\":\"search_term_string\"}}],\"inLanguage\":\"en-US\"},{\"@type\":\"Organization\",\"@id\":\"https:\\\/\\\/www.katag.ca\\\/#organization\",\"name\":\"Katag\",\"url\":\"https:\\\/\\\/www.katag.ca\\\/\",\"logo\":{\"@type\":\"ImageObject\",\"inLanguage\":\"en-US\",\"@id\":\"https:\\\/\\\/www.katag.ca\\\/#\\\/schema\\\/logo\\\/image\\\/\",\"url\":\"https:\\\/\\\/www.katag.ca\\\/wp-content\\\/uploads\\\/2021\\\/03\\\/logo-fr.png\",\"contentUrl\":\"https:\\\/\\\/www.katag.ca\\\/wp-content\\\/uploads\\\/2021\\\/03\\\/logo-fr.png\",\"width\":338,\"height\":173,\"caption\":\"Katag\"},\"image\":{\"@id\":\"https:\\\/\\\/www.katag.ca\\\/#\\\/schema\\\/logo\\\/image\\\/\"},\"sameAs\":[\"https:\\\/\\\/www.facebook.com\\\/Katag.ca\"]}]}<\/script>\n<!-- \/ Yoast SEO plugin. -->","yoast_head_json":{"title":"Aventure 176 | Katag","robots":{"index":"index","follow":"follow","max-snippet":"max-snippet:-1","max-image-preview":"max-image-preview:large","max-video-preview":"max-video-preview:-1"},"canonical":"https:\/\/www.katag.ca\/en\/aventure-176\/","og_locale":"en_US","og_type":"article","og_title":"Aventure 176 | Katag","og_description":"Vous continuez votre route et arrivez bient\u00f4t \u00e0 ce qui semble \u00eatre un grand march\u00e9. Vous \u00eates surpris d\u2019y voir un tel achalandage \u00e0 une cette heure du jour! Les commer\u00e7ants vendant de la nourriture sont situ\u00e9s au centre, et il semble y avoir des boutiques tout autour. Vous apercevez \u00e9galement que de l\u2019autre c\u00f4t\u00e9 de la place, la ruelle sur laquelle vous vous trouvez semble continuer. Cinq endroits attirent particuli\u00e8rement votre attention : une boutique nomm\u00e9e V\u00eatements Clodor, un bar \u00e0 jus nomm\u00e9 Jejute, un salon de...","og_url":"https:\/\/www.katag.ca\/en\/aventure-176\/","og_site_name":"Katag","article_publisher":"https:\/\/www.facebook.com\/Katag.ca","article_modified_time":"2015-01-08T20:55:46+00:00","twitter_card":"summary_large_image","twitter_misc":{"Est. reading time":"1 minute"},"schema":{"@context":"https:\/\/schema.org","@graph":[{"@type":"WebPage","@id":"https:\/\/www.katag.ca\/en\/aventure-176\/","url":"https:\/\/www.katag.ca\/en\/aventure-176\/","name":"Aventure 176 | Katag","isPartOf":{"@id":"https:\/\/www.katag.ca\/#website"},"datePublished":"2015-01-06T18:39:23+00:00","dateModified":"2015-01-08T20:55:46+00:00","breadcrumb":{"@id":"https:\/\/www.katag.ca\/en\/aventure-176\/#breadcrumb"},"inLanguage":"en-US","potentialAction":[{"@type":"ReadAction","target":["https:\/\/www.katag.ca\/en\/aventure-176\/"]}]},{"@type":"BreadcrumbList","@id":"https:\/\/www.katag.ca\/en\/aventure-176\/#breadcrumb","itemListElement":[{"@type":"ListItem","position":1,"name":"Accueil","item":"https:\/\/www.katag.ca\/"},{"@type":"ListItem","position":2,"name":"Aventure 176"}]},{"@type":"WebSite","@id":"https:\/\/www.katag.ca\/#website","url":"https:\/\/www.katag.ca\/","name":"Katag","description":"LE jeu d'&eacute;p&eacute;es-mousse","publisher":{"@id":"https:\/\/www.katag.ca\/#organization"},"potentialAction":[{"@type":"SearchAction","target":{"@type":"EntryPoint","urlTemplate":"https:\/\/www.katag.ca\/?s={search_term_string}"},"query-input":{"@type":"PropertyValueSpecification","valueRequired":true,"valueName":"search_term_string"}}],"inLanguage":"en-US"},{"@type":"Organization","@id":"https:\/\/www.katag.ca\/#organization","name":"Katag","url":"https:\/\/www.katag.ca\/","logo":{"@type":"ImageObject","inLanguage":"en-US","@id":"https:\/\/www.katag.ca\/#\/schema\/logo\/image\/","url":"https:\/\/www.katag.ca\/wp-content\/uploads\/2021\/03\/logo-fr.png","contentUrl":"https:\/\/www.katag.ca\/wp-content\/uploads\/2021\/03\/logo-fr.png","width":338,"height":173,"caption":"Katag"},"image":{"@id":"https:\/\/www.katag.ca\/#\/schema\/logo\/image\/"},"sameAs":["https:\/\/www.facebook.com\/Katag.ca"]}]}},"_links":{"self":[{"href":"https:\/\/www.katag.ca\/en\/wp-json\/wp\/v2\/pages\/1322","targetHints":{"allow":["GET"]}}],"collection":[{"href":"https:\/\/www.katag.ca\/en\/wp-json\/wp\/v2\/pages"}],"about":[{"href":"https:\/\/www.katag.ca\/en\/wp-json\/wp\/v2\/types\/page"}],"author":[{"embeddable":true,"href":"https:\/\/www.katag.ca\/en\/wp-json\/wp\/v2\/users\/2"}],"replies":[{"embeddable":true,"href":"https:\/\/www.katag.ca\/en\/wp-json\/wp\/v2\/comments?post=1322"}],"version-history":[{"count":4,"href":"https:\/\/www.katag.ca\/en\/wp-json\/wp\/v2\/pages\/1322\/revisions"}],"predecessor-version":[{"id":1929,"href":"https:\/\/www.katag.ca\/en\/wp-json\/wp\/v2\/pages\/1322\/revisions\/1929"}],"wp:attachment":[{"href":"https:\/\/www.katag.ca\/en\/wp-json\/wp\/v2\/media?parent=1322"}],"curies":[{"name":"wp","href":"https:\/\/api.w.org\/{rel}","templated":true}]}}