{"id":1334,"date":"2015-01-06T18:44:19","date_gmt":"2015-01-06T18:44:19","guid":{"rendered":"http:\/\/www.boutiquekatag.com\/?page_id=1334"},"modified":"2015-01-08T21:02:12","modified_gmt":"2015-01-08T21:02:12","slug":"aventure-182","status":"publish","type":"page","link":"https:\/\/www.katag.ca\/en\/aventure-182\/","title":{"rendered":"Aventure 182"},"content":{"rendered":"<p>\u00ab Une double-lame, hein! Vous \u00eates s\u00fbrement tout un manieur d\u2019\u00e9p\u00e9es!\u00bb Vous devez maintenant inscrire vos armes dans la section armes de votre feuille de route. Vous devez \u00e9galement d\u00e9duire quatre points \u00e0 votre total de points de r\u00eaves. Pour ce qui est de la force de vos armes, vous pourrez ajouter deux points par attaque \u00e0 votre total dans la cat\u00e9gorie attaque. Vous pourrez \u00e9galement ajouter un point par attaque \u00e0 votre total dans la cat\u00e9gorie endurance. <\/p>\n<div class=\"btn-container  align-center\"><a class=\"organic-btn  dark-blue-btn small-btn  align-center\" href=\"http:\/\/www.katag.ca\/aventure-176\/\"><span class=\"btn-holder\">Cliquez ici pour continuer<\/span><\/a><\/div>\n","protected":false},"excerpt":{"rendered":"<p>\u00ab Une double-lame, hein! Vous \u00eates s\u00fbrement tout un manieur d\u2019\u00e9p\u00e9es!\u00bb Vous devez maintenant inscrire vos armes dans la section armes de votre feuille de route. Vous devez \u00e9galement d\u00e9duire quatre points \u00e0 votre total de points de r\u00eaves. Pour ce qui est de la force de vos armes, vous pourrez ajouter deux points par attaque \u00e0 votre total dans la cat\u00e9gorie attaque. Vous pourrez \u00e9galement ajouter un point par attaque \u00e0 votre total dans la cat\u00e9gorie endurance.<\/p>\n","protected":false},"author":2,"featured_media":0,"parent":0,"menu_order":0,"comment_status":"closed","ping_status":"closed","template":"","meta":{"footnotes":""},"class_list":["post-1334","page","type-page","status-publish","hentry"],"yoast_head":"<!-- This site is optimized with the Yoast SEO plugin v27.5 - https:\/\/yoast.com\/product\/yoast-seo-wordpress\/ -->\n<title>Aventure 182 | Katag<\/title>\n<meta name=\"robots\" content=\"index, follow, max-snippet:-1, max-image-preview:large, max-video-preview:-1\" \/>\n<link rel=\"canonical\" href=\"https:\/\/www.katag.ca\/en\/aventure-182\/\" \/>\n<meta property=\"og:locale\" content=\"en_US\" \/>\n<meta property=\"og:type\" content=\"article\" \/>\n<meta property=\"og:title\" content=\"Aventure 182 | Katag\" \/>\n<meta property=\"og:description\" content=\"\u00ab Une double-lame, hein! Vous \u00eates s\u00fbrement tout un manieur d\u2019\u00e9p\u00e9es!\u00bb Vous devez maintenant inscrire vos armes dans la section armes de votre feuille de route. Vous devez \u00e9galement d\u00e9duire quatre points \u00e0 votre total de points de r\u00eaves. Pour ce qui est de la force de vos armes, vous pourrez ajouter deux points par attaque \u00e0 votre total dans la cat\u00e9gorie attaque. Vous pourrez \u00e9galement ajouter un point par attaque \u00e0 votre total dans la cat\u00e9gorie endurance.\" \/>\n<meta property=\"og:url\" content=\"https:\/\/www.katag.ca\/en\/aventure-182\/\" \/>\n<meta property=\"og:site_name\" content=\"Katag\" \/>\n<meta property=\"article:publisher\" content=\"https:\/\/www.facebook.com\/Katag.ca\" \/>\n<meta property=\"article:modified_time\" content=\"2015-01-08T21:02:12+00:00\" \/>\n<meta name=\"twitter:card\" content=\"summary_large_image\" \/>\n<script type=\"application\/ld+json\" class=\"yoast-schema-graph\">{\"@context\":\"https:\\\/\\\/schema.org\",\"@graph\":[{\"@type\":\"WebPage\",\"@id\":\"https:\\\/\\\/www.katag.ca\\\/en\\\/aventure-182\\\/\",\"url\":\"https:\\\/\\\/www.katag.ca\\\/en\\\/aventure-182\\\/\",\"name\":\"Aventure 182 | Katag\",\"isPartOf\":{\"@id\":\"https:\\\/\\\/www.katag.ca\\\/#website\"},\"datePublished\":\"2015-01-06T18:44:19+00:00\",\"dateModified\":\"2015-01-08T21:02:12+00:00\",\"breadcrumb\":{\"@id\":\"https:\\\/\\\/www.katag.ca\\\/en\\\/aventure-182\\\/#breadcrumb\"},\"inLanguage\":\"en-US\",\"potentialAction\":[{\"@type\":\"ReadAction\",\"target\":[\"https:\\\/\\\/www.katag.ca\\\/en\\\/aventure-182\\\/\"]}]},{\"@type\":\"BreadcrumbList\",\"@id\":\"https:\\\/\\\/www.katag.ca\\\/en\\\/aventure-182\\\/#breadcrumb\",\"itemListElement\":[{\"@type\":\"ListItem\",\"position\":1,\"name\":\"Accueil\",\"item\":\"https:\\\/\\\/www.katag.ca\\\/\"},{\"@type\":\"ListItem\",\"position\":2,\"name\":\"Aventure 182\"}]},{\"@type\":\"WebSite\",\"@id\":\"https:\\\/\\\/www.katag.ca\\\/#website\",\"url\":\"https:\\\/\\\/www.katag.ca\\\/\",\"name\":\"Katag\",\"description\":\"LE jeu d'&eacute;p&eacute;es-mousse\",\"publisher\":{\"@id\":\"https:\\\/\\\/www.katag.ca\\\/#organization\"},\"potentialAction\":[{\"@type\":\"SearchAction\",\"target\":{\"@type\":\"EntryPoint\",\"urlTemplate\":\"https:\\\/\\\/www.katag.ca\\\/?s={search_term_string}\"},\"query-input\":{\"@type\":\"PropertyValueSpecification\",\"valueRequired\":true,\"valueName\":\"search_term_string\"}}],\"inLanguage\":\"en-US\"},{\"@type\":\"Organization\",\"@id\":\"https:\\\/\\\/www.katag.ca\\\/#organization\",\"name\":\"Katag\",\"url\":\"https:\\\/\\\/www.katag.ca\\\/\",\"logo\":{\"@type\":\"ImageObject\",\"inLanguage\":\"en-US\",\"@id\":\"https:\\\/\\\/www.katag.ca\\\/#\\\/schema\\\/logo\\\/image\\\/\",\"url\":\"https:\\\/\\\/www.katag.ca\\\/wp-content\\\/uploads\\\/2021\\\/03\\\/logo-fr.png\",\"contentUrl\":\"https:\\\/\\\/www.katag.ca\\\/wp-content\\\/uploads\\\/2021\\\/03\\\/logo-fr.png\",\"width\":338,\"height\":173,\"caption\":\"Katag\"},\"image\":{\"@id\":\"https:\\\/\\\/www.katag.ca\\\/#\\\/schema\\\/logo\\\/image\\\/\"},\"sameAs\":[\"https:\\\/\\\/www.facebook.com\\\/Katag.ca\"]}]}<\/script>\n<!-- \/ Yoast SEO plugin. -->","yoast_head_json":{"title":"Aventure 182 | Katag","robots":{"index":"index","follow":"follow","max-snippet":"max-snippet:-1","max-image-preview":"max-image-preview:large","max-video-preview":"max-video-preview:-1"},"canonical":"https:\/\/www.katag.ca\/en\/aventure-182\/","og_locale":"en_US","og_type":"article","og_title":"Aventure 182 | Katag","og_description":"\u00ab Une double-lame, hein! Vous \u00eates s\u00fbrement tout un manieur d\u2019\u00e9p\u00e9es!\u00bb Vous devez maintenant inscrire vos armes dans la section armes de votre feuille de route. Vous devez \u00e9galement d\u00e9duire quatre points \u00e0 votre total de points de r\u00eaves. Pour ce qui est de la force de vos armes, vous pourrez ajouter deux points par attaque \u00e0 votre total dans la cat\u00e9gorie attaque. Vous pourrez \u00e9galement ajouter un point par attaque \u00e0 votre total dans la cat\u00e9gorie endurance.","og_url":"https:\/\/www.katag.ca\/en\/aventure-182\/","og_site_name":"Katag","article_publisher":"https:\/\/www.facebook.com\/Katag.ca","article_modified_time":"2015-01-08T21:02:12+00:00","twitter_card":"summary_large_image","schema":{"@context":"https:\/\/schema.org","@graph":[{"@type":"WebPage","@id":"https:\/\/www.katag.ca\/en\/aventure-182\/","url":"https:\/\/www.katag.ca\/en\/aventure-182\/","name":"Aventure 182 | Katag","isPartOf":{"@id":"https:\/\/www.katag.ca\/#website"},"datePublished":"2015-01-06T18:44:19+00:00","dateModified":"2015-01-08T21:02:12+00:00","breadcrumb":{"@id":"https:\/\/www.katag.ca\/en\/aventure-182\/#breadcrumb"},"inLanguage":"en-US","potentialAction":[{"@type":"ReadAction","target":["https:\/\/www.katag.ca\/en\/aventure-182\/"]}]},{"@type":"BreadcrumbList","@id":"https:\/\/www.katag.ca\/en\/aventure-182\/#breadcrumb","itemListElement":[{"@type":"ListItem","position":1,"name":"Accueil","item":"https:\/\/www.katag.ca\/"},{"@type":"ListItem","position":2,"name":"Aventure 182"}]},{"@type":"WebSite","@id":"https:\/\/www.katag.ca\/#website","url":"https:\/\/www.katag.ca\/","name":"Katag","description":"LE jeu d'&eacute;p&eacute;es-mousse","publisher":{"@id":"https:\/\/www.katag.ca\/#organization"},"potentialAction":[{"@type":"SearchAction","target":{"@type":"EntryPoint","urlTemplate":"https:\/\/www.katag.ca\/?s={search_term_string}"},"query-input":{"@type":"PropertyValueSpecification","valueRequired":true,"valueName":"search_term_string"}}],"inLanguage":"en-US"},{"@type":"Organization","@id":"https:\/\/www.katag.ca\/#organization","name":"Katag","url":"https:\/\/www.katag.ca\/","logo":{"@type":"ImageObject","inLanguage":"en-US","@id":"https:\/\/www.katag.ca\/#\/schema\/logo\/image\/","url":"https:\/\/www.katag.ca\/wp-content\/uploads\/2021\/03\/logo-fr.png","contentUrl":"https:\/\/www.katag.ca\/wp-content\/uploads\/2021\/03\/logo-fr.png","width":338,"height":173,"caption":"Katag"},"image":{"@id":"https:\/\/www.katag.ca\/#\/schema\/logo\/image\/"},"sameAs":["https:\/\/www.facebook.com\/Katag.ca"]}]}},"_links":{"self":[{"href":"https:\/\/www.katag.ca\/en\/wp-json\/wp\/v2\/pages\/1334","targetHints":{"allow":["GET"]}}],"collection":[{"href":"https:\/\/www.katag.ca\/en\/wp-json\/wp\/v2\/pages"}],"about":[{"href":"https:\/\/www.katag.ca\/en\/wp-json\/wp\/v2\/types\/page"}],"author":[{"embeddable":true,"href":"https:\/\/www.katag.ca\/en\/wp-json\/wp\/v2\/users\/2"}],"replies":[{"embeddable":true,"href":"https:\/\/www.katag.ca\/en\/wp-json\/wp\/v2\/comments?post=1334"}],"version-history":[{"count":3,"href":"https:\/\/www.katag.ca\/en\/wp-json\/wp\/v2\/pages\/1334\/revisions"}],"predecessor-version":[{"id":1940,"href":"https:\/\/www.katag.ca\/en\/wp-json\/wp\/v2\/pages\/1334\/revisions\/1940"}],"wp:attachment":[{"href":"https:\/\/www.katag.ca\/en\/wp-json\/wp\/v2\/media?parent=1334"}],"curies":[{"name":"wp","href":"https:\/\/api.w.org\/{rel}","templated":true}]}}