{"id":1338,"date":"2015-01-06T18:45:57","date_gmt":"2015-01-06T18:45:57","guid":{"rendered":"http:\/\/www.boutiquekatag.com\/?page_id=1338"},"modified":"2015-01-08T21:03:48","modified_gmt":"2015-01-08T21:03:48","slug":"aventure-184","status":"publish","type":"page","link":"https:\/\/www.katag.ca\/en\/aventure-184\/","title":{"rendered":"Aventure 184"},"content":{"rendered":"<p>\u00ab Un carquois et des balles, hein! Vous \u00eates s\u00fbrement quelqu\u2019un qui sait viser!\u00bb Vous devez maintenant inscrire vos armes dans la section armes sur votre feuille de route. Vous devez \u00e9galement d\u00e9duire cinq points \u00e0 votre total de points de r\u00eaves. Pour ce qui est de la force de vos armes, vous pourrez ajouter quatre points par attaque \u00e0 votre total dans la cat\u00e9gorie attaque. Toutefois, vous devez consid\u00e9rer que vous ne poss\u00e9der que quatre balles, donc seulement quatre attaques de suite possibles. Une fois vos quatre attaques effectu\u00e9es, vous devrez laisser votre adversaire vous attaquer une fois sans riposte, le temps de ramasser vos balles, avant de pouvoir attaquer de nouveau.<\/p>\n<div class=\"btn-container  align-center\"><a class=\"organic-btn  dark-blue-btn small-btn  align-center\" href=\"http:\/\/www.katag.ca\/aventure-176\/\"><span class=\"btn-holder\">Cliquez ici pour continuer<\/span><\/a><\/div>\n","protected":false},"excerpt":{"rendered":"<p>\u00ab Un carquois et des balles, hein! Vous \u00eates s\u00fbrement quelqu\u2019un qui sait viser!\u00bb Vous devez maintenant inscrire vos armes dans la section armes sur votre feuille de route. Vous devez \u00e9galement d\u00e9duire cinq points \u00e0 votre total de points de r\u00eaves. Pour ce qui est de la force de vos armes, vous pourrez ajouter quatre points par attaque \u00e0 votre total dans la cat\u00e9gorie attaque. Toutefois, vous devez consid\u00e9rer que vous ne poss\u00e9der que quatre balles, donc seulement quatre attaques de suite possibles. Une fois vos quatre&#8230;<\/p>\n","protected":false},"author":2,"featured_media":0,"parent":0,"menu_order":0,"comment_status":"closed","ping_status":"closed","template":"","meta":{"footnotes":""},"class_list":["post-1338","page","type-page","status-publish","hentry"],"yoast_head":"<!-- This site is optimized with the Yoast SEO plugin v27.5 - https:\/\/yoast.com\/product\/yoast-seo-wordpress\/ -->\n<title>Aventure 184 | Katag<\/title>\n<meta name=\"robots\" content=\"index, follow, max-snippet:-1, max-image-preview:large, max-video-preview:-1\" \/>\n<link rel=\"canonical\" href=\"https:\/\/www.katag.ca\/aventure-184\/\" \/>\n<meta property=\"og:locale\" content=\"en_US\" \/>\n<meta property=\"og:type\" content=\"article\" \/>\n<meta property=\"og:title\" content=\"Aventure 184 | Katag\" \/>\n<meta property=\"og:description\" content=\"\u00ab Un carquois et des balles, hein! Vous \u00eates s\u00fbrement quelqu\u2019un qui sait viser!\u00bb Vous devez maintenant inscrire vos armes dans la section armes sur votre feuille de route. Vous devez \u00e9galement d\u00e9duire cinq points \u00e0 votre total de points de r\u00eaves. Pour ce qui est de la force de vos armes, vous pourrez ajouter quatre points par attaque \u00e0 votre total dans la cat\u00e9gorie attaque. Toutefois, vous devez consid\u00e9rer que vous ne poss\u00e9der que quatre balles, donc seulement quatre attaques de suite possibles. Une fois vos quatre...\" \/>\n<meta property=\"og:url\" content=\"https:\/\/www.katag.ca\/aventure-184\/\" \/>\n<meta property=\"og:site_name\" content=\"Katag\" \/>\n<meta property=\"article:publisher\" content=\"https:\/\/www.facebook.com\/Katag.ca\" \/>\n<meta property=\"article:modified_time\" content=\"2015-01-08T21:03:48+00:00\" \/>\n<meta name=\"twitter:card\" content=\"summary_large_image\" \/>\n<meta name=\"twitter:label1\" content=\"Est. reading time\" \/>\n\t<meta name=\"twitter:data1\" content=\"1 minute\" \/>\n<script type=\"application\/ld+json\" class=\"yoast-schema-graph\">{\"@context\":\"https:\\\/\\\/schema.org\",\"@graph\":[{\"@type\":\"WebPage\",\"@id\":\"https:\\\/\\\/www.katag.ca\\\/aventure-184\\\/\",\"url\":\"https:\\\/\\\/www.katag.ca\\\/aventure-184\\\/\",\"name\":\"Aventure 184 | Katag\",\"isPartOf\":{\"@id\":\"https:\\\/\\\/www.katag.ca\\\/#website\"},\"datePublished\":\"2015-01-06T18:45:57+00:00\",\"dateModified\":\"2015-01-08T21:03:48+00:00\",\"breadcrumb\":{\"@id\":\"https:\\\/\\\/www.katag.ca\\\/aventure-184\\\/#breadcrumb\"},\"inLanguage\":\"en-US\",\"potentialAction\":[{\"@type\":\"ReadAction\",\"target\":[\"https:\\\/\\\/www.katag.ca\\\/aventure-184\\\/\"]}]},{\"@type\":\"BreadcrumbList\",\"@id\":\"https:\\\/\\\/www.katag.ca\\\/aventure-184\\\/#breadcrumb\",\"itemListElement\":[{\"@type\":\"ListItem\",\"position\":1,\"name\":\"Accueil\",\"item\":\"https:\\\/\\\/www.katag.ca\\\/\"},{\"@type\":\"ListItem\",\"position\":2,\"name\":\"Aventure 184\"}]},{\"@type\":\"WebSite\",\"@id\":\"https:\\\/\\\/www.katag.ca\\\/#website\",\"url\":\"https:\\\/\\\/www.katag.ca\\\/\",\"name\":\"Katag\",\"description\":\"LE jeu d'&eacute;p&eacute;es-mousse\",\"publisher\":{\"@id\":\"https:\\\/\\\/www.katag.ca\\\/#organization\"},\"potentialAction\":[{\"@type\":\"SearchAction\",\"target\":{\"@type\":\"EntryPoint\",\"urlTemplate\":\"https:\\\/\\\/www.katag.ca\\\/?s={search_term_string}\"},\"query-input\":{\"@type\":\"PropertyValueSpecification\",\"valueRequired\":true,\"valueName\":\"search_term_string\"}}],\"inLanguage\":\"en-US\"},{\"@type\":\"Organization\",\"@id\":\"https:\\\/\\\/www.katag.ca\\\/#organization\",\"name\":\"Katag\",\"url\":\"https:\\\/\\\/www.katag.ca\\\/\",\"logo\":{\"@type\":\"ImageObject\",\"inLanguage\":\"en-US\",\"@id\":\"https:\\\/\\\/www.katag.ca\\\/#\\\/schema\\\/logo\\\/image\\\/\",\"url\":\"https:\\\/\\\/www.katag.ca\\\/wp-content\\\/uploads\\\/2021\\\/03\\\/logo-fr.png\",\"contentUrl\":\"https:\\\/\\\/www.katag.ca\\\/wp-content\\\/uploads\\\/2021\\\/03\\\/logo-fr.png\",\"width\":338,\"height\":173,\"caption\":\"Katag\"},\"image\":{\"@id\":\"https:\\\/\\\/www.katag.ca\\\/#\\\/schema\\\/logo\\\/image\\\/\"},\"sameAs\":[\"https:\\\/\\\/www.facebook.com\\\/Katag.ca\"]}]}<\/script>\n<!-- \/ Yoast SEO plugin. -->","yoast_head_json":{"title":"Aventure 184 | Katag","robots":{"index":"index","follow":"follow","max-snippet":"max-snippet:-1","max-image-preview":"max-image-preview:large","max-video-preview":"max-video-preview:-1"},"canonical":"https:\/\/www.katag.ca\/aventure-184\/","og_locale":"en_US","og_type":"article","og_title":"Aventure 184 | Katag","og_description":"\u00ab Un carquois et des balles, hein! Vous \u00eates s\u00fbrement quelqu\u2019un qui sait viser!\u00bb Vous devez maintenant inscrire vos armes dans la section armes sur votre feuille de route. Vous devez \u00e9galement d\u00e9duire cinq points \u00e0 votre total de points de r\u00eaves. Pour ce qui est de la force de vos armes, vous pourrez ajouter quatre points par attaque \u00e0 votre total dans la cat\u00e9gorie attaque. Toutefois, vous devez consid\u00e9rer que vous ne poss\u00e9der que quatre balles, donc seulement quatre attaques de suite possibles. Une fois vos quatre...","og_url":"https:\/\/www.katag.ca\/aventure-184\/","og_site_name":"Katag","article_publisher":"https:\/\/www.facebook.com\/Katag.ca","article_modified_time":"2015-01-08T21:03:48+00:00","twitter_card":"summary_large_image","twitter_misc":{"Est. reading time":"1 minute"},"schema":{"@context":"https:\/\/schema.org","@graph":[{"@type":"WebPage","@id":"https:\/\/www.katag.ca\/aventure-184\/","url":"https:\/\/www.katag.ca\/aventure-184\/","name":"Aventure 184 | Katag","isPartOf":{"@id":"https:\/\/www.katag.ca\/#website"},"datePublished":"2015-01-06T18:45:57+00:00","dateModified":"2015-01-08T21:03:48+00:00","breadcrumb":{"@id":"https:\/\/www.katag.ca\/aventure-184\/#breadcrumb"},"inLanguage":"en-US","potentialAction":[{"@type":"ReadAction","target":["https:\/\/www.katag.ca\/aventure-184\/"]}]},{"@type":"BreadcrumbList","@id":"https:\/\/www.katag.ca\/aventure-184\/#breadcrumb","itemListElement":[{"@type":"ListItem","position":1,"name":"Accueil","item":"https:\/\/www.katag.ca\/"},{"@type":"ListItem","position":2,"name":"Aventure 184"}]},{"@type":"WebSite","@id":"https:\/\/www.katag.ca\/#website","url":"https:\/\/www.katag.ca\/","name":"Katag","description":"LE jeu d'&eacute;p&eacute;es-mousse","publisher":{"@id":"https:\/\/www.katag.ca\/#organization"},"potentialAction":[{"@type":"SearchAction","target":{"@type":"EntryPoint","urlTemplate":"https:\/\/www.katag.ca\/?s={search_term_string}"},"query-input":{"@type":"PropertyValueSpecification","valueRequired":true,"valueName":"search_term_string"}}],"inLanguage":"en-US"},{"@type":"Organization","@id":"https:\/\/www.katag.ca\/#organization","name":"Katag","url":"https:\/\/www.katag.ca\/","logo":{"@type":"ImageObject","inLanguage":"en-US","@id":"https:\/\/www.katag.ca\/#\/schema\/logo\/image\/","url":"https:\/\/www.katag.ca\/wp-content\/uploads\/2021\/03\/logo-fr.png","contentUrl":"https:\/\/www.katag.ca\/wp-content\/uploads\/2021\/03\/logo-fr.png","width":338,"height":173,"caption":"Katag"},"image":{"@id":"https:\/\/www.katag.ca\/#\/schema\/logo\/image\/"},"sameAs":["https:\/\/www.facebook.com\/Katag.ca"]}]}},"_links":{"self":[{"href":"https:\/\/www.katag.ca\/en\/wp-json\/wp\/v2\/pages\/1338","targetHints":{"allow":["GET"]}}],"collection":[{"href":"https:\/\/www.katag.ca\/en\/wp-json\/wp\/v2\/pages"}],"about":[{"href":"https:\/\/www.katag.ca\/en\/wp-json\/wp\/v2\/types\/page"}],"author":[{"embeddable":true,"href":"https:\/\/www.katag.ca\/en\/wp-json\/wp\/v2\/users\/2"}],"replies":[{"embeddable":true,"href":"https:\/\/www.katag.ca\/en\/wp-json\/wp\/v2\/comments?post=1338"}],"version-history":[{"count":2,"href":"https:\/\/www.katag.ca\/en\/wp-json\/wp\/v2\/pages\/1338\/revisions"}],"predecessor-version":[{"id":1943,"href":"https:\/\/www.katag.ca\/en\/wp-json\/wp\/v2\/pages\/1338\/revisions\/1943"}],"wp:attachment":[{"href":"https:\/\/www.katag.ca\/en\/wp-json\/wp\/v2\/media?parent=1338"}],"curies":[{"name":"wp","href":"https:\/\/api.w.org\/{rel}","templated":true}]}}