{"id":1340,"date":"2015-01-06T18:46:27","date_gmt":"2015-01-06T18:46:27","guid":{"rendered":"http:\/\/www.boutiquekatag.com\/?page_id=1340"},"modified":"2015-01-08T21:04:44","modified_gmt":"2015-01-08T21:04:44","slug":"aventure-185","status":"publish","type":"page","link":"https:\/\/www.katag.ca\/en\/aventure-185\/","title":{"rendered":"Aventure 185"},"content":{"rendered":"<p>Vous vous dirigez vers le garde qui vous salue. Apr\u00e8s un bref moment de silence, vous lui expliquez qui vous \u00eates et vous lui indiquer que, selon vos renseignements, le cauchemar que vous cherchez devrait se trouver dans les parages. \u00ab Vous me prenez pour un imb\u00e9cile?, vous r\u00e9pond-il offusqu\u00e9. Vous croyez que si je l\u2019avais vu, je serais tout bonnement ici \u00e0 ne rien faire? Vous pouvez \u00eatre certain qu\u2019une vingtaine de Karatsa\u00ef seraient \u00e0 sa poursuite! Non mais\u2026 \u00bb<\/p>\n<p>Vous comprenez que vous l\u2019avez vex\u00e9 et que ce n\u2019est apr\u00e8s tout peut-\u00eatre pas une si bonne id\u00e9e d\u2019interroger des gardes \u00e0 ce sujet. Que allez-vous faire maintenant?<\/p>\n<div class=\"btn-container  align-center\"><a class=\"organic-btn  dark-blue-btn small-btn  align-center\" href=\"http:\/\/www.katag.ca\/aventure-186\/\"><span class=\"btn-holder\">Vous d\u00e9sirez longer la rive et aller voir plus loin<\/span><\/a><\/div>\n<div class=\"btn-container  align-center\"><a class=\"organic-btn  dark-blue-btn small-btn  align-center\" href=\"http:\/\/www.katag.ca\/aventure-187\/\"><span class=\"btn-holder\">Vous pr\u00e9f\u00e9rez aller explorer la r\u00e9gion mar\u00e9cageuse<\/span><\/a><\/div>\n","protected":false},"excerpt":{"rendered":"<p>Vous vous dirigez vers le garde qui vous salue. Apr\u00e8s un bref moment de silence, vous lui expliquez qui vous \u00eates et vous lui indiquer que, selon vos renseignements, le cauchemar que vous cherchez devrait se trouver dans les parages. \u00ab Vous me prenez pour un imb\u00e9cile?, vous r\u00e9pond-il offusqu\u00e9. Vous croyez que si je l\u2019avais vu, je serais tout bonnement ici \u00e0 ne rien faire? Vous pouvez \u00eatre certain qu\u2019une vingtaine de Karatsa\u00ef seraient \u00e0 sa poursuite! Non mais\u2026 \u00bb Vous comprenez que vous l\u2019avez vex\u00e9 et&#8230;<\/p>\n","protected":false},"author":2,"featured_media":0,"parent":0,"menu_order":0,"comment_status":"closed","ping_status":"closed","template":"","meta":{"footnotes":""},"class_list":["post-1340","page","type-page","status-publish","hentry"],"yoast_head":"<!-- This site is optimized with the Yoast SEO plugin v27.5 - https:\/\/yoast.com\/product\/yoast-seo-wordpress\/ -->\n<title>Aventure 185 | Katag<\/title>\n<meta name=\"robots\" content=\"index, follow, max-snippet:-1, max-image-preview:large, max-video-preview:-1\" \/>\n<link rel=\"canonical\" href=\"https:\/\/www.katag.ca\/en\/aventure-185\/\" \/>\n<meta property=\"og:locale\" content=\"en_US\" \/>\n<meta property=\"og:type\" content=\"article\" \/>\n<meta property=\"og:title\" content=\"Aventure 185 | Katag\" \/>\n<meta property=\"og:description\" content=\"Vous vous dirigez vers le garde qui vous salue. Apr\u00e8s un bref moment de silence, vous lui expliquez qui vous \u00eates et vous lui indiquer que, selon vos renseignements, le cauchemar que vous cherchez devrait se trouver dans les parages. \u00ab Vous me prenez pour un imb\u00e9cile?, vous r\u00e9pond-il offusqu\u00e9. Vous croyez que si je l\u2019avais vu, je serais tout bonnement ici \u00e0 ne rien faire? Vous pouvez \u00eatre certain qu\u2019une vingtaine de Karatsa\u00ef seraient \u00e0 sa poursuite! Non mais\u2026 \u00bb Vous comprenez que vous l\u2019avez vex\u00e9 et...\" \/>\n<meta property=\"og:url\" content=\"https:\/\/www.katag.ca\/en\/aventure-185\/\" \/>\n<meta property=\"og:site_name\" content=\"Katag\" \/>\n<meta property=\"article:publisher\" content=\"https:\/\/www.facebook.com\/Katag.ca\" \/>\n<meta property=\"article:modified_time\" content=\"2015-01-08T21:04:44+00:00\" \/>\n<meta name=\"twitter:card\" content=\"summary_large_image\" \/>\n<meta name=\"twitter:label1\" content=\"Est. reading time\" \/>\n\t<meta name=\"twitter:data1\" content=\"1 minute\" \/>\n<script type=\"application\/ld+json\" class=\"yoast-schema-graph\">{\"@context\":\"https:\\\/\\\/schema.org\",\"@graph\":[{\"@type\":\"WebPage\",\"@id\":\"https:\\\/\\\/www.katag.ca\\\/en\\\/aventure-185\\\/\",\"url\":\"https:\\\/\\\/www.katag.ca\\\/en\\\/aventure-185\\\/\",\"name\":\"Aventure 185 | Katag\",\"isPartOf\":{\"@id\":\"https:\\\/\\\/www.katag.ca\\\/#website\"},\"datePublished\":\"2015-01-06T18:46:27+00:00\",\"dateModified\":\"2015-01-08T21:04:44+00:00\",\"breadcrumb\":{\"@id\":\"https:\\\/\\\/www.katag.ca\\\/en\\\/aventure-185\\\/#breadcrumb\"},\"inLanguage\":\"en-US\",\"potentialAction\":[{\"@type\":\"ReadAction\",\"target\":[\"https:\\\/\\\/www.katag.ca\\\/en\\\/aventure-185\\\/\"]}]},{\"@type\":\"BreadcrumbList\",\"@id\":\"https:\\\/\\\/www.katag.ca\\\/en\\\/aventure-185\\\/#breadcrumb\",\"itemListElement\":[{\"@type\":\"ListItem\",\"position\":1,\"name\":\"Accueil\",\"item\":\"https:\\\/\\\/www.katag.ca\\\/\"},{\"@type\":\"ListItem\",\"position\":2,\"name\":\"Aventure 185\"}]},{\"@type\":\"WebSite\",\"@id\":\"https:\\\/\\\/www.katag.ca\\\/#website\",\"url\":\"https:\\\/\\\/www.katag.ca\\\/\",\"name\":\"Katag\",\"description\":\"LE jeu d'&eacute;p&eacute;es-mousse\",\"publisher\":{\"@id\":\"https:\\\/\\\/www.katag.ca\\\/#organization\"},\"potentialAction\":[{\"@type\":\"SearchAction\",\"target\":{\"@type\":\"EntryPoint\",\"urlTemplate\":\"https:\\\/\\\/www.katag.ca\\\/?s={search_term_string}\"},\"query-input\":{\"@type\":\"PropertyValueSpecification\",\"valueRequired\":true,\"valueName\":\"search_term_string\"}}],\"inLanguage\":\"en-US\"},{\"@type\":\"Organization\",\"@id\":\"https:\\\/\\\/www.katag.ca\\\/#organization\",\"name\":\"Katag\",\"url\":\"https:\\\/\\\/www.katag.ca\\\/\",\"logo\":{\"@type\":\"ImageObject\",\"inLanguage\":\"en-US\",\"@id\":\"https:\\\/\\\/www.katag.ca\\\/#\\\/schema\\\/logo\\\/image\\\/\",\"url\":\"https:\\\/\\\/www.katag.ca\\\/wp-content\\\/uploads\\\/2021\\\/03\\\/logo-fr.png\",\"contentUrl\":\"https:\\\/\\\/www.katag.ca\\\/wp-content\\\/uploads\\\/2021\\\/03\\\/logo-fr.png\",\"width\":338,\"height\":173,\"caption\":\"Katag\"},\"image\":{\"@id\":\"https:\\\/\\\/www.katag.ca\\\/#\\\/schema\\\/logo\\\/image\\\/\"},\"sameAs\":[\"https:\\\/\\\/www.facebook.com\\\/Katag.ca\"]}]}<\/script>\n<!-- \/ Yoast SEO plugin. -->","yoast_head_json":{"title":"Aventure 185 | Katag","robots":{"index":"index","follow":"follow","max-snippet":"max-snippet:-1","max-image-preview":"max-image-preview:large","max-video-preview":"max-video-preview:-1"},"canonical":"https:\/\/www.katag.ca\/en\/aventure-185\/","og_locale":"en_US","og_type":"article","og_title":"Aventure 185 | Katag","og_description":"Vous vous dirigez vers le garde qui vous salue. Apr\u00e8s un bref moment de silence, vous lui expliquez qui vous \u00eates et vous lui indiquer que, selon vos renseignements, le cauchemar que vous cherchez devrait se trouver dans les parages. \u00ab Vous me prenez pour un imb\u00e9cile?, vous r\u00e9pond-il offusqu\u00e9. Vous croyez que si je l\u2019avais vu, je serais tout bonnement ici \u00e0 ne rien faire? Vous pouvez \u00eatre certain qu\u2019une vingtaine de Karatsa\u00ef seraient \u00e0 sa poursuite! Non mais\u2026 \u00bb Vous comprenez que vous l\u2019avez vex\u00e9 et...","og_url":"https:\/\/www.katag.ca\/en\/aventure-185\/","og_site_name":"Katag","article_publisher":"https:\/\/www.facebook.com\/Katag.ca","article_modified_time":"2015-01-08T21:04:44+00:00","twitter_card":"summary_large_image","twitter_misc":{"Est. reading time":"1 minute"},"schema":{"@context":"https:\/\/schema.org","@graph":[{"@type":"WebPage","@id":"https:\/\/www.katag.ca\/en\/aventure-185\/","url":"https:\/\/www.katag.ca\/en\/aventure-185\/","name":"Aventure 185 | Katag","isPartOf":{"@id":"https:\/\/www.katag.ca\/#website"},"datePublished":"2015-01-06T18:46:27+00:00","dateModified":"2015-01-08T21:04:44+00:00","breadcrumb":{"@id":"https:\/\/www.katag.ca\/en\/aventure-185\/#breadcrumb"},"inLanguage":"en-US","potentialAction":[{"@type":"ReadAction","target":["https:\/\/www.katag.ca\/en\/aventure-185\/"]}]},{"@type":"BreadcrumbList","@id":"https:\/\/www.katag.ca\/en\/aventure-185\/#breadcrumb","itemListElement":[{"@type":"ListItem","position":1,"name":"Accueil","item":"https:\/\/www.katag.ca\/"},{"@type":"ListItem","position":2,"name":"Aventure 185"}]},{"@type":"WebSite","@id":"https:\/\/www.katag.ca\/#website","url":"https:\/\/www.katag.ca\/","name":"Katag","description":"LE jeu d'&eacute;p&eacute;es-mousse","publisher":{"@id":"https:\/\/www.katag.ca\/#organization"},"potentialAction":[{"@type":"SearchAction","target":{"@type":"EntryPoint","urlTemplate":"https:\/\/www.katag.ca\/?s={search_term_string}"},"query-input":{"@type":"PropertyValueSpecification","valueRequired":true,"valueName":"search_term_string"}}],"inLanguage":"en-US"},{"@type":"Organization","@id":"https:\/\/www.katag.ca\/#organization","name":"Katag","url":"https:\/\/www.katag.ca\/","logo":{"@type":"ImageObject","inLanguage":"en-US","@id":"https:\/\/www.katag.ca\/#\/schema\/logo\/image\/","url":"https:\/\/www.katag.ca\/wp-content\/uploads\/2021\/03\/logo-fr.png","contentUrl":"https:\/\/www.katag.ca\/wp-content\/uploads\/2021\/03\/logo-fr.png","width":338,"height":173,"caption":"Katag"},"image":{"@id":"https:\/\/www.katag.ca\/#\/schema\/logo\/image\/"},"sameAs":["https:\/\/www.facebook.com\/Katag.ca"]}]}},"_links":{"self":[{"href":"https:\/\/www.katag.ca\/en\/wp-json\/wp\/v2\/pages\/1340","targetHints":{"allow":["GET"]}}],"collection":[{"href":"https:\/\/www.katag.ca\/en\/wp-json\/wp\/v2\/pages"}],"about":[{"href":"https:\/\/www.katag.ca\/en\/wp-json\/wp\/v2\/types\/page"}],"author":[{"embeddable":true,"href":"https:\/\/www.katag.ca\/en\/wp-json\/wp\/v2\/users\/2"}],"replies":[{"embeddable":true,"href":"https:\/\/www.katag.ca\/en\/wp-json\/wp\/v2\/comments?post=1340"}],"version-history":[{"count":3,"href":"https:\/\/www.katag.ca\/en\/wp-json\/wp\/v2\/pages\/1340\/revisions"}],"predecessor-version":[{"id":1945,"href":"https:\/\/www.katag.ca\/en\/wp-json\/wp\/v2\/pages\/1340\/revisions\/1945"}],"wp:attachment":[{"href":"https:\/\/www.katag.ca\/en\/wp-json\/wp\/v2\/media?parent=1340"}],"curies":[{"name":"wp","href":"https:\/\/api.w.org\/{rel}","templated":true}]}}