{"id":1342,"date":"2015-01-06T18:46:56","date_gmt":"2015-01-06T18:46:56","guid":{"rendered":"http:\/\/www.boutiquekatag.com\/?page_id=1342"},"modified":"2015-01-08T21:05:57","modified_gmt":"2015-01-08T21:05:57","slug":"aventure-186","status":"publish","type":"page","link":"https:\/\/www.katag.ca\/en\/aventure-186\/","title":{"rendered":"Aventure 186"},"content":{"rendered":"<p>Vous d\u00e9cidez donc de longer les rives du lac Diga et constatez \u00e0 quel point celui-ci semble \u00eatre immense. En regardant au loin devant vous, vous voyez une longue plage de sable, d\u00e9limit\u00e9e \u00e0 votre gauche par une bordure de hautes herbes et par le lac \u00e0 votre droite. Vous voyez des traces de pas d\u2019une quelconque b\u00eate dans le sable pr\u00e8s de vous et d\u00e9cidez de suivre cette piste. Apr\u00e8s avoir long\u00e9 les rives et suivi cette piste pendant une bonne heure, vous notez que les traces de pas se dirigent vers votre gauche \u00e0 travers de hautes herbes. Qu\u2019allez-vous faire?<\/p>\n<div class=\"btn-container  align-center\"><a class=\"organic-btn  dark-blue-btn small-btn  align-center\" href=\"http:\/\/www.katag.ca\/aventure-202\/\"><span class=\"btn-holder\">Vous d\u00e9sirez continuer de suivre la piste en vous dirigeant vers les hautes herbes<\/span><\/a><\/div>\n<div class=\"btn-container  align-center\"><a class=\"organic-btn  dark-blue-btn small-btn  align-center\" href=\"http:\/\/www.katag.ca\/aventure-203\/\"><span class=\"btn-holder\">Vous pr\u00e9f\u00e9rez continuer de longer la rive<\/span><\/a><\/div>\n<div class=\"btn-container  align-center\"><a class=\"organic-btn  dark-blue-btn small-btn  align-center\" href=\"http:\/\/www.katag.ca\/aventure-187\/\"><span class=\"btn-holder\">Vous choisissez de faire marche arri\u00e8re et aller explorer la r\u00e9gion mar\u00e9cageuse<\/span><\/a><\/div>\n","protected":false},"excerpt":{"rendered":"<p>Vous d\u00e9cidez donc de longer les rives du lac Diga et constatez \u00e0 quel point celui-ci semble \u00eatre immense. En regardant au loin devant vous, vous voyez une longue plage de sable, d\u00e9limit\u00e9e \u00e0 votre gauche par une bordure de hautes herbes et par le lac \u00e0 votre droite. Vous voyez des traces de pas d\u2019une quelconque b\u00eate dans le sable pr\u00e8s de vous et d\u00e9cidez de suivre cette piste. Apr\u00e8s avoir long\u00e9 les rives et suivi cette piste pendant une bonne heure, vous notez que les traces&#8230;<\/p>\n","protected":false},"author":2,"featured_media":0,"parent":0,"menu_order":0,"comment_status":"closed","ping_status":"closed","template":"","meta":{"footnotes":""},"class_list":["post-1342","page","type-page","status-publish","hentry"],"yoast_head":"<!-- This site is optimized with the Yoast SEO plugin v27.5 - https:\/\/yoast.com\/product\/yoast-seo-wordpress\/ -->\n<title>Aventure 186 | Katag<\/title>\n<meta name=\"robots\" content=\"index, follow, max-snippet:-1, max-image-preview:large, max-video-preview:-1\" \/>\n<link rel=\"canonical\" href=\"https:\/\/www.katag.ca\/aventure-186\/\" \/>\n<meta property=\"og:locale\" content=\"en_US\" \/>\n<meta property=\"og:type\" content=\"article\" \/>\n<meta property=\"og:title\" content=\"Aventure 186 | Katag\" \/>\n<meta property=\"og:description\" content=\"Vous d\u00e9cidez donc de longer les rives du lac Diga et constatez \u00e0 quel point celui-ci semble \u00eatre immense. En regardant au loin devant vous, vous voyez une longue plage de sable, d\u00e9limit\u00e9e \u00e0 votre gauche par une bordure de hautes herbes et par le lac \u00e0 votre droite. Vous voyez des traces de pas d\u2019une quelconque b\u00eate dans le sable pr\u00e8s de vous et d\u00e9cidez de suivre cette piste. Apr\u00e8s avoir long\u00e9 les rives et suivi cette piste pendant une bonne heure, vous notez que les traces...\" \/>\n<meta property=\"og:url\" content=\"https:\/\/www.katag.ca\/aventure-186\/\" \/>\n<meta property=\"og:site_name\" content=\"Katag\" \/>\n<meta property=\"article:publisher\" content=\"https:\/\/www.facebook.com\/Katag.ca\" \/>\n<meta property=\"article:modified_time\" content=\"2015-01-08T21:05:57+00:00\" \/>\n<meta name=\"twitter:card\" content=\"summary_large_image\" \/>\n<meta name=\"twitter:label1\" content=\"Est. reading time\" \/>\n\t<meta name=\"twitter:data1\" content=\"1 minute\" \/>\n<script type=\"application\/ld+json\" class=\"yoast-schema-graph\">{\"@context\":\"https:\\\/\\\/schema.org\",\"@graph\":[{\"@type\":\"WebPage\",\"@id\":\"https:\\\/\\\/www.katag.ca\\\/aventure-186\\\/\",\"url\":\"https:\\\/\\\/www.katag.ca\\\/aventure-186\\\/\",\"name\":\"Aventure 186 | Katag\",\"isPartOf\":{\"@id\":\"https:\\\/\\\/www.katag.ca\\\/#website\"},\"datePublished\":\"2015-01-06T18:46:56+00:00\",\"dateModified\":\"2015-01-08T21:05:57+00:00\",\"breadcrumb\":{\"@id\":\"https:\\\/\\\/www.katag.ca\\\/aventure-186\\\/#breadcrumb\"},\"inLanguage\":\"en-US\",\"potentialAction\":[{\"@type\":\"ReadAction\",\"target\":[\"https:\\\/\\\/www.katag.ca\\\/aventure-186\\\/\"]}]},{\"@type\":\"BreadcrumbList\",\"@id\":\"https:\\\/\\\/www.katag.ca\\\/aventure-186\\\/#breadcrumb\",\"itemListElement\":[{\"@type\":\"ListItem\",\"position\":1,\"name\":\"Accueil\",\"item\":\"https:\\\/\\\/www.katag.ca\\\/\"},{\"@type\":\"ListItem\",\"position\":2,\"name\":\"Aventure 186\"}]},{\"@type\":\"WebSite\",\"@id\":\"https:\\\/\\\/www.katag.ca\\\/#website\",\"url\":\"https:\\\/\\\/www.katag.ca\\\/\",\"name\":\"Katag\",\"description\":\"LE jeu d'&eacute;p&eacute;es-mousse\",\"publisher\":{\"@id\":\"https:\\\/\\\/www.katag.ca\\\/#organization\"},\"potentialAction\":[{\"@type\":\"SearchAction\",\"target\":{\"@type\":\"EntryPoint\",\"urlTemplate\":\"https:\\\/\\\/www.katag.ca\\\/?s={search_term_string}\"},\"query-input\":{\"@type\":\"PropertyValueSpecification\",\"valueRequired\":true,\"valueName\":\"search_term_string\"}}],\"inLanguage\":\"en-US\"},{\"@type\":\"Organization\",\"@id\":\"https:\\\/\\\/www.katag.ca\\\/#organization\",\"name\":\"Katag\",\"url\":\"https:\\\/\\\/www.katag.ca\\\/\",\"logo\":{\"@type\":\"ImageObject\",\"inLanguage\":\"en-US\",\"@id\":\"https:\\\/\\\/www.katag.ca\\\/#\\\/schema\\\/logo\\\/image\\\/\",\"url\":\"https:\\\/\\\/www.katag.ca\\\/wp-content\\\/uploads\\\/2021\\\/03\\\/logo-fr.png\",\"contentUrl\":\"https:\\\/\\\/www.katag.ca\\\/wp-content\\\/uploads\\\/2021\\\/03\\\/logo-fr.png\",\"width\":338,\"height\":173,\"caption\":\"Katag\"},\"image\":{\"@id\":\"https:\\\/\\\/www.katag.ca\\\/#\\\/schema\\\/logo\\\/image\\\/\"},\"sameAs\":[\"https:\\\/\\\/www.facebook.com\\\/Katag.ca\"]}]}<\/script>\n<!-- \/ Yoast SEO plugin. -->","yoast_head_json":{"title":"Aventure 186 | Katag","robots":{"index":"index","follow":"follow","max-snippet":"max-snippet:-1","max-image-preview":"max-image-preview:large","max-video-preview":"max-video-preview:-1"},"canonical":"https:\/\/www.katag.ca\/aventure-186\/","og_locale":"en_US","og_type":"article","og_title":"Aventure 186 | Katag","og_description":"Vous d\u00e9cidez donc de longer les rives du lac Diga et constatez \u00e0 quel point celui-ci semble \u00eatre immense. En regardant au loin devant vous, vous voyez une longue plage de sable, d\u00e9limit\u00e9e \u00e0 votre gauche par une bordure de hautes herbes et par le lac \u00e0 votre droite. Vous voyez des traces de pas d\u2019une quelconque b\u00eate dans le sable pr\u00e8s de vous et d\u00e9cidez de suivre cette piste. Apr\u00e8s avoir long\u00e9 les rives et suivi cette piste pendant une bonne heure, vous notez que les traces...","og_url":"https:\/\/www.katag.ca\/aventure-186\/","og_site_name":"Katag","article_publisher":"https:\/\/www.facebook.com\/Katag.ca","article_modified_time":"2015-01-08T21:05:57+00:00","twitter_card":"summary_large_image","twitter_misc":{"Est. reading time":"1 minute"},"schema":{"@context":"https:\/\/schema.org","@graph":[{"@type":"WebPage","@id":"https:\/\/www.katag.ca\/aventure-186\/","url":"https:\/\/www.katag.ca\/aventure-186\/","name":"Aventure 186 | Katag","isPartOf":{"@id":"https:\/\/www.katag.ca\/#website"},"datePublished":"2015-01-06T18:46:56+00:00","dateModified":"2015-01-08T21:05:57+00:00","breadcrumb":{"@id":"https:\/\/www.katag.ca\/aventure-186\/#breadcrumb"},"inLanguage":"en-US","potentialAction":[{"@type":"ReadAction","target":["https:\/\/www.katag.ca\/aventure-186\/"]}]},{"@type":"BreadcrumbList","@id":"https:\/\/www.katag.ca\/aventure-186\/#breadcrumb","itemListElement":[{"@type":"ListItem","position":1,"name":"Accueil","item":"https:\/\/www.katag.ca\/"},{"@type":"ListItem","position":2,"name":"Aventure 186"}]},{"@type":"WebSite","@id":"https:\/\/www.katag.ca\/#website","url":"https:\/\/www.katag.ca\/","name":"Katag","description":"LE jeu d'&eacute;p&eacute;es-mousse","publisher":{"@id":"https:\/\/www.katag.ca\/#organization"},"potentialAction":[{"@type":"SearchAction","target":{"@type":"EntryPoint","urlTemplate":"https:\/\/www.katag.ca\/?s={search_term_string}"},"query-input":{"@type":"PropertyValueSpecification","valueRequired":true,"valueName":"search_term_string"}}],"inLanguage":"en-US"},{"@type":"Organization","@id":"https:\/\/www.katag.ca\/#organization","name":"Katag","url":"https:\/\/www.katag.ca\/","logo":{"@type":"ImageObject","inLanguage":"en-US","@id":"https:\/\/www.katag.ca\/#\/schema\/logo\/image\/","url":"https:\/\/www.katag.ca\/wp-content\/uploads\/2021\/03\/logo-fr.png","contentUrl":"https:\/\/www.katag.ca\/wp-content\/uploads\/2021\/03\/logo-fr.png","width":338,"height":173,"caption":"Katag"},"image":{"@id":"https:\/\/www.katag.ca\/#\/schema\/logo\/image\/"},"sameAs":["https:\/\/www.facebook.com\/Katag.ca"]}]}},"_links":{"self":[{"href":"https:\/\/www.katag.ca\/en\/wp-json\/wp\/v2\/pages\/1342","targetHints":{"allow":["GET"]}}],"collection":[{"href":"https:\/\/www.katag.ca\/en\/wp-json\/wp\/v2\/pages"}],"about":[{"href":"https:\/\/www.katag.ca\/en\/wp-json\/wp\/v2\/types\/page"}],"author":[{"embeddable":true,"href":"https:\/\/www.katag.ca\/en\/wp-json\/wp\/v2\/users\/2"}],"replies":[{"embeddable":true,"href":"https:\/\/www.katag.ca\/en\/wp-json\/wp\/v2\/comments?post=1342"}],"version-history":[{"count":3,"href":"https:\/\/www.katag.ca\/en\/wp-json\/wp\/v2\/pages\/1342\/revisions"}],"predecessor-version":[{"id":1947,"href":"https:\/\/www.katag.ca\/en\/wp-json\/wp\/v2\/pages\/1342\/revisions\/1947"}],"wp:attachment":[{"href":"https:\/\/www.katag.ca\/en\/wp-json\/wp\/v2\/media?parent=1342"}],"curies":[{"name":"wp","href":"https:\/\/api.w.org\/{rel}","templated":true}]}}