{"id":1344,"date":"2015-01-06T18:48:12","date_gmt":"2015-01-06T18:48:12","guid":{"rendered":"http:\/\/www.boutiquekatag.com\/?page_id=1344"},"modified":"2015-01-08T21:07:40","modified_gmt":"2015-01-08T21:07:40","slug":"aventure-187","status":"publish","type":"page","link":"https:\/\/www.katag.ca\/en\/aventure-187\/","title":{"rendered":"Aventure 187"},"content":{"rendered":"<p>Vous vous aventurez donc dans cette r\u00e9gion mar\u00e9cageuse. Vous constatez rapidement que les herbes deviennent de plus en plus hautes, ne vous permettant pas de voir \u00e0 une tr\u00e8s grande distance. Toutefois, vous \u00eates pour le moment toujours en mesure de suivre un sentier battu large d\u2019environ un m\u00e8tre. Vous arrivez bient\u00f4t \u00e0 une intersection et vous avez l\u2019impression d\u2019avoir entendu un grognement pas bien loin d\u2019o\u00f9 vous vous trouvez. Que allez-vous faire?<\/p>\n<div class=\"btn-container  align-center\"><a class=\"organic-btn  dark-blue-btn small-btn  align-center\" href=\"http:\/\/www.katag.ca\/aventure-205\/\"><span class=\"btn-holder\">Vous d\u00e9sirez bifurquer vers la gauche<\/span><\/a><\/div>\n<div class=\"btn-container  align-center\"><a class=\"organic-btn  dark-blue-btn small-btn  align-center\" href=\"http:\/\/www.katag.ca\/aventure-206\/\"><span class=\"btn-holder\">Vous pr\u00e9f\u00e9rez prendre le chemin qui se dirige vers votre droite<\/span><\/a><\/div>\n","protected":false},"excerpt":{"rendered":"<p>Vous vous aventurez donc dans cette r\u00e9gion mar\u00e9cageuse. Vous constatez rapidement que les herbes deviennent de plus en plus hautes, ne vous permettant pas de voir \u00e0 une tr\u00e8s grande distance. Toutefois, vous \u00eates pour le moment toujours en mesure de suivre un sentier battu large d\u2019environ un m\u00e8tre. Vous arrivez bient\u00f4t \u00e0 une intersection et vous avez l\u2019impression d\u2019avoir entendu un grognement pas bien loin d\u2019o\u00f9 vous vous trouvez. Que allez-vous faire?<\/p>\n","protected":false},"author":2,"featured_media":0,"parent":0,"menu_order":0,"comment_status":"closed","ping_status":"closed","template":"","meta":{"footnotes":""},"class_list":["post-1344","page","type-page","status-publish","hentry"],"yoast_head":"<!-- This site is optimized with the Yoast SEO plugin v27.5 - https:\/\/yoast.com\/product\/yoast-seo-wordpress\/ -->\n<title>Aventure 187 | Katag<\/title>\n<meta name=\"robots\" content=\"index, follow, max-snippet:-1, max-image-preview:large, max-video-preview:-1\" \/>\n<link rel=\"canonical\" href=\"https:\/\/www.katag.ca\/en\/aventure-187\/\" \/>\n<meta property=\"og:locale\" content=\"en_US\" \/>\n<meta property=\"og:type\" content=\"article\" \/>\n<meta property=\"og:title\" content=\"Aventure 187 | Katag\" \/>\n<meta property=\"og:description\" content=\"Vous vous aventurez donc dans cette r\u00e9gion mar\u00e9cageuse. Vous constatez rapidement que les herbes deviennent de plus en plus hautes, ne vous permettant pas de voir \u00e0 une tr\u00e8s grande distance. Toutefois, vous \u00eates pour le moment toujours en mesure de suivre un sentier battu large d\u2019environ un m\u00e8tre. Vous arrivez bient\u00f4t \u00e0 une intersection et vous avez l\u2019impression d\u2019avoir entendu un grognement pas bien loin d\u2019o\u00f9 vous vous trouvez. Que allez-vous faire?\" \/>\n<meta property=\"og:url\" content=\"https:\/\/www.katag.ca\/en\/aventure-187\/\" \/>\n<meta property=\"og:site_name\" content=\"Katag\" \/>\n<meta property=\"article:publisher\" content=\"https:\/\/www.facebook.com\/Katag.ca\" \/>\n<meta property=\"article:modified_time\" content=\"2015-01-08T21:07:40+00:00\" \/>\n<meta name=\"twitter:card\" content=\"summary_large_image\" \/>\n<meta name=\"twitter:label1\" content=\"Est. reading time\" \/>\n\t<meta name=\"twitter:data1\" content=\"1 minute\" \/>\n<script type=\"application\/ld+json\" class=\"yoast-schema-graph\">{\"@context\":\"https:\\\/\\\/schema.org\",\"@graph\":[{\"@type\":\"WebPage\",\"@id\":\"https:\\\/\\\/www.katag.ca\\\/en\\\/aventure-187\\\/\",\"url\":\"https:\\\/\\\/www.katag.ca\\\/en\\\/aventure-187\\\/\",\"name\":\"Aventure 187 | Katag\",\"isPartOf\":{\"@id\":\"https:\\\/\\\/www.katag.ca\\\/#website\"},\"datePublished\":\"2015-01-06T18:48:12+00:00\",\"dateModified\":\"2015-01-08T21:07:40+00:00\",\"breadcrumb\":{\"@id\":\"https:\\\/\\\/www.katag.ca\\\/en\\\/aventure-187\\\/#breadcrumb\"},\"inLanguage\":\"en-US\",\"potentialAction\":[{\"@type\":\"ReadAction\",\"target\":[\"https:\\\/\\\/www.katag.ca\\\/en\\\/aventure-187\\\/\"]}]},{\"@type\":\"BreadcrumbList\",\"@id\":\"https:\\\/\\\/www.katag.ca\\\/en\\\/aventure-187\\\/#breadcrumb\",\"itemListElement\":[{\"@type\":\"ListItem\",\"position\":1,\"name\":\"Accueil\",\"item\":\"https:\\\/\\\/www.katag.ca\\\/\"},{\"@type\":\"ListItem\",\"position\":2,\"name\":\"Aventure 187\"}]},{\"@type\":\"WebSite\",\"@id\":\"https:\\\/\\\/www.katag.ca\\\/#website\",\"url\":\"https:\\\/\\\/www.katag.ca\\\/\",\"name\":\"Katag\",\"description\":\"LE jeu d'&eacute;p&eacute;es-mousse\",\"publisher\":{\"@id\":\"https:\\\/\\\/www.katag.ca\\\/#organization\"},\"potentialAction\":[{\"@type\":\"SearchAction\",\"target\":{\"@type\":\"EntryPoint\",\"urlTemplate\":\"https:\\\/\\\/www.katag.ca\\\/?s={search_term_string}\"},\"query-input\":{\"@type\":\"PropertyValueSpecification\",\"valueRequired\":true,\"valueName\":\"search_term_string\"}}],\"inLanguage\":\"en-US\"},{\"@type\":\"Organization\",\"@id\":\"https:\\\/\\\/www.katag.ca\\\/#organization\",\"name\":\"Katag\",\"url\":\"https:\\\/\\\/www.katag.ca\\\/\",\"logo\":{\"@type\":\"ImageObject\",\"inLanguage\":\"en-US\",\"@id\":\"https:\\\/\\\/www.katag.ca\\\/#\\\/schema\\\/logo\\\/image\\\/\",\"url\":\"https:\\\/\\\/www.katag.ca\\\/wp-content\\\/uploads\\\/2021\\\/03\\\/logo-fr.png\",\"contentUrl\":\"https:\\\/\\\/www.katag.ca\\\/wp-content\\\/uploads\\\/2021\\\/03\\\/logo-fr.png\",\"width\":338,\"height\":173,\"caption\":\"Katag\"},\"image\":{\"@id\":\"https:\\\/\\\/www.katag.ca\\\/#\\\/schema\\\/logo\\\/image\\\/\"},\"sameAs\":[\"https:\\\/\\\/www.facebook.com\\\/Katag.ca\"]}]}<\/script>\n<!-- \/ Yoast SEO plugin. -->","yoast_head_json":{"title":"Aventure 187 | Katag","robots":{"index":"index","follow":"follow","max-snippet":"max-snippet:-1","max-image-preview":"max-image-preview:large","max-video-preview":"max-video-preview:-1"},"canonical":"https:\/\/www.katag.ca\/en\/aventure-187\/","og_locale":"en_US","og_type":"article","og_title":"Aventure 187 | Katag","og_description":"Vous vous aventurez donc dans cette r\u00e9gion mar\u00e9cageuse. Vous constatez rapidement que les herbes deviennent de plus en plus hautes, ne vous permettant pas de voir \u00e0 une tr\u00e8s grande distance. Toutefois, vous \u00eates pour le moment toujours en mesure de suivre un sentier battu large d\u2019environ un m\u00e8tre. Vous arrivez bient\u00f4t \u00e0 une intersection et vous avez l\u2019impression d\u2019avoir entendu un grognement pas bien loin d\u2019o\u00f9 vous vous trouvez. Que allez-vous faire?","og_url":"https:\/\/www.katag.ca\/en\/aventure-187\/","og_site_name":"Katag","article_publisher":"https:\/\/www.facebook.com\/Katag.ca","article_modified_time":"2015-01-08T21:07:40+00:00","twitter_card":"summary_large_image","twitter_misc":{"Est. reading time":"1 minute"},"schema":{"@context":"https:\/\/schema.org","@graph":[{"@type":"WebPage","@id":"https:\/\/www.katag.ca\/en\/aventure-187\/","url":"https:\/\/www.katag.ca\/en\/aventure-187\/","name":"Aventure 187 | Katag","isPartOf":{"@id":"https:\/\/www.katag.ca\/#website"},"datePublished":"2015-01-06T18:48:12+00:00","dateModified":"2015-01-08T21:07:40+00:00","breadcrumb":{"@id":"https:\/\/www.katag.ca\/en\/aventure-187\/#breadcrumb"},"inLanguage":"en-US","potentialAction":[{"@type":"ReadAction","target":["https:\/\/www.katag.ca\/en\/aventure-187\/"]}]},{"@type":"BreadcrumbList","@id":"https:\/\/www.katag.ca\/en\/aventure-187\/#breadcrumb","itemListElement":[{"@type":"ListItem","position":1,"name":"Accueil","item":"https:\/\/www.katag.ca\/"},{"@type":"ListItem","position":2,"name":"Aventure 187"}]},{"@type":"WebSite","@id":"https:\/\/www.katag.ca\/#website","url":"https:\/\/www.katag.ca\/","name":"Katag","description":"LE jeu d'&eacute;p&eacute;es-mousse","publisher":{"@id":"https:\/\/www.katag.ca\/#organization"},"potentialAction":[{"@type":"SearchAction","target":{"@type":"EntryPoint","urlTemplate":"https:\/\/www.katag.ca\/?s={search_term_string}"},"query-input":{"@type":"PropertyValueSpecification","valueRequired":true,"valueName":"search_term_string"}}],"inLanguage":"en-US"},{"@type":"Organization","@id":"https:\/\/www.katag.ca\/#organization","name":"Katag","url":"https:\/\/www.katag.ca\/","logo":{"@type":"ImageObject","inLanguage":"en-US","@id":"https:\/\/www.katag.ca\/#\/schema\/logo\/image\/","url":"https:\/\/www.katag.ca\/wp-content\/uploads\/2021\/03\/logo-fr.png","contentUrl":"https:\/\/www.katag.ca\/wp-content\/uploads\/2021\/03\/logo-fr.png","width":338,"height":173,"caption":"Katag"},"image":{"@id":"https:\/\/www.katag.ca\/#\/schema\/logo\/image\/"},"sameAs":["https:\/\/www.facebook.com\/Katag.ca"]}]}},"_links":{"self":[{"href":"https:\/\/www.katag.ca\/en\/wp-json\/wp\/v2\/pages\/1344","targetHints":{"allow":["GET"]}}],"collection":[{"href":"https:\/\/www.katag.ca\/en\/wp-json\/wp\/v2\/pages"}],"about":[{"href":"https:\/\/www.katag.ca\/en\/wp-json\/wp\/v2\/types\/page"}],"author":[{"embeddable":true,"href":"https:\/\/www.katag.ca\/en\/wp-json\/wp\/v2\/users\/2"}],"replies":[{"embeddable":true,"href":"https:\/\/www.katag.ca\/en\/wp-json\/wp\/v2\/comments?post=1344"}],"version-history":[{"count":4,"href":"https:\/\/www.katag.ca\/en\/wp-json\/wp\/v2\/pages\/1344\/revisions"}],"predecessor-version":[{"id":1950,"href":"https:\/\/www.katag.ca\/en\/wp-json\/wp\/v2\/pages\/1344\/revisions\/1950"}],"wp:attachment":[{"href":"https:\/\/www.katag.ca\/en\/wp-json\/wp\/v2\/media?parent=1344"}],"curies":[{"name":"wp","href":"https:\/\/api.w.org\/{rel}","templated":true}]}}