{"id":1363,"date":"2015-01-06T18:53:52","date_gmt":"2015-01-06T18:53:52","guid":{"rendered":"http:\/\/www.boutiquekatag.com\/?page_id=1363"},"modified":"2015-01-08T21:16:54","modified_gmt":"2015-01-08T21:16:54","slug":"aventure-196","status":"publish","type":"page","link":"https:\/\/www.katag.ca\/en\/aventure-196\/","title":{"rendered":"Aventure 196"},"content":{"rendered":"<p>Vous vous approchez de la vitrine de la boutique et r\u00e9alisez qu\u2019on semble y vendre vraiment toutes sortes de v\u00eatements! Vous entrez \u00e0 l\u2019int\u00e9rieur et une personne \u00e2g\u00e9e vous y accueille. \u00ab Bonjour cher ami! Vu ce que vous portez, je d\u00e9duis que vous \u00eates un R\u00eaveur puisque, par ici, personne ne porte de tels v\u00eatements! Je me pr\u00e9sente, je suis Clodor, c\u00e9l\u00e8bre couturier manifestois pour vous servir! C\u2019est moi qui ai confectionn\u00e9 toute la derni\u00e8re collection du pr\u00eat-\u00e0-porter de l\u2019\u00e9quipe des Traqueurs de Manifeste, l\u2019\u00e9quipe junior de Katag. Je peux vous dire qu\u2019elle se vend comme des petits pains! Mais assez parl\u00e9 de moi. Puis-je vous int\u00e9resser par des v\u00eatements qui vous permettraient de vous fondre dans la foule! \u00bb Vous d\u00e9cidez de faire le tour de sa boutique et y trouvez plusieurs morceaux int\u00e9ressants. Toutefois, vous r\u00e9alisez rapidement que peu d\u2019articles sont abordables, compte tenu du budget dont vous disposez. Alors que vous vous appr\u00eatiez \u00e0 quitter, Clodor vous interpelle. \u00ab Un instant cher visiteur, mes prix sont-ils trop \u00e9lev\u00e9s pour vous? Parce qu\u2019on peut toujours s\u2019arranger autrement\u2026 Suivez-moi dans l\u2019arri\u00e8re-boutique. J\u2019ai certainement quelque chose qui pourrait vous int\u00e9resser\u2026 \u00bb Qu\u2019allez-vous faire?<\/p>\n<div class=\"btn-container  align-center\"><a class=\"organic-btn  dark-blue-btn small-btn  align-center\" href=\"http:\/\/www.katag.ca\/aventure-216\/\"><span class=\"btn-holder\">Vous d\u00e9sirez suivre Clodor dans l\u2019arri\u00e8re-boutique<\/span><\/a><\/div>\n<div class=\"btn-container  align-center\"><a class=\"organic-btn  dark-blue-btn small-btn  align-center\" href=\"http:\/\/www.katag.ca\/aventure-176\/\"><span class=\"btn-holder\">Vous pr\u00e9f\u00e9rez retourner au march\u00e9 central<\/span><\/a><\/div>\n","protected":false},"excerpt":{"rendered":"<p>Vous vous approchez de la vitrine de la boutique et r\u00e9alisez qu\u2019on semble y vendre vraiment toutes sortes de v\u00eatements! Vous entrez \u00e0 l\u2019int\u00e9rieur et une personne \u00e2g\u00e9e vous y accueille. \u00ab Bonjour cher ami! Vu ce que vous portez, je d\u00e9duis que vous \u00eates un R\u00eaveur puisque, par ici, personne ne porte de tels v\u00eatements! Je me pr\u00e9sente, je suis Clodor, c\u00e9l\u00e8bre couturier manifestois pour vous servir! C\u2019est moi qui ai confectionn\u00e9 toute la derni\u00e8re collection du pr\u00eat-\u00e0-porter de l\u2019\u00e9quipe des Traqueurs de Manifeste, l\u2019\u00e9quipe junior de&#8230;<\/p>\n","protected":false},"author":2,"featured_media":0,"parent":0,"menu_order":0,"comment_status":"closed","ping_status":"closed","template":"","meta":{"footnotes":""},"class_list":["post-1363","page","type-page","status-publish","hentry"],"yoast_head":"<!-- This site is optimized with the Yoast SEO plugin v27.5 - https:\/\/yoast.com\/product\/yoast-seo-wordpress\/ -->\n<title>Aventure 196 | Katag<\/title>\n<meta name=\"robots\" content=\"index, follow, max-snippet:-1, max-image-preview:large, max-video-preview:-1\" \/>\n<link rel=\"canonical\" href=\"https:\/\/www.katag.ca\/en\/aventure-196\/\" \/>\n<meta property=\"og:locale\" content=\"en_US\" \/>\n<meta property=\"og:type\" content=\"article\" \/>\n<meta property=\"og:title\" content=\"Aventure 196 | Katag\" \/>\n<meta property=\"og:description\" content=\"Vous vous approchez de la vitrine de la boutique et r\u00e9alisez qu\u2019on semble y vendre vraiment toutes sortes de v\u00eatements! Vous entrez \u00e0 l\u2019int\u00e9rieur et une personne \u00e2g\u00e9e vous y accueille. \u00ab Bonjour cher ami! Vu ce que vous portez, je d\u00e9duis que vous \u00eates un R\u00eaveur puisque, par ici, personne ne porte de tels v\u00eatements! Je me pr\u00e9sente, je suis Clodor, c\u00e9l\u00e8bre couturier manifestois pour vous servir! C\u2019est moi qui ai confectionn\u00e9 toute la derni\u00e8re collection du pr\u00eat-\u00e0-porter de l\u2019\u00e9quipe des Traqueurs de Manifeste, l\u2019\u00e9quipe junior de...\" \/>\n<meta property=\"og:url\" content=\"https:\/\/www.katag.ca\/en\/aventure-196\/\" \/>\n<meta property=\"og:site_name\" content=\"Katag\" \/>\n<meta property=\"article:publisher\" content=\"https:\/\/www.facebook.com\/Katag.ca\" \/>\n<meta property=\"article:modified_time\" content=\"2015-01-08T21:16:54+00:00\" \/>\n<meta name=\"twitter:card\" content=\"summary_large_image\" \/>\n<meta name=\"twitter:label1\" content=\"Est. reading time\" \/>\n\t<meta name=\"twitter:data1\" content=\"1 minute\" \/>\n<script type=\"application\/ld+json\" class=\"yoast-schema-graph\">{\"@context\":\"https:\\\/\\\/schema.org\",\"@graph\":[{\"@type\":\"WebPage\",\"@id\":\"https:\\\/\\\/www.katag.ca\\\/en\\\/aventure-196\\\/\",\"url\":\"https:\\\/\\\/www.katag.ca\\\/en\\\/aventure-196\\\/\",\"name\":\"Aventure 196 | Katag\",\"isPartOf\":{\"@id\":\"https:\\\/\\\/www.katag.ca\\\/#website\"},\"datePublished\":\"2015-01-06T18:53:52+00:00\",\"dateModified\":\"2015-01-08T21:16:54+00:00\",\"breadcrumb\":{\"@id\":\"https:\\\/\\\/www.katag.ca\\\/en\\\/aventure-196\\\/#breadcrumb\"},\"inLanguage\":\"en-US\",\"potentialAction\":[{\"@type\":\"ReadAction\",\"target\":[\"https:\\\/\\\/www.katag.ca\\\/en\\\/aventure-196\\\/\"]}]},{\"@type\":\"BreadcrumbList\",\"@id\":\"https:\\\/\\\/www.katag.ca\\\/en\\\/aventure-196\\\/#breadcrumb\",\"itemListElement\":[{\"@type\":\"ListItem\",\"position\":1,\"name\":\"Accueil\",\"item\":\"https:\\\/\\\/www.katag.ca\\\/\"},{\"@type\":\"ListItem\",\"position\":2,\"name\":\"Aventure 196\"}]},{\"@type\":\"WebSite\",\"@id\":\"https:\\\/\\\/www.katag.ca\\\/#website\",\"url\":\"https:\\\/\\\/www.katag.ca\\\/\",\"name\":\"Katag\",\"description\":\"LE jeu d'&eacute;p&eacute;es-mousse\",\"publisher\":{\"@id\":\"https:\\\/\\\/www.katag.ca\\\/#organization\"},\"potentialAction\":[{\"@type\":\"SearchAction\",\"target\":{\"@type\":\"EntryPoint\",\"urlTemplate\":\"https:\\\/\\\/www.katag.ca\\\/?s={search_term_string}\"},\"query-input\":{\"@type\":\"PropertyValueSpecification\",\"valueRequired\":true,\"valueName\":\"search_term_string\"}}],\"inLanguage\":\"en-US\"},{\"@type\":\"Organization\",\"@id\":\"https:\\\/\\\/www.katag.ca\\\/#organization\",\"name\":\"Katag\",\"url\":\"https:\\\/\\\/www.katag.ca\\\/\",\"logo\":{\"@type\":\"ImageObject\",\"inLanguage\":\"en-US\",\"@id\":\"https:\\\/\\\/www.katag.ca\\\/#\\\/schema\\\/logo\\\/image\\\/\",\"url\":\"https:\\\/\\\/www.katag.ca\\\/wp-content\\\/uploads\\\/2021\\\/03\\\/logo-fr.png\",\"contentUrl\":\"https:\\\/\\\/www.katag.ca\\\/wp-content\\\/uploads\\\/2021\\\/03\\\/logo-fr.png\",\"width\":338,\"height\":173,\"caption\":\"Katag\"},\"image\":{\"@id\":\"https:\\\/\\\/www.katag.ca\\\/#\\\/schema\\\/logo\\\/image\\\/\"},\"sameAs\":[\"https:\\\/\\\/www.facebook.com\\\/Katag.ca\"]}]}<\/script>\n<!-- \/ Yoast SEO plugin. -->","yoast_head_json":{"title":"Aventure 196 | Katag","robots":{"index":"index","follow":"follow","max-snippet":"max-snippet:-1","max-image-preview":"max-image-preview:large","max-video-preview":"max-video-preview:-1"},"canonical":"https:\/\/www.katag.ca\/en\/aventure-196\/","og_locale":"en_US","og_type":"article","og_title":"Aventure 196 | Katag","og_description":"Vous vous approchez de la vitrine de la boutique et r\u00e9alisez qu\u2019on semble y vendre vraiment toutes sortes de v\u00eatements! Vous entrez \u00e0 l\u2019int\u00e9rieur et une personne \u00e2g\u00e9e vous y accueille. \u00ab Bonjour cher ami! Vu ce que vous portez, je d\u00e9duis que vous \u00eates un R\u00eaveur puisque, par ici, personne ne porte de tels v\u00eatements! Je me pr\u00e9sente, je suis Clodor, c\u00e9l\u00e8bre couturier manifestois pour vous servir! C\u2019est moi qui ai confectionn\u00e9 toute la derni\u00e8re collection du pr\u00eat-\u00e0-porter de l\u2019\u00e9quipe des Traqueurs de Manifeste, l\u2019\u00e9quipe junior de...","og_url":"https:\/\/www.katag.ca\/en\/aventure-196\/","og_site_name":"Katag","article_publisher":"https:\/\/www.facebook.com\/Katag.ca","article_modified_time":"2015-01-08T21:16:54+00:00","twitter_card":"summary_large_image","twitter_misc":{"Est. reading time":"1 minute"},"schema":{"@context":"https:\/\/schema.org","@graph":[{"@type":"WebPage","@id":"https:\/\/www.katag.ca\/en\/aventure-196\/","url":"https:\/\/www.katag.ca\/en\/aventure-196\/","name":"Aventure 196 | Katag","isPartOf":{"@id":"https:\/\/www.katag.ca\/#website"},"datePublished":"2015-01-06T18:53:52+00:00","dateModified":"2015-01-08T21:16:54+00:00","breadcrumb":{"@id":"https:\/\/www.katag.ca\/en\/aventure-196\/#breadcrumb"},"inLanguage":"en-US","potentialAction":[{"@type":"ReadAction","target":["https:\/\/www.katag.ca\/en\/aventure-196\/"]}]},{"@type":"BreadcrumbList","@id":"https:\/\/www.katag.ca\/en\/aventure-196\/#breadcrumb","itemListElement":[{"@type":"ListItem","position":1,"name":"Accueil","item":"https:\/\/www.katag.ca\/"},{"@type":"ListItem","position":2,"name":"Aventure 196"}]},{"@type":"WebSite","@id":"https:\/\/www.katag.ca\/#website","url":"https:\/\/www.katag.ca\/","name":"Katag","description":"LE jeu d'&eacute;p&eacute;es-mousse","publisher":{"@id":"https:\/\/www.katag.ca\/#organization"},"potentialAction":[{"@type":"SearchAction","target":{"@type":"EntryPoint","urlTemplate":"https:\/\/www.katag.ca\/?s={search_term_string}"},"query-input":{"@type":"PropertyValueSpecification","valueRequired":true,"valueName":"search_term_string"}}],"inLanguage":"en-US"},{"@type":"Organization","@id":"https:\/\/www.katag.ca\/#organization","name":"Katag","url":"https:\/\/www.katag.ca\/","logo":{"@type":"ImageObject","inLanguage":"en-US","@id":"https:\/\/www.katag.ca\/#\/schema\/logo\/image\/","url":"https:\/\/www.katag.ca\/wp-content\/uploads\/2021\/03\/logo-fr.png","contentUrl":"https:\/\/www.katag.ca\/wp-content\/uploads\/2021\/03\/logo-fr.png","width":338,"height":173,"caption":"Katag"},"image":{"@id":"https:\/\/www.katag.ca\/#\/schema\/logo\/image\/"},"sameAs":["https:\/\/www.facebook.com\/Katag.ca"]}]}},"_links":{"self":[{"href":"https:\/\/www.katag.ca\/en\/wp-json\/wp\/v2\/pages\/1363","targetHints":{"allow":["GET"]}}],"collection":[{"href":"https:\/\/www.katag.ca\/en\/wp-json\/wp\/v2\/pages"}],"about":[{"href":"https:\/\/www.katag.ca\/en\/wp-json\/wp\/v2\/types\/page"}],"author":[{"embeddable":true,"href":"https:\/\/www.katag.ca\/en\/wp-json\/wp\/v2\/users\/2"}],"replies":[{"embeddable":true,"href":"https:\/\/www.katag.ca\/en\/wp-json\/wp\/v2\/comments?post=1363"}],"version-history":[{"count":3,"href":"https:\/\/www.katag.ca\/en\/wp-json\/wp\/v2\/pages\/1363\/revisions"}],"predecessor-version":[{"id":1964,"href":"https:\/\/www.katag.ca\/en\/wp-json\/wp\/v2\/pages\/1363\/revisions\/1964"}],"wp:attachment":[{"href":"https:\/\/www.katag.ca\/en\/wp-json\/wp\/v2\/media?parent=1363"}],"curies":[{"name":"wp","href":"https:\/\/api.w.org\/{rel}","templated":true}]}}