{"id":1375,"date":"2015-01-06T20:40:41","date_gmt":"2015-01-06T20:40:41","guid":{"rendered":"http:\/\/www.boutiquekatag.com\/?page_id=1375"},"modified":"2015-01-08T23:23:02","modified_gmt":"2015-01-08T23:23:02","slug":"aventure-201","status":"publish","type":"page","link":"https:\/\/www.katag.ca\/en\/aventure-201\/","title":{"rendered":"Aventure 201"},"content":{"rendered":"<p>Vous continuez donc votre chemin, longeant une ruelle bord\u00e9e de petites maisons sur chaque c\u00f4t\u00e9. Vous trouvez ces maisons \u00e9tranges, car elles ne ressemblent aucunement \u00e0 celles qui existent chez vous! Vous avez l\u2019impression d\u2019\u00eatre au centre d\u2019un \u00e9norme quartier r\u00e9sidentiel. Apr\u00e8s avoir march\u00e9 durant environ une heure, vous apercevez une affiche sur laquelle vous pouvez lire Ostengard vous souhaite la bienvenue. Vous ne savez trop s\u2019il s\u2019agit du nom d\u2019un quartier ou encore d\u2019une ville autre que Manifeste. \u00c0 bien y penser, vous ne savez m\u00eame pas si Manifeste est le nom d\u2019une ville, d\u2019un pays ou encore m\u00eame d\u2019une plan\u00e8te! Peu importe, vous continuez \u00e0 marcher. Toutefois, plus vous avancez et plus vous avez l\u2019impression qu\u2019on l\u2019on vous suit! Vous avez beau vous retourner, mais chaque fois, vous ne voyez personne. Au bout d\u2019un moment pass\u00e9 dans Ostengard, vous constatez que les maisons sont de plus en plus espac\u00e9es, mais le sentiment que l\u2019on vous suit ne vous quitte pas une seule seconde. Soudain, alors que vous alliez vous arr\u00eater pour rattacher un lacet d\u00e9nou\u00e9, vous entendez un sifflement qui vous fait dresser les poils sur les bras! Qu\u2019allez-vous faire?<\/p>\n<div class=\"btn-container  align-center\"><a class=\"organic-btn  dark-blue-btn small-btn  align-center\" href=\"http:\/\/www.katag.ca\/aventure-224\/\"><span class=\"btn-holder\">Vous d\u00e9sirez vous retourner pour voir ce qui est derri\u00e8re vous<\/span><\/a><\/div>\n<div class=\"btn-container  align-center\"><a class=\"organic-btn  dark-blue-btn small-btn  align-center\" href=\"http:\/\/www.katag.ca\/aventure-225\/\"><span class=\"btn-holder\">Vous pr\u00e9f\u00e9rez ignorer le bruit et d\u2019attacher votre lacet<\/span><\/a><\/div>\n<div class=\"btn-container  align-center\"><a class=\"organic-btn  dark-blue-btn small-btn  align-center\" href=\"http:\/\/www.katag.ca\/aventure-226\/\"><span class=\"btn-holder\">Vous choisissez de prendre la fuite<\/span><\/a><\/div>\n","protected":false},"excerpt":{"rendered":"<p>Vous continuez donc votre chemin, longeant une ruelle bord\u00e9e de petites maisons sur chaque c\u00f4t\u00e9. Vous trouvez ces maisons \u00e9tranges, car elles ne ressemblent aucunement \u00e0 celles qui existent chez vous! Vous avez l\u2019impression d\u2019\u00eatre au centre d\u2019un \u00e9norme quartier r\u00e9sidentiel. Apr\u00e8s avoir march\u00e9 durant environ une heure, vous apercevez une affiche sur laquelle vous pouvez lire Ostengard vous souhaite la bienvenue. Vous ne savez trop s\u2019il s\u2019agit du nom d\u2019un quartier ou encore d\u2019une ville autre que Manifeste. \u00c0 bien y penser, vous ne savez m\u00eame pas&#8230;<\/p>\n","protected":false},"author":2,"featured_media":0,"parent":0,"menu_order":0,"comment_status":"closed","ping_status":"closed","template":"","meta":{"footnotes":""},"class_list":["post-1375","page","type-page","status-publish","hentry"],"yoast_head":"<!-- This site is optimized with the Yoast SEO plugin v27.5 - https:\/\/yoast.com\/product\/yoast-seo-wordpress\/ -->\n<title>Aventure 201 | Katag<\/title>\n<meta name=\"robots\" content=\"index, follow, max-snippet:-1, max-image-preview:large, max-video-preview:-1\" \/>\n<link rel=\"canonical\" href=\"https:\/\/www.katag.ca\/aventure-201\/\" \/>\n<meta property=\"og:locale\" content=\"en_US\" \/>\n<meta property=\"og:type\" content=\"article\" \/>\n<meta property=\"og:title\" content=\"Aventure 201 | Katag\" \/>\n<meta property=\"og:description\" content=\"Vous continuez donc votre chemin, longeant une ruelle bord\u00e9e de petites maisons sur chaque c\u00f4t\u00e9. Vous trouvez ces maisons \u00e9tranges, car elles ne ressemblent aucunement \u00e0 celles qui existent chez vous! Vous avez l\u2019impression d\u2019\u00eatre au centre d\u2019un \u00e9norme quartier r\u00e9sidentiel. Apr\u00e8s avoir march\u00e9 durant environ une heure, vous apercevez une affiche sur laquelle vous pouvez lire Ostengard vous souhaite la bienvenue. Vous ne savez trop s\u2019il s\u2019agit du nom d\u2019un quartier ou encore d\u2019une ville autre que Manifeste. \u00c0 bien y penser, vous ne savez m\u00eame pas...\" \/>\n<meta property=\"og:url\" content=\"https:\/\/www.katag.ca\/aventure-201\/\" \/>\n<meta property=\"og:site_name\" content=\"Katag\" \/>\n<meta property=\"article:publisher\" content=\"https:\/\/www.facebook.com\/Katag.ca\" \/>\n<meta property=\"article:modified_time\" content=\"2015-01-08T23:23:02+00:00\" \/>\n<meta name=\"twitter:card\" content=\"summary_large_image\" \/>\n<meta name=\"twitter:label1\" content=\"Est. reading time\" \/>\n\t<meta name=\"twitter:data1\" content=\"1 minute\" \/>\n<script type=\"application\/ld+json\" class=\"yoast-schema-graph\">{\"@context\":\"https:\\\/\\\/schema.org\",\"@graph\":[{\"@type\":\"WebPage\",\"@id\":\"https:\\\/\\\/www.katag.ca\\\/aventure-201\\\/\",\"url\":\"https:\\\/\\\/www.katag.ca\\\/aventure-201\\\/\",\"name\":\"Aventure 201 | Katag\",\"isPartOf\":{\"@id\":\"https:\\\/\\\/www.katag.ca\\\/#website\"},\"datePublished\":\"2015-01-06T20:40:41+00:00\",\"dateModified\":\"2015-01-08T23:23:02+00:00\",\"breadcrumb\":{\"@id\":\"https:\\\/\\\/www.katag.ca\\\/aventure-201\\\/#breadcrumb\"},\"inLanguage\":\"en-US\",\"potentialAction\":[{\"@type\":\"ReadAction\",\"target\":[\"https:\\\/\\\/www.katag.ca\\\/aventure-201\\\/\"]}]},{\"@type\":\"BreadcrumbList\",\"@id\":\"https:\\\/\\\/www.katag.ca\\\/aventure-201\\\/#breadcrumb\",\"itemListElement\":[{\"@type\":\"ListItem\",\"position\":1,\"name\":\"Accueil\",\"item\":\"https:\\\/\\\/www.katag.ca\\\/\"},{\"@type\":\"ListItem\",\"position\":2,\"name\":\"Aventure 201\"}]},{\"@type\":\"WebSite\",\"@id\":\"https:\\\/\\\/www.katag.ca\\\/#website\",\"url\":\"https:\\\/\\\/www.katag.ca\\\/\",\"name\":\"Katag\",\"description\":\"LE jeu d'&eacute;p&eacute;es-mousse\",\"publisher\":{\"@id\":\"https:\\\/\\\/www.katag.ca\\\/#organization\"},\"potentialAction\":[{\"@type\":\"SearchAction\",\"target\":{\"@type\":\"EntryPoint\",\"urlTemplate\":\"https:\\\/\\\/www.katag.ca\\\/?s={search_term_string}\"},\"query-input\":{\"@type\":\"PropertyValueSpecification\",\"valueRequired\":true,\"valueName\":\"search_term_string\"}}],\"inLanguage\":\"en-US\"},{\"@type\":\"Organization\",\"@id\":\"https:\\\/\\\/www.katag.ca\\\/#organization\",\"name\":\"Katag\",\"url\":\"https:\\\/\\\/www.katag.ca\\\/\",\"logo\":{\"@type\":\"ImageObject\",\"inLanguage\":\"en-US\",\"@id\":\"https:\\\/\\\/www.katag.ca\\\/#\\\/schema\\\/logo\\\/image\\\/\",\"url\":\"https:\\\/\\\/www.katag.ca\\\/wp-content\\\/uploads\\\/2021\\\/03\\\/logo-fr.png\",\"contentUrl\":\"https:\\\/\\\/www.katag.ca\\\/wp-content\\\/uploads\\\/2021\\\/03\\\/logo-fr.png\",\"width\":338,\"height\":173,\"caption\":\"Katag\"},\"image\":{\"@id\":\"https:\\\/\\\/www.katag.ca\\\/#\\\/schema\\\/logo\\\/image\\\/\"},\"sameAs\":[\"https:\\\/\\\/www.facebook.com\\\/Katag.ca\"]}]}<\/script>\n<!-- \/ Yoast SEO plugin. -->","yoast_head_json":{"title":"Aventure 201 | Katag","robots":{"index":"index","follow":"follow","max-snippet":"max-snippet:-1","max-image-preview":"max-image-preview:large","max-video-preview":"max-video-preview:-1"},"canonical":"https:\/\/www.katag.ca\/aventure-201\/","og_locale":"en_US","og_type":"article","og_title":"Aventure 201 | Katag","og_description":"Vous continuez donc votre chemin, longeant une ruelle bord\u00e9e de petites maisons sur chaque c\u00f4t\u00e9. Vous trouvez ces maisons \u00e9tranges, car elles ne ressemblent aucunement \u00e0 celles qui existent chez vous! Vous avez l\u2019impression d\u2019\u00eatre au centre d\u2019un \u00e9norme quartier r\u00e9sidentiel. Apr\u00e8s avoir march\u00e9 durant environ une heure, vous apercevez une affiche sur laquelle vous pouvez lire Ostengard vous souhaite la bienvenue. Vous ne savez trop s\u2019il s\u2019agit du nom d\u2019un quartier ou encore d\u2019une ville autre que Manifeste. \u00c0 bien y penser, vous ne savez m\u00eame pas...","og_url":"https:\/\/www.katag.ca\/aventure-201\/","og_site_name":"Katag","article_publisher":"https:\/\/www.facebook.com\/Katag.ca","article_modified_time":"2015-01-08T23:23:02+00:00","twitter_card":"summary_large_image","twitter_misc":{"Est. reading time":"1 minute"},"schema":{"@context":"https:\/\/schema.org","@graph":[{"@type":"WebPage","@id":"https:\/\/www.katag.ca\/aventure-201\/","url":"https:\/\/www.katag.ca\/aventure-201\/","name":"Aventure 201 | Katag","isPartOf":{"@id":"https:\/\/www.katag.ca\/#website"},"datePublished":"2015-01-06T20:40:41+00:00","dateModified":"2015-01-08T23:23:02+00:00","breadcrumb":{"@id":"https:\/\/www.katag.ca\/aventure-201\/#breadcrumb"},"inLanguage":"en-US","potentialAction":[{"@type":"ReadAction","target":["https:\/\/www.katag.ca\/aventure-201\/"]}]},{"@type":"BreadcrumbList","@id":"https:\/\/www.katag.ca\/aventure-201\/#breadcrumb","itemListElement":[{"@type":"ListItem","position":1,"name":"Accueil","item":"https:\/\/www.katag.ca\/"},{"@type":"ListItem","position":2,"name":"Aventure 201"}]},{"@type":"WebSite","@id":"https:\/\/www.katag.ca\/#website","url":"https:\/\/www.katag.ca\/","name":"Katag","description":"LE jeu d'&eacute;p&eacute;es-mousse","publisher":{"@id":"https:\/\/www.katag.ca\/#organization"},"potentialAction":[{"@type":"SearchAction","target":{"@type":"EntryPoint","urlTemplate":"https:\/\/www.katag.ca\/?s={search_term_string}"},"query-input":{"@type":"PropertyValueSpecification","valueRequired":true,"valueName":"search_term_string"}}],"inLanguage":"en-US"},{"@type":"Organization","@id":"https:\/\/www.katag.ca\/#organization","name":"Katag","url":"https:\/\/www.katag.ca\/","logo":{"@type":"ImageObject","inLanguage":"en-US","@id":"https:\/\/www.katag.ca\/#\/schema\/logo\/image\/","url":"https:\/\/www.katag.ca\/wp-content\/uploads\/2021\/03\/logo-fr.png","contentUrl":"https:\/\/www.katag.ca\/wp-content\/uploads\/2021\/03\/logo-fr.png","width":338,"height":173,"caption":"Katag"},"image":{"@id":"https:\/\/www.katag.ca\/#\/schema\/logo\/image\/"},"sameAs":["https:\/\/www.facebook.com\/Katag.ca"]}]}},"_links":{"self":[{"href":"https:\/\/www.katag.ca\/en\/wp-json\/wp\/v2\/pages\/1375","targetHints":{"allow":["GET"]}}],"collection":[{"href":"https:\/\/www.katag.ca\/en\/wp-json\/wp\/v2\/pages"}],"about":[{"href":"https:\/\/www.katag.ca\/en\/wp-json\/wp\/v2\/types\/page"}],"author":[{"embeddable":true,"href":"https:\/\/www.katag.ca\/en\/wp-json\/wp\/v2\/users\/2"}],"replies":[{"embeddable":true,"href":"https:\/\/www.katag.ca\/en\/wp-json\/wp\/v2\/comments?post=1375"}],"version-history":[{"count":3,"href":"https:\/\/www.katag.ca\/en\/wp-json\/wp\/v2\/pages\/1375\/revisions"}],"predecessor-version":[{"id":1975,"href":"https:\/\/www.katag.ca\/en\/wp-json\/wp\/v2\/pages\/1375\/revisions\/1975"}],"wp:attachment":[{"href":"https:\/\/www.katag.ca\/en\/wp-json\/wp\/v2\/media?parent=1375"}],"curies":[{"name":"wp","href":"https:\/\/api.w.org\/{rel}","templated":true}]}}