{"id":1379,"date":"2015-01-06T20:44:44","date_gmt":"2015-01-06T20:44:44","guid":{"rendered":"http:\/\/www.boutiquekatag.com\/?page_id=1379"},"modified":"2015-01-08T23:26:11","modified_gmt":"2015-01-08T23:26:11","slug":"aventure-203","status":"publish","type":"page","link":"https:\/\/www.katag.ca\/en\/aventure-203\/","title":{"rendered":"Aventure 203"},"content":{"rendered":"<p>Vous continuez de longer la rive et, gr\u00e2ce \u00e0 la pleine lune, vous \u00eates \u00e0 m\u00eame d\u2019observer qu\u2019au centre du lac Diga, d\u2019\u00e9tranges cr\u00e9atures font parfois surface. Certaines semblent ne venir que reprendre leur souffle alors que d\u2019autres sautent gaiement dans les airs. Celles-ci ressemblent dr\u00f4lement \u00e0 des dauphins, du moins d\u2019o\u00f9 vous \u00eates. Vous continuez et arrivez bient\u00f4t \u00e0 un petit quai, permettant de vous avancer au-dessus de l\u2019eau sur une cinquantaine de m\u00e8tres. Au bout du quai se trouve une petite barque. Qu\u2019allez-vous faire?<\/p>\n<div class=\"btn-container  align-center\"><a class=\"organic-btn  dark-blue-btn small-btn  align-center\" href=\"http:\/\/www.katag.ca\/aventure-229\/\"><span class=\"btn-holder\">Vous d\u00e9sirez vous diriger vers le bout du quai<\/span><\/a><\/div>\n<div class=\"btn-container  align-center\"><a class=\"organic-btn  dark-blue-btn small-btn  align-center\" href=\"http:\/\/www.katag.ca\/aventure-204\/\"><span class=\"btn-holder\">Vous pr\u00e9f\u00e9rez continuer votre chemin<\/span><\/a><\/div>\n","protected":false},"excerpt":{"rendered":"<p>Vous continuez de longer la rive et, gr\u00e2ce \u00e0 la pleine lune, vous \u00eates \u00e0 m\u00eame d\u2019observer qu\u2019au centre du lac Diga, d\u2019\u00e9tranges cr\u00e9atures font parfois surface. Certaines semblent ne venir que reprendre leur souffle alors que d\u2019autres sautent gaiement dans les airs. Celles-ci ressemblent dr\u00f4lement \u00e0 des dauphins, du moins d\u2019o\u00f9 vous \u00eates. Vous continuez et arrivez bient\u00f4t \u00e0 un petit quai, permettant de vous avancer au-dessus de l\u2019eau sur une cinquantaine de m\u00e8tres. Au bout du quai se trouve une petite barque. Qu\u2019allez-vous faire?<\/p>\n","protected":false},"author":2,"featured_media":0,"parent":0,"menu_order":0,"comment_status":"closed","ping_status":"closed","template":"","meta":{"footnotes":""},"class_list":["post-1379","page","type-page","status-publish","hentry"],"yoast_head":"<!-- This site is optimized with the Yoast SEO plugin v27.5 - https:\/\/yoast.com\/product\/yoast-seo-wordpress\/ -->\n<title>Aventure 203 | Katag<\/title>\n<meta name=\"robots\" content=\"index, follow, max-snippet:-1, max-image-preview:large, max-video-preview:-1\" \/>\n<link rel=\"canonical\" href=\"https:\/\/www.katag.ca\/en\/aventure-203\/\" \/>\n<meta property=\"og:locale\" content=\"en_US\" \/>\n<meta property=\"og:type\" content=\"article\" \/>\n<meta property=\"og:title\" content=\"Aventure 203 | Katag\" \/>\n<meta property=\"og:description\" content=\"Vous continuez de longer la rive et, gr\u00e2ce \u00e0 la pleine lune, vous \u00eates \u00e0 m\u00eame d\u2019observer qu\u2019au centre du lac Diga, d\u2019\u00e9tranges cr\u00e9atures font parfois surface. Certaines semblent ne venir que reprendre leur souffle alors que d\u2019autres sautent gaiement dans les airs. Celles-ci ressemblent dr\u00f4lement \u00e0 des dauphins, du moins d\u2019o\u00f9 vous \u00eates. Vous continuez et arrivez bient\u00f4t \u00e0 un petit quai, permettant de vous avancer au-dessus de l\u2019eau sur une cinquantaine de m\u00e8tres. Au bout du quai se trouve une petite barque. Qu\u2019allez-vous faire?\" \/>\n<meta property=\"og:url\" content=\"https:\/\/www.katag.ca\/en\/aventure-203\/\" \/>\n<meta property=\"og:site_name\" content=\"Katag\" \/>\n<meta property=\"article:publisher\" content=\"https:\/\/www.facebook.com\/Katag.ca\" \/>\n<meta property=\"article:modified_time\" content=\"2015-01-08T23:26:11+00:00\" \/>\n<meta name=\"twitter:card\" content=\"summary_large_image\" \/>\n<meta name=\"twitter:label1\" content=\"Est. reading time\" \/>\n\t<meta name=\"twitter:data1\" content=\"1 minute\" \/>\n<script type=\"application\/ld+json\" class=\"yoast-schema-graph\">{\"@context\":\"https:\\\/\\\/schema.org\",\"@graph\":[{\"@type\":\"WebPage\",\"@id\":\"https:\\\/\\\/www.katag.ca\\\/en\\\/aventure-203\\\/\",\"url\":\"https:\\\/\\\/www.katag.ca\\\/en\\\/aventure-203\\\/\",\"name\":\"Aventure 203 | Katag\",\"isPartOf\":{\"@id\":\"https:\\\/\\\/www.katag.ca\\\/#website\"},\"datePublished\":\"2015-01-06T20:44:44+00:00\",\"dateModified\":\"2015-01-08T23:26:11+00:00\",\"breadcrumb\":{\"@id\":\"https:\\\/\\\/www.katag.ca\\\/en\\\/aventure-203\\\/#breadcrumb\"},\"inLanguage\":\"en-US\",\"potentialAction\":[{\"@type\":\"ReadAction\",\"target\":[\"https:\\\/\\\/www.katag.ca\\\/en\\\/aventure-203\\\/\"]}]},{\"@type\":\"BreadcrumbList\",\"@id\":\"https:\\\/\\\/www.katag.ca\\\/en\\\/aventure-203\\\/#breadcrumb\",\"itemListElement\":[{\"@type\":\"ListItem\",\"position\":1,\"name\":\"Accueil\",\"item\":\"https:\\\/\\\/www.katag.ca\\\/\"},{\"@type\":\"ListItem\",\"position\":2,\"name\":\"Aventure 203\"}]},{\"@type\":\"WebSite\",\"@id\":\"https:\\\/\\\/www.katag.ca\\\/#website\",\"url\":\"https:\\\/\\\/www.katag.ca\\\/\",\"name\":\"Katag\",\"description\":\"LE jeu d'&eacute;p&eacute;es-mousse\",\"publisher\":{\"@id\":\"https:\\\/\\\/www.katag.ca\\\/#organization\"},\"potentialAction\":[{\"@type\":\"SearchAction\",\"target\":{\"@type\":\"EntryPoint\",\"urlTemplate\":\"https:\\\/\\\/www.katag.ca\\\/?s={search_term_string}\"},\"query-input\":{\"@type\":\"PropertyValueSpecification\",\"valueRequired\":true,\"valueName\":\"search_term_string\"}}],\"inLanguage\":\"en-US\"},{\"@type\":\"Organization\",\"@id\":\"https:\\\/\\\/www.katag.ca\\\/#organization\",\"name\":\"Katag\",\"url\":\"https:\\\/\\\/www.katag.ca\\\/\",\"logo\":{\"@type\":\"ImageObject\",\"inLanguage\":\"en-US\",\"@id\":\"https:\\\/\\\/www.katag.ca\\\/#\\\/schema\\\/logo\\\/image\\\/\",\"url\":\"https:\\\/\\\/www.katag.ca\\\/wp-content\\\/uploads\\\/2021\\\/03\\\/logo-fr.png\",\"contentUrl\":\"https:\\\/\\\/www.katag.ca\\\/wp-content\\\/uploads\\\/2021\\\/03\\\/logo-fr.png\",\"width\":338,\"height\":173,\"caption\":\"Katag\"},\"image\":{\"@id\":\"https:\\\/\\\/www.katag.ca\\\/#\\\/schema\\\/logo\\\/image\\\/\"},\"sameAs\":[\"https:\\\/\\\/www.facebook.com\\\/Katag.ca\"]}]}<\/script>\n<!-- \/ Yoast SEO plugin. -->","yoast_head_json":{"title":"Aventure 203 | Katag","robots":{"index":"index","follow":"follow","max-snippet":"max-snippet:-1","max-image-preview":"max-image-preview:large","max-video-preview":"max-video-preview:-1"},"canonical":"https:\/\/www.katag.ca\/en\/aventure-203\/","og_locale":"en_US","og_type":"article","og_title":"Aventure 203 | Katag","og_description":"Vous continuez de longer la rive et, gr\u00e2ce \u00e0 la pleine lune, vous \u00eates \u00e0 m\u00eame d\u2019observer qu\u2019au centre du lac Diga, d\u2019\u00e9tranges cr\u00e9atures font parfois surface. Certaines semblent ne venir que reprendre leur souffle alors que d\u2019autres sautent gaiement dans les airs. Celles-ci ressemblent dr\u00f4lement \u00e0 des dauphins, du moins d\u2019o\u00f9 vous \u00eates. Vous continuez et arrivez bient\u00f4t \u00e0 un petit quai, permettant de vous avancer au-dessus de l\u2019eau sur une cinquantaine de m\u00e8tres. Au bout du quai se trouve une petite barque. Qu\u2019allez-vous faire?","og_url":"https:\/\/www.katag.ca\/en\/aventure-203\/","og_site_name":"Katag","article_publisher":"https:\/\/www.facebook.com\/Katag.ca","article_modified_time":"2015-01-08T23:26:11+00:00","twitter_card":"summary_large_image","twitter_misc":{"Est. reading time":"1 minute"},"schema":{"@context":"https:\/\/schema.org","@graph":[{"@type":"WebPage","@id":"https:\/\/www.katag.ca\/en\/aventure-203\/","url":"https:\/\/www.katag.ca\/en\/aventure-203\/","name":"Aventure 203 | Katag","isPartOf":{"@id":"https:\/\/www.katag.ca\/#website"},"datePublished":"2015-01-06T20:44:44+00:00","dateModified":"2015-01-08T23:26:11+00:00","breadcrumb":{"@id":"https:\/\/www.katag.ca\/en\/aventure-203\/#breadcrumb"},"inLanguage":"en-US","potentialAction":[{"@type":"ReadAction","target":["https:\/\/www.katag.ca\/en\/aventure-203\/"]}]},{"@type":"BreadcrumbList","@id":"https:\/\/www.katag.ca\/en\/aventure-203\/#breadcrumb","itemListElement":[{"@type":"ListItem","position":1,"name":"Accueil","item":"https:\/\/www.katag.ca\/"},{"@type":"ListItem","position":2,"name":"Aventure 203"}]},{"@type":"WebSite","@id":"https:\/\/www.katag.ca\/#website","url":"https:\/\/www.katag.ca\/","name":"Katag","description":"LE jeu d'&eacute;p&eacute;es-mousse","publisher":{"@id":"https:\/\/www.katag.ca\/#organization"},"potentialAction":[{"@type":"SearchAction","target":{"@type":"EntryPoint","urlTemplate":"https:\/\/www.katag.ca\/?s={search_term_string}"},"query-input":{"@type":"PropertyValueSpecification","valueRequired":true,"valueName":"search_term_string"}}],"inLanguage":"en-US"},{"@type":"Organization","@id":"https:\/\/www.katag.ca\/#organization","name":"Katag","url":"https:\/\/www.katag.ca\/","logo":{"@type":"ImageObject","inLanguage":"en-US","@id":"https:\/\/www.katag.ca\/#\/schema\/logo\/image\/","url":"https:\/\/www.katag.ca\/wp-content\/uploads\/2021\/03\/logo-fr.png","contentUrl":"https:\/\/www.katag.ca\/wp-content\/uploads\/2021\/03\/logo-fr.png","width":338,"height":173,"caption":"Katag"},"image":{"@id":"https:\/\/www.katag.ca\/#\/schema\/logo\/image\/"},"sameAs":["https:\/\/www.facebook.com\/Katag.ca"]}]}},"_links":{"self":[{"href":"https:\/\/www.katag.ca\/en\/wp-json\/wp\/v2\/pages\/1379","targetHints":{"allow":["GET"]}}],"collection":[{"href":"https:\/\/www.katag.ca\/en\/wp-json\/wp\/v2\/pages"}],"about":[{"href":"https:\/\/www.katag.ca\/en\/wp-json\/wp\/v2\/types\/page"}],"author":[{"embeddable":true,"href":"https:\/\/www.katag.ca\/en\/wp-json\/wp\/v2\/users\/2"}],"replies":[{"embeddable":true,"href":"https:\/\/www.katag.ca\/en\/wp-json\/wp\/v2\/comments?post=1379"}],"version-history":[{"count":3,"href":"https:\/\/www.katag.ca\/en\/wp-json\/wp\/v2\/pages\/1379\/revisions"}],"predecessor-version":[{"id":1979,"href":"https:\/\/www.katag.ca\/en\/wp-json\/wp\/v2\/pages\/1379\/revisions\/1979"}],"wp:attachment":[{"href":"https:\/\/www.katag.ca\/en\/wp-json\/wp\/v2\/media?parent=1379"}],"curies":[{"name":"wp","href":"https:\/\/api.w.org\/{rel}","templated":true}]}}