{"id":1387,"date":"2015-01-06T20:47:50","date_gmt":"2015-01-06T20:47:50","guid":{"rendered":"http:\/\/www.boutiquekatag.com\/?page_id=1387"},"modified":"2015-01-08T23:32:01","modified_gmt":"2015-01-08T23:32:01","slug":"aventure-207","status":"publish","type":"page","link":"https:\/\/www.katag.ca\/en\/aventure-207\/","title":{"rendered":"Aventure 207"},"content":{"rendered":"<p>Vous \u00eates malchanceux! Vous devez d\u00e9duire un point de votre total dans la cat\u00e9gorie agilit\u00e9 de votre feuille de route. \u00ab Huberto, regarde ce que j\u2019ai trouv\u00e9 dans son sac \u00e0 dos! Je savais que ce gosse mentait! \u00bb. \u00ab Comme \u00e7a, tu nous prends pour des imb\u00e9ciles! \u00bb, vous dit Huberto. J\u2019en ai assez vu! Tu iras droit au march\u00e9 des esclaves! \u00bb. Vous comprenez rapidement que vous n\u2019aurez d\u2019autre choix que de les affronter.<\/p>\n<div class=\"btn-container  align-center\"><a class=\"organic-btn  dark-blue-btn small-btn  align-center\" href=\"http:\/\/www.katag.ca\/aventure-190\/\"><span class=\"btn-holder\">Cliquez ici pour continuer<\/span><\/a><\/div>\n","protected":false},"excerpt":{"rendered":"<p>Vous \u00eates malchanceux! Vous devez d\u00e9duire un point de votre total dans la cat\u00e9gorie agilit\u00e9 de votre feuille de route. \u00ab Huberto, regarde ce que j\u2019ai trouv\u00e9 dans son sac \u00e0 dos! Je savais que ce gosse mentait! \u00bb. \u00ab Comme \u00e7a, tu nous prends pour des imb\u00e9ciles! \u00bb, vous dit Huberto. J\u2019en ai assez vu! Tu iras droit au march\u00e9 des esclaves! \u00bb. Vous comprenez rapidement que vous n\u2019aurez d\u2019autre choix que de les affronter.<\/p>\n","protected":false},"author":2,"featured_media":0,"parent":0,"menu_order":0,"comment_status":"closed","ping_status":"closed","template":"","meta":{"footnotes":""},"class_list":["post-1387","page","type-page","status-publish","hentry"],"yoast_head":"<!-- This site is optimized with the Yoast SEO plugin v27.5 - https:\/\/yoast.com\/product\/yoast-seo-wordpress\/ -->\n<title>Aventure 207 | Katag<\/title>\n<meta name=\"robots\" content=\"index, follow, max-snippet:-1, max-image-preview:large, max-video-preview:-1\" \/>\n<link rel=\"canonical\" href=\"https:\/\/www.katag.ca\/aventure-207\/\" \/>\n<meta property=\"og:locale\" content=\"en_US\" \/>\n<meta property=\"og:type\" content=\"article\" \/>\n<meta property=\"og:title\" content=\"Aventure 207 | Katag\" \/>\n<meta property=\"og:description\" content=\"Vous \u00eates malchanceux! Vous devez d\u00e9duire un point de votre total dans la cat\u00e9gorie agilit\u00e9 de votre feuille de route. \u00ab Huberto, regarde ce que j\u2019ai trouv\u00e9 dans son sac \u00e0 dos! Je savais que ce gosse mentait! \u00bb. \u00ab Comme \u00e7a, tu nous prends pour des imb\u00e9ciles! \u00bb, vous dit Huberto. J\u2019en ai assez vu! Tu iras droit au march\u00e9 des esclaves! \u00bb. Vous comprenez rapidement que vous n\u2019aurez d\u2019autre choix que de les affronter.\" \/>\n<meta property=\"og:url\" content=\"https:\/\/www.katag.ca\/aventure-207\/\" \/>\n<meta property=\"og:site_name\" content=\"Katag\" \/>\n<meta property=\"article:publisher\" content=\"https:\/\/www.facebook.com\/Katag.ca\" \/>\n<meta property=\"article:modified_time\" content=\"2015-01-08T23:32:01+00:00\" \/>\n<meta name=\"twitter:card\" content=\"summary_large_image\" \/>\n<script type=\"application\/ld+json\" class=\"yoast-schema-graph\">{\"@context\":\"https:\\\/\\\/schema.org\",\"@graph\":[{\"@type\":\"WebPage\",\"@id\":\"https:\\\/\\\/www.katag.ca\\\/aventure-207\\\/\",\"url\":\"https:\\\/\\\/www.katag.ca\\\/aventure-207\\\/\",\"name\":\"Aventure 207 | Katag\",\"isPartOf\":{\"@id\":\"https:\\\/\\\/www.katag.ca\\\/#website\"},\"datePublished\":\"2015-01-06T20:47:50+00:00\",\"dateModified\":\"2015-01-08T23:32:01+00:00\",\"breadcrumb\":{\"@id\":\"https:\\\/\\\/www.katag.ca\\\/aventure-207\\\/#breadcrumb\"},\"inLanguage\":\"en-US\",\"potentialAction\":[{\"@type\":\"ReadAction\",\"target\":[\"https:\\\/\\\/www.katag.ca\\\/aventure-207\\\/\"]}]},{\"@type\":\"BreadcrumbList\",\"@id\":\"https:\\\/\\\/www.katag.ca\\\/aventure-207\\\/#breadcrumb\",\"itemListElement\":[{\"@type\":\"ListItem\",\"position\":1,\"name\":\"Accueil\",\"item\":\"https:\\\/\\\/www.katag.ca\\\/\"},{\"@type\":\"ListItem\",\"position\":2,\"name\":\"Aventure 207\"}]},{\"@type\":\"WebSite\",\"@id\":\"https:\\\/\\\/www.katag.ca\\\/#website\",\"url\":\"https:\\\/\\\/www.katag.ca\\\/\",\"name\":\"Katag\",\"description\":\"LE jeu d'&eacute;p&eacute;es-mousse\",\"publisher\":{\"@id\":\"https:\\\/\\\/www.katag.ca\\\/#organization\"},\"potentialAction\":[{\"@type\":\"SearchAction\",\"target\":{\"@type\":\"EntryPoint\",\"urlTemplate\":\"https:\\\/\\\/www.katag.ca\\\/?s={search_term_string}\"},\"query-input\":{\"@type\":\"PropertyValueSpecification\",\"valueRequired\":true,\"valueName\":\"search_term_string\"}}],\"inLanguage\":\"en-US\"},{\"@type\":\"Organization\",\"@id\":\"https:\\\/\\\/www.katag.ca\\\/#organization\",\"name\":\"Katag\",\"url\":\"https:\\\/\\\/www.katag.ca\\\/\",\"logo\":{\"@type\":\"ImageObject\",\"inLanguage\":\"en-US\",\"@id\":\"https:\\\/\\\/www.katag.ca\\\/#\\\/schema\\\/logo\\\/image\\\/\",\"url\":\"https:\\\/\\\/www.katag.ca\\\/wp-content\\\/uploads\\\/2021\\\/03\\\/logo-fr.png\",\"contentUrl\":\"https:\\\/\\\/www.katag.ca\\\/wp-content\\\/uploads\\\/2021\\\/03\\\/logo-fr.png\",\"width\":338,\"height\":173,\"caption\":\"Katag\"},\"image\":{\"@id\":\"https:\\\/\\\/www.katag.ca\\\/#\\\/schema\\\/logo\\\/image\\\/\"},\"sameAs\":[\"https:\\\/\\\/www.facebook.com\\\/Katag.ca\"]}]}<\/script>\n<!-- \/ Yoast SEO plugin. -->","yoast_head_json":{"title":"Aventure 207 | Katag","robots":{"index":"index","follow":"follow","max-snippet":"max-snippet:-1","max-image-preview":"max-image-preview:large","max-video-preview":"max-video-preview:-1"},"canonical":"https:\/\/www.katag.ca\/aventure-207\/","og_locale":"en_US","og_type":"article","og_title":"Aventure 207 | Katag","og_description":"Vous \u00eates malchanceux! Vous devez d\u00e9duire un point de votre total dans la cat\u00e9gorie agilit\u00e9 de votre feuille de route. \u00ab Huberto, regarde ce que j\u2019ai trouv\u00e9 dans son sac \u00e0 dos! Je savais que ce gosse mentait! \u00bb. \u00ab Comme \u00e7a, tu nous prends pour des imb\u00e9ciles! \u00bb, vous dit Huberto. J\u2019en ai assez vu! Tu iras droit au march\u00e9 des esclaves! \u00bb. Vous comprenez rapidement que vous n\u2019aurez d\u2019autre choix que de les affronter.","og_url":"https:\/\/www.katag.ca\/aventure-207\/","og_site_name":"Katag","article_publisher":"https:\/\/www.facebook.com\/Katag.ca","article_modified_time":"2015-01-08T23:32:01+00:00","twitter_card":"summary_large_image","schema":{"@context":"https:\/\/schema.org","@graph":[{"@type":"WebPage","@id":"https:\/\/www.katag.ca\/aventure-207\/","url":"https:\/\/www.katag.ca\/aventure-207\/","name":"Aventure 207 | Katag","isPartOf":{"@id":"https:\/\/www.katag.ca\/#website"},"datePublished":"2015-01-06T20:47:50+00:00","dateModified":"2015-01-08T23:32:01+00:00","breadcrumb":{"@id":"https:\/\/www.katag.ca\/aventure-207\/#breadcrumb"},"inLanguage":"en-US","potentialAction":[{"@type":"ReadAction","target":["https:\/\/www.katag.ca\/aventure-207\/"]}]},{"@type":"BreadcrumbList","@id":"https:\/\/www.katag.ca\/aventure-207\/#breadcrumb","itemListElement":[{"@type":"ListItem","position":1,"name":"Accueil","item":"https:\/\/www.katag.ca\/"},{"@type":"ListItem","position":2,"name":"Aventure 207"}]},{"@type":"WebSite","@id":"https:\/\/www.katag.ca\/#website","url":"https:\/\/www.katag.ca\/","name":"Katag","description":"LE jeu d'&eacute;p&eacute;es-mousse","publisher":{"@id":"https:\/\/www.katag.ca\/#organization"},"potentialAction":[{"@type":"SearchAction","target":{"@type":"EntryPoint","urlTemplate":"https:\/\/www.katag.ca\/?s={search_term_string}"},"query-input":{"@type":"PropertyValueSpecification","valueRequired":true,"valueName":"search_term_string"}}],"inLanguage":"en-US"},{"@type":"Organization","@id":"https:\/\/www.katag.ca\/#organization","name":"Katag","url":"https:\/\/www.katag.ca\/","logo":{"@type":"ImageObject","inLanguage":"en-US","@id":"https:\/\/www.katag.ca\/#\/schema\/logo\/image\/","url":"https:\/\/www.katag.ca\/wp-content\/uploads\/2021\/03\/logo-fr.png","contentUrl":"https:\/\/www.katag.ca\/wp-content\/uploads\/2021\/03\/logo-fr.png","width":338,"height":173,"caption":"Katag"},"image":{"@id":"https:\/\/www.katag.ca\/#\/schema\/logo\/image\/"},"sameAs":["https:\/\/www.facebook.com\/Katag.ca"]}]}},"_links":{"self":[{"href":"https:\/\/www.katag.ca\/en\/wp-json\/wp\/v2\/pages\/1387","targetHints":{"allow":["GET"]}}],"collection":[{"href":"https:\/\/www.katag.ca\/en\/wp-json\/wp\/v2\/pages"}],"about":[{"href":"https:\/\/www.katag.ca\/en\/wp-json\/wp\/v2\/types\/page"}],"author":[{"embeddable":true,"href":"https:\/\/www.katag.ca\/en\/wp-json\/wp\/v2\/users\/2"}],"replies":[{"embeddable":true,"href":"https:\/\/www.katag.ca\/en\/wp-json\/wp\/v2\/comments?post=1387"}],"version-history":[{"count":3,"href":"https:\/\/www.katag.ca\/en\/wp-json\/wp\/v2\/pages\/1387\/revisions"}],"predecessor-version":[{"id":1987,"href":"https:\/\/www.katag.ca\/en\/wp-json\/wp\/v2\/pages\/1387\/revisions\/1987"}],"wp:attachment":[{"href":"https:\/\/www.katag.ca\/en\/wp-json\/wp\/v2\/media?parent=1387"}],"curies":[{"name":"wp","href":"https:\/\/api.w.org\/{rel}","templated":true}]}}