{"id":1389,"date":"2015-01-06T20:48:22","date_gmt":"2015-01-06T20:48:22","guid":{"rendered":"http:\/\/www.boutiquekatag.com\/?page_id=1389"},"modified":"2015-01-08T23:34:11","modified_gmt":"2015-01-08T23:34:11","slug":"aventure-208","status":"publish","type":"page","link":"https:\/\/www.katag.ca\/en\/aventure-208\/","title":{"rendered":"Aventure 208"},"content":{"rendered":"<p>Les deux hommes proc\u00e8dent \u00e0 la fouille et ne trouvent rien. Vous constatez qu\u2019ils sont maintenant un peu embarrass\u00e9s de vous avoir fouill\u00e9 et de ne pas vous avoir cru. Vous les menacez donc d\u2019aller les d\u00e9noncer au capitaine du navire. Leur attitude change soudain. \u00ab Il faut comprendre mon ami Huberto, personne n\u2019aime se faire voler ses biens. On pourrait \u00e9viter de pr\u00e9venir le capitaine et trouver un terrain d\u2019entente? Dis-nous ce que tu cherches et peut-\u00eatre pourrons-nous te venir en aide? \u00bb Qu\u2019allez-vous faire?<\/p>\n<div class=\"btn-container  align-center\"><a class=\"organic-btn  dark-blue-btn small-btn  align-center\" href=\"http:\/\/www.katag.ca\/aventure-237\/\"><span class=\"btn-holder\">Vous d\u00e9sirez leur expliquer ce que vous cherchez<\/span><\/a><\/div>\n<div class=\"btn-container  align-center\"><a class=\"organic-btn  dark-blue-btn small-btn  align-center\" href=\"http:\/\/www.katag.ca\/aventure-238\/\"><span class=\"btn-holder\">Vous pr\u00e9f\u00e9rez aller les d\u00e9noncer au capitaine<\/span><\/a><\/div>\n<div class=\"btn-container  align-center\"><a class=\"organic-btn  dark-blue-btn small-btn  align-center\" href=\"http:\/\/www.katag.ca\/aventure-193\/\"><span class=\"btn-holder\">Vous choisissez de partir et vous diriger vers la bande d\u2019ados que vous aviez vue auparavant<\/span><\/a><\/div>\n","protected":false},"excerpt":{"rendered":"<p>Les deux hommes proc\u00e8dent \u00e0 la fouille et ne trouvent rien. Vous constatez qu\u2019ils sont maintenant un peu embarrass\u00e9s de vous avoir fouill\u00e9 et de ne pas vous avoir cru. Vous les menacez donc d\u2019aller les d\u00e9noncer au capitaine du navire. Leur attitude change soudain. \u00ab Il faut comprendre mon ami Huberto, personne n\u2019aime se faire voler ses biens. On pourrait \u00e9viter de pr\u00e9venir le capitaine et trouver un terrain d\u2019entente? Dis-nous ce que tu cherches et peut-\u00eatre pourrons-nous te venir en aide? \u00bb Qu\u2019allez-vous faire?<\/p>\n","protected":false},"author":2,"featured_media":0,"parent":0,"menu_order":0,"comment_status":"closed","ping_status":"closed","template":"","meta":{"footnotes":""},"class_list":["post-1389","page","type-page","status-publish","hentry"],"yoast_head":"<!-- This site is optimized with the Yoast SEO plugin v27.5 - https:\/\/yoast.com\/product\/yoast-seo-wordpress\/ -->\n<title>Aventure 208 | Katag<\/title>\n<meta name=\"robots\" content=\"index, follow, max-snippet:-1, max-image-preview:large, max-video-preview:-1\" \/>\n<link rel=\"canonical\" href=\"https:\/\/www.katag.ca\/aventure-208\/\" \/>\n<meta property=\"og:locale\" content=\"en_US\" \/>\n<meta property=\"og:type\" content=\"article\" \/>\n<meta property=\"og:title\" content=\"Aventure 208 | Katag\" \/>\n<meta property=\"og:description\" content=\"Les deux hommes proc\u00e8dent \u00e0 la fouille et ne trouvent rien. Vous constatez qu\u2019ils sont maintenant un peu embarrass\u00e9s de vous avoir fouill\u00e9 et de ne pas vous avoir cru. Vous les menacez donc d\u2019aller les d\u00e9noncer au capitaine du navire. Leur attitude change soudain. \u00ab Il faut comprendre mon ami Huberto, personne n\u2019aime se faire voler ses biens. On pourrait \u00e9viter de pr\u00e9venir le capitaine et trouver un terrain d\u2019entente? Dis-nous ce que tu cherches et peut-\u00eatre pourrons-nous te venir en aide? \u00bb Qu\u2019allez-vous faire?\" \/>\n<meta property=\"og:url\" content=\"https:\/\/www.katag.ca\/aventure-208\/\" \/>\n<meta property=\"og:site_name\" content=\"Katag\" \/>\n<meta property=\"article:publisher\" content=\"https:\/\/www.facebook.com\/Katag.ca\" \/>\n<meta property=\"article:modified_time\" content=\"2015-01-08T23:34:11+00:00\" \/>\n<meta name=\"twitter:card\" content=\"summary_large_image\" \/>\n<meta name=\"twitter:label1\" content=\"Est. reading time\" \/>\n\t<meta name=\"twitter:data1\" content=\"1 minute\" \/>\n<script type=\"application\/ld+json\" class=\"yoast-schema-graph\">{\"@context\":\"https:\\\/\\\/schema.org\",\"@graph\":[{\"@type\":\"WebPage\",\"@id\":\"https:\\\/\\\/www.katag.ca\\\/aventure-208\\\/\",\"url\":\"https:\\\/\\\/www.katag.ca\\\/aventure-208\\\/\",\"name\":\"Aventure 208 | Katag\",\"isPartOf\":{\"@id\":\"https:\\\/\\\/www.katag.ca\\\/#website\"},\"datePublished\":\"2015-01-06T20:48:22+00:00\",\"dateModified\":\"2015-01-08T23:34:11+00:00\",\"breadcrumb\":{\"@id\":\"https:\\\/\\\/www.katag.ca\\\/aventure-208\\\/#breadcrumb\"},\"inLanguage\":\"en-US\",\"potentialAction\":[{\"@type\":\"ReadAction\",\"target\":[\"https:\\\/\\\/www.katag.ca\\\/aventure-208\\\/\"]}]},{\"@type\":\"BreadcrumbList\",\"@id\":\"https:\\\/\\\/www.katag.ca\\\/aventure-208\\\/#breadcrumb\",\"itemListElement\":[{\"@type\":\"ListItem\",\"position\":1,\"name\":\"Accueil\",\"item\":\"https:\\\/\\\/www.katag.ca\\\/\"},{\"@type\":\"ListItem\",\"position\":2,\"name\":\"Aventure 208\"}]},{\"@type\":\"WebSite\",\"@id\":\"https:\\\/\\\/www.katag.ca\\\/#website\",\"url\":\"https:\\\/\\\/www.katag.ca\\\/\",\"name\":\"Katag\",\"description\":\"LE jeu d'&eacute;p&eacute;es-mousse\",\"publisher\":{\"@id\":\"https:\\\/\\\/www.katag.ca\\\/#organization\"},\"potentialAction\":[{\"@type\":\"SearchAction\",\"target\":{\"@type\":\"EntryPoint\",\"urlTemplate\":\"https:\\\/\\\/www.katag.ca\\\/?s={search_term_string}\"},\"query-input\":{\"@type\":\"PropertyValueSpecification\",\"valueRequired\":true,\"valueName\":\"search_term_string\"}}],\"inLanguage\":\"en-US\"},{\"@type\":\"Organization\",\"@id\":\"https:\\\/\\\/www.katag.ca\\\/#organization\",\"name\":\"Katag\",\"url\":\"https:\\\/\\\/www.katag.ca\\\/\",\"logo\":{\"@type\":\"ImageObject\",\"inLanguage\":\"en-US\",\"@id\":\"https:\\\/\\\/www.katag.ca\\\/#\\\/schema\\\/logo\\\/image\\\/\",\"url\":\"https:\\\/\\\/www.katag.ca\\\/wp-content\\\/uploads\\\/2021\\\/03\\\/logo-fr.png\",\"contentUrl\":\"https:\\\/\\\/www.katag.ca\\\/wp-content\\\/uploads\\\/2021\\\/03\\\/logo-fr.png\",\"width\":338,\"height\":173,\"caption\":\"Katag\"},\"image\":{\"@id\":\"https:\\\/\\\/www.katag.ca\\\/#\\\/schema\\\/logo\\\/image\\\/\"},\"sameAs\":[\"https:\\\/\\\/www.facebook.com\\\/Katag.ca\"]}]}<\/script>\n<!-- \/ Yoast SEO plugin. -->","yoast_head_json":{"title":"Aventure 208 | Katag","robots":{"index":"index","follow":"follow","max-snippet":"max-snippet:-1","max-image-preview":"max-image-preview:large","max-video-preview":"max-video-preview:-1"},"canonical":"https:\/\/www.katag.ca\/aventure-208\/","og_locale":"en_US","og_type":"article","og_title":"Aventure 208 | Katag","og_description":"Les deux hommes proc\u00e8dent \u00e0 la fouille et ne trouvent rien. Vous constatez qu\u2019ils sont maintenant un peu embarrass\u00e9s de vous avoir fouill\u00e9 et de ne pas vous avoir cru. Vous les menacez donc d\u2019aller les d\u00e9noncer au capitaine du navire. Leur attitude change soudain. \u00ab Il faut comprendre mon ami Huberto, personne n\u2019aime se faire voler ses biens. On pourrait \u00e9viter de pr\u00e9venir le capitaine et trouver un terrain d\u2019entente? Dis-nous ce que tu cherches et peut-\u00eatre pourrons-nous te venir en aide? \u00bb Qu\u2019allez-vous faire?","og_url":"https:\/\/www.katag.ca\/aventure-208\/","og_site_name":"Katag","article_publisher":"https:\/\/www.facebook.com\/Katag.ca","article_modified_time":"2015-01-08T23:34:11+00:00","twitter_card":"summary_large_image","twitter_misc":{"Est. reading time":"1 minute"},"schema":{"@context":"https:\/\/schema.org","@graph":[{"@type":"WebPage","@id":"https:\/\/www.katag.ca\/aventure-208\/","url":"https:\/\/www.katag.ca\/aventure-208\/","name":"Aventure 208 | Katag","isPartOf":{"@id":"https:\/\/www.katag.ca\/#website"},"datePublished":"2015-01-06T20:48:22+00:00","dateModified":"2015-01-08T23:34:11+00:00","breadcrumb":{"@id":"https:\/\/www.katag.ca\/aventure-208\/#breadcrumb"},"inLanguage":"en-US","potentialAction":[{"@type":"ReadAction","target":["https:\/\/www.katag.ca\/aventure-208\/"]}]},{"@type":"BreadcrumbList","@id":"https:\/\/www.katag.ca\/aventure-208\/#breadcrumb","itemListElement":[{"@type":"ListItem","position":1,"name":"Accueil","item":"https:\/\/www.katag.ca\/"},{"@type":"ListItem","position":2,"name":"Aventure 208"}]},{"@type":"WebSite","@id":"https:\/\/www.katag.ca\/#website","url":"https:\/\/www.katag.ca\/","name":"Katag","description":"LE jeu d'&eacute;p&eacute;es-mousse","publisher":{"@id":"https:\/\/www.katag.ca\/#organization"},"potentialAction":[{"@type":"SearchAction","target":{"@type":"EntryPoint","urlTemplate":"https:\/\/www.katag.ca\/?s={search_term_string}"},"query-input":{"@type":"PropertyValueSpecification","valueRequired":true,"valueName":"search_term_string"}}],"inLanguage":"en-US"},{"@type":"Organization","@id":"https:\/\/www.katag.ca\/#organization","name":"Katag","url":"https:\/\/www.katag.ca\/","logo":{"@type":"ImageObject","inLanguage":"en-US","@id":"https:\/\/www.katag.ca\/#\/schema\/logo\/image\/","url":"https:\/\/www.katag.ca\/wp-content\/uploads\/2021\/03\/logo-fr.png","contentUrl":"https:\/\/www.katag.ca\/wp-content\/uploads\/2021\/03\/logo-fr.png","width":338,"height":173,"caption":"Katag"},"image":{"@id":"https:\/\/www.katag.ca\/#\/schema\/logo\/image\/"},"sameAs":["https:\/\/www.facebook.com\/Katag.ca"]}]}},"_links":{"self":[{"href":"https:\/\/www.katag.ca\/en\/wp-json\/wp\/v2\/pages\/1389","targetHints":{"allow":["GET"]}}],"collection":[{"href":"https:\/\/www.katag.ca\/en\/wp-json\/wp\/v2\/pages"}],"about":[{"href":"https:\/\/www.katag.ca\/en\/wp-json\/wp\/v2\/types\/page"}],"author":[{"embeddable":true,"href":"https:\/\/www.katag.ca\/en\/wp-json\/wp\/v2\/users\/2"}],"replies":[{"embeddable":true,"href":"https:\/\/www.katag.ca\/en\/wp-json\/wp\/v2\/comments?post=1389"}],"version-history":[{"count":4,"href":"https:\/\/www.katag.ca\/en\/wp-json\/wp\/v2\/pages\/1389\/revisions"}],"predecessor-version":[{"id":1990,"href":"https:\/\/www.katag.ca\/en\/wp-json\/wp\/v2\/pages\/1389\/revisions\/1990"}],"wp:attachment":[{"href":"https:\/\/www.katag.ca\/en\/wp-json\/wp\/v2\/media?parent=1389"}],"curies":[{"name":"wp","href":"https:\/\/api.w.org\/{rel}","templated":true}]}}