{"id":1399,"date":"2015-01-06T20:50:29","date_gmt":"2015-01-06T20:50:29","guid":{"rendered":"http:\/\/www.boutiquekatag.com\/?page_id=1399"},"modified":"2015-01-08T23:39:16","modified_gmt":"2015-01-08T23:39:16","slug":"aventure-213","status":"publish","type":"page","link":"https:\/\/www.katag.ca\/en\/aventure-213\/","title":{"rendered":"Aventure 213"},"content":{"rendered":"<p>Les deux hommes vous poussent devant eux tout en vous menant dans un quartier sombre. Vous marchez pendant une vingtaine de minutes et vous commencez \u00e0 avoir vraiment la frousse! Soudain, les deux hommes vous ordonnent de vous arr\u00eater devant un immeuble qui semble d\u00e9saffect\u00e9. Huberto frappe trois fois \u00e0 la porte et vous entendez quelqu\u2019un de l\u2019autre c\u00f4t\u00e9 qui dit : \u00ab Evars asla couda? \u00bb. Huberto cogne \u00e0 nouveau deux fois avant de r\u00e9pondre \u00ab Couda asla evarsor \u00bb. L\u2019homme ouvre la porte. Vous comprenez que les paroles incompr\u00e9hensibles \u00e9taient un mot de passe pour entrer et que le caract\u00e8re secret du lieu n\u2019annonce rien de bon pour vous. L\u2019homme qui ouvre la porte est petit et trapu et il sent vraiment mauvais. Il vous m\u00e8ne tous les trois vers les sous-sols et vous vous retrouvez dans une immense pi\u00e8ce o\u00f9 vous voyez des hommes et des enfants s\u2019entra\u00eener au maniement de l\u2019\u00e9p\u00e9e. Vous avez l\u2019impression que vous allez \u00eatre vendu et que vous serez forc\u00e9 de combattre! Un homme grand et muscl\u00e9 vient \u00e0 votre rencontre et s\u2019adresse \u00e0 Huberto : \u00ab Il y a longtemps qu\u2019on ne s\u2019\u00e9tait pas crois\u00e9s mon cher Huberto!  Je vois que tu m\u2019am\u00e8nes de la marchandise fra\u00eeche! Qu\u2019est-ce qui te fait penser que les Z\u00e9nites du silence peuvent faire quoi que ce soit pour cet enfant? \u00bb Vous ne comprenez pas trop bien ce qui se passe. Huberto lui r\u00e9pond rapidement. \u00ab En fait, rien de sp\u00e9cial Milgan. Je voulais juste donner une bonne le\u00e7on \u00e0 cet enfant et je lui ai fait croire qu\u2019on allait le vendre comme esclave! Je l\u2019ai soup\u00e7onn\u00e9 d\u2019\u00eatre un sale voleur, mais il n\u2019a jamais flanch\u00e9. Je te le laisse, on ne sait jamais, peut-\u00eatre pourra-t-il t\u2019\u00eatre utile! Nous, on doit filer. \u00c0 la prochaine! \u00bb. Huberto et son compagnon vous laissent donc seul avec le d\u00e9nomm\u00e9 Milgar. Il vous regarde sous toutes vos coutures et vous adresse ensuite la parole. \u00ab Que faisiez-vous exactement sur un navire pirate? \u00bb. Qu\u2019allez-vous lui r\u00e9pondre?<\/p>\n<div class=\"btn-container  align-center\"><a class=\"organic-btn  dark-blue-btn small-btn  align-center\" href=\"http:\/\/www.katag.ca\/aventure-240\/\"><span class=\"btn-holder\">Vous d\u00e9sirez lui dire la v\u00e9rit\u00e9<\/span><\/a><\/div>\n<div class=\"btn-container  align-center\"><a class=\"organic-btn  dark-blue-btn small-btn  align-center\" href=\"http:\/\/www.katag.ca\/aventure-241\/\"><span class=\"btn-holder\">Vous choisissez de lui r\u00e9pondre que vous \u00e9tiez seulement \u00e9gar\u00e9<\/span><\/a><\/div>\n<div class=\"btn-container  align-center\"><a class=\"organic-btn  dark-blue-btn small-btn  align-center\" href=\"http:\/\/www.katag.ca\/aventure-242\/\"><span class=\"btn-holder\">Vous pr\u00e9f\u00e9rez ne rien r\u00e9pondre<\/span><\/a><\/div>\n","protected":false},"excerpt":{"rendered":"<p>Les deux hommes vous poussent devant eux tout en vous menant dans un quartier sombre. Vous marchez pendant une vingtaine de minutes et vous commencez \u00e0 avoir vraiment la frousse! Soudain, les deux hommes vous ordonnent de vous arr\u00eater devant un immeuble qui semble d\u00e9saffect\u00e9. Huberto frappe trois fois \u00e0 la porte et vous entendez quelqu\u2019un de l\u2019autre c\u00f4t\u00e9 qui dit : \u00ab Evars asla couda? \u00bb. Huberto cogne \u00e0 nouveau deux fois avant de r\u00e9pondre \u00ab Couda asla evarsor \u00bb. L\u2019homme ouvre la porte. Vous comprenez que&#8230;<\/p>\n","protected":false},"author":2,"featured_media":0,"parent":0,"menu_order":0,"comment_status":"closed","ping_status":"closed","template":"","meta":{"footnotes":""},"class_list":["post-1399","page","type-page","status-publish","hentry"],"yoast_head":"<!-- This site is optimized with the Yoast SEO plugin v27.5 - https:\/\/yoast.com\/product\/yoast-seo-wordpress\/ -->\n<title>Aventure 213 | Katag<\/title>\n<meta name=\"robots\" content=\"index, follow, max-snippet:-1, max-image-preview:large, max-video-preview:-1\" \/>\n<link rel=\"canonical\" href=\"https:\/\/www.katag.ca\/aventure-213\/\" \/>\n<meta property=\"og:locale\" content=\"en_US\" \/>\n<meta property=\"og:type\" content=\"article\" \/>\n<meta property=\"og:title\" content=\"Aventure 213 | Katag\" \/>\n<meta property=\"og:description\" content=\"Les deux hommes vous poussent devant eux tout en vous menant dans un quartier sombre. Vous marchez pendant une vingtaine de minutes et vous commencez \u00e0 avoir vraiment la frousse! Soudain, les deux hommes vous ordonnent de vous arr\u00eater devant un immeuble qui semble d\u00e9saffect\u00e9. Huberto frappe trois fois \u00e0 la porte et vous entendez quelqu\u2019un de l\u2019autre c\u00f4t\u00e9 qui dit : \u00ab Evars asla couda? \u00bb. Huberto cogne \u00e0 nouveau deux fois avant de r\u00e9pondre \u00ab Couda asla evarsor \u00bb. L\u2019homme ouvre la porte. Vous comprenez que...\" \/>\n<meta property=\"og:url\" content=\"https:\/\/www.katag.ca\/aventure-213\/\" \/>\n<meta property=\"og:site_name\" content=\"Katag\" \/>\n<meta property=\"article:publisher\" content=\"https:\/\/www.facebook.com\/Katag.ca\" \/>\n<meta property=\"article:modified_time\" content=\"2015-01-08T23:39:16+00:00\" \/>\n<meta name=\"twitter:card\" content=\"summary_large_image\" \/>\n<meta name=\"twitter:label1\" content=\"Est. reading time\" \/>\n\t<meta name=\"twitter:data1\" content=\"2 minutes\" \/>\n<script type=\"application\/ld+json\" class=\"yoast-schema-graph\">{\"@context\":\"https:\\\/\\\/schema.org\",\"@graph\":[{\"@type\":\"WebPage\",\"@id\":\"https:\\\/\\\/www.katag.ca\\\/aventure-213\\\/\",\"url\":\"https:\\\/\\\/www.katag.ca\\\/aventure-213\\\/\",\"name\":\"Aventure 213 | Katag\",\"isPartOf\":{\"@id\":\"https:\\\/\\\/www.katag.ca\\\/#website\"},\"datePublished\":\"2015-01-06T20:50:29+00:00\",\"dateModified\":\"2015-01-08T23:39:16+00:00\",\"breadcrumb\":{\"@id\":\"https:\\\/\\\/www.katag.ca\\\/aventure-213\\\/#breadcrumb\"},\"inLanguage\":\"en-US\",\"potentialAction\":[{\"@type\":\"ReadAction\",\"target\":[\"https:\\\/\\\/www.katag.ca\\\/aventure-213\\\/\"]}]},{\"@type\":\"BreadcrumbList\",\"@id\":\"https:\\\/\\\/www.katag.ca\\\/aventure-213\\\/#breadcrumb\",\"itemListElement\":[{\"@type\":\"ListItem\",\"position\":1,\"name\":\"Accueil\",\"item\":\"https:\\\/\\\/www.katag.ca\\\/\"},{\"@type\":\"ListItem\",\"position\":2,\"name\":\"Aventure 213\"}]},{\"@type\":\"WebSite\",\"@id\":\"https:\\\/\\\/www.katag.ca\\\/#website\",\"url\":\"https:\\\/\\\/www.katag.ca\\\/\",\"name\":\"Katag\",\"description\":\"LE jeu d'&eacute;p&eacute;es-mousse\",\"publisher\":{\"@id\":\"https:\\\/\\\/www.katag.ca\\\/#organization\"},\"potentialAction\":[{\"@type\":\"SearchAction\",\"target\":{\"@type\":\"EntryPoint\",\"urlTemplate\":\"https:\\\/\\\/www.katag.ca\\\/?s={search_term_string}\"},\"query-input\":{\"@type\":\"PropertyValueSpecification\",\"valueRequired\":true,\"valueName\":\"search_term_string\"}}],\"inLanguage\":\"en-US\"},{\"@type\":\"Organization\",\"@id\":\"https:\\\/\\\/www.katag.ca\\\/#organization\",\"name\":\"Katag\",\"url\":\"https:\\\/\\\/www.katag.ca\\\/\",\"logo\":{\"@type\":\"ImageObject\",\"inLanguage\":\"en-US\",\"@id\":\"https:\\\/\\\/www.katag.ca\\\/#\\\/schema\\\/logo\\\/image\\\/\",\"url\":\"https:\\\/\\\/www.katag.ca\\\/wp-content\\\/uploads\\\/2021\\\/03\\\/logo-fr.png\",\"contentUrl\":\"https:\\\/\\\/www.katag.ca\\\/wp-content\\\/uploads\\\/2021\\\/03\\\/logo-fr.png\",\"width\":338,\"height\":173,\"caption\":\"Katag\"},\"image\":{\"@id\":\"https:\\\/\\\/www.katag.ca\\\/#\\\/schema\\\/logo\\\/image\\\/\"},\"sameAs\":[\"https:\\\/\\\/www.facebook.com\\\/Katag.ca\"]}]}<\/script>\n<!-- \/ Yoast SEO plugin. -->","yoast_head_json":{"title":"Aventure 213 | Katag","robots":{"index":"index","follow":"follow","max-snippet":"max-snippet:-1","max-image-preview":"max-image-preview:large","max-video-preview":"max-video-preview:-1"},"canonical":"https:\/\/www.katag.ca\/aventure-213\/","og_locale":"en_US","og_type":"article","og_title":"Aventure 213 | Katag","og_description":"Les deux hommes vous poussent devant eux tout en vous menant dans un quartier sombre. Vous marchez pendant une vingtaine de minutes et vous commencez \u00e0 avoir vraiment la frousse! Soudain, les deux hommes vous ordonnent de vous arr\u00eater devant un immeuble qui semble d\u00e9saffect\u00e9. Huberto frappe trois fois \u00e0 la porte et vous entendez quelqu\u2019un de l\u2019autre c\u00f4t\u00e9 qui dit : \u00ab Evars asla couda? \u00bb. Huberto cogne \u00e0 nouveau deux fois avant de r\u00e9pondre \u00ab Couda asla evarsor \u00bb. L\u2019homme ouvre la porte. Vous comprenez que...","og_url":"https:\/\/www.katag.ca\/aventure-213\/","og_site_name":"Katag","article_publisher":"https:\/\/www.facebook.com\/Katag.ca","article_modified_time":"2015-01-08T23:39:16+00:00","twitter_card":"summary_large_image","twitter_misc":{"Est. reading time":"2 minutes"},"schema":{"@context":"https:\/\/schema.org","@graph":[{"@type":"WebPage","@id":"https:\/\/www.katag.ca\/aventure-213\/","url":"https:\/\/www.katag.ca\/aventure-213\/","name":"Aventure 213 | Katag","isPartOf":{"@id":"https:\/\/www.katag.ca\/#website"},"datePublished":"2015-01-06T20:50:29+00:00","dateModified":"2015-01-08T23:39:16+00:00","breadcrumb":{"@id":"https:\/\/www.katag.ca\/aventure-213\/#breadcrumb"},"inLanguage":"en-US","potentialAction":[{"@type":"ReadAction","target":["https:\/\/www.katag.ca\/aventure-213\/"]}]},{"@type":"BreadcrumbList","@id":"https:\/\/www.katag.ca\/aventure-213\/#breadcrumb","itemListElement":[{"@type":"ListItem","position":1,"name":"Accueil","item":"https:\/\/www.katag.ca\/"},{"@type":"ListItem","position":2,"name":"Aventure 213"}]},{"@type":"WebSite","@id":"https:\/\/www.katag.ca\/#website","url":"https:\/\/www.katag.ca\/","name":"Katag","description":"LE jeu d'&eacute;p&eacute;es-mousse","publisher":{"@id":"https:\/\/www.katag.ca\/#organization"},"potentialAction":[{"@type":"SearchAction","target":{"@type":"EntryPoint","urlTemplate":"https:\/\/www.katag.ca\/?s={search_term_string}"},"query-input":{"@type":"PropertyValueSpecification","valueRequired":true,"valueName":"search_term_string"}}],"inLanguage":"en-US"},{"@type":"Organization","@id":"https:\/\/www.katag.ca\/#organization","name":"Katag","url":"https:\/\/www.katag.ca\/","logo":{"@type":"ImageObject","inLanguage":"en-US","@id":"https:\/\/www.katag.ca\/#\/schema\/logo\/image\/","url":"https:\/\/www.katag.ca\/wp-content\/uploads\/2021\/03\/logo-fr.png","contentUrl":"https:\/\/www.katag.ca\/wp-content\/uploads\/2021\/03\/logo-fr.png","width":338,"height":173,"caption":"Katag"},"image":{"@id":"https:\/\/www.katag.ca\/#\/schema\/logo\/image\/"},"sameAs":["https:\/\/www.facebook.com\/Katag.ca"]}]}},"_links":{"self":[{"href":"https:\/\/www.katag.ca\/en\/wp-json\/wp\/v2\/pages\/1399","targetHints":{"allow":["GET"]}}],"collection":[{"href":"https:\/\/www.katag.ca\/en\/wp-json\/wp\/v2\/pages"}],"about":[{"href":"https:\/\/www.katag.ca\/en\/wp-json\/wp\/v2\/types\/page"}],"author":[{"embeddable":true,"href":"https:\/\/www.katag.ca\/en\/wp-json\/wp\/v2\/users\/2"}],"replies":[{"embeddable":true,"href":"https:\/\/www.katag.ca\/en\/wp-json\/wp\/v2\/comments?post=1399"}],"version-history":[{"count":3,"href":"https:\/\/www.katag.ca\/en\/wp-json\/wp\/v2\/pages\/1399\/revisions"}],"predecessor-version":[{"id":1997,"href":"https:\/\/www.katag.ca\/en\/wp-json\/wp\/v2\/pages\/1399\/revisions\/1997"}],"wp:attachment":[{"href":"https:\/\/www.katag.ca\/en\/wp-json\/wp\/v2\/media?parent=1399"}],"curies":[{"name":"wp","href":"https:\/\/api.w.org\/{rel}","templated":true}]}}