{"id":1401,"date":"2015-01-06T20:51:02","date_gmt":"2015-01-06T20:51:02","guid":{"rendered":"http:\/\/www.boutiquekatag.com\/?page_id=1401"},"modified":"2015-01-08T23:39:56","modified_gmt":"2015-01-08T23:39:56","slug":"aventure-214","status":"publish","type":"page","link":"https:\/\/www.katag.ca\/en\/aventure-214\/","title":{"rendered":"Aventure 214"},"content":{"rendered":"<p>Huberto se retrouve clou\u00e9 au sol alors que vous pointez votre \u00e9p\u00e9e sur son torse. Son compagnon Charlot recule rapidement de deux pas et vous comprenez qu\u2019il n\u2019y a aucune chance qu\u2019il vous attaque. Les deux hommes vous regardent, \u00e9tonn\u00e9s de votre habilit\u00e9 \u00e0 combattre. \u00ab Du calme matelot, j\u2019ai simplement agi sous le coup de l\u2019impulsion. Tu comprends, ce n\u2019est rien de personnel! Charlot! Fait quelque chose! Ne reste pas plant\u00e9 l\u00e0!\u00bb Charlot s\u2019ex\u00e9cute et vous remet une gourde remplie de liquide. \u00ab Ceci est du lechtamel, c\u2019est rempli de kara! Il en reste trois doses. Elle est \u00e0 vous! \u00bb Vous prenez la gourde et la glissez dans votre sac \u00e0 dos. Veuillez l\u2019inscrire sur votre feuille de route dans la cat\u00e9gorie sac \u00e0 dos. Chaque fois que vous prendrez une dose, vous gagnerez deux points d\u2019endurance que vous pourrez ajouter \u00e0 votre total dans la cat\u00e9gorie endurance. Vous les regardez longuement et jugez que vous n\u2019avez rien d\u2019autre \u00e0 faire ici. Vous d\u00e9cidez donc de vous diriger vers la bande d\u2019adolescents que vous aviez aper\u00e7us auparavant.<\/p>\n<div class=\"btn-container  align-center\"><a class=\"organic-btn  dark-blue-btn small-btn  align-center\" href=\"http:\/\/www.katag.ca\/aventure-193\/\"><span class=\"btn-holder\">Cliquez ici pour continuer<\/span><\/a><\/div>\n","protected":false},"excerpt":{"rendered":"<p>Huberto se retrouve clou\u00e9 au sol alors que vous pointez votre \u00e9p\u00e9e sur son torse. Son compagnon Charlot recule rapidement de deux pas et vous comprenez qu\u2019il n\u2019y a aucune chance qu\u2019il vous attaque. Les deux hommes vous regardent, \u00e9tonn\u00e9s de votre habilit\u00e9 \u00e0 combattre. \u00ab Du calme matelot, j\u2019ai simplement agi sous le coup de l\u2019impulsion. Tu comprends, ce n\u2019est rien de personnel! Charlot! Fait quelque chose! Ne reste pas plant\u00e9 l\u00e0!\u00bb Charlot s\u2019ex\u00e9cute et vous remet une gourde remplie de liquide. \u00ab Ceci est du lechtamel,&#8230;<\/p>\n","protected":false},"author":2,"featured_media":0,"parent":0,"menu_order":0,"comment_status":"closed","ping_status":"closed","template":"","meta":{"footnotes":""},"class_list":["post-1401","page","type-page","status-publish","hentry"],"yoast_head":"<!-- This site is optimized with the Yoast SEO plugin v27.5 - https:\/\/yoast.com\/product\/yoast-seo-wordpress\/ -->\n<title>Aventure 214 | Katag<\/title>\n<meta name=\"robots\" content=\"index, follow, max-snippet:-1, max-image-preview:large, max-video-preview:-1\" \/>\n<link rel=\"canonical\" href=\"https:\/\/www.katag.ca\/aventure-214\/\" \/>\n<meta property=\"og:locale\" content=\"en_US\" \/>\n<meta property=\"og:type\" content=\"article\" \/>\n<meta property=\"og:title\" content=\"Aventure 214 | Katag\" \/>\n<meta property=\"og:description\" content=\"Huberto se retrouve clou\u00e9 au sol alors que vous pointez votre \u00e9p\u00e9e sur son torse. Son compagnon Charlot recule rapidement de deux pas et vous comprenez qu\u2019il n\u2019y a aucune chance qu\u2019il vous attaque. Les deux hommes vous regardent, \u00e9tonn\u00e9s de votre habilit\u00e9 \u00e0 combattre. \u00ab Du calme matelot, j\u2019ai simplement agi sous le coup de l\u2019impulsion. Tu comprends, ce n\u2019est rien de personnel! Charlot! Fait quelque chose! Ne reste pas plant\u00e9 l\u00e0!\u00bb Charlot s\u2019ex\u00e9cute et vous remet une gourde remplie de liquide. \u00ab Ceci est du lechtamel,...\" \/>\n<meta property=\"og:url\" content=\"https:\/\/www.katag.ca\/aventure-214\/\" \/>\n<meta property=\"og:site_name\" content=\"Katag\" \/>\n<meta property=\"article:publisher\" content=\"https:\/\/www.facebook.com\/Katag.ca\" \/>\n<meta property=\"article:modified_time\" content=\"2015-01-08T23:39:56+00:00\" \/>\n<meta name=\"twitter:card\" content=\"summary_large_image\" \/>\n<meta name=\"twitter:label1\" content=\"Est. reading time\" \/>\n\t<meta name=\"twitter:data1\" content=\"1 minute\" \/>\n<script type=\"application\/ld+json\" class=\"yoast-schema-graph\">{\"@context\":\"https:\\\/\\\/schema.org\",\"@graph\":[{\"@type\":\"WebPage\",\"@id\":\"https:\\\/\\\/www.katag.ca\\\/aventure-214\\\/\",\"url\":\"https:\\\/\\\/www.katag.ca\\\/aventure-214\\\/\",\"name\":\"Aventure 214 | Katag\",\"isPartOf\":{\"@id\":\"https:\\\/\\\/www.katag.ca\\\/#website\"},\"datePublished\":\"2015-01-06T20:51:02+00:00\",\"dateModified\":\"2015-01-08T23:39:56+00:00\",\"breadcrumb\":{\"@id\":\"https:\\\/\\\/www.katag.ca\\\/aventure-214\\\/#breadcrumb\"},\"inLanguage\":\"en-US\",\"potentialAction\":[{\"@type\":\"ReadAction\",\"target\":[\"https:\\\/\\\/www.katag.ca\\\/aventure-214\\\/\"]}]},{\"@type\":\"BreadcrumbList\",\"@id\":\"https:\\\/\\\/www.katag.ca\\\/aventure-214\\\/#breadcrumb\",\"itemListElement\":[{\"@type\":\"ListItem\",\"position\":1,\"name\":\"Accueil\",\"item\":\"https:\\\/\\\/www.katag.ca\\\/\"},{\"@type\":\"ListItem\",\"position\":2,\"name\":\"Aventure 214\"}]},{\"@type\":\"WebSite\",\"@id\":\"https:\\\/\\\/www.katag.ca\\\/#website\",\"url\":\"https:\\\/\\\/www.katag.ca\\\/\",\"name\":\"Katag\",\"description\":\"LE jeu d'&eacute;p&eacute;es-mousse\",\"publisher\":{\"@id\":\"https:\\\/\\\/www.katag.ca\\\/#organization\"},\"potentialAction\":[{\"@type\":\"SearchAction\",\"target\":{\"@type\":\"EntryPoint\",\"urlTemplate\":\"https:\\\/\\\/www.katag.ca\\\/?s={search_term_string}\"},\"query-input\":{\"@type\":\"PropertyValueSpecification\",\"valueRequired\":true,\"valueName\":\"search_term_string\"}}],\"inLanguage\":\"en-US\"},{\"@type\":\"Organization\",\"@id\":\"https:\\\/\\\/www.katag.ca\\\/#organization\",\"name\":\"Katag\",\"url\":\"https:\\\/\\\/www.katag.ca\\\/\",\"logo\":{\"@type\":\"ImageObject\",\"inLanguage\":\"en-US\",\"@id\":\"https:\\\/\\\/www.katag.ca\\\/#\\\/schema\\\/logo\\\/image\\\/\",\"url\":\"https:\\\/\\\/www.katag.ca\\\/wp-content\\\/uploads\\\/2021\\\/03\\\/logo-fr.png\",\"contentUrl\":\"https:\\\/\\\/www.katag.ca\\\/wp-content\\\/uploads\\\/2021\\\/03\\\/logo-fr.png\",\"width\":338,\"height\":173,\"caption\":\"Katag\"},\"image\":{\"@id\":\"https:\\\/\\\/www.katag.ca\\\/#\\\/schema\\\/logo\\\/image\\\/\"},\"sameAs\":[\"https:\\\/\\\/www.facebook.com\\\/Katag.ca\"]}]}<\/script>\n<!-- \/ Yoast SEO plugin. -->","yoast_head_json":{"title":"Aventure 214 | Katag","robots":{"index":"index","follow":"follow","max-snippet":"max-snippet:-1","max-image-preview":"max-image-preview:large","max-video-preview":"max-video-preview:-1"},"canonical":"https:\/\/www.katag.ca\/aventure-214\/","og_locale":"en_US","og_type":"article","og_title":"Aventure 214 | Katag","og_description":"Huberto se retrouve clou\u00e9 au sol alors que vous pointez votre \u00e9p\u00e9e sur son torse. Son compagnon Charlot recule rapidement de deux pas et vous comprenez qu\u2019il n\u2019y a aucune chance qu\u2019il vous attaque. Les deux hommes vous regardent, \u00e9tonn\u00e9s de votre habilit\u00e9 \u00e0 combattre. \u00ab Du calme matelot, j\u2019ai simplement agi sous le coup de l\u2019impulsion. Tu comprends, ce n\u2019est rien de personnel! Charlot! Fait quelque chose! Ne reste pas plant\u00e9 l\u00e0!\u00bb Charlot s\u2019ex\u00e9cute et vous remet une gourde remplie de liquide. \u00ab Ceci est du lechtamel,...","og_url":"https:\/\/www.katag.ca\/aventure-214\/","og_site_name":"Katag","article_publisher":"https:\/\/www.facebook.com\/Katag.ca","article_modified_time":"2015-01-08T23:39:56+00:00","twitter_card":"summary_large_image","twitter_misc":{"Est. reading time":"1 minute"},"schema":{"@context":"https:\/\/schema.org","@graph":[{"@type":"WebPage","@id":"https:\/\/www.katag.ca\/aventure-214\/","url":"https:\/\/www.katag.ca\/aventure-214\/","name":"Aventure 214 | Katag","isPartOf":{"@id":"https:\/\/www.katag.ca\/#website"},"datePublished":"2015-01-06T20:51:02+00:00","dateModified":"2015-01-08T23:39:56+00:00","breadcrumb":{"@id":"https:\/\/www.katag.ca\/aventure-214\/#breadcrumb"},"inLanguage":"en-US","potentialAction":[{"@type":"ReadAction","target":["https:\/\/www.katag.ca\/aventure-214\/"]}]},{"@type":"BreadcrumbList","@id":"https:\/\/www.katag.ca\/aventure-214\/#breadcrumb","itemListElement":[{"@type":"ListItem","position":1,"name":"Accueil","item":"https:\/\/www.katag.ca\/"},{"@type":"ListItem","position":2,"name":"Aventure 214"}]},{"@type":"WebSite","@id":"https:\/\/www.katag.ca\/#website","url":"https:\/\/www.katag.ca\/","name":"Katag","description":"LE jeu d'&eacute;p&eacute;es-mousse","publisher":{"@id":"https:\/\/www.katag.ca\/#organization"},"potentialAction":[{"@type":"SearchAction","target":{"@type":"EntryPoint","urlTemplate":"https:\/\/www.katag.ca\/?s={search_term_string}"},"query-input":{"@type":"PropertyValueSpecification","valueRequired":true,"valueName":"search_term_string"}}],"inLanguage":"en-US"},{"@type":"Organization","@id":"https:\/\/www.katag.ca\/#organization","name":"Katag","url":"https:\/\/www.katag.ca\/","logo":{"@type":"ImageObject","inLanguage":"en-US","@id":"https:\/\/www.katag.ca\/#\/schema\/logo\/image\/","url":"https:\/\/www.katag.ca\/wp-content\/uploads\/2021\/03\/logo-fr.png","contentUrl":"https:\/\/www.katag.ca\/wp-content\/uploads\/2021\/03\/logo-fr.png","width":338,"height":173,"caption":"Katag"},"image":{"@id":"https:\/\/www.katag.ca\/#\/schema\/logo\/image\/"},"sameAs":["https:\/\/www.facebook.com\/Katag.ca"]}]}},"_links":{"self":[{"href":"https:\/\/www.katag.ca\/en\/wp-json\/wp\/v2\/pages\/1401","targetHints":{"allow":["GET"]}}],"collection":[{"href":"https:\/\/www.katag.ca\/en\/wp-json\/wp\/v2\/pages"}],"about":[{"href":"https:\/\/www.katag.ca\/en\/wp-json\/wp\/v2\/types\/page"}],"author":[{"embeddable":true,"href":"https:\/\/www.katag.ca\/en\/wp-json\/wp\/v2\/users\/2"}],"replies":[{"embeddable":true,"href":"https:\/\/www.katag.ca\/en\/wp-json\/wp\/v2\/comments?post=1401"}],"version-history":[{"count":2,"href":"https:\/\/www.katag.ca\/en\/wp-json\/wp\/v2\/pages\/1401\/revisions"}],"predecessor-version":[{"id":1998,"href":"https:\/\/www.katag.ca\/en\/wp-json\/wp\/v2\/pages\/1401\/revisions\/1998"}],"wp:attachment":[{"href":"https:\/\/www.katag.ca\/en\/wp-json\/wp\/v2\/media?parent=1401"}],"curies":[{"name":"wp","href":"https:\/\/api.w.org\/{rel}","templated":true}]}}