{"id":1403,"date":"2015-01-06T20:51:35","date_gmt":"2015-01-06T20:51:35","guid":{"rendered":"http:\/\/www.boutiquekatag.com\/?page_id=1403"},"modified":"2015-01-08T23:41:17","modified_gmt":"2015-01-08T23:41:17","slug":"aventure-215","status":"publish","type":"page","link":"https:\/\/www.katag.ca\/en\/aventure-215\/","title":{"rendered":"Aventure 215"},"content":{"rendered":"<p>Vous vous dirigez donc vers les kiosques de nourriture et voyez tout un tas de choses que vous ne connaissez pas. L\u2019odeur qui r\u00e8gne ici vous met l\u2019eau \u00e0 la bouche! Un marchand vous interpelle : \u00ab Bonsoir mon ami! Vous avez d\u00e9j\u00e0 go\u00fbt\u00e9 un rago\u00fbt d\u2019asira? Non? Une brochette de cornette? C\u2019est succulent! Nous avons \u00e9galement du gigot de nidron aujourd\u2019hui seulement! Et, pour un temps limit\u00e9, tout est \u00e0 deux kara! \u00bb Qu\u2019allez-vous faire?<\/p>\n<div class=\"btn-container  align-center\"><a class=\"organic-btn  dark-blue-btn small-btn  align-center\" href=\"http:\/\/www.katag.ca\/aventure-243\/\"><span class=\"btn-holder\">Vous d\u00e9sirez essayer le rago\u00fbt d\u2019asira<\/span><\/a><\/div>\n<div class=\"btn-container  align-center\"><a class=\"organic-btn  dark-blue-btn small-btn  align-center\" href=\"http:\/\/www.katag.ca\/aventure-244\/\"><span class=\"btn-holder\">Vous pr\u00e9f\u00e9rez essayer la brochette de cornette<\/span><\/a><\/div>\n<div class=\"btn-container  align-center\"><a class=\"organic-btn  dark-blue-btn small-btn  align-center\" href=\"http:\/\/www.katag.ca\/aventure-245\/\"><span class=\"btn-holder\">Vous choisissez de go\u00fbter le gigot de nidron<\/span><\/a><\/div>\n<div class=\"btn-container  align-center\"><a class=\"organic-btn  dark-blue-btn small-btn  align-center\" href=\"http:\/\/www.katag.ca\/aventure-176\/\"><span class=\"btn-holder\">Vous d\u00e9cidez de ne rien prendre et continuer d\u2019explorer les alentours<\/span><\/a><\/div>\n","protected":false},"excerpt":{"rendered":"<p>Vous vous dirigez donc vers les kiosques de nourriture et voyez tout un tas de choses que vous ne connaissez pas. L\u2019odeur qui r\u00e8gne ici vous met l\u2019eau \u00e0 la bouche! Un marchand vous interpelle : \u00ab Bonsoir mon ami! Vous avez d\u00e9j\u00e0 go\u00fbt\u00e9 un rago\u00fbt d\u2019asira? Non? Une brochette de cornette? C\u2019est succulent! Nous avons \u00e9galement du gigot de nidron aujourd\u2019hui seulement! Et, pour un temps limit\u00e9, tout est \u00e0 deux kara! \u00bb Qu\u2019allez-vous faire?<\/p>\n","protected":false},"author":2,"featured_media":0,"parent":0,"menu_order":0,"comment_status":"closed","ping_status":"closed","template":"","meta":{"footnotes":""},"class_list":["post-1403","page","type-page","status-publish","hentry"],"yoast_head":"<!-- This site is optimized with the Yoast SEO plugin v27.5 - https:\/\/yoast.com\/product\/yoast-seo-wordpress\/ -->\n<title>Aventure 215 | Katag<\/title>\n<meta name=\"robots\" content=\"index, follow, max-snippet:-1, max-image-preview:large, max-video-preview:-1\" \/>\n<link rel=\"canonical\" href=\"https:\/\/www.katag.ca\/en\/aventure-215\/\" \/>\n<meta property=\"og:locale\" content=\"en_US\" \/>\n<meta property=\"og:type\" content=\"article\" \/>\n<meta property=\"og:title\" content=\"Aventure 215 | Katag\" \/>\n<meta property=\"og:description\" content=\"Vous vous dirigez donc vers les kiosques de nourriture et voyez tout un tas de choses que vous ne connaissez pas. L\u2019odeur qui r\u00e8gne ici vous met l\u2019eau \u00e0 la bouche! Un marchand vous interpelle : \u00ab Bonsoir mon ami! Vous avez d\u00e9j\u00e0 go\u00fbt\u00e9 un rago\u00fbt d\u2019asira? Non? Une brochette de cornette? C\u2019est succulent! Nous avons \u00e9galement du gigot de nidron aujourd\u2019hui seulement! Et, pour un temps limit\u00e9, tout est \u00e0 deux kara! \u00bb Qu\u2019allez-vous faire?\" \/>\n<meta property=\"og:url\" content=\"https:\/\/www.katag.ca\/en\/aventure-215\/\" \/>\n<meta property=\"og:site_name\" content=\"Katag\" \/>\n<meta property=\"article:publisher\" content=\"https:\/\/www.facebook.com\/Katag.ca\" \/>\n<meta property=\"article:modified_time\" content=\"2015-01-08T23:41:17+00:00\" \/>\n<meta name=\"twitter:card\" content=\"summary_large_image\" \/>\n<meta name=\"twitter:label1\" content=\"Est. reading time\" \/>\n\t<meta name=\"twitter:data1\" content=\"1 minute\" \/>\n<script type=\"application\/ld+json\" class=\"yoast-schema-graph\">{\"@context\":\"https:\\\/\\\/schema.org\",\"@graph\":[{\"@type\":\"WebPage\",\"@id\":\"https:\\\/\\\/www.katag.ca\\\/en\\\/aventure-215\\\/\",\"url\":\"https:\\\/\\\/www.katag.ca\\\/en\\\/aventure-215\\\/\",\"name\":\"Aventure 215 | Katag\",\"isPartOf\":{\"@id\":\"https:\\\/\\\/www.katag.ca\\\/#website\"},\"datePublished\":\"2015-01-06T20:51:35+00:00\",\"dateModified\":\"2015-01-08T23:41:17+00:00\",\"breadcrumb\":{\"@id\":\"https:\\\/\\\/www.katag.ca\\\/en\\\/aventure-215\\\/#breadcrumb\"},\"inLanguage\":\"en-US\",\"potentialAction\":[{\"@type\":\"ReadAction\",\"target\":[\"https:\\\/\\\/www.katag.ca\\\/en\\\/aventure-215\\\/\"]}]},{\"@type\":\"BreadcrumbList\",\"@id\":\"https:\\\/\\\/www.katag.ca\\\/en\\\/aventure-215\\\/#breadcrumb\",\"itemListElement\":[{\"@type\":\"ListItem\",\"position\":1,\"name\":\"Accueil\",\"item\":\"https:\\\/\\\/www.katag.ca\\\/\"},{\"@type\":\"ListItem\",\"position\":2,\"name\":\"Aventure 215\"}]},{\"@type\":\"WebSite\",\"@id\":\"https:\\\/\\\/www.katag.ca\\\/#website\",\"url\":\"https:\\\/\\\/www.katag.ca\\\/\",\"name\":\"Katag\",\"description\":\"LE jeu d'&eacute;p&eacute;es-mousse\",\"publisher\":{\"@id\":\"https:\\\/\\\/www.katag.ca\\\/#organization\"},\"potentialAction\":[{\"@type\":\"SearchAction\",\"target\":{\"@type\":\"EntryPoint\",\"urlTemplate\":\"https:\\\/\\\/www.katag.ca\\\/?s={search_term_string}\"},\"query-input\":{\"@type\":\"PropertyValueSpecification\",\"valueRequired\":true,\"valueName\":\"search_term_string\"}}],\"inLanguage\":\"en-US\"},{\"@type\":\"Organization\",\"@id\":\"https:\\\/\\\/www.katag.ca\\\/#organization\",\"name\":\"Katag\",\"url\":\"https:\\\/\\\/www.katag.ca\\\/\",\"logo\":{\"@type\":\"ImageObject\",\"inLanguage\":\"en-US\",\"@id\":\"https:\\\/\\\/www.katag.ca\\\/#\\\/schema\\\/logo\\\/image\\\/\",\"url\":\"https:\\\/\\\/www.katag.ca\\\/wp-content\\\/uploads\\\/2021\\\/03\\\/logo-fr.png\",\"contentUrl\":\"https:\\\/\\\/www.katag.ca\\\/wp-content\\\/uploads\\\/2021\\\/03\\\/logo-fr.png\",\"width\":338,\"height\":173,\"caption\":\"Katag\"},\"image\":{\"@id\":\"https:\\\/\\\/www.katag.ca\\\/#\\\/schema\\\/logo\\\/image\\\/\"},\"sameAs\":[\"https:\\\/\\\/www.facebook.com\\\/Katag.ca\"]}]}<\/script>\n<!-- \/ Yoast SEO plugin. -->","yoast_head_json":{"title":"Aventure 215 | Katag","robots":{"index":"index","follow":"follow","max-snippet":"max-snippet:-1","max-image-preview":"max-image-preview:large","max-video-preview":"max-video-preview:-1"},"canonical":"https:\/\/www.katag.ca\/en\/aventure-215\/","og_locale":"en_US","og_type":"article","og_title":"Aventure 215 | Katag","og_description":"Vous vous dirigez donc vers les kiosques de nourriture et voyez tout un tas de choses que vous ne connaissez pas. L\u2019odeur qui r\u00e8gne ici vous met l\u2019eau \u00e0 la bouche! Un marchand vous interpelle : \u00ab Bonsoir mon ami! Vous avez d\u00e9j\u00e0 go\u00fbt\u00e9 un rago\u00fbt d\u2019asira? Non? Une brochette de cornette? C\u2019est succulent! Nous avons \u00e9galement du gigot de nidron aujourd\u2019hui seulement! Et, pour un temps limit\u00e9, tout est \u00e0 deux kara! \u00bb Qu\u2019allez-vous faire?","og_url":"https:\/\/www.katag.ca\/en\/aventure-215\/","og_site_name":"Katag","article_publisher":"https:\/\/www.facebook.com\/Katag.ca","article_modified_time":"2015-01-08T23:41:17+00:00","twitter_card":"summary_large_image","twitter_misc":{"Est. reading time":"1 minute"},"schema":{"@context":"https:\/\/schema.org","@graph":[{"@type":"WebPage","@id":"https:\/\/www.katag.ca\/en\/aventure-215\/","url":"https:\/\/www.katag.ca\/en\/aventure-215\/","name":"Aventure 215 | Katag","isPartOf":{"@id":"https:\/\/www.katag.ca\/#website"},"datePublished":"2015-01-06T20:51:35+00:00","dateModified":"2015-01-08T23:41:17+00:00","breadcrumb":{"@id":"https:\/\/www.katag.ca\/en\/aventure-215\/#breadcrumb"},"inLanguage":"en-US","potentialAction":[{"@type":"ReadAction","target":["https:\/\/www.katag.ca\/en\/aventure-215\/"]}]},{"@type":"BreadcrumbList","@id":"https:\/\/www.katag.ca\/en\/aventure-215\/#breadcrumb","itemListElement":[{"@type":"ListItem","position":1,"name":"Accueil","item":"https:\/\/www.katag.ca\/"},{"@type":"ListItem","position":2,"name":"Aventure 215"}]},{"@type":"WebSite","@id":"https:\/\/www.katag.ca\/#website","url":"https:\/\/www.katag.ca\/","name":"Katag","description":"LE jeu d'&eacute;p&eacute;es-mousse","publisher":{"@id":"https:\/\/www.katag.ca\/#organization"},"potentialAction":[{"@type":"SearchAction","target":{"@type":"EntryPoint","urlTemplate":"https:\/\/www.katag.ca\/?s={search_term_string}"},"query-input":{"@type":"PropertyValueSpecification","valueRequired":true,"valueName":"search_term_string"}}],"inLanguage":"en-US"},{"@type":"Organization","@id":"https:\/\/www.katag.ca\/#organization","name":"Katag","url":"https:\/\/www.katag.ca\/","logo":{"@type":"ImageObject","inLanguage":"en-US","@id":"https:\/\/www.katag.ca\/#\/schema\/logo\/image\/","url":"https:\/\/www.katag.ca\/wp-content\/uploads\/2021\/03\/logo-fr.png","contentUrl":"https:\/\/www.katag.ca\/wp-content\/uploads\/2021\/03\/logo-fr.png","width":338,"height":173,"caption":"Katag"},"image":{"@id":"https:\/\/www.katag.ca\/#\/schema\/logo\/image\/"},"sameAs":["https:\/\/www.facebook.com\/Katag.ca"]}]}},"_links":{"self":[{"href":"https:\/\/www.katag.ca\/en\/wp-json\/wp\/v2\/pages\/1403","targetHints":{"allow":["GET"]}}],"collection":[{"href":"https:\/\/www.katag.ca\/en\/wp-json\/wp\/v2\/pages"}],"about":[{"href":"https:\/\/www.katag.ca\/en\/wp-json\/wp\/v2\/types\/page"}],"author":[{"embeddable":true,"href":"https:\/\/www.katag.ca\/en\/wp-json\/wp\/v2\/users\/2"}],"replies":[{"embeddable":true,"href":"https:\/\/www.katag.ca\/en\/wp-json\/wp\/v2\/comments?post=1403"}],"version-history":[{"count":3,"href":"https:\/\/www.katag.ca\/en\/wp-json\/wp\/v2\/pages\/1403\/revisions"}],"predecessor-version":[{"id":2000,"href":"https:\/\/www.katag.ca\/en\/wp-json\/wp\/v2\/pages\/1403\/revisions\/2000"}],"wp:attachment":[{"href":"https:\/\/www.katag.ca\/en\/wp-json\/wp\/v2\/media?parent=1403"}],"curies":[{"name":"wp","href":"https:\/\/api.w.org\/{rel}","templated":true}]}}