{"id":1405,"date":"2015-01-06T20:51:54","date_gmt":"2015-01-06T20:51:54","guid":{"rendered":"http:\/\/www.boutiquekatag.com\/?page_id=1405"},"modified":"2015-01-08T23:42:13","modified_gmt":"2015-01-08T23:42:13","slug":"aventure-216","status":"publish","type":"page","link":"https:\/\/www.katag.ca\/en\/aventure-216\/","title":{"rendered":"Aventure 216"},"content":{"rendered":"<p>Vous suivez Clodor dans l\u2019arri\u00e8re boutique, mais avez le sentiment que ce n\u2019\u00e9tait apr\u00e8s tout peut-\u00eatre pas un si bon choix\u2026 La pi\u00e8ce est sombre et vos yeux ont de la difficult\u00e9 \u00e0 s\u2019y faire. Vous n\u2019arrivez plus \u00e0 voir o\u00f9 se trouve Clodor! Tout \u00e0 coup, vous distinguez du mouvement du coin de l\u2019\u0153il et en vous retournant, vous apercevez un animal \u00e0 quatre pattes qui vous regarde f\u00e9rocement. Alors que vos yeux s\u2019habituent \u00e0 la noirceur, vous constatez que la cr\u00e9ature, qui ressemble \u00e0 un renard, ne semble pas avoir d\u2019yeux! Comme si, \u00e0 leur place, il y avait des trous sans fond! Vous comprenez que ceci est peut-\u00eatre un cauchemar! Soudain, vous entendez la voix de Clodor \u00ab Je hais les R\u00eaveurs, ils n\u2019ach\u00e8tent jamais rien! Vous auriez mieux fait de ne jamais entrer ici! Ce cauchemar va s\u2019occuper de vous renvoyer d\u2019o\u00f9 vous venez! Hahahaha!\u00bb. Impossible de vous \u00e9chapper. Vous devrez affronter ce cauchemar. <\/p>\n<div class=\"btn-container  align-center\"><a class=\"organic-btn  dark-blue-btn small-btn  align-center\" href=\"http:\/\/www.katag.ca\/aventure-246\/\"><span class=\"btn-holder\">Cliquez ici pour continuer<\/span><\/a><\/div>\n","protected":false},"excerpt":{"rendered":"<p>Vous suivez Clodor dans l\u2019arri\u00e8re boutique, mais avez le sentiment que ce n\u2019\u00e9tait apr\u00e8s tout peut-\u00eatre pas un si bon choix\u2026 La pi\u00e8ce est sombre et vos yeux ont de la difficult\u00e9 \u00e0 s\u2019y faire. Vous n\u2019arrivez plus \u00e0 voir o\u00f9 se trouve Clodor! Tout \u00e0 coup, vous distinguez du mouvement du coin de l\u2019\u0153il et en vous retournant, vous apercevez un animal \u00e0 quatre pattes qui vous regarde f\u00e9rocement. Alors que vos yeux s\u2019habituent \u00e0 la noirceur, vous constatez que la cr\u00e9ature, qui ressemble \u00e0 un renard,&#8230;<\/p>\n","protected":false},"author":2,"featured_media":0,"parent":0,"menu_order":0,"comment_status":"closed","ping_status":"closed","template":"","meta":{"footnotes":""},"class_list":["post-1405","page","type-page","status-publish","hentry"],"yoast_head":"<!-- This site is optimized with the Yoast SEO plugin v27.5 - https:\/\/yoast.com\/product\/yoast-seo-wordpress\/ -->\n<title>Aventure 216 | Katag<\/title>\n<meta name=\"robots\" content=\"index, follow, max-snippet:-1, max-image-preview:large, max-video-preview:-1\" \/>\n<link rel=\"canonical\" href=\"https:\/\/www.katag.ca\/aventure-216\/\" \/>\n<meta property=\"og:locale\" content=\"en_US\" \/>\n<meta property=\"og:type\" content=\"article\" \/>\n<meta property=\"og:title\" content=\"Aventure 216 | Katag\" \/>\n<meta property=\"og:description\" content=\"Vous suivez Clodor dans l\u2019arri\u00e8re boutique, mais avez le sentiment que ce n\u2019\u00e9tait apr\u00e8s tout peut-\u00eatre pas un si bon choix\u2026 La pi\u00e8ce est sombre et vos yeux ont de la difficult\u00e9 \u00e0 s\u2019y faire. Vous n\u2019arrivez plus \u00e0 voir o\u00f9 se trouve Clodor! Tout \u00e0 coup, vous distinguez du mouvement du coin de l\u2019\u0153il et en vous retournant, vous apercevez un animal \u00e0 quatre pattes qui vous regarde f\u00e9rocement. Alors que vos yeux s\u2019habituent \u00e0 la noirceur, vous constatez que la cr\u00e9ature, qui ressemble \u00e0 un renard,...\" \/>\n<meta property=\"og:url\" content=\"https:\/\/www.katag.ca\/aventure-216\/\" \/>\n<meta property=\"og:site_name\" content=\"Katag\" \/>\n<meta property=\"article:publisher\" content=\"https:\/\/www.facebook.com\/Katag.ca\" \/>\n<meta property=\"article:modified_time\" content=\"2015-01-08T23:42:13+00:00\" \/>\n<meta name=\"twitter:card\" content=\"summary_large_image\" \/>\n<meta name=\"twitter:label1\" content=\"Est. reading time\" \/>\n\t<meta name=\"twitter:data1\" content=\"1 minute\" \/>\n<script type=\"application\/ld+json\" class=\"yoast-schema-graph\">{\"@context\":\"https:\\\/\\\/schema.org\",\"@graph\":[{\"@type\":\"WebPage\",\"@id\":\"https:\\\/\\\/www.katag.ca\\\/aventure-216\\\/\",\"url\":\"https:\\\/\\\/www.katag.ca\\\/aventure-216\\\/\",\"name\":\"Aventure 216 | Katag\",\"isPartOf\":{\"@id\":\"https:\\\/\\\/www.katag.ca\\\/#website\"},\"datePublished\":\"2015-01-06T20:51:54+00:00\",\"dateModified\":\"2015-01-08T23:42:13+00:00\",\"breadcrumb\":{\"@id\":\"https:\\\/\\\/www.katag.ca\\\/aventure-216\\\/#breadcrumb\"},\"inLanguage\":\"en-US\",\"potentialAction\":[{\"@type\":\"ReadAction\",\"target\":[\"https:\\\/\\\/www.katag.ca\\\/aventure-216\\\/\"]}]},{\"@type\":\"BreadcrumbList\",\"@id\":\"https:\\\/\\\/www.katag.ca\\\/aventure-216\\\/#breadcrumb\",\"itemListElement\":[{\"@type\":\"ListItem\",\"position\":1,\"name\":\"Accueil\",\"item\":\"https:\\\/\\\/www.katag.ca\\\/\"},{\"@type\":\"ListItem\",\"position\":2,\"name\":\"Aventure 216\"}]},{\"@type\":\"WebSite\",\"@id\":\"https:\\\/\\\/www.katag.ca\\\/#website\",\"url\":\"https:\\\/\\\/www.katag.ca\\\/\",\"name\":\"Katag\",\"description\":\"LE jeu d'&eacute;p&eacute;es-mousse\",\"publisher\":{\"@id\":\"https:\\\/\\\/www.katag.ca\\\/#organization\"},\"potentialAction\":[{\"@type\":\"SearchAction\",\"target\":{\"@type\":\"EntryPoint\",\"urlTemplate\":\"https:\\\/\\\/www.katag.ca\\\/?s={search_term_string}\"},\"query-input\":{\"@type\":\"PropertyValueSpecification\",\"valueRequired\":true,\"valueName\":\"search_term_string\"}}],\"inLanguage\":\"en-US\"},{\"@type\":\"Organization\",\"@id\":\"https:\\\/\\\/www.katag.ca\\\/#organization\",\"name\":\"Katag\",\"url\":\"https:\\\/\\\/www.katag.ca\\\/\",\"logo\":{\"@type\":\"ImageObject\",\"inLanguage\":\"en-US\",\"@id\":\"https:\\\/\\\/www.katag.ca\\\/#\\\/schema\\\/logo\\\/image\\\/\",\"url\":\"https:\\\/\\\/www.katag.ca\\\/wp-content\\\/uploads\\\/2021\\\/03\\\/logo-fr.png\",\"contentUrl\":\"https:\\\/\\\/www.katag.ca\\\/wp-content\\\/uploads\\\/2021\\\/03\\\/logo-fr.png\",\"width\":338,\"height\":173,\"caption\":\"Katag\"},\"image\":{\"@id\":\"https:\\\/\\\/www.katag.ca\\\/#\\\/schema\\\/logo\\\/image\\\/\"},\"sameAs\":[\"https:\\\/\\\/www.facebook.com\\\/Katag.ca\"]}]}<\/script>\n<!-- \/ Yoast SEO plugin. -->","yoast_head_json":{"title":"Aventure 216 | Katag","robots":{"index":"index","follow":"follow","max-snippet":"max-snippet:-1","max-image-preview":"max-image-preview:large","max-video-preview":"max-video-preview:-1"},"canonical":"https:\/\/www.katag.ca\/aventure-216\/","og_locale":"en_US","og_type":"article","og_title":"Aventure 216 | Katag","og_description":"Vous suivez Clodor dans l\u2019arri\u00e8re boutique, mais avez le sentiment que ce n\u2019\u00e9tait apr\u00e8s tout peut-\u00eatre pas un si bon choix\u2026 La pi\u00e8ce est sombre et vos yeux ont de la difficult\u00e9 \u00e0 s\u2019y faire. Vous n\u2019arrivez plus \u00e0 voir o\u00f9 se trouve Clodor! Tout \u00e0 coup, vous distinguez du mouvement du coin de l\u2019\u0153il et en vous retournant, vous apercevez un animal \u00e0 quatre pattes qui vous regarde f\u00e9rocement. Alors que vos yeux s\u2019habituent \u00e0 la noirceur, vous constatez que la cr\u00e9ature, qui ressemble \u00e0 un renard,...","og_url":"https:\/\/www.katag.ca\/aventure-216\/","og_site_name":"Katag","article_publisher":"https:\/\/www.facebook.com\/Katag.ca","article_modified_time":"2015-01-08T23:42:13+00:00","twitter_card":"summary_large_image","twitter_misc":{"Est. reading time":"1 minute"},"schema":{"@context":"https:\/\/schema.org","@graph":[{"@type":"WebPage","@id":"https:\/\/www.katag.ca\/aventure-216\/","url":"https:\/\/www.katag.ca\/aventure-216\/","name":"Aventure 216 | Katag","isPartOf":{"@id":"https:\/\/www.katag.ca\/#website"},"datePublished":"2015-01-06T20:51:54+00:00","dateModified":"2015-01-08T23:42:13+00:00","breadcrumb":{"@id":"https:\/\/www.katag.ca\/aventure-216\/#breadcrumb"},"inLanguage":"en-US","potentialAction":[{"@type":"ReadAction","target":["https:\/\/www.katag.ca\/aventure-216\/"]}]},{"@type":"BreadcrumbList","@id":"https:\/\/www.katag.ca\/aventure-216\/#breadcrumb","itemListElement":[{"@type":"ListItem","position":1,"name":"Accueil","item":"https:\/\/www.katag.ca\/"},{"@type":"ListItem","position":2,"name":"Aventure 216"}]},{"@type":"WebSite","@id":"https:\/\/www.katag.ca\/#website","url":"https:\/\/www.katag.ca\/","name":"Katag","description":"LE jeu d'&eacute;p&eacute;es-mousse","publisher":{"@id":"https:\/\/www.katag.ca\/#organization"},"potentialAction":[{"@type":"SearchAction","target":{"@type":"EntryPoint","urlTemplate":"https:\/\/www.katag.ca\/?s={search_term_string}"},"query-input":{"@type":"PropertyValueSpecification","valueRequired":true,"valueName":"search_term_string"}}],"inLanguage":"en-US"},{"@type":"Organization","@id":"https:\/\/www.katag.ca\/#organization","name":"Katag","url":"https:\/\/www.katag.ca\/","logo":{"@type":"ImageObject","inLanguage":"en-US","@id":"https:\/\/www.katag.ca\/#\/schema\/logo\/image\/","url":"https:\/\/www.katag.ca\/wp-content\/uploads\/2021\/03\/logo-fr.png","contentUrl":"https:\/\/www.katag.ca\/wp-content\/uploads\/2021\/03\/logo-fr.png","width":338,"height":173,"caption":"Katag"},"image":{"@id":"https:\/\/www.katag.ca\/#\/schema\/logo\/image\/"},"sameAs":["https:\/\/www.facebook.com\/Katag.ca"]}]}},"_links":{"self":[{"href":"https:\/\/www.katag.ca\/en\/wp-json\/wp\/v2\/pages\/1405","targetHints":{"allow":["GET"]}}],"collection":[{"href":"https:\/\/www.katag.ca\/en\/wp-json\/wp\/v2\/pages"}],"about":[{"href":"https:\/\/www.katag.ca\/en\/wp-json\/wp\/v2\/types\/page"}],"author":[{"embeddable":true,"href":"https:\/\/www.katag.ca\/en\/wp-json\/wp\/v2\/users\/2"}],"replies":[{"embeddable":true,"href":"https:\/\/www.katag.ca\/en\/wp-json\/wp\/v2\/comments?post=1405"}],"version-history":[{"count":3,"href":"https:\/\/www.katag.ca\/en\/wp-json\/wp\/v2\/pages\/1405\/revisions"}],"predecessor-version":[{"id":2002,"href":"https:\/\/www.katag.ca\/en\/wp-json\/wp\/v2\/pages\/1405\/revisions\/2002"}],"wp:attachment":[{"href":"https:\/\/www.katag.ca\/en\/wp-json\/wp\/v2\/media?parent=1405"}],"curies":[{"name":"wp","href":"https:\/\/api.w.org\/{rel}","templated":true}]}}