{"id":1409,"date":"2015-01-06T20:53:09","date_gmt":"2015-01-06T20:53:09","guid":{"rendered":"http:\/\/www.boutiquekatag.com\/?page_id=1409"},"modified":"2015-01-08T23:44:38","modified_gmt":"2015-01-08T23:44:38","slug":"aventure-218","status":"publish","type":"page","link":"https:\/\/www.katag.ca\/en\/aventure-218\/","title":{"rendered":"Aventure 218"},"content":{"rendered":"<p>Vous payez la somme et devez soustraire deux points de r\u00eaves \u00e0 votre total dans la cat\u00e9gorie r\u00eaves de votre feuille de route. Vous d\u00e9gustez et trouvez cela vraiment succulent! Vous avez \u00e9galement l\u2019impression de vous sentir plus fort qu\u2019avant! Ajoutez un point \u00e0 votre total dans la cat\u00e9gorie attaque de votre feuille de route. Inscrivez-y \u00e9galement le cocktail suppl\u00e9mentaire que vous avez achet\u00e9 dans la cat\u00e9gorie sac \u00e0 dos et vous pourrez, lorsque vous le choisirez, le d\u00e9guster et ajouter un point suppl\u00e9mentaire \u00e0 votre total dans la cat\u00e9gorie attaque. Qu\u2019allez-vous faire maintenant?<\/p>\n<div class=\"btn-container  align-center\"><a class=\"organic-btn  dark-blue-btn small-btn  align-center\" href=\"http:\/\/www.katag.ca\/aventure-176\/\"><span class=\"btn-holder\">Vous d\u00e9sirez continuer d\u2019explorer le march\u00e9 et ses alentours<\/span><\/a><\/div>\n<div class=\"btn-container  align-center\"><a class=\"organic-btn  dark-blue-btn small-btn  align-center\" href=\"http:\/\/www.katag.ca\/aventure-201\/\"><span class=\"btn-holder\">Vous pr\u00e9f\u00e9rez continuer votre chemin<\/span><\/a><\/div>\n","protected":false},"excerpt":{"rendered":"<p>Vous payez la somme et devez soustraire deux points de r\u00eaves \u00e0 votre total dans la cat\u00e9gorie r\u00eaves de votre feuille de route. Vous d\u00e9gustez et trouvez cela vraiment succulent! Vous avez \u00e9galement l\u2019impression de vous sentir plus fort qu\u2019avant! Ajoutez un point \u00e0 votre total dans la cat\u00e9gorie attaque de votre feuille de route. Inscrivez-y \u00e9galement le cocktail suppl\u00e9mentaire que vous avez achet\u00e9 dans la cat\u00e9gorie sac \u00e0 dos et vous pourrez, lorsque vous le choisirez, le d\u00e9guster et ajouter un point suppl\u00e9mentaire \u00e0 votre total dans&#8230;<\/p>\n","protected":false},"author":2,"featured_media":0,"parent":0,"menu_order":0,"comment_status":"closed","ping_status":"closed","template":"","meta":{"footnotes":""},"class_list":["post-1409","page","type-page","status-publish","hentry"],"yoast_head":"<!-- This site is optimized with the Yoast SEO plugin v27.5 - https:\/\/yoast.com\/product\/yoast-seo-wordpress\/ -->\n<title>Aventure 218 | Katag<\/title>\n<meta name=\"robots\" content=\"index, follow, max-snippet:-1, max-image-preview:large, max-video-preview:-1\" \/>\n<link rel=\"canonical\" href=\"https:\/\/www.katag.ca\/aventure-218\/\" \/>\n<meta property=\"og:locale\" content=\"en_US\" \/>\n<meta property=\"og:type\" content=\"article\" \/>\n<meta property=\"og:title\" content=\"Aventure 218 | Katag\" \/>\n<meta property=\"og:description\" content=\"Vous payez la somme et devez soustraire deux points de r\u00eaves \u00e0 votre total dans la cat\u00e9gorie r\u00eaves de votre feuille de route. Vous d\u00e9gustez et trouvez cela vraiment succulent! Vous avez \u00e9galement l\u2019impression de vous sentir plus fort qu\u2019avant! Ajoutez un point \u00e0 votre total dans la cat\u00e9gorie attaque de votre feuille de route. Inscrivez-y \u00e9galement le cocktail suppl\u00e9mentaire que vous avez achet\u00e9 dans la cat\u00e9gorie sac \u00e0 dos et vous pourrez, lorsque vous le choisirez, le d\u00e9guster et ajouter un point suppl\u00e9mentaire \u00e0 votre total dans...\" \/>\n<meta property=\"og:url\" content=\"https:\/\/www.katag.ca\/aventure-218\/\" \/>\n<meta property=\"og:site_name\" content=\"Katag\" \/>\n<meta property=\"article:publisher\" content=\"https:\/\/www.facebook.com\/Katag.ca\" \/>\n<meta property=\"article:modified_time\" content=\"2015-01-08T23:44:38+00:00\" \/>\n<meta name=\"twitter:card\" content=\"summary_large_image\" \/>\n<meta name=\"twitter:label1\" content=\"Est. reading time\" \/>\n\t<meta name=\"twitter:data1\" content=\"1 minute\" \/>\n<script type=\"application\/ld+json\" class=\"yoast-schema-graph\">{\"@context\":\"https:\\\/\\\/schema.org\",\"@graph\":[{\"@type\":\"WebPage\",\"@id\":\"https:\\\/\\\/www.katag.ca\\\/aventure-218\\\/\",\"url\":\"https:\\\/\\\/www.katag.ca\\\/aventure-218\\\/\",\"name\":\"Aventure 218 | Katag\",\"isPartOf\":{\"@id\":\"https:\\\/\\\/www.katag.ca\\\/#website\"},\"datePublished\":\"2015-01-06T20:53:09+00:00\",\"dateModified\":\"2015-01-08T23:44:38+00:00\",\"breadcrumb\":{\"@id\":\"https:\\\/\\\/www.katag.ca\\\/aventure-218\\\/#breadcrumb\"},\"inLanguage\":\"en-US\",\"potentialAction\":[{\"@type\":\"ReadAction\",\"target\":[\"https:\\\/\\\/www.katag.ca\\\/aventure-218\\\/\"]}]},{\"@type\":\"BreadcrumbList\",\"@id\":\"https:\\\/\\\/www.katag.ca\\\/aventure-218\\\/#breadcrumb\",\"itemListElement\":[{\"@type\":\"ListItem\",\"position\":1,\"name\":\"Accueil\",\"item\":\"https:\\\/\\\/www.katag.ca\\\/\"},{\"@type\":\"ListItem\",\"position\":2,\"name\":\"Aventure 218\"}]},{\"@type\":\"WebSite\",\"@id\":\"https:\\\/\\\/www.katag.ca\\\/#website\",\"url\":\"https:\\\/\\\/www.katag.ca\\\/\",\"name\":\"Katag\",\"description\":\"LE jeu d'&eacute;p&eacute;es-mousse\",\"publisher\":{\"@id\":\"https:\\\/\\\/www.katag.ca\\\/#organization\"},\"potentialAction\":[{\"@type\":\"SearchAction\",\"target\":{\"@type\":\"EntryPoint\",\"urlTemplate\":\"https:\\\/\\\/www.katag.ca\\\/?s={search_term_string}\"},\"query-input\":{\"@type\":\"PropertyValueSpecification\",\"valueRequired\":true,\"valueName\":\"search_term_string\"}}],\"inLanguage\":\"en-US\"},{\"@type\":\"Organization\",\"@id\":\"https:\\\/\\\/www.katag.ca\\\/#organization\",\"name\":\"Katag\",\"url\":\"https:\\\/\\\/www.katag.ca\\\/\",\"logo\":{\"@type\":\"ImageObject\",\"inLanguage\":\"en-US\",\"@id\":\"https:\\\/\\\/www.katag.ca\\\/#\\\/schema\\\/logo\\\/image\\\/\",\"url\":\"https:\\\/\\\/www.katag.ca\\\/wp-content\\\/uploads\\\/2021\\\/03\\\/logo-fr.png\",\"contentUrl\":\"https:\\\/\\\/www.katag.ca\\\/wp-content\\\/uploads\\\/2021\\\/03\\\/logo-fr.png\",\"width\":338,\"height\":173,\"caption\":\"Katag\"},\"image\":{\"@id\":\"https:\\\/\\\/www.katag.ca\\\/#\\\/schema\\\/logo\\\/image\\\/\"},\"sameAs\":[\"https:\\\/\\\/www.facebook.com\\\/Katag.ca\"]}]}<\/script>\n<!-- \/ Yoast SEO plugin. -->","yoast_head_json":{"title":"Aventure 218 | Katag","robots":{"index":"index","follow":"follow","max-snippet":"max-snippet:-1","max-image-preview":"max-image-preview:large","max-video-preview":"max-video-preview:-1"},"canonical":"https:\/\/www.katag.ca\/aventure-218\/","og_locale":"en_US","og_type":"article","og_title":"Aventure 218 | Katag","og_description":"Vous payez la somme et devez soustraire deux points de r\u00eaves \u00e0 votre total dans la cat\u00e9gorie r\u00eaves de votre feuille de route. Vous d\u00e9gustez et trouvez cela vraiment succulent! Vous avez \u00e9galement l\u2019impression de vous sentir plus fort qu\u2019avant! Ajoutez un point \u00e0 votre total dans la cat\u00e9gorie attaque de votre feuille de route. Inscrivez-y \u00e9galement le cocktail suppl\u00e9mentaire que vous avez achet\u00e9 dans la cat\u00e9gorie sac \u00e0 dos et vous pourrez, lorsque vous le choisirez, le d\u00e9guster et ajouter un point suppl\u00e9mentaire \u00e0 votre total dans...","og_url":"https:\/\/www.katag.ca\/aventure-218\/","og_site_name":"Katag","article_publisher":"https:\/\/www.facebook.com\/Katag.ca","article_modified_time":"2015-01-08T23:44:38+00:00","twitter_card":"summary_large_image","twitter_misc":{"Est. reading time":"1 minute"},"schema":{"@context":"https:\/\/schema.org","@graph":[{"@type":"WebPage","@id":"https:\/\/www.katag.ca\/aventure-218\/","url":"https:\/\/www.katag.ca\/aventure-218\/","name":"Aventure 218 | Katag","isPartOf":{"@id":"https:\/\/www.katag.ca\/#website"},"datePublished":"2015-01-06T20:53:09+00:00","dateModified":"2015-01-08T23:44:38+00:00","breadcrumb":{"@id":"https:\/\/www.katag.ca\/aventure-218\/#breadcrumb"},"inLanguage":"en-US","potentialAction":[{"@type":"ReadAction","target":["https:\/\/www.katag.ca\/aventure-218\/"]}]},{"@type":"BreadcrumbList","@id":"https:\/\/www.katag.ca\/aventure-218\/#breadcrumb","itemListElement":[{"@type":"ListItem","position":1,"name":"Accueil","item":"https:\/\/www.katag.ca\/"},{"@type":"ListItem","position":2,"name":"Aventure 218"}]},{"@type":"WebSite","@id":"https:\/\/www.katag.ca\/#website","url":"https:\/\/www.katag.ca\/","name":"Katag","description":"LE jeu d'&eacute;p&eacute;es-mousse","publisher":{"@id":"https:\/\/www.katag.ca\/#organization"},"potentialAction":[{"@type":"SearchAction","target":{"@type":"EntryPoint","urlTemplate":"https:\/\/www.katag.ca\/?s={search_term_string}"},"query-input":{"@type":"PropertyValueSpecification","valueRequired":true,"valueName":"search_term_string"}}],"inLanguage":"en-US"},{"@type":"Organization","@id":"https:\/\/www.katag.ca\/#organization","name":"Katag","url":"https:\/\/www.katag.ca\/","logo":{"@type":"ImageObject","inLanguage":"en-US","@id":"https:\/\/www.katag.ca\/#\/schema\/logo\/image\/","url":"https:\/\/www.katag.ca\/wp-content\/uploads\/2021\/03\/logo-fr.png","contentUrl":"https:\/\/www.katag.ca\/wp-content\/uploads\/2021\/03\/logo-fr.png","width":338,"height":173,"caption":"Katag"},"image":{"@id":"https:\/\/www.katag.ca\/#\/schema\/logo\/image\/"},"sameAs":["https:\/\/www.facebook.com\/Katag.ca"]}]}},"_links":{"self":[{"href":"https:\/\/www.katag.ca\/en\/wp-json\/wp\/v2\/pages\/1409","targetHints":{"allow":["GET"]}}],"collection":[{"href":"https:\/\/www.katag.ca\/en\/wp-json\/wp\/v2\/pages"}],"about":[{"href":"https:\/\/www.katag.ca\/en\/wp-json\/wp\/v2\/types\/page"}],"author":[{"embeddable":true,"href":"https:\/\/www.katag.ca\/en\/wp-json\/wp\/v2\/users\/2"}],"replies":[{"embeddable":true,"href":"https:\/\/www.katag.ca\/en\/wp-json\/wp\/v2\/comments?post=1409"}],"version-history":[{"count":3,"href":"https:\/\/www.katag.ca\/en\/wp-json\/wp\/v2\/pages\/1409\/revisions"}],"predecessor-version":[{"id":2006,"href":"https:\/\/www.katag.ca\/en\/wp-json\/wp\/v2\/pages\/1409\/revisions\/2006"}],"wp:attachment":[{"href":"https:\/\/www.katag.ca\/en\/wp-json\/wp\/v2\/media?parent=1409"}],"curies":[{"name":"wp","href":"https:\/\/api.w.org\/{rel}","templated":true}]}}