{"id":1417,"date":"2015-01-06T20:55:02","date_gmt":"2015-01-06T20:55:02","guid":{"rendered":"http:\/\/www.boutiquekatag.com\/?page_id=1417"},"modified":"2015-01-09T01:41:02","modified_gmt":"2015-01-09T01:41:02","slug":"aventure-222","status":"publish","type":"page","link":"https:\/\/www.katag.ca\/en\/aventure-222\/","title":{"rendered":"Aventure 222"},"content":{"rendered":"<p>Mirandelle vous guide vers une salle \u00e0 d\u00eener ou vous vous assoyez. Plusieurs personnes mangent et discutent \u00e0 d\u2019autres tables et vous ne pouvez vous emp\u00eacher d\u2019\u00e9couter ce que les gens ont \u00e0 se dire. \u00ab  Moi c\u2019est sans contredit Tangaro\u2026 Ce jeune rejoindra sans doute les rangs professionnels bien avant l\u2019\u00e2ge normal! \u00bb \u00ab Comment? Akilonis? Il est bien trop intr\u00e9pide! \u00bb On vous apporte rapidement un copieux repas qui vous permet de reprendre des forces. Vous r\u00e9cup\u00e9rez tous vos points dans la cat\u00e9gorie attaque et devez faire les corrections n\u00e9cessaires sur votre feuille de route. Vous payez votre d\u00fb \u00e0 Mirandelle et devez d\u00e9duire deux points \u00e0 votre total dans la cat\u00e9gorie r\u00eaves. Vous \u00eates donc pr\u00eate \u00e0 continuer votre exploration, mais d\u00e9cidez de ne pas vous attarder dans ce quartier marchand plus longtemps.<\/p>\n<div class=\"btn-container  align-center\"><a class=\"organic-btn  dark-blue-btn small-btn  align-center\" href=\"http:\/\/www.katag.ca\/aventure-201\/\"><span class=\"btn-holder\">Cliquez ici pour continuer<\/span><\/a><\/div>\n","protected":false},"excerpt":{"rendered":"<p>Mirandelle vous guide vers une salle \u00e0 d\u00eener ou vous vous assoyez. Plusieurs personnes mangent et discutent \u00e0 d\u2019autres tables et vous ne pouvez vous emp\u00eacher d\u2019\u00e9couter ce que les gens ont \u00e0 se dire. \u00ab Moi c\u2019est sans contredit Tangaro\u2026 Ce jeune rejoindra sans doute les rangs professionnels bien avant l\u2019\u00e2ge normal! \u00bb \u00ab Comment? Akilonis? Il est bien trop intr\u00e9pide! \u00bb On vous apporte rapidement un copieux repas qui vous permet de reprendre des forces. Vous r\u00e9cup\u00e9rez tous vos points dans la cat\u00e9gorie attaque et devez&#8230;<\/p>\n","protected":false},"author":2,"featured_media":0,"parent":0,"menu_order":0,"comment_status":"closed","ping_status":"closed","template":"","meta":{"footnotes":""},"class_list":["post-1417","page","type-page","status-publish","hentry"],"yoast_head":"<!-- This site is optimized with the Yoast SEO plugin v27.5 - https:\/\/yoast.com\/product\/yoast-seo-wordpress\/ -->\n<title>Aventure 222 | Katag<\/title>\n<meta name=\"robots\" content=\"index, follow, max-snippet:-1, max-image-preview:large, max-video-preview:-1\" \/>\n<link rel=\"canonical\" href=\"https:\/\/www.katag.ca\/en\/aventure-222\/\" \/>\n<meta property=\"og:locale\" content=\"en_US\" \/>\n<meta property=\"og:type\" content=\"article\" \/>\n<meta property=\"og:title\" content=\"Aventure 222 | Katag\" \/>\n<meta property=\"og:description\" content=\"Mirandelle vous guide vers une salle \u00e0 d\u00eener ou vous vous assoyez. Plusieurs personnes mangent et discutent \u00e0 d\u2019autres tables et vous ne pouvez vous emp\u00eacher d\u2019\u00e9couter ce que les gens ont \u00e0 se dire. \u00ab Moi c\u2019est sans contredit Tangaro\u2026 Ce jeune rejoindra sans doute les rangs professionnels bien avant l\u2019\u00e2ge normal! \u00bb \u00ab Comment? Akilonis? Il est bien trop intr\u00e9pide! \u00bb On vous apporte rapidement un copieux repas qui vous permet de reprendre des forces. Vous r\u00e9cup\u00e9rez tous vos points dans la cat\u00e9gorie attaque et devez...\" \/>\n<meta property=\"og:url\" content=\"https:\/\/www.katag.ca\/en\/aventure-222\/\" \/>\n<meta property=\"og:site_name\" content=\"Katag\" \/>\n<meta property=\"article:publisher\" content=\"https:\/\/www.facebook.com\/Katag.ca\" \/>\n<meta property=\"article:modified_time\" content=\"2015-01-09T01:41:02+00:00\" \/>\n<meta name=\"twitter:card\" content=\"summary_large_image\" \/>\n<meta name=\"twitter:label1\" content=\"Est. reading time\" \/>\n\t<meta name=\"twitter:data1\" content=\"1 minute\" \/>\n<script type=\"application\/ld+json\" class=\"yoast-schema-graph\">{\"@context\":\"https:\\\/\\\/schema.org\",\"@graph\":[{\"@type\":\"WebPage\",\"@id\":\"https:\\\/\\\/www.katag.ca\\\/en\\\/aventure-222\\\/\",\"url\":\"https:\\\/\\\/www.katag.ca\\\/en\\\/aventure-222\\\/\",\"name\":\"Aventure 222 | Katag\",\"isPartOf\":{\"@id\":\"https:\\\/\\\/www.katag.ca\\\/#website\"},\"datePublished\":\"2015-01-06T20:55:02+00:00\",\"dateModified\":\"2015-01-09T01:41:02+00:00\",\"breadcrumb\":{\"@id\":\"https:\\\/\\\/www.katag.ca\\\/en\\\/aventure-222\\\/#breadcrumb\"},\"inLanguage\":\"en-US\",\"potentialAction\":[{\"@type\":\"ReadAction\",\"target\":[\"https:\\\/\\\/www.katag.ca\\\/en\\\/aventure-222\\\/\"]}]},{\"@type\":\"BreadcrumbList\",\"@id\":\"https:\\\/\\\/www.katag.ca\\\/en\\\/aventure-222\\\/#breadcrumb\",\"itemListElement\":[{\"@type\":\"ListItem\",\"position\":1,\"name\":\"Accueil\",\"item\":\"https:\\\/\\\/www.katag.ca\\\/\"},{\"@type\":\"ListItem\",\"position\":2,\"name\":\"Aventure 222\"}]},{\"@type\":\"WebSite\",\"@id\":\"https:\\\/\\\/www.katag.ca\\\/#website\",\"url\":\"https:\\\/\\\/www.katag.ca\\\/\",\"name\":\"Katag\",\"description\":\"LE jeu d'&eacute;p&eacute;es-mousse\",\"publisher\":{\"@id\":\"https:\\\/\\\/www.katag.ca\\\/#organization\"},\"potentialAction\":[{\"@type\":\"SearchAction\",\"target\":{\"@type\":\"EntryPoint\",\"urlTemplate\":\"https:\\\/\\\/www.katag.ca\\\/?s={search_term_string}\"},\"query-input\":{\"@type\":\"PropertyValueSpecification\",\"valueRequired\":true,\"valueName\":\"search_term_string\"}}],\"inLanguage\":\"en-US\"},{\"@type\":\"Organization\",\"@id\":\"https:\\\/\\\/www.katag.ca\\\/#organization\",\"name\":\"Katag\",\"url\":\"https:\\\/\\\/www.katag.ca\\\/\",\"logo\":{\"@type\":\"ImageObject\",\"inLanguage\":\"en-US\",\"@id\":\"https:\\\/\\\/www.katag.ca\\\/#\\\/schema\\\/logo\\\/image\\\/\",\"url\":\"https:\\\/\\\/www.katag.ca\\\/wp-content\\\/uploads\\\/2021\\\/03\\\/logo-fr.png\",\"contentUrl\":\"https:\\\/\\\/www.katag.ca\\\/wp-content\\\/uploads\\\/2021\\\/03\\\/logo-fr.png\",\"width\":338,\"height\":173,\"caption\":\"Katag\"},\"image\":{\"@id\":\"https:\\\/\\\/www.katag.ca\\\/#\\\/schema\\\/logo\\\/image\\\/\"},\"sameAs\":[\"https:\\\/\\\/www.facebook.com\\\/Katag.ca\"]}]}<\/script>\n<!-- \/ Yoast SEO plugin. -->","yoast_head_json":{"title":"Aventure 222 | Katag","robots":{"index":"index","follow":"follow","max-snippet":"max-snippet:-1","max-image-preview":"max-image-preview:large","max-video-preview":"max-video-preview:-1"},"canonical":"https:\/\/www.katag.ca\/en\/aventure-222\/","og_locale":"en_US","og_type":"article","og_title":"Aventure 222 | Katag","og_description":"Mirandelle vous guide vers une salle \u00e0 d\u00eener ou vous vous assoyez. Plusieurs personnes mangent et discutent \u00e0 d\u2019autres tables et vous ne pouvez vous emp\u00eacher d\u2019\u00e9couter ce que les gens ont \u00e0 se dire. \u00ab Moi c\u2019est sans contredit Tangaro\u2026 Ce jeune rejoindra sans doute les rangs professionnels bien avant l\u2019\u00e2ge normal! \u00bb \u00ab Comment? Akilonis? Il est bien trop intr\u00e9pide! \u00bb On vous apporte rapidement un copieux repas qui vous permet de reprendre des forces. Vous r\u00e9cup\u00e9rez tous vos points dans la cat\u00e9gorie attaque et devez...","og_url":"https:\/\/www.katag.ca\/en\/aventure-222\/","og_site_name":"Katag","article_publisher":"https:\/\/www.facebook.com\/Katag.ca","article_modified_time":"2015-01-09T01:41:02+00:00","twitter_card":"summary_large_image","twitter_misc":{"Est. reading time":"1 minute"},"schema":{"@context":"https:\/\/schema.org","@graph":[{"@type":"WebPage","@id":"https:\/\/www.katag.ca\/en\/aventure-222\/","url":"https:\/\/www.katag.ca\/en\/aventure-222\/","name":"Aventure 222 | Katag","isPartOf":{"@id":"https:\/\/www.katag.ca\/#website"},"datePublished":"2015-01-06T20:55:02+00:00","dateModified":"2015-01-09T01:41:02+00:00","breadcrumb":{"@id":"https:\/\/www.katag.ca\/en\/aventure-222\/#breadcrumb"},"inLanguage":"en-US","potentialAction":[{"@type":"ReadAction","target":["https:\/\/www.katag.ca\/en\/aventure-222\/"]}]},{"@type":"BreadcrumbList","@id":"https:\/\/www.katag.ca\/en\/aventure-222\/#breadcrumb","itemListElement":[{"@type":"ListItem","position":1,"name":"Accueil","item":"https:\/\/www.katag.ca\/"},{"@type":"ListItem","position":2,"name":"Aventure 222"}]},{"@type":"WebSite","@id":"https:\/\/www.katag.ca\/#website","url":"https:\/\/www.katag.ca\/","name":"Katag","description":"LE jeu d'&eacute;p&eacute;es-mousse","publisher":{"@id":"https:\/\/www.katag.ca\/#organization"},"potentialAction":[{"@type":"SearchAction","target":{"@type":"EntryPoint","urlTemplate":"https:\/\/www.katag.ca\/?s={search_term_string}"},"query-input":{"@type":"PropertyValueSpecification","valueRequired":true,"valueName":"search_term_string"}}],"inLanguage":"en-US"},{"@type":"Organization","@id":"https:\/\/www.katag.ca\/#organization","name":"Katag","url":"https:\/\/www.katag.ca\/","logo":{"@type":"ImageObject","inLanguage":"en-US","@id":"https:\/\/www.katag.ca\/#\/schema\/logo\/image\/","url":"https:\/\/www.katag.ca\/wp-content\/uploads\/2021\/03\/logo-fr.png","contentUrl":"https:\/\/www.katag.ca\/wp-content\/uploads\/2021\/03\/logo-fr.png","width":338,"height":173,"caption":"Katag"},"image":{"@id":"https:\/\/www.katag.ca\/#\/schema\/logo\/image\/"},"sameAs":["https:\/\/www.facebook.com\/Katag.ca"]}]}},"_links":{"self":[{"href":"https:\/\/www.katag.ca\/en\/wp-json\/wp\/v2\/pages\/1417","targetHints":{"allow":["GET"]}}],"collection":[{"href":"https:\/\/www.katag.ca\/en\/wp-json\/wp\/v2\/pages"}],"about":[{"href":"https:\/\/www.katag.ca\/en\/wp-json\/wp\/v2\/types\/page"}],"author":[{"embeddable":true,"href":"https:\/\/www.katag.ca\/en\/wp-json\/wp\/v2\/users\/2"}],"replies":[{"embeddable":true,"href":"https:\/\/www.katag.ca\/en\/wp-json\/wp\/v2\/comments?post=1417"}],"version-history":[{"count":2,"href":"https:\/\/www.katag.ca\/en\/wp-json\/wp\/v2\/pages\/1417\/revisions"}],"predecessor-version":[{"id":2067,"href":"https:\/\/www.katag.ca\/en\/wp-json\/wp\/v2\/pages\/1417\/revisions\/2067"}],"wp:attachment":[{"href":"https:\/\/www.katag.ca\/en\/wp-json\/wp\/v2\/media?parent=1417"}],"curies":[{"name":"wp","href":"https:\/\/api.w.org\/{rel}","templated":true}]}}