{"id":1419,"date":"2015-01-06T20:55:28","date_gmt":"2015-01-06T20:55:28","guid":{"rendered":"http:\/\/www.boutiquekatag.com\/?page_id=1419"},"modified":"2015-01-09T01:39:37","modified_gmt":"2015-01-09T01:39:37","slug":"aventure-223","status":"publish","type":"page","link":"https:\/\/www.katag.ca\/en\/aventure-223\/","title":{"rendered":"Aventure 223"},"content":{"rendered":"<p>Mirandelle vous dirige vers votre chambre \u00e0 coucher, qui n\u2019a rien de vraiment sp\u00e9cial. Par contre, le lit est douillet et vous vous endormez rapidement. \u00c0 votre r\u00e9veil, vous vous sentez en pleine forme! Vous r\u00e9cup\u00e9rez tous vos points d\u2019endurance. Vous pouvez donc faire les corrections n\u00e9cessaires sur votre feuille de route. Vous remercier Mirandelle et lui payez la somme due. Vous devez d\u00e9duire deux points de r\u00eaves de votre total sur votre feuille de route.<\/p>\n<p>Vous sortez ensuite de l\u2019auberge et \u00eates surpris de constater qu\u2019il fait encore nuit! Vous n\u2019arrivez pas \u00e0 vous expliquer ce ph\u00e9nom\u00e8ne, mais avez l\u2019impression que la vie \u00e0 Manifeste s\u2019\u00e9tait mise en pause pendant votre sommeil. Tout est comme avant que vous n\u2019entriez dans l\u2019auberge! Vous pouvez donc poursuivre votre exploration, mais d\u00e9cidez de ne pas vous attarder au march\u00e9 plus longtemps.<\/p>\n<div class=\"btn-container  align-center\"><a class=\"organic-btn  dark-blue-btn small-btn  align-center\" href=\"http:\/\/www.katag.ca\/aventure-201\/\"><span class=\"btn-holder\">Cliquez ici pour continuer<\/span><\/a><\/div>\n","protected":false},"excerpt":{"rendered":"<p>Mirandelle vous dirige vers votre chambre \u00e0 coucher, qui n\u2019a rien de vraiment sp\u00e9cial. Par contre, le lit est douillet et vous vous endormez rapidement. \u00c0 votre r\u00e9veil, vous vous sentez en pleine forme! Vous r\u00e9cup\u00e9rez tous vos points d\u2019endurance. Vous pouvez donc faire les corrections n\u00e9cessaires sur votre feuille de route. Vous remercier Mirandelle et lui payez la somme due. Vous devez d\u00e9duire deux points de r\u00eaves de votre total sur votre feuille de route. Vous sortez ensuite de l\u2019auberge et \u00eates surpris de constater qu\u2019il fait&#8230;<\/p>\n","protected":false},"author":2,"featured_media":0,"parent":0,"menu_order":0,"comment_status":"closed","ping_status":"closed","template":"","meta":{"footnotes":""},"class_list":["post-1419","page","type-page","status-publish","hentry"],"yoast_head":"<!-- This site is optimized with the Yoast SEO plugin v27.5 - https:\/\/yoast.com\/product\/yoast-seo-wordpress\/ -->\n<title>Aventure 223 | Katag<\/title>\n<meta name=\"robots\" content=\"index, follow, max-snippet:-1, max-image-preview:large, max-video-preview:-1\" \/>\n<link rel=\"canonical\" href=\"https:\/\/www.katag.ca\/aventure-223\/\" \/>\n<meta property=\"og:locale\" content=\"en_US\" \/>\n<meta property=\"og:type\" content=\"article\" \/>\n<meta property=\"og:title\" content=\"Aventure 223 | Katag\" \/>\n<meta property=\"og:description\" content=\"Mirandelle vous dirige vers votre chambre \u00e0 coucher, qui n\u2019a rien de vraiment sp\u00e9cial. Par contre, le lit est douillet et vous vous endormez rapidement. \u00c0 votre r\u00e9veil, vous vous sentez en pleine forme! Vous r\u00e9cup\u00e9rez tous vos points d\u2019endurance. Vous pouvez donc faire les corrections n\u00e9cessaires sur votre feuille de route. Vous remercier Mirandelle et lui payez la somme due. Vous devez d\u00e9duire deux points de r\u00eaves de votre total sur votre feuille de route. Vous sortez ensuite de l\u2019auberge et \u00eates surpris de constater qu\u2019il fait...\" \/>\n<meta property=\"og:url\" content=\"https:\/\/www.katag.ca\/aventure-223\/\" \/>\n<meta property=\"og:site_name\" content=\"Katag\" \/>\n<meta property=\"article:publisher\" content=\"https:\/\/www.facebook.com\/Katag.ca\" \/>\n<meta property=\"article:modified_time\" content=\"2015-01-09T01:39:37+00:00\" \/>\n<meta name=\"twitter:card\" content=\"summary_large_image\" \/>\n<meta name=\"twitter:label1\" content=\"Est. reading time\" \/>\n\t<meta name=\"twitter:data1\" content=\"1 minute\" \/>\n<script type=\"application\/ld+json\" class=\"yoast-schema-graph\">{\"@context\":\"https:\\\/\\\/schema.org\",\"@graph\":[{\"@type\":\"WebPage\",\"@id\":\"https:\\\/\\\/www.katag.ca\\\/aventure-223\\\/\",\"url\":\"https:\\\/\\\/www.katag.ca\\\/aventure-223\\\/\",\"name\":\"Aventure 223 | Katag\",\"isPartOf\":{\"@id\":\"https:\\\/\\\/www.katag.ca\\\/#website\"},\"datePublished\":\"2015-01-06T20:55:28+00:00\",\"dateModified\":\"2015-01-09T01:39:37+00:00\",\"breadcrumb\":{\"@id\":\"https:\\\/\\\/www.katag.ca\\\/aventure-223\\\/#breadcrumb\"},\"inLanguage\":\"en-US\",\"potentialAction\":[{\"@type\":\"ReadAction\",\"target\":[\"https:\\\/\\\/www.katag.ca\\\/aventure-223\\\/\"]}]},{\"@type\":\"BreadcrumbList\",\"@id\":\"https:\\\/\\\/www.katag.ca\\\/aventure-223\\\/#breadcrumb\",\"itemListElement\":[{\"@type\":\"ListItem\",\"position\":1,\"name\":\"Accueil\",\"item\":\"https:\\\/\\\/www.katag.ca\\\/\"},{\"@type\":\"ListItem\",\"position\":2,\"name\":\"Aventure 223\"}]},{\"@type\":\"WebSite\",\"@id\":\"https:\\\/\\\/www.katag.ca\\\/#website\",\"url\":\"https:\\\/\\\/www.katag.ca\\\/\",\"name\":\"Katag\",\"description\":\"LE jeu d'&eacute;p&eacute;es-mousse\",\"publisher\":{\"@id\":\"https:\\\/\\\/www.katag.ca\\\/#organization\"},\"potentialAction\":[{\"@type\":\"SearchAction\",\"target\":{\"@type\":\"EntryPoint\",\"urlTemplate\":\"https:\\\/\\\/www.katag.ca\\\/?s={search_term_string}\"},\"query-input\":{\"@type\":\"PropertyValueSpecification\",\"valueRequired\":true,\"valueName\":\"search_term_string\"}}],\"inLanguage\":\"en-US\"},{\"@type\":\"Organization\",\"@id\":\"https:\\\/\\\/www.katag.ca\\\/#organization\",\"name\":\"Katag\",\"url\":\"https:\\\/\\\/www.katag.ca\\\/\",\"logo\":{\"@type\":\"ImageObject\",\"inLanguage\":\"en-US\",\"@id\":\"https:\\\/\\\/www.katag.ca\\\/#\\\/schema\\\/logo\\\/image\\\/\",\"url\":\"https:\\\/\\\/www.katag.ca\\\/wp-content\\\/uploads\\\/2021\\\/03\\\/logo-fr.png\",\"contentUrl\":\"https:\\\/\\\/www.katag.ca\\\/wp-content\\\/uploads\\\/2021\\\/03\\\/logo-fr.png\",\"width\":338,\"height\":173,\"caption\":\"Katag\"},\"image\":{\"@id\":\"https:\\\/\\\/www.katag.ca\\\/#\\\/schema\\\/logo\\\/image\\\/\"},\"sameAs\":[\"https:\\\/\\\/www.facebook.com\\\/Katag.ca\"]}]}<\/script>\n<!-- \/ Yoast SEO plugin. -->","yoast_head_json":{"title":"Aventure 223 | Katag","robots":{"index":"index","follow":"follow","max-snippet":"max-snippet:-1","max-image-preview":"max-image-preview:large","max-video-preview":"max-video-preview:-1"},"canonical":"https:\/\/www.katag.ca\/aventure-223\/","og_locale":"en_US","og_type":"article","og_title":"Aventure 223 | Katag","og_description":"Mirandelle vous dirige vers votre chambre \u00e0 coucher, qui n\u2019a rien de vraiment sp\u00e9cial. Par contre, le lit est douillet et vous vous endormez rapidement. \u00c0 votre r\u00e9veil, vous vous sentez en pleine forme! Vous r\u00e9cup\u00e9rez tous vos points d\u2019endurance. Vous pouvez donc faire les corrections n\u00e9cessaires sur votre feuille de route. Vous remercier Mirandelle et lui payez la somme due. Vous devez d\u00e9duire deux points de r\u00eaves de votre total sur votre feuille de route. Vous sortez ensuite de l\u2019auberge et \u00eates surpris de constater qu\u2019il fait...","og_url":"https:\/\/www.katag.ca\/aventure-223\/","og_site_name":"Katag","article_publisher":"https:\/\/www.facebook.com\/Katag.ca","article_modified_time":"2015-01-09T01:39:37+00:00","twitter_card":"summary_large_image","twitter_misc":{"Est. reading time":"1 minute"},"schema":{"@context":"https:\/\/schema.org","@graph":[{"@type":"WebPage","@id":"https:\/\/www.katag.ca\/aventure-223\/","url":"https:\/\/www.katag.ca\/aventure-223\/","name":"Aventure 223 | Katag","isPartOf":{"@id":"https:\/\/www.katag.ca\/#website"},"datePublished":"2015-01-06T20:55:28+00:00","dateModified":"2015-01-09T01:39:37+00:00","breadcrumb":{"@id":"https:\/\/www.katag.ca\/aventure-223\/#breadcrumb"},"inLanguage":"en-US","potentialAction":[{"@type":"ReadAction","target":["https:\/\/www.katag.ca\/aventure-223\/"]}]},{"@type":"BreadcrumbList","@id":"https:\/\/www.katag.ca\/aventure-223\/#breadcrumb","itemListElement":[{"@type":"ListItem","position":1,"name":"Accueil","item":"https:\/\/www.katag.ca\/"},{"@type":"ListItem","position":2,"name":"Aventure 223"}]},{"@type":"WebSite","@id":"https:\/\/www.katag.ca\/#website","url":"https:\/\/www.katag.ca\/","name":"Katag","description":"LE jeu d'&eacute;p&eacute;es-mousse","publisher":{"@id":"https:\/\/www.katag.ca\/#organization"},"potentialAction":[{"@type":"SearchAction","target":{"@type":"EntryPoint","urlTemplate":"https:\/\/www.katag.ca\/?s={search_term_string}"},"query-input":{"@type":"PropertyValueSpecification","valueRequired":true,"valueName":"search_term_string"}}],"inLanguage":"en-US"},{"@type":"Organization","@id":"https:\/\/www.katag.ca\/#organization","name":"Katag","url":"https:\/\/www.katag.ca\/","logo":{"@type":"ImageObject","inLanguage":"en-US","@id":"https:\/\/www.katag.ca\/#\/schema\/logo\/image\/","url":"https:\/\/www.katag.ca\/wp-content\/uploads\/2021\/03\/logo-fr.png","contentUrl":"https:\/\/www.katag.ca\/wp-content\/uploads\/2021\/03\/logo-fr.png","width":338,"height":173,"caption":"Katag"},"image":{"@id":"https:\/\/www.katag.ca\/#\/schema\/logo\/image\/"},"sameAs":["https:\/\/www.facebook.com\/Katag.ca"]}]}},"_links":{"self":[{"href":"https:\/\/www.katag.ca\/en\/wp-json\/wp\/v2\/pages\/1419","targetHints":{"allow":["GET"]}}],"collection":[{"href":"https:\/\/www.katag.ca\/en\/wp-json\/wp\/v2\/pages"}],"about":[{"href":"https:\/\/www.katag.ca\/en\/wp-json\/wp\/v2\/types\/page"}],"author":[{"embeddable":true,"href":"https:\/\/www.katag.ca\/en\/wp-json\/wp\/v2\/users\/2"}],"replies":[{"embeddable":true,"href":"https:\/\/www.katag.ca\/en\/wp-json\/wp\/v2\/comments?post=1419"}],"version-history":[{"count":2,"href":"https:\/\/www.katag.ca\/en\/wp-json\/wp\/v2\/pages\/1419\/revisions"}],"predecessor-version":[{"id":2066,"href":"https:\/\/www.katag.ca\/en\/wp-json\/wp\/v2\/pages\/1419\/revisions\/2066"}],"wp:attachment":[{"href":"https:\/\/www.katag.ca\/en\/wp-json\/wp\/v2\/media?parent=1419"}],"curies":[{"name":"wp","href":"https:\/\/api.w.org\/{rel}","templated":true}]}}