{"id":1421,"date":"2015-01-06T20:55:46","date_gmt":"2015-01-06T20:55:46","guid":{"rendered":"http:\/\/www.boutiquekatag.com\/?page_id=1421"},"modified":"2015-01-09T01:41:44","modified_gmt":"2015-01-09T01:41:44","slug":"aventure-224","status":"publish","type":"page","link":"https:\/\/www.katag.ca\/en\/aventure-224\/","title":{"rendered":"Aventure 224"},"content":{"rendered":"<p>Vous vous retournez et constatez qu\u2019un cobra d\u2019au moins deux m\u00e8tres de long se trouve \u00e0 proximit\u00e9 de vous! Toutefois, vous remarquez quelque chose de tr\u00e8s \u00e9trange. Le cobra ne semble pas avoir d\u2019yeux! Que des trous sans fond! Vous avez la forte impression que ce serpent est en fait un cauchemar! Peut-\u00eatre celui que vous pourchassez! Alors que celui-ci fonce droit vers vous, vous d\u00e9gainez votre arme et \u00eates pr\u00eat \u00e0 l\u2019affronter.<\/p>\n<div class=\"btn-container  align-center\"><a class=\"organic-btn  dark-blue-btn small-btn  align-center\" href=\"http:\/\/www.katag.ca\/aventure-250\/\"><span class=\"btn-holder\">Cliquez ici pour continuer<\/span><\/a><\/div>\n","protected":false},"excerpt":{"rendered":"<p>Vous vous retournez et constatez qu\u2019un cobra d\u2019au moins deux m\u00e8tres de long se trouve \u00e0 proximit\u00e9 de vous! Toutefois, vous remarquez quelque chose de tr\u00e8s \u00e9trange. Le cobra ne semble pas avoir d\u2019yeux! Que des trous sans fond! Vous avez la forte impression que ce serpent est en fait un cauchemar! Peut-\u00eatre celui que vous pourchassez! Alors que celui-ci fonce droit vers vous, vous d\u00e9gainez votre arme et \u00eates pr\u00eat \u00e0 l\u2019affronter.<\/p>\n","protected":false},"author":2,"featured_media":0,"parent":0,"menu_order":0,"comment_status":"closed","ping_status":"closed","template":"","meta":{"footnotes":""},"class_list":["post-1421","page","type-page","status-publish","hentry"],"yoast_head":"<!-- This site is optimized with the Yoast SEO plugin v27.5 - https:\/\/yoast.com\/product\/yoast-seo-wordpress\/ -->\n<title>Aventure 224 | Katag<\/title>\n<meta name=\"robots\" content=\"index, follow, max-snippet:-1, max-image-preview:large, max-video-preview:-1\" \/>\n<link rel=\"canonical\" href=\"https:\/\/www.katag.ca\/aventure-224\/\" \/>\n<meta property=\"og:locale\" content=\"en_US\" \/>\n<meta property=\"og:type\" content=\"article\" \/>\n<meta property=\"og:title\" content=\"Aventure 224 | Katag\" \/>\n<meta property=\"og:description\" content=\"Vous vous retournez et constatez qu\u2019un cobra d\u2019au moins deux m\u00e8tres de long se trouve \u00e0 proximit\u00e9 de vous! Toutefois, vous remarquez quelque chose de tr\u00e8s \u00e9trange. Le cobra ne semble pas avoir d\u2019yeux! Que des trous sans fond! Vous avez la forte impression que ce serpent est en fait un cauchemar! Peut-\u00eatre celui que vous pourchassez! Alors que celui-ci fonce droit vers vous, vous d\u00e9gainez votre arme et \u00eates pr\u00eat \u00e0 l\u2019affronter.\" \/>\n<meta property=\"og:url\" content=\"https:\/\/www.katag.ca\/aventure-224\/\" \/>\n<meta property=\"og:site_name\" content=\"Katag\" \/>\n<meta property=\"article:publisher\" content=\"https:\/\/www.facebook.com\/Katag.ca\" \/>\n<meta property=\"article:modified_time\" content=\"2015-01-09T01:41:44+00:00\" \/>\n<meta name=\"twitter:card\" content=\"summary_large_image\" \/>\n<script type=\"application\/ld+json\" class=\"yoast-schema-graph\">{\"@context\":\"https:\\\/\\\/schema.org\",\"@graph\":[{\"@type\":\"WebPage\",\"@id\":\"https:\\\/\\\/www.katag.ca\\\/aventure-224\\\/\",\"url\":\"https:\\\/\\\/www.katag.ca\\\/aventure-224\\\/\",\"name\":\"Aventure 224 | Katag\",\"isPartOf\":{\"@id\":\"https:\\\/\\\/www.katag.ca\\\/#website\"},\"datePublished\":\"2015-01-06T20:55:46+00:00\",\"dateModified\":\"2015-01-09T01:41:44+00:00\",\"breadcrumb\":{\"@id\":\"https:\\\/\\\/www.katag.ca\\\/aventure-224\\\/#breadcrumb\"},\"inLanguage\":\"en-US\",\"potentialAction\":[{\"@type\":\"ReadAction\",\"target\":[\"https:\\\/\\\/www.katag.ca\\\/aventure-224\\\/\"]}]},{\"@type\":\"BreadcrumbList\",\"@id\":\"https:\\\/\\\/www.katag.ca\\\/aventure-224\\\/#breadcrumb\",\"itemListElement\":[{\"@type\":\"ListItem\",\"position\":1,\"name\":\"Accueil\",\"item\":\"https:\\\/\\\/www.katag.ca\\\/\"},{\"@type\":\"ListItem\",\"position\":2,\"name\":\"Aventure 224\"}]},{\"@type\":\"WebSite\",\"@id\":\"https:\\\/\\\/www.katag.ca\\\/#website\",\"url\":\"https:\\\/\\\/www.katag.ca\\\/\",\"name\":\"Katag\",\"description\":\"LE jeu d'&eacute;p&eacute;es-mousse\",\"publisher\":{\"@id\":\"https:\\\/\\\/www.katag.ca\\\/#organization\"},\"potentialAction\":[{\"@type\":\"SearchAction\",\"target\":{\"@type\":\"EntryPoint\",\"urlTemplate\":\"https:\\\/\\\/www.katag.ca\\\/?s={search_term_string}\"},\"query-input\":{\"@type\":\"PropertyValueSpecification\",\"valueRequired\":true,\"valueName\":\"search_term_string\"}}],\"inLanguage\":\"en-US\"},{\"@type\":\"Organization\",\"@id\":\"https:\\\/\\\/www.katag.ca\\\/#organization\",\"name\":\"Katag\",\"url\":\"https:\\\/\\\/www.katag.ca\\\/\",\"logo\":{\"@type\":\"ImageObject\",\"inLanguage\":\"en-US\",\"@id\":\"https:\\\/\\\/www.katag.ca\\\/#\\\/schema\\\/logo\\\/image\\\/\",\"url\":\"https:\\\/\\\/www.katag.ca\\\/wp-content\\\/uploads\\\/2021\\\/03\\\/logo-fr.png\",\"contentUrl\":\"https:\\\/\\\/www.katag.ca\\\/wp-content\\\/uploads\\\/2021\\\/03\\\/logo-fr.png\",\"width\":338,\"height\":173,\"caption\":\"Katag\"},\"image\":{\"@id\":\"https:\\\/\\\/www.katag.ca\\\/#\\\/schema\\\/logo\\\/image\\\/\"},\"sameAs\":[\"https:\\\/\\\/www.facebook.com\\\/Katag.ca\"]}]}<\/script>\n<!-- \/ Yoast SEO plugin. -->","yoast_head_json":{"title":"Aventure 224 | Katag","robots":{"index":"index","follow":"follow","max-snippet":"max-snippet:-1","max-image-preview":"max-image-preview:large","max-video-preview":"max-video-preview:-1"},"canonical":"https:\/\/www.katag.ca\/aventure-224\/","og_locale":"en_US","og_type":"article","og_title":"Aventure 224 | Katag","og_description":"Vous vous retournez et constatez qu\u2019un cobra d\u2019au moins deux m\u00e8tres de long se trouve \u00e0 proximit\u00e9 de vous! Toutefois, vous remarquez quelque chose de tr\u00e8s \u00e9trange. Le cobra ne semble pas avoir d\u2019yeux! Que des trous sans fond! Vous avez la forte impression que ce serpent est en fait un cauchemar! Peut-\u00eatre celui que vous pourchassez! Alors que celui-ci fonce droit vers vous, vous d\u00e9gainez votre arme et \u00eates pr\u00eat \u00e0 l\u2019affronter.","og_url":"https:\/\/www.katag.ca\/aventure-224\/","og_site_name":"Katag","article_publisher":"https:\/\/www.facebook.com\/Katag.ca","article_modified_time":"2015-01-09T01:41:44+00:00","twitter_card":"summary_large_image","schema":{"@context":"https:\/\/schema.org","@graph":[{"@type":"WebPage","@id":"https:\/\/www.katag.ca\/aventure-224\/","url":"https:\/\/www.katag.ca\/aventure-224\/","name":"Aventure 224 | Katag","isPartOf":{"@id":"https:\/\/www.katag.ca\/#website"},"datePublished":"2015-01-06T20:55:46+00:00","dateModified":"2015-01-09T01:41:44+00:00","breadcrumb":{"@id":"https:\/\/www.katag.ca\/aventure-224\/#breadcrumb"},"inLanguage":"en-US","potentialAction":[{"@type":"ReadAction","target":["https:\/\/www.katag.ca\/aventure-224\/"]}]},{"@type":"BreadcrumbList","@id":"https:\/\/www.katag.ca\/aventure-224\/#breadcrumb","itemListElement":[{"@type":"ListItem","position":1,"name":"Accueil","item":"https:\/\/www.katag.ca\/"},{"@type":"ListItem","position":2,"name":"Aventure 224"}]},{"@type":"WebSite","@id":"https:\/\/www.katag.ca\/#website","url":"https:\/\/www.katag.ca\/","name":"Katag","description":"LE jeu d'&eacute;p&eacute;es-mousse","publisher":{"@id":"https:\/\/www.katag.ca\/#organization"},"potentialAction":[{"@type":"SearchAction","target":{"@type":"EntryPoint","urlTemplate":"https:\/\/www.katag.ca\/?s={search_term_string}"},"query-input":{"@type":"PropertyValueSpecification","valueRequired":true,"valueName":"search_term_string"}}],"inLanguage":"en-US"},{"@type":"Organization","@id":"https:\/\/www.katag.ca\/#organization","name":"Katag","url":"https:\/\/www.katag.ca\/","logo":{"@type":"ImageObject","inLanguage":"en-US","@id":"https:\/\/www.katag.ca\/#\/schema\/logo\/image\/","url":"https:\/\/www.katag.ca\/wp-content\/uploads\/2021\/03\/logo-fr.png","contentUrl":"https:\/\/www.katag.ca\/wp-content\/uploads\/2021\/03\/logo-fr.png","width":338,"height":173,"caption":"Katag"},"image":{"@id":"https:\/\/www.katag.ca\/#\/schema\/logo\/image\/"},"sameAs":["https:\/\/www.facebook.com\/Katag.ca"]}]}},"_links":{"self":[{"href":"https:\/\/www.katag.ca\/en\/wp-json\/wp\/v2\/pages\/1421","targetHints":{"allow":["GET"]}}],"collection":[{"href":"https:\/\/www.katag.ca\/en\/wp-json\/wp\/v2\/pages"}],"about":[{"href":"https:\/\/www.katag.ca\/en\/wp-json\/wp\/v2\/types\/page"}],"author":[{"embeddable":true,"href":"https:\/\/www.katag.ca\/en\/wp-json\/wp\/v2\/users\/2"}],"replies":[{"embeddable":true,"href":"https:\/\/www.katag.ca\/en\/wp-json\/wp\/v2\/comments?post=1421"}],"version-history":[{"count":2,"href":"https:\/\/www.katag.ca\/en\/wp-json\/wp\/v2\/pages\/1421\/revisions"}],"predecessor-version":[{"id":2068,"href":"https:\/\/www.katag.ca\/en\/wp-json\/wp\/v2\/pages\/1421\/revisions\/2068"}],"wp:attachment":[{"href":"https:\/\/www.katag.ca\/en\/wp-json\/wp\/v2\/media?parent=1421"}],"curies":[{"name":"wp","href":"https:\/\/api.w.org\/{rel}","templated":true}]}}