{"id":1427,"date":"2015-01-06T20:57:07","date_gmt":"2015-01-06T20:57:07","guid":{"rendered":"http:\/\/www.boutiquekatag.com\/?page_id=1427"},"modified":"2015-01-09T01:36:10","modified_gmt":"2015-01-09T01:36:10","slug":"aventure-227","status":"publish","type":"page","link":"https:\/\/www.katag.ca\/en\/aventure-227\/","title":{"rendered":"Aventure 227"},"content":{"rendered":"<p>Vous prenez la gauche et poursuivez sur une distance d\u2019environ cent m\u00e8tres avant de vous trouver \u00e0 nouveau \u00e0 une intersection. Sur votre gauche, vous pouvez distinguer que le sentier semble aller en s\u2019\u00e9largissant alors que celui de droite ne vous offre rien de particuli\u00e8rement visible. Qu\u2019allez-vous faire?<\/p>\n<div class=\"btn-container  align-center\"><a class=\"organic-btn  dark-blue-btn small-btn  align-center\" href=\"http:\/\/www.katag.ca\/aventure-253\/\"><span class=\"btn-holder\">Vous d\u00e9sirez prendre la gauche<\/span><\/a><\/div>\n<div class=\"btn-container  align-center\"><a class=\"organic-btn  dark-blue-btn small-btn  align-center\" href=\"http:\/\/www.katag.ca\/aventure-254\/\"><span class=\"btn-holder\">Vous pr\u00e9f\u00e9rez prendre la droite<\/span><\/a><\/div>\n","protected":false},"excerpt":{"rendered":"<p>Vous prenez la gauche et poursuivez sur une distance d\u2019environ cent m\u00e8tres avant de vous trouver \u00e0 nouveau \u00e0 une intersection. Sur votre gauche, vous pouvez distinguer que le sentier semble aller en s\u2019\u00e9largissant alors que celui de droite ne vous offre rien de particuli\u00e8rement visible. Qu\u2019allez-vous faire?<\/p>\n","protected":false},"author":2,"featured_media":0,"parent":0,"menu_order":0,"comment_status":"closed","ping_status":"closed","template":"","meta":{"footnotes":""},"class_list":["post-1427","page","type-page","status-publish","hentry"],"yoast_head":"<!-- This site is optimized with the Yoast SEO plugin v27.5 - https:\/\/yoast.com\/product\/yoast-seo-wordpress\/ -->\n<title>Aventure 227 | Katag<\/title>\n<meta name=\"robots\" content=\"index, follow, max-snippet:-1, max-image-preview:large, max-video-preview:-1\" \/>\n<link rel=\"canonical\" href=\"https:\/\/www.katag.ca\/aventure-227\/\" \/>\n<meta property=\"og:locale\" content=\"en_US\" \/>\n<meta property=\"og:type\" content=\"article\" \/>\n<meta property=\"og:title\" content=\"Aventure 227 | Katag\" \/>\n<meta property=\"og:description\" content=\"Vous prenez la gauche et poursuivez sur une distance d\u2019environ cent m\u00e8tres avant de vous trouver \u00e0 nouveau \u00e0 une intersection. Sur votre gauche, vous pouvez distinguer que le sentier semble aller en s\u2019\u00e9largissant alors que celui de droite ne vous offre rien de particuli\u00e8rement visible. Qu\u2019allez-vous faire?\" \/>\n<meta property=\"og:url\" content=\"https:\/\/www.katag.ca\/aventure-227\/\" \/>\n<meta property=\"og:site_name\" content=\"Katag\" \/>\n<meta property=\"article:publisher\" content=\"https:\/\/www.facebook.com\/Katag.ca\" \/>\n<meta property=\"article:modified_time\" content=\"2015-01-09T01:36:10+00:00\" \/>\n<meta name=\"twitter:card\" content=\"summary_large_image\" \/>\n<script type=\"application\/ld+json\" class=\"yoast-schema-graph\">{\"@context\":\"https:\\\/\\\/schema.org\",\"@graph\":[{\"@type\":\"WebPage\",\"@id\":\"https:\\\/\\\/www.katag.ca\\\/aventure-227\\\/\",\"url\":\"https:\\\/\\\/www.katag.ca\\\/aventure-227\\\/\",\"name\":\"Aventure 227 | Katag\",\"isPartOf\":{\"@id\":\"https:\\\/\\\/www.katag.ca\\\/#website\"},\"datePublished\":\"2015-01-06T20:57:07+00:00\",\"dateModified\":\"2015-01-09T01:36:10+00:00\",\"breadcrumb\":{\"@id\":\"https:\\\/\\\/www.katag.ca\\\/aventure-227\\\/#breadcrumb\"},\"inLanguage\":\"en-US\",\"potentialAction\":[{\"@type\":\"ReadAction\",\"target\":[\"https:\\\/\\\/www.katag.ca\\\/aventure-227\\\/\"]}]},{\"@type\":\"BreadcrumbList\",\"@id\":\"https:\\\/\\\/www.katag.ca\\\/aventure-227\\\/#breadcrumb\",\"itemListElement\":[{\"@type\":\"ListItem\",\"position\":1,\"name\":\"Accueil\",\"item\":\"https:\\\/\\\/www.katag.ca\\\/\"},{\"@type\":\"ListItem\",\"position\":2,\"name\":\"Aventure 227\"}]},{\"@type\":\"WebSite\",\"@id\":\"https:\\\/\\\/www.katag.ca\\\/#website\",\"url\":\"https:\\\/\\\/www.katag.ca\\\/\",\"name\":\"Katag\",\"description\":\"LE jeu d'&eacute;p&eacute;es-mousse\",\"publisher\":{\"@id\":\"https:\\\/\\\/www.katag.ca\\\/#organization\"},\"potentialAction\":[{\"@type\":\"SearchAction\",\"target\":{\"@type\":\"EntryPoint\",\"urlTemplate\":\"https:\\\/\\\/www.katag.ca\\\/?s={search_term_string}\"},\"query-input\":{\"@type\":\"PropertyValueSpecification\",\"valueRequired\":true,\"valueName\":\"search_term_string\"}}],\"inLanguage\":\"en-US\"},{\"@type\":\"Organization\",\"@id\":\"https:\\\/\\\/www.katag.ca\\\/#organization\",\"name\":\"Katag\",\"url\":\"https:\\\/\\\/www.katag.ca\\\/\",\"logo\":{\"@type\":\"ImageObject\",\"inLanguage\":\"en-US\",\"@id\":\"https:\\\/\\\/www.katag.ca\\\/#\\\/schema\\\/logo\\\/image\\\/\",\"url\":\"https:\\\/\\\/www.katag.ca\\\/wp-content\\\/uploads\\\/2021\\\/03\\\/logo-fr.png\",\"contentUrl\":\"https:\\\/\\\/www.katag.ca\\\/wp-content\\\/uploads\\\/2021\\\/03\\\/logo-fr.png\",\"width\":338,\"height\":173,\"caption\":\"Katag\"},\"image\":{\"@id\":\"https:\\\/\\\/www.katag.ca\\\/#\\\/schema\\\/logo\\\/image\\\/\"},\"sameAs\":[\"https:\\\/\\\/www.facebook.com\\\/Katag.ca\"]}]}<\/script>\n<!-- \/ Yoast SEO plugin. -->","yoast_head_json":{"title":"Aventure 227 | Katag","robots":{"index":"index","follow":"follow","max-snippet":"max-snippet:-1","max-image-preview":"max-image-preview:large","max-video-preview":"max-video-preview:-1"},"canonical":"https:\/\/www.katag.ca\/aventure-227\/","og_locale":"en_US","og_type":"article","og_title":"Aventure 227 | Katag","og_description":"Vous prenez la gauche et poursuivez sur une distance d\u2019environ cent m\u00e8tres avant de vous trouver \u00e0 nouveau \u00e0 une intersection. Sur votre gauche, vous pouvez distinguer que le sentier semble aller en s\u2019\u00e9largissant alors que celui de droite ne vous offre rien de particuli\u00e8rement visible. Qu\u2019allez-vous faire?","og_url":"https:\/\/www.katag.ca\/aventure-227\/","og_site_name":"Katag","article_publisher":"https:\/\/www.facebook.com\/Katag.ca","article_modified_time":"2015-01-09T01:36:10+00:00","twitter_card":"summary_large_image","schema":{"@context":"https:\/\/schema.org","@graph":[{"@type":"WebPage","@id":"https:\/\/www.katag.ca\/aventure-227\/","url":"https:\/\/www.katag.ca\/aventure-227\/","name":"Aventure 227 | Katag","isPartOf":{"@id":"https:\/\/www.katag.ca\/#website"},"datePublished":"2015-01-06T20:57:07+00:00","dateModified":"2015-01-09T01:36:10+00:00","breadcrumb":{"@id":"https:\/\/www.katag.ca\/aventure-227\/#breadcrumb"},"inLanguage":"en-US","potentialAction":[{"@type":"ReadAction","target":["https:\/\/www.katag.ca\/aventure-227\/"]}]},{"@type":"BreadcrumbList","@id":"https:\/\/www.katag.ca\/aventure-227\/#breadcrumb","itemListElement":[{"@type":"ListItem","position":1,"name":"Accueil","item":"https:\/\/www.katag.ca\/"},{"@type":"ListItem","position":2,"name":"Aventure 227"}]},{"@type":"WebSite","@id":"https:\/\/www.katag.ca\/#website","url":"https:\/\/www.katag.ca\/","name":"Katag","description":"LE jeu d'&eacute;p&eacute;es-mousse","publisher":{"@id":"https:\/\/www.katag.ca\/#organization"},"potentialAction":[{"@type":"SearchAction","target":{"@type":"EntryPoint","urlTemplate":"https:\/\/www.katag.ca\/?s={search_term_string}"},"query-input":{"@type":"PropertyValueSpecification","valueRequired":true,"valueName":"search_term_string"}}],"inLanguage":"en-US"},{"@type":"Organization","@id":"https:\/\/www.katag.ca\/#organization","name":"Katag","url":"https:\/\/www.katag.ca\/","logo":{"@type":"ImageObject","inLanguage":"en-US","@id":"https:\/\/www.katag.ca\/#\/schema\/logo\/image\/","url":"https:\/\/www.katag.ca\/wp-content\/uploads\/2021\/03\/logo-fr.png","contentUrl":"https:\/\/www.katag.ca\/wp-content\/uploads\/2021\/03\/logo-fr.png","width":338,"height":173,"caption":"Katag"},"image":{"@id":"https:\/\/www.katag.ca\/#\/schema\/logo\/image\/"},"sameAs":["https:\/\/www.facebook.com\/Katag.ca"]}]}},"_links":{"self":[{"href":"https:\/\/www.katag.ca\/en\/wp-json\/wp\/v2\/pages\/1427","targetHints":{"allow":["GET"]}}],"collection":[{"href":"https:\/\/www.katag.ca\/en\/wp-json\/wp\/v2\/pages"}],"about":[{"href":"https:\/\/www.katag.ca\/en\/wp-json\/wp\/v2\/types\/page"}],"author":[{"embeddable":true,"href":"https:\/\/www.katag.ca\/en\/wp-json\/wp\/v2\/users\/2"}],"replies":[{"embeddable":true,"href":"https:\/\/www.katag.ca\/en\/wp-json\/wp\/v2\/comments?post=1427"}],"version-history":[{"count":2,"href":"https:\/\/www.katag.ca\/en\/wp-json\/wp\/v2\/pages\/1427\/revisions"}],"predecessor-version":[{"id":2060,"href":"https:\/\/www.katag.ca\/en\/wp-json\/wp\/v2\/pages\/1427\/revisions\/2060"}],"wp:attachment":[{"href":"https:\/\/www.katag.ca\/en\/wp-json\/wp\/v2\/media?parent=1427"}],"curies":[{"name":"wp","href":"https:\/\/api.w.org\/{rel}","templated":true}]}}