{"id":1431,"date":"2015-01-06T20:58:15","date_gmt":"2015-01-06T20:58:15","guid":{"rendered":"http:\/\/www.boutiquekatag.com\/?page_id=1431"},"modified":"2015-01-09T00:02:44","modified_gmt":"2015-01-09T00:02:44","slug":"aventure-229","status":"publish","type":"page","link":"https:\/\/www.katag.ca\/en\/aventure-229\/","title":{"rendered":"Aventure 229"},"content":{"rendered":"<p>Vous avancez sur le quai, qui semble \u00eatre tr\u00e8s solide et vous rendez tranquillement vers le bout, en direction de la barque. En regardant au loin, vous avez l\u2019impression qu\u2019\u00e0 l\u2019oppos\u00e9 du lieu o\u00f9 vous vous trouvez, il semble y avoir un port maritime, mais \u00e0 une distance trop grande pour que vous en soyez absolument certain. Vous avez un go\u00fbt presque irr\u00e9sistible de prendre la barque et d\u2019aller y faire un tour. Vous ne pouvez toutefois pas expliquer cette envie soudaine\u2026 Qu\u2019allez-vous faire?<\/p>\n<div class=\"btn-container  align-center\"><a class=\"organic-btn  dark-blue-btn small-btn  align-center\" href=\"http:\/\/www.katag.ca\/aventure-259\/\"><span class=\"btn-holder\">Vous d\u00e9sirez prendre la barque et aller y faire un tour<\/span><\/a><\/div>\n<div class=\"btn-container  align-center\"><a class=\"organic-btn  dark-blue-btn small-btn  align-center\" href=\"http:\/\/www.katag.ca\/aventure-204\/\"><span class=\"btn-holder\">Vous pr\u00e9f\u00e9rez continuer votre chemin<\/span><\/a><\/div>\n","protected":false},"excerpt":{"rendered":"<p>Vous avancez sur le quai, qui semble \u00eatre tr\u00e8s solide et vous rendez tranquillement vers le bout, en direction de la barque. En regardant au loin, vous avez l\u2019impression qu\u2019\u00e0 l\u2019oppos\u00e9 du lieu o\u00f9 vous vous trouvez, il semble y avoir un port maritime, mais \u00e0 une distance trop grande pour que vous en soyez absolument certain. Vous avez un go\u00fbt presque irr\u00e9sistible de prendre la barque et d\u2019aller y faire un tour. Vous ne pouvez toutefois pas expliquer cette envie soudaine\u2026 Qu\u2019allez-vous faire?<\/p>\n","protected":false},"author":2,"featured_media":0,"parent":0,"menu_order":0,"comment_status":"closed","ping_status":"closed","template":"","meta":{"footnotes":""},"class_list":["post-1431","page","type-page","status-publish","hentry"],"yoast_head":"<!-- This site is optimized with the Yoast SEO plugin v27.5 - https:\/\/yoast.com\/product\/yoast-seo-wordpress\/ -->\n<title>Aventure 229 | Katag<\/title>\n<meta name=\"robots\" content=\"index, follow, max-snippet:-1, max-image-preview:large, max-video-preview:-1\" \/>\n<link rel=\"canonical\" href=\"https:\/\/www.katag.ca\/aventure-229\/\" \/>\n<meta property=\"og:locale\" content=\"en_US\" \/>\n<meta property=\"og:type\" content=\"article\" \/>\n<meta property=\"og:title\" content=\"Aventure 229 | Katag\" \/>\n<meta property=\"og:description\" content=\"Vous avancez sur le quai, qui semble \u00eatre tr\u00e8s solide et vous rendez tranquillement vers le bout, en direction de la barque. En regardant au loin, vous avez l\u2019impression qu\u2019\u00e0 l\u2019oppos\u00e9 du lieu o\u00f9 vous vous trouvez, il semble y avoir un port maritime, mais \u00e0 une distance trop grande pour que vous en soyez absolument certain. Vous avez un go\u00fbt presque irr\u00e9sistible de prendre la barque et d\u2019aller y faire un tour. Vous ne pouvez toutefois pas expliquer cette envie soudaine\u2026 Qu\u2019allez-vous faire?\" \/>\n<meta property=\"og:url\" content=\"https:\/\/www.katag.ca\/aventure-229\/\" \/>\n<meta property=\"og:site_name\" content=\"Katag\" \/>\n<meta property=\"article:publisher\" content=\"https:\/\/www.facebook.com\/Katag.ca\" \/>\n<meta property=\"article:modified_time\" content=\"2015-01-09T00:02:44+00:00\" \/>\n<meta name=\"twitter:card\" content=\"summary_large_image\" \/>\n<meta name=\"twitter:label1\" content=\"Est. reading time\" \/>\n\t<meta name=\"twitter:data1\" content=\"1 minute\" \/>\n<script type=\"application\/ld+json\" class=\"yoast-schema-graph\">{\"@context\":\"https:\\\/\\\/schema.org\",\"@graph\":[{\"@type\":\"WebPage\",\"@id\":\"https:\\\/\\\/www.katag.ca\\\/aventure-229\\\/\",\"url\":\"https:\\\/\\\/www.katag.ca\\\/aventure-229\\\/\",\"name\":\"Aventure 229 | Katag\",\"isPartOf\":{\"@id\":\"https:\\\/\\\/www.katag.ca\\\/#website\"},\"datePublished\":\"2015-01-06T20:58:15+00:00\",\"dateModified\":\"2015-01-09T00:02:44+00:00\",\"breadcrumb\":{\"@id\":\"https:\\\/\\\/www.katag.ca\\\/aventure-229\\\/#breadcrumb\"},\"inLanguage\":\"en-US\",\"potentialAction\":[{\"@type\":\"ReadAction\",\"target\":[\"https:\\\/\\\/www.katag.ca\\\/aventure-229\\\/\"]}]},{\"@type\":\"BreadcrumbList\",\"@id\":\"https:\\\/\\\/www.katag.ca\\\/aventure-229\\\/#breadcrumb\",\"itemListElement\":[{\"@type\":\"ListItem\",\"position\":1,\"name\":\"Accueil\",\"item\":\"https:\\\/\\\/www.katag.ca\\\/\"},{\"@type\":\"ListItem\",\"position\":2,\"name\":\"Aventure 229\"}]},{\"@type\":\"WebSite\",\"@id\":\"https:\\\/\\\/www.katag.ca\\\/#website\",\"url\":\"https:\\\/\\\/www.katag.ca\\\/\",\"name\":\"Katag\",\"description\":\"LE jeu d'&eacute;p&eacute;es-mousse\",\"publisher\":{\"@id\":\"https:\\\/\\\/www.katag.ca\\\/#organization\"},\"potentialAction\":[{\"@type\":\"SearchAction\",\"target\":{\"@type\":\"EntryPoint\",\"urlTemplate\":\"https:\\\/\\\/www.katag.ca\\\/?s={search_term_string}\"},\"query-input\":{\"@type\":\"PropertyValueSpecification\",\"valueRequired\":true,\"valueName\":\"search_term_string\"}}],\"inLanguage\":\"en-US\"},{\"@type\":\"Organization\",\"@id\":\"https:\\\/\\\/www.katag.ca\\\/#organization\",\"name\":\"Katag\",\"url\":\"https:\\\/\\\/www.katag.ca\\\/\",\"logo\":{\"@type\":\"ImageObject\",\"inLanguage\":\"en-US\",\"@id\":\"https:\\\/\\\/www.katag.ca\\\/#\\\/schema\\\/logo\\\/image\\\/\",\"url\":\"https:\\\/\\\/www.katag.ca\\\/wp-content\\\/uploads\\\/2021\\\/03\\\/logo-fr.png\",\"contentUrl\":\"https:\\\/\\\/www.katag.ca\\\/wp-content\\\/uploads\\\/2021\\\/03\\\/logo-fr.png\",\"width\":338,\"height\":173,\"caption\":\"Katag\"},\"image\":{\"@id\":\"https:\\\/\\\/www.katag.ca\\\/#\\\/schema\\\/logo\\\/image\\\/\"},\"sameAs\":[\"https:\\\/\\\/www.facebook.com\\\/Katag.ca\"]}]}<\/script>\n<!-- \/ Yoast SEO plugin. -->","yoast_head_json":{"title":"Aventure 229 | Katag","robots":{"index":"index","follow":"follow","max-snippet":"max-snippet:-1","max-image-preview":"max-image-preview:large","max-video-preview":"max-video-preview:-1"},"canonical":"https:\/\/www.katag.ca\/aventure-229\/","og_locale":"en_US","og_type":"article","og_title":"Aventure 229 | Katag","og_description":"Vous avancez sur le quai, qui semble \u00eatre tr\u00e8s solide et vous rendez tranquillement vers le bout, en direction de la barque. En regardant au loin, vous avez l\u2019impression qu\u2019\u00e0 l\u2019oppos\u00e9 du lieu o\u00f9 vous vous trouvez, il semble y avoir un port maritime, mais \u00e0 une distance trop grande pour que vous en soyez absolument certain. Vous avez un go\u00fbt presque irr\u00e9sistible de prendre la barque et d\u2019aller y faire un tour. Vous ne pouvez toutefois pas expliquer cette envie soudaine\u2026 Qu\u2019allez-vous faire?","og_url":"https:\/\/www.katag.ca\/aventure-229\/","og_site_name":"Katag","article_publisher":"https:\/\/www.facebook.com\/Katag.ca","article_modified_time":"2015-01-09T00:02:44+00:00","twitter_card":"summary_large_image","twitter_misc":{"Est. reading time":"1 minute"},"schema":{"@context":"https:\/\/schema.org","@graph":[{"@type":"WebPage","@id":"https:\/\/www.katag.ca\/aventure-229\/","url":"https:\/\/www.katag.ca\/aventure-229\/","name":"Aventure 229 | Katag","isPartOf":{"@id":"https:\/\/www.katag.ca\/#website"},"datePublished":"2015-01-06T20:58:15+00:00","dateModified":"2015-01-09T00:02:44+00:00","breadcrumb":{"@id":"https:\/\/www.katag.ca\/aventure-229\/#breadcrumb"},"inLanguage":"en-US","potentialAction":[{"@type":"ReadAction","target":["https:\/\/www.katag.ca\/aventure-229\/"]}]},{"@type":"BreadcrumbList","@id":"https:\/\/www.katag.ca\/aventure-229\/#breadcrumb","itemListElement":[{"@type":"ListItem","position":1,"name":"Accueil","item":"https:\/\/www.katag.ca\/"},{"@type":"ListItem","position":2,"name":"Aventure 229"}]},{"@type":"WebSite","@id":"https:\/\/www.katag.ca\/#website","url":"https:\/\/www.katag.ca\/","name":"Katag","description":"LE jeu d'&eacute;p&eacute;es-mousse","publisher":{"@id":"https:\/\/www.katag.ca\/#organization"},"potentialAction":[{"@type":"SearchAction","target":{"@type":"EntryPoint","urlTemplate":"https:\/\/www.katag.ca\/?s={search_term_string}"},"query-input":{"@type":"PropertyValueSpecification","valueRequired":true,"valueName":"search_term_string"}}],"inLanguage":"en-US"},{"@type":"Organization","@id":"https:\/\/www.katag.ca\/#organization","name":"Katag","url":"https:\/\/www.katag.ca\/","logo":{"@type":"ImageObject","inLanguage":"en-US","@id":"https:\/\/www.katag.ca\/#\/schema\/logo\/image\/","url":"https:\/\/www.katag.ca\/wp-content\/uploads\/2021\/03\/logo-fr.png","contentUrl":"https:\/\/www.katag.ca\/wp-content\/uploads\/2021\/03\/logo-fr.png","width":338,"height":173,"caption":"Katag"},"image":{"@id":"https:\/\/www.katag.ca\/#\/schema\/logo\/image\/"},"sameAs":["https:\/\/www.facebook.com\/Katag.ca"]}]}},"_links":{"self":[{"href":"https:\/\/www.katag.ca\/en\/wp-json\/wp\/v2\/pages\/1431","targetHints":{"allow":["GET"]}}],"collection":[{"href":"https:\/\/www.katag.ca\/en\/wp-json\/wp\/v2\/pages"}],"about":[{"href":"https:\/\/www.katag.ca\/en\/wp-json\/wp\/v2\/types\/page"}],"author":[{"embeddable":true,"href":"https:\/\/www.katag.ca\/en\/wp-json\/wp\/v2\/users\/2"}],"replies":[{"embeddable":true,"href":"https:\/\/www.katag.ca\/en\/wp-json\/wp\/v2\/comments?post=1431"}],"version-history":[{"count":2,"href":"https:\/\/www.katag.ca\/en\/wp-json\/wp\/v2\/pages\/1431\/revisions"}],"predecessor-version":[{"id":2024,"href":"https:\/\/www.katag.ca\/en\/wp-json\/wp\/v2\/pages\/1431\/revisions\/2024"}],"wp:attachment":[{"href":"https:\/\/www.katag.ca\/en\/wp-json\/wp\/v2\/media?parent=1431"}],"curies":[{"name":"wp","href":"https:\/\/api.w.org\/{rel}","templated":true}]}}