{"id":1447,"date":"2015-01-06T21:04:19","date_gmt":"2015-01-06T21:04:19","guid":{"rendered":"http:\/\/www.boutiquekatag.com\/?page_id=1447"},"modified":"2015-01-09T00:23:22","modified_gmt":"2015-01-09T00:23:22","slug":"aventure-237","status":"publish","type":"page","link":"https:\/\/www.katag.ca\/en\/aventure-237\/","title":{"rendered":"Aventure 237"},"content":{"rendered":"<p>Vous leur expliquez qui vous \u00eates et ce que vous cherchez. Les deux hommes vous \u00e9coutent attentivement. Huberto prend ensuite la parole : \u00ab Tu aurais d\u00fb t\u2019expliquer plus t\u00f4t matelot! On l\u2019a vu ton cauchemar toute \u00e0 l\u2019heure! Et crois-moi, je ne m\u2019y attaquerais pas si j\u2019\u00e9tais toi! C\u2019est un cauchemar de classe moyenne je dirais, mais assez fort pour t\u2019assommer pendant un tr\u00e8s long moment! Pour un R\u00eaveur comme toi, il n\u2019est pas mortel. En tout cas, je ne le crois pas. Il fait partie de la classe de cauchemar qui change de forme toutes les trois ou quatre heures, ce qui rend la chasse difficile, mais pas impossible. Lorsque nous l\u2019avons aper\u00e7u, il avait la forme d\u2019un dragon et survolait lentement le port, mais \u00e0 une certaine distance quand m\u00eame, afin de ne pas \u00eatre automatiquement pris en chasse. Il se dirigeait vers le lac Diga. Il semblait chercher quelqu\u2019un ou quelque chose. Tu as d\u00e9j\u00e0 vu un cauchemar? Non? Tu ne peux pas te tromper! Ils n\u2019ont pas d\u2019yeux! \u00c0 leur place, se trouvent des trous sans fond! Les cauchemars de classe moyenne prennent souvent la forme de cr\u00e9atures assez dangereuses afin d\u2019aller chercher un effet de peur maximum. Tu ne le sais peut-\u00eatre pas, mais ils se nourrissent de la peur des gens! Le Transkara, qui est le transport en commun de Manifeste, va dans cette direction et tu peux le prendre non loin d\u2019ici. Tu ne pourras pas le manquer, il est affich\u00e9 \u00e0 l\u2019autre bout du quai! \u00bb<\/p>\n<p>Comme vous n\u2019avez jamais \u00e9t\u00e9 vraiment rancunier, vous remerciez les deux hommes et vous dirigez vers le Transkara.<\/p>\n<div class=\"btn-container  align-center\"><a class=\"organic-btn  dark-blue-btn small-btn  align-center\" href=\"http:\/\/www.katag.ca\/aventure-164\/\"><span class=\"btn-holder\">Cliquez ici pour continuer<\/span><\/a><\/div>\n","protected":false},"excerpt":{"rendered":"<p>Vous leur expliquez qui vous \u00eates et ce que vous cherchez. Les deux hommes vous \u00e9coutent attentivement. Huberto prend ensuite la parole : \u00ab Tu aurais d\u00fb t\u2019expliquer plus t\u00f4t matelot! On l\u2019a vu ton cauchemar toute \u00e0 l\u2019heure! Et crois-moi, je ne m\u2019y attaquerais pas si j\u2019\u00e9tais toi! C\u2019est un cauchemar de classe moyenne je dirais, mais assez fort pour t\u2019assommer pendant un tr\u00e8s long moment! Pour un R\u00eaveur comme toi, il n\u2019est pas mortel. En tout cas, je ne le crois pas. Il fait partie de&#8230;<\/p>\n","protected":false},"author":2,"featured_media":0,"parent":0,"menu_order":0,"comment_status":"closed","ping_status":"closed","template":"","meta":{"footnotes":""},"class_list":["post-1447","page","type-page","status-publish","hentry"],"yoast_head":"<!-- This site is optimized with the Yoast SEO plugin v27.5 - https:\/\/yoast.com\/product\/yoast-seo-wordpress\/ -->\n<title>Aventure 237 | Katag<\/title>\n<meta name=\"robots\" content=\"index, follow, max-snippet:-1, max-image-preview:large, max-video-preview:-1\" \/>\n<link rel=\"canonical\" href=\"https:\/\/www.katag.ca\/en\/aventure-237\/\" \/>\n<meta property=\"og:locale\" content=\"en_US\" \/>\n<meta property=\"og:type\" content=\"article\" \/>\n<meta property=\"og:title\" content=\"Aventure 237 | Katag\" \/>\n<meta property=\"og:description\" content=\"Vous leur expliquez qui vous \u00eates et ce que vous cherchez. Les deux hommes vous \u00e9coutent attentivement. Huberto prend ensuite la parole : \u00ab Tu aurais d\u00fb t\u2019expliquer plus t\u00f4t matelot! On l\u2019a vu ton cauchemar toute \u00e0 l\u2019heure! Et crois-moi, je ne m\u2019y attaquerais pas si j\u2019\u00e9tais toi! C\u2019est un cauchemar de classe moyenne je dirais, mais assez fort pour t\u2019assommer pendant un tr\u00e8s long moment! Pour un R\u00eaveur comme toi, il n\u2019est pas mortel. En tout cas, je ne le crois pas. Il fait partie de...\" \/>\n<meta property=\"og:url\" content=\"https:\/\/www.katag.ca\/en\/aventure-237\/\" \/>\n<meta property=\"og:site_name\" content=\"Katag\" \/>\n<meta property=\"article:publisher\" content=\"https:\/\/www.facebook.com\/Katag.ca\" \/>\n<meta property=\"article:modified_time\" content=\"2015-01-09T00:23:22+00:00\" \/>\n<meta name=\"twitter:card\" content=\"summary_large_image\" \/>\n<meta name=\"twitter:label1\" content=\"Est. reading time\" \/>\n\t<meta name=\"twitter:data1\" content=\"2 minutes\" \/>\n<script type=\"application\/ld+json\" class=\"yoast-schema-graph\">{\"@context\":\"https:\\\/\\\/schema.org\",\"@graph\":[{\"@type\":\"WebPage\",\"@id\":\"https:\\\/\\\/www.katag.ca\\\/en\\\/aventure-237\\\/\",\"url\":\"https:\\\/\\\/www.katag.ca\\\/en\\\/aventure-237\\\/\",\"name\":\"Aventure 237 | Katag\",\"isPartOf\":{\"@id\":\"https:\\\/\\\/www.katag.ca\\\/#website\"},\"datePublished\":\"2015-01-06T21:04:19+00:00\",\"dateModified\":\"2015-01-09T00:23:22+00:00\",\"breadcrumb\":{\"@id\":\"https:\\\/\\\/www.katag.ca\\\/en\\\/aventure-237\\\/#breadcrumb\"},\"inLanguage\":\"en-US\",\"potentialAction\":[{\"@type\":\"ReadAction\",\"target\":[\"https:\\\/\\\/www.katag.ca\\\/en\\\/aventure-237\\\/\"]}]},{\"@type\":\"BreadcrumbList\",\"@id\":\"https:\\\/\\\/www.katag.ca\\\/en\\\/aventure-237\\\/#breadcrumb\",\"itemListElement\":[{\"@type\":\"ListItem\",\"position\":1,\"name\":\"Accueil\",\"item\":\"https:\\\/\\\/www.katag.ca\\\/\"},{\"@type\":\"ListItem\",\"position\":2,\"name\":\"Aventure 237\"}]},{\"@type\":\"WebSite\",\"@id\":\"https:\\\/\\\/www.katag.ca\\\/#website\",\"url\":\"https:\\\/\\\/www.katag.ca\\\/\",\"name\":\"Katag\",\"description\":\"LE jeu d'&eacute;p&eacute;es-mousse\",\"publisher\":{\"@id\":\"https:\\\/\\\/www.katag.ca\\\/#organization\"},\"potentialAction\":[{\"@type\":\"SearchAction\",\"target\":{\"@type\":\"EntryPoint\",\"urlTemplate\":\"https:\\\/\\\/www.katag.ca\\\/?s={search_term_string}\"},\"query-input\":{\"@type\":\"PropertyValueSpecification\",\"valueRequired\":true,\"valueName\":\"search_term_string\"}}],\"inLanguage\":\"en-US\"},{\"@type\":\"Organization\",\"@id\":\"https:\\\/\\\/www.katag.ca\\\/#organization\",\"name\":\"Katag\",\"url\":\"https:\\\/\\\/www.katag.ca\\\/\",\"logo\":{\"@type\":\"ImageObject\",\"inLanguage\":\"en-US\",\"@id\":\"https:\\\/\\\/www.katag.ca\\\/#\\\/schema\\\/logo\\\/image\\\/\",\"url\":\"https:\\\/\\\/www.katag.ca\\\/wp-content\\\/uploads\\\/2021\\\/03\\\/logo-fr.png\",\"contentUrl\":\"https:\\\/\\\/www.katag.ca\\\/wp-content\\\/uploads\\\/2021\\\/03\\\/logo-fr.png\",\"width\":338,\"height\":173,\"caption\":\"Katag\"},\"image\":{\"@id\":\"https:\\\/\\\/www.katag.ca\\\/#\\\/schema\\\/logo\\\/image\\\/\"},\"sameAs\":[\"https:\\\/\\\/www.facebook.com\\\/Katag.ca\"]}]}<\/script>\n<!-- \/ Yoast SEO plugin. -->","yoast_head_json":{"title":"Aventure 237 | Katag","robots":{"index":"index","follow":"follow","max-snippet":"max-snippet:-1","max-image-preview":"max-image-preview:large","max-video-preview":"max-video-preview:-1"},"canonical":"https:\/\/www.katag.ca\/en\/aventure-237\/","og_locale":"en_US","og_type":"article","og_title":"Aventure 237 | Katag","og_description":"Vous leur expliquez qui vous \u00eates et ce que vous cherchez. Les deux hommes vous \u00e9coutent attentivement. Huberto prend ensuite la parole : \u00ab Tu aurais d\u00fb t\u2019expliquer plus t\u00f4t matelot! On l\u2019a vu ton cauchemar toute \u00e0 l\u2019heure! Et crois-moi, je ne m\u2019y attaquerais pas si j\u2019\u00e9tais toi! C\u2019est un cauchemar de classe moyenne je dirais, mais assez fort pour t\u2019assommer pendant un tr\u00e8s long moment! Pour un R\u00eaveur comme toi, il n\u2019est pas mortel. En tout cas, je ne le crois pas. Il fait partie de...","og_url":"https:\/\/www.katag.ca\/en\/aventure-237\/","og_site_name":"Katag","article_publisher":"https:\/\/www.facebook.com\/Katag.ca","article_modified_time":"2015-01-09T00:23:22+00:00","twitter_card":"summary_large_image","twitter_misc":{"Est. reading time":"2 minutes"},"schema":{"@context":"https:\/\/schema.org","@graph":[{"@type":"WebPage","@id":"https:\/\/www.katag.ca\/en\/aventure-237\/","url":"https:\/\/www.katag.ca\/en\/aventure-237\/","name":"Aventure 237 | Katag","isPartOf":{"@id":"https:\/\/www.katag.ca\/#website"},"datePublished":"2015-01-06T21:04:19+00:00","dateModified":"2015-01-09T00:23:22+00:00","breadcrumb":{"@id":"https:\/\/www.katag.ca\/en\/aventure-237\/#breadcrumb"},"inLanguage":"en-US","potentialAction":[{"@type":"ReadAction","target":["https:\/\/www.katag.ca\/en\/aventure-237\/"]}]},{"@type":"BreadcrumbList","@id":"https:\/\/www.katag.ca\/en\/aventure-237\/#breadcrumb","itemListElement":[{"@type":"ListItem","position":1,"name":"Accueil","item":"https:\/\/www.katag.ca\/"},{"@type":"ListItem","position":2,"name":"Aventure 237"}]},{"@type":"WebSite","@id":"https:\/\/www.katag.ca\/#website","url":"https:\/\/www.katag.ca\/","name":"Katag","description":"LE jeu d'&eacute;p&eacute;es-mousse","publisher":{"@id":"https:\/\/www.katag.ca\/#organization"},"potentialAction":[{"@type":"SearchAction","target":{"@type":"EntryPoint","urlTemplate":"https:\/\/www.katag.ca\/?s={search_term_string}"},"query-input":{"@type":"PropertyValueSpecification","valueRequired":true,"valueName":"search_term_string"}}],"inLanguage":"en-US"},{"@type":"Organization","@id":"https:\/\/www.katag.ca\/#organization","name":"Katag","url":"https:\/\/www.katag.ca\/","logo":{"@type":"ImageObject","inLanguage":"en-US","@id":"https:\/\/www.katag.ca\/#\/schema\/logo\/image\/","url":"https:\/\/www.katag.ca\/wp-content\/uploads\/2021\/03\/logo-fr.png","contentUrl":"https:\/\/www.katag.ca\/wp-content\/uploads\/2021\/03\/logo-fr.png","width":338,"height":173,"caption":"Katag"},"image":{"@id":"https:\/\/www.katag.ca\/#\/schema\/logo\/image\/"},"sameAs":["https:\/\/www.facebook.com\/Katag.ca"]}]}},"_links":{"self":[{"href":"https:\/\/www.katag.ca\/en\/wp-json\/wp\/v2\/pages\/1447","targetHints":{"allow":["GET"]}}],"collection":[{"href":"https:\/\/www.katag.ca\/en\/wp-json\/wp\/v2\/pages"}],"about":[{"href":"https:\/\/www.katag.ca\/en\/wp-json\/wp\/v2\/types\/page"}],"author":[{"embeddable":true,"href":"https:\/\/www.katag.ca\/en\/wp-json\/wp\/v2\/users\/2"}],"replies":[{"embeddable":true,"href":"https:\/\/www.katag.ca\/en\/wp-json\/wp\/v2\/comments?post=1447"}],"version-history":[{"count":2,"href":"https:\/\/www.katag.ca\/en\/wp-json\/wp\/v2\/pages\/1447\/revisions"}],"predecessor-version":[{"id":2036,"href":"https:\/\/www.katag.ca\/en\/wp-json\/wp\/v2\/pages\/1447\/revisions\/2036"}],"wp:attachment":[{"href":"https:\/\/www.katag.ca\/en\/wp-json\/wp\/v2\/media?parent=1447"}],"curies":[{"name":"wp","href":"https:\/\/api.w.org\/{rel}","templated":true}]}}