{"id":1453,"date":"2015-01-06T21:06:17","date_gmt":"2015-01-06T21:06:17","guid":{"rendered":"http:\/\/www.boutiquekatag.com\/?page_id=1453"},"modified":"2015-01-09T00:27:17","modified_gmt":"2015-01-09T00:27:17","slug":"aventure-240","status":"publish","type":"page","link":"https:\/\/www.katag.ca\/en\/aventure-240\/","title":{"rendered":"Aventure 240"},"content":{"rendered":"<p>Vous lui expliquez qui vous \u00eates ainsi que la mission que vous a donn\u00e9e Ma\u00eetre Fiarrot, sage du Dojo du Feu, ce qui am\u00e8ne tout le monde arr\u00eater leur entra\u00eenement pour s\u2019approcher et \u00e9couter ce que vous avez \u00e0 dire. Vous continuez donc en vous adressant \u00e0 l\u2019attroupement de gens qui vous entourent maintenant en indiquant que vous n\u2019\u00e9tiez qu\u2019\u00e0 la recherche d\u2019indices pouvant vous mener au cauchemar en question et, par le fait m\u00eame, \u00e0 sa capture. Les r\u00e9actions sont instantan\u00e9es : \u00ab Salet\u00e9s de cauchemars! \u00bb, \u00ab Un jour on les enfermera tous et on jettera la clef de cette prison qu\u2019est le Labyrinthe! \u00bb. Milgan reprend la parole : \u00ab \u00cates-vous un combattant efficace? \u00bb. Vous lui r\u00e9pondez que vous n\u2019avez peut-\u00eatre pas beaucoup d\u2019exp\u00e9rience, mais que vous ne manquez ni de courage ni de bravoure, ce qui fait, bien entendu, sourire tous vos auditeurs. L\u2019un d\u2019eux ne peut s\u2019emp\u00eacher de s\u2019exclamer : \u00ab Ce R\u00eaveur me rappelle exactement ce que j\u2019\u00e9tais \u00e0 mon arriv\u00e9e ici! \u00bb. Vous leur demandez ce que sont les Z\u00e9nites du silence, question qui g\u00e9n\u00e8re un silence total dans la foule. Milgan reprend la parole : \u00ab Tu vois, cher ami, nous sommes ce que l\u2019on pourrait appeler des R\u00eaveurs longue dur\u00e9e. Nous \u00e9voluons dans le secret et peu de personnes connaissent notre existence. Nous souhaitons pour le moment que \u00e7a demeure ainsi. Je ne peux t\u2019en dire davantage pour l\u2019instant, mais nous pouvons peut-\u00eatre t\u2019aider dans ta qu\u00eate en t\u2019enseignant quelques techniques de combat. En tout cas, \u00e7a ne peut pas te nuire! \u00bb Vous acceptez volontiers l\u2019offre de Milgan et vous vous mettez au travail avec les autres. Il y a des hommes et des femmes, des gar\u00e7ons et des filles et tous, sans exception, manient leurs \u00e9p\u00e9es de fa\u00e7on exceptionnelle. On vous enseigne certaines techniques de combat d\u00e9fensives en vous expliquant qu\u2019il est pr\u00e9f\u00e9rable d\u2019apprendre d\u2019abord \u00e0 se d\u00e9fendre afin de se prot\u00e9ger. Celles-ci peuvent valoir cher en situation d\u2019urgence. On vous raconte que les techniques de combat vous sont apprises \u00e0 vous, mais que, d\u2019une certaine mani\u00e8re, elles sont \u00e9galement enseign\u00e9es \u00e0 votre \u00e9p\u00e9e! Vous ne comprenez pas bien ce que cela veut dire, mais bon\u2026 On vous explique aussi qu\u2019une fois que l\u2019on s\u2019approprie une \u00e9p\u00e9e, on la garde tr\u00e8s longtemps, voire m\u00eame toute une vie! Vous pouvez ajouter deux points au total de votre \u00e9p\u00e9e au niveau de son endurance (\u00e0 ne pas confondre avec votre total de points d\u2019endurance \u00e0 vous!) sur votre feuille de route dans la cat\u00e9gorie armes. Vous remerciez vos nouveaux amis et jugez qu\u2019il est temps pour vous de continuer votre mission. Vous prenez aussi conscience du pr\u00e9cieux temps que vous avez perdu et vous r\u00e9alisez que vous n\u2019avez aucune piste s\u00e9rieuse \u00e0 suivre. Le cauchemar que vous cherchez a \u00e9t\u00e9 vu dans les environs du port a\u00e9rien de Manifeste, mais cela fait d\u00e9j\u00e0 un bon moment. Vous demandez \u00e0 Milgan s\u2019il peut vous sugg\u00e9rer une id\u00e9e sur l\u2019endroit o\u00f9 chercher. Milgan vous r\u00e9pond que g\u00e9n\u00e9ralement, les cauchemars n\u2019osent pas trop s\u2019aventurer dans les environs de Manifeste, mais lorsqu\u2019ils le font, on les voit souvent r\u00f4der dans des endroits plus vastes, comme le lac Diga, par exemple. \u00ab Tout d\u00e9pend de leur nature. Moi, en tout cas, je n\u2019h\u00e9siterais pas \u00e0 aller jeter un coup d\u2019\u0153il dans cette direction. Tu n\u2019as qu\u2019\u00e0 retourner au port a\u00e9rien de Manifeste pour prendre le Transkara afin de t\u2019y rendre. Pour ton information, le Transkara est le transport en commun utilis\u00e9 \u00e0 Manifeste. Tu verras une enseigne indiquant son emplacement au d\u00e9but des quais. Sur ce, mon ami, bonne chance dans ta qu\u00eate! Et, au fait, ne crois pas que nous n\u2019aimerions pas t\u2019aider davantage, mais nous croyons fermement que rien n\u2019arrive pour rien et que si cette mission t\u2019as \u00e9t\u00e9 confi\u00e9e \u00e0 toi, c\u2019est \u00e0 toi de la r\u00e9ussir! \u00bb Il est maintenant temps de quitter les lieux et de retourner au port afin d\u2019y prendre le Transkara.<\/p>\n<div class=\"btn-container  align-center\"><a class=\"organic-btn  dark-blue-btn small-btn  align-center\" href=\"http:\/\/www.katag.ca\/aventure-164\/\"><span class=\"btn-holder\">Cliquez ici pour continuer<\/span><\/a><\/div>\n","protected":false},"excerpt":{"rendered":"<p>Vous lui expliquez qui vous \u00eates ainsi que la mission que vous a donn\u00e9e Ma\u00eetre Fiarrot, sage du Dojo du Feu, ce qui am\u00e8ne tout le monde arr\u00eater leur entra\u00eenement pour s\u2019approcher et \u00e9couter ce que vous avez \u00e0 dire. Vous continuez donc en vous adressant \u00e0 l\u2019attroupement de gens qui vous entourent maintenant en indiquant que vous n\u2019\u00e9tiez qu\u2019\u00e0 la recherche d\u2019indices pouvant vous mener au cauchemar en question et, par le fait m\u00eame, \u00e0 sa capture. Les r\u00e9actions sont instantan\u00e9es : \u00ab Salet\u00e9s de cauchemars! \u00bb,&#8230;<\/p>\n","protected":false},"author":2,"featured_media":0,"parent":0,"menu_order":0,"comment_status":"closed","ping_status":"closed","template":"","meta":{"footnotes":""},"class_list":["post-1453","page","type-page","status-publish","hentry"],"yoast_head":"<!-- This site is optimized with the Yoast SEO plugin v27.5 - https:\/\/yoast.com\/product\/yoast-seo-wordpress\/ -->\n<title>Aventure 240 | Katag<\/title>\n<meta name=\"robots\" content=\"index, follow, max-snippet:-1, max-image-preview:large, max-video-preview:-1\" \/>\n<link rel=\"canonical\" href=\"https:\/\/www.katag.ca\/aventure-240\/\" \/>\n<meta property=\"og:locale\" content=\"en_US\" \/>\n<meta property=\"og:type\" content=\"article\" \/>\n<meta property=\"og:title\" content=\"Aventure 240 | Katag\" \/>\n<meta property=\"og:description\" content=\"Vous lui expliquez qui vous \u00eates ainsi que la mission que vous a donn\u00e9e Ma\u00eetre Fiarrot, sage du Dojo du Feu, ce qui am\u00e8ne tout le monde arr\u00eater leur entra\u00eenement pour s\u2019approcher et \u00e9couter ce que vous avez \u00e0 dire. Vous continuez donc en vous adressant \u00e0 l\u2019attroupement de gens qui vous entourent maintenant en indiquant que vous n\u2019\u00e9tiez qu\u2019\u00e0 la recherche d\u2019indices pouvant vous mener au cauchemar en question et, par le fait m\u00eame, \u00e0 sa capture. Les r\u00e9actions sont instantan\u00e9es : \u00ab Salet\u00e9s de cauchemars! \u00bb,...\" \/>\n<meta property=\"og:url\" content=\"https:\/\/www.katag.ca\/aventure-240\/\" \/>\n<meta property=\"og:site_name\" content=\"Katag\" \/>\n<meta property=\"article:publisher\" content=\"https:\/\/www.facebook.com\/Katag.ca\" \/>\n<meta property=\"article:modified_time\" content=\"2015-01-09T00:27:17+00:00\" \/>\n<meta name=\"twitter:card\" content=\"summary_large_image\" \/>\n<meta name=\"twitter:label1\" content=\"Est. reading time\" \/>\n\t<meta name=\"twitter:data1\" content=\"4 minutes\" \/>\n<script type=\"application\/ld+json\" class=\"yoast-schema-graph\">{\"@context\":\"https:\\\/\\\/schema.org\",\"@graph\":[{\"@type\":\"WebPage\",\"@id\":\"https:\\\/\\\/www.katag.ca\\\/aventure-240\\\/\",\"url\":\"https:\\\/\\\/www.katag.ca\\\/aventure-240\\\/\",\"name\":\"Aventure 240 | Katag\",\"isPartOf\":{\"@id\":\"https:\\\/\\\/www.katag.ca\\\/#website\"},\"datePublished\":\"2015-01-06T21:06:17+00:00\",\"dateModified\":\"2015-01-09T00:27:17+00:00\",\"breadcrumb\":{\"@id\":\"https:\\\/\\\/www.katag.ca\\\/aventure-240\\\/#breadcrumb\"},\"inLanguage\":\"en-US\",\"potentialAction\":[{\"@type\":\"ReadAction\",\"target\":[\"https:\\\/\\\/www.katag.ca\\\/aventure-240\\\/\"]}]},{\"@type\":\"BreadcrumbList\",\"@id\":\"https:\\\/\\\/www.katag.ca\\\/aventure-240\\\/#breadcrumb\",\"itemListElement\":[{\"@type\":\"ListItem\",\"position\":1,\"name\":\"Accueil\",\"item\":\"https:\\\/\\\/www.katag.ca\\\/\"},{\"@type\":\"ListItem\",\"position\":2,\"name\":\"Aventure 240\"}]},{\"@type\":\"WebSite\",\"@id\":\"https:\\\/\\\/www.katag.ca\\\/#website\",\"url\":\"https:\\\/\\\/www.katag.ca\\\/\",\"name\":\"Katag\",\"description\":\"LE jeu d'&eacute;p&eacute;es-mousse\",\"publisher\":{\"@id\":\"https:\\\/\\\/www.katag.ca\\\/#organization\"},\"potentialAction\":[{\"@type\":\"SearchAction\",\"target\":{\"@type\":\"EntryPoint\",\"urlTemplate\":\"https:\\\/\\\/www.katag.ca\\\/?s={search_term_string}\"},\"query-input\":{\"@type\":\"PropertyValueSpecification\",\"valueRequired\":true,\"valueName\":\"search_term_string\"}}],\"inLanguage\":\"en-US\"},{\"@type\":\"Organization\",\"@id\":\"https:\\\/\\\/www.katag.ca\\\/#organization\",\"name\":\"Katag\",\"url\":\"https:\\\/\\\/www.katag.ca\\\/\",\"logo\":{\"@type\":\"ImageObject\",\"inLanguage\":\"en-US\",\"@id\":\"https:\\\/\\\/www.katag.ca\\\/#\\\/schema\\\/logo\\\/image\\\/\",\"url\":\"https:\\\/\\\/www.katag.ca\\\/wp-content\\\/uploads\\\/2021\\\/03\\\/logo-fr.png\",\"contentUrl\":\"https:\\\/\\\/www.katag.ca\\\/wp-content\\\/uploads\\\/2021\\\/03\\\/logo-fr.png\",\"width\":338,\"height\":173,\"caption\":\"Katag\"},\"image\":{\"@id\":\"https:\\\/\\\/www.katag.ca\\\/#\\\/schema\\\/logo\\\/image\\\/\"},\"sameAs\":[\"https:\\\/\\\/www.facebook.com\\\/Katag.ca\"]}]}<\/script>\n<!-- \/ Yoast SEO plugin. -->","yoast_head_json":{"title":"Aventure 240 | Katag","robots":{"index":"index","follow":"follow","max-snippet":"max-snippet:-1","max-image-preview":"max-image-preview:large","max-video-preview":"max-video-preview:-1"},"canonical":"https:\/\/www.katag.ca\/aventure-240\/","og_locale":"en_US","og_type":"article","og_title":"Aventure 240 | Katag","og_description":"Vous lui expliquez qui vous \u00eates ainsi que la mission que vous a donn\u00e9e Ma\u00eetre Fiarrot, sage du Dojo du Feu, ce qui am\u00e8ne tout le monde arr\u00eater leur entra\u00eenement pour s\u2019approcher et \u00e9couter ce que vous avez \u00e0 dire. Vous continuez donc en vous adressant \u00e0 l\u2019attroupement de gens qui vous entourent maintenant en indiquant que vous n\u2019\u00e9tiez qu\u2019\u00e0 la recherche d\u2019indices pouvant vous mener au cauchemar en question et, par le fait m\u00eame, \u00e0 sa capture. Les r\u00e9actions sont instantan\u00e9es : \u00ab Salet\u00e9s de cauchemars! \u00bb,...","og_url":"https:\/\/www.katag.ca\/aventure-240\/","og_site_name":"Katag","article_publisher":"https:\/\/www.facebook.com\/Katag.ca","article_modified_time":"2015-01-09T00:27:17+00:00","twitter_card":"summary_large_image","twitter_misc":{"Est. reading time":"4 minutes"},"schema":{"@context":"https:\/\/schema.org","@graph":[{"@type":"WebPage","@id":"https:\/\/www.katag.ca\/aventure-240\/","url":"https:\/\/www.katag.ca\/aventure-240\/","name":"Aventure 240 | Katag","isPartOf":{"@id":"https:\/\/www.katag.ca\/#website"},"datePublished":"2015-01-06T21:06:17+00:00","dateModified":"2015-01-09T00:27:17+00:00","breadcrumb":{"@id":"https:\/\/www.katag.ca\/aventure-240\/#breadcrumb"},"inLanguage":"en-US","potentialAction":[{"@type":"ReadAction","target":["https:\/\/www.katag.ca\/aventure-240\/"]}]},{"@type":"BreadcrumbList","@id":"https:\/\/www.katag.ca\/aventure-240\/#breadcrumb","itemListElement":[{"@type":"ListItem","position":1,"name":"Accueil","item":"https:\/\/www.katag.ca\/"},{"@type":"ListItem","position":2,"name":"Aventure 240"}]},{"@type":"WebSite","@id":"https:\/\/www.katag.ca\/#website","url":"https:\/\/www.katag.ca\/","name":"Katag","description":"LE jeu d'&eacute;p&eacute;es-mousse","publisher":{"@id":"https:\/\/www.katag.ca\/#organization"},"potentialAction":[{"@type":"SearchAction","target":{"@type":"EntryPoint","urlTemplate":"https:\/\/www.katag.ca\/?s={search_term_string}"},"query-input":{"@type":"PropertyValueSpecification","valueRequired":true,"valueName":"search_term_string"}}],"inLanguage":"en-US"},{"@type":"Organization","@id":"https:\/\/www.katag.ca\/#organization","name":"Katag","url":"https:\/\/www.katag.ca\/","logo":{"@type":"ImageObject","inLanguage":"en-US","@id":"https:\/\/www.katag.ca\/#\/schema\/logo\/image\/","url":"https:\/\/www.katag.ca\/wp-content\/uploads\/2021\/03\/logo-fr.png","contentUrl":"https:\/\/www.katag.ca\/wp-content\/uploads\/2021\/03\/logo-fr.png","width":338,"height":173,"caption":"Katag"},"image":{"@id":"https:\/\/www.katag.ca\/#\/schema\/logo\/image\/"},"sameAs":["https:\/\/www.facebook.com\/Katag.ca"]}]}},"_links":{"self":[{"href":"https:\/\/www.katag.ca\/en\/wp-json\/wp\/v2\/pages\/1453","targetHints":{"allow":["GET"]}}],"collection":[{"href":"https:\/\/www.katag.ca\/en\/wp-json\/wp\/v2\/pages"}],"about":[{"href":"https:\/\/www.katag.ca\/en\/wp-json\/wp\/v2\/types\/page"}],"author":[{"embeddable":true,"href":"https:\/\/www.katag.ca\/en\/wp-json\/wp\/v2\/users\/2"}],"replies":[{"embeddable":true,"href":"https:\/\/www.katag.ca\/en\/wp-json\/wp\/v2\/comments?post=1453"}],"version-history":[{"count":3,"href":"https:\/\/www.katag.ca\/en\/wp-json\/wp\/v2\/pages\/1453\/revisions"}],"predecessor-version":[{"id":2041,"href":"https:\/\/www.katag.ca\/en\/wp-json\/wp\/v2\/pages\/1453\/revisions\/2041"}],"wp:attachment":[{"href":"https:\/\/www.katag.ca\/en\/wp-json\/wp\/v2\/media?parent=1453"}],"curies":[{"name":"wp","href":"https:\/\/api.w.org\/{rel}","templated":true}]}}