{"id":1457,"date":"2015-01-06T21:07:32","date_gmt":"2015-01-06T21:07:32","guid":{"rendered":"http:\/\/www.boutiquekatag.com\/?page_id=1457"},"modified":"2015-01-09T00:30:13","modified_gmt":"2015-01-09T00:30:13","slug":"aventure-242","status":"publish","type":"page","link":"https:\/\/www.katag.ca\/en\/aventure-242\/","title":{"rendered":"Aventure 242"},"content":{"rendered":"<p>\u00ab Si tu as choisi de ne rien nous dire, tu as sans doute tes raisons. Mais je ne crois pas que nous pouvons faire quoi que ce soit pour toi dans ce cas. \u00bb Il regarde l\u2019homme qui vous a ouvert la porte et lui fait un signe de t\u00eate. Ce dernier vous raccompagne \u00e0 l\u2019ext\u00e9rieur et referme la porte derri\u00e8re vous. Vous voici dans une obscurit\u00e9 grandissante et vous n\u2019avez aucun indice r\u00e9el sur l\u2019endroit ou vous diriger \u00e0 pr\u00e9sent. En regardant bien autour de vous, vous remarquez plusieurs ruelles \u00e0 proximit\u00e9. Vous tendez l\u2019oreille, \u00e0 l\u2019aff\u00fbt de tout bruit qui vous fournirait un indice, mais c\u2019est le silence complet autour de vous. Finalement, vous d\u00e9cidez d\u2019aller vers votre gauche. Apr\u00e8s avoir march\u00e9 une centaine de m\u00e8tres, vous arrivez \u00e0 une intersection. \u00c0 votre gauche se trouve une ruelle plut\u00f4t sombre, mais vous \u00eates capable de distinguer une lueur \u00e0 une certaine distance. Droit devant vous, c\u2019est l\u2019obscurit\u00e9 totale. Alors que vous regardez \u00e0 votre droite, vos yeux per\u00e7oivent un mouvement pas tr\u00e8s loin de vous, mais cela s\u2019est pass\u00e9 tellement rapidement que vous vous demandez si ce n\u2019est pas simplement le fruit de votre imagination! Qu\u2019allez-vous faire?<\/p>\n<div class=\"btn-container  align-center\"><a class=\"organic-btn  dark-blue-btn small-btn  align-center\" href=\"http:\/\/www.katag.ca\/aventure-271\/\"><span class=\"btn-holder\">Vous d\u00e9sirez prendre la gauche<\/span><\/a><\/div>\n<div class=\"btn-container  align-center\"><a class=\"organic-btn  dark-blue-btn small-btn  align-center\" href=\"http:\/\/www.katag.ca\/aventure-272\/\"><span class=\"btn-holder\">Vous pr\u00e9f\u00e9rez continuer droit devant<\/span><\/a><\/div>\n<div class=\"btn-container  align-center\"><a class=\"organic-btn  dark-blue-btn small-btn  align-center\" href=\"http:\/\/www.katag.ca\/aventure-273\/\"><span class=\"btn-holder\">Vous choisissez de prendre la droite<\/span><\/a><\/div>\n","protected":false},"excerpt":{"rendered":"<p>\u00ab Si tu as choisi de ne rien nous dire, tu as sans doute tes raisons. Mais je ne crois pas que nous pouvons faire quoi que ce soit pour toi dans ce cas. \u00bb Il regarde l\u2019homme qui vous a ouvert la porte et lui fait un signe de t\u00eate. Ce dernier vous raccompagne \u00e0 l\u2019ext\u00e9rieur et referme la porte derri\u00e8re vous. Vous voici dans une obscurit\u00e9 grandissante et vous n\u2019avez aucun indice r\u00e9el sur l\u2019endroit ou vous diriger \u00e0 pr\u00e9sent. En regardant bien autour de vous,&#8230;<\/p>\n","protected":false},"author":2,"featured_media":0,"parent":0,"menu_order":0,"comment_status":"closed","ping_status":"closed","template":"","meta":{"footnotes":""},"class_list":["post-1457","page","type-page","status-publish","hentry"],"yoast_head":"<!-- This site is optimized with the Yoast SEO plugin v27.5 - https:\/\/yoast.com\/product\/yoast-seo-wordpress\/ -->\n<title>Aventure 242 | Katag<\/title>\n<meta name=\"robots\" content=\"index, follow, max-snippet:-1, max-image-preview:large, max-video-preview:-1\" \/>\n<link rel=\"canonical\" href=\"https:\/\/www.katag.ca\/aventure-242\/\" \/>\n<meta property=\"og:locale\" content=\"en_US\" \/>\n<meta property=\"og:type\" content=\"article\" \/>\n<meta property=\"og:title\" content=\"Aventure 242 | Katag\" \/>\n<meta property=\"og:description\" content=\"\u00ab Si tu as choisi de ne rien nous dire, tu as sans doute tes raisons. Mais je ne crois pas que nous pouvons faire quoi que ce soit pour toi dans ce cas. \u00bb Il regarde l\u2019homme qui vous a ouvert la porte et lui fait un signe de t\u00eate. Ce dernier vous raccompagne \u00e0 l\u2019ext\u00e9rieur et referme la porte derri\u00e8re vous. Vous voici dans une obscurit\u00e9 grandissante et vous n\u2019avez aucun indice r\u00e9el sur l\u2019endroit ou vous diriger \u00e0 pr\u00e9sent. En regardant bien autour de vous,...\" \/>\n<meta property=\"og:url\" content=\"https:\/\/www.katag.ca\/aventure-242\/\" \/>\n<meta property=\"og:site_name\" content=\"Katag\" \/>\n<meta property=\"article:publisher\" content=\"https:\/\/www.facebook.com\/Katag.ca\" \/>\n<meta property=\"article:modified_time\" content=\"2015-01-09T00:30:13+00:00\" \/>\n<meta name=\"twitter:card\" content=\"summary_large_image\" \/>\n<meta name=\"twitter:label1\" content=\"Est. reading time\" \/>\n\t<meta name=\"twitter:data1\" content=\"1 minute\" \/>\n<script type=\"application\/ld+json\" class=\"yoast-schema-graph\">{\"@context\":\"https:\\\/\\\/schema.org\",\"@graph\":[{\"@type\":\"WebPage\",\"@id\":\"https:\\\/\\\/www.katag.ca\\\/aventure-242\\\/\",\"url\":\"https:\\\/\\\/www.katag.ca\\\/aventure-242\\\/\",\"name\":\"Aventure 242 | Katag\",\"isPartOf\":{\"@id\":\"https:\\\/\\\/www.katag.ca\\\/#website\"},\"datePublished\":\"2015-01-06T21:07:32+00:00\",\"dateModified\":\"2015-01-09T00:30:13+00:00\",\"breadcrumb\":{\"@id\":\"https:\\\/\\\/www.katag.ca\\\/aventure-242\\\/#breadcrumb\"},\"inLanguage\":\"en-US\",\"potentialAction\":[{\"@type\":\"ReadAction\",\"target\":[\"https:\\\/\\\/www.katag.ca\\\/aventure-242\\\/\"]}]},{\"@type\":\"BreadcrumbList\",\"@id\":\"https:\\\/\\\/www.katag.ca\\\/aventure-242\\\/#breadcrumb\",\"itemListElement\":[{\"@type\":\"ListItem\",\"position\":1,\"name\":\"Accueil\",\"item\":\"https:\\\/\\\/www.katag.ca\\\/\"},{\"@type\":\"ListItem\",\"position\":2,\"name\":\"Aventure 242\"}]},{\"@type\":\"WebSite\",\"@id\":\"https:\\\/\\\/www.katag.ca\\\/#website\",\"url\":\"https:\\\/\\\/www.katag.ca\\\/\",\"name\":\"Katag\",\"description\":\"LE jeu d'&eacute;p&eacute;es-mousse\",\"publisher\":{\"@id\":\"https:\\\/\\\/www.katag.ca\\\/#organization\"},\"potentialAction\":[{\"@type\":\"SearchAction\",\"target\":{\"@type\":\"EntryPoint\",\"urlTemplate\":\"https:\\\/\\\/www.katag.ca\\\/?s={search_term_string}\"},\"query-input\":{\"@type\":\"PropertyValueSpecification\",\"valueRequired\":true,\"valueName\":\"search_term_string\"}}],\"inLanguage\":\"en-US\"},{\"@type\":\"Organization\",\"@id\":\"https:\\\/\\\/www.katag.ca\\\/#organization\",\"name\":\"Katag\",\"url\":\"https:\\\/\\\/www.katag.ca\\\/\",\"logo\":{\"@type\":\"ImageObject\",\"inLanguage\":\"en-US\",\"@id\":\"https:\\\/\\\/www.katag.ca\\\/#\\\/schema\\\/logo\\\/image\\\/\",\"url\":\"https:\\\/\\\/www.katag.ca\\\/wp-content\\\/uploads\\\/2021\\\/03\\\/logo-fr.png\",\"contentUrl\":\"https:\\\/\\\/www.katag.ca\\\/wp-content\\\/uploads\\\/2021\\\/03\\\/logo-fr.png\",\"width\":338,\"height\":173,\"caption\":\"Katag\"},\"image\":{\"@id\":\"https:\\\/\\\/www.katag.ca\\\/#\\\/schema\\\/logo\\\/image\\\/\"},\"sameAs\":[\"https:\\\/\\\/www.facebook.com\\\/Katag.ca\"]}]}<\/script>\n<!-- \/ Yoast SEO plugin. -->","yoast_head_json":{"title":"Aventure 242 | Katag","robots":{"index":"index","follow":"follow","max-snippet":"max-snippet:-1","max-image-preview":"max-image-preview:large","max-video-preview":"max-video-preview:-1"},"canonical":"https:\/\/www.katag.ca\/aventure-242\/","og_locale":"en_US","og_type":"article","og_title":"Aventure 242 | Katag","og_description":"\u00ab Si tu as choisi de ne rien nous dire, tu as sans doute tes raisons. Mais je ne crois pas que nous pouvons faire quoi que ce soit pour toi dans ce cas. \u00bb Il regarde l\u2019homme qui vous a ouvert la porte et lui fait un signe de t\u00eate. Ce dernier vous raccompagne \u00e0 l\u2019ext\u00e9rieur et referme la porte derri\u00e8re vous. Vous voici dans une obscurit\u00e9 grandissante et vous n\u2019avez aucun indice r\u00e9el sur l\u2019endroit ou vous diriger \u00e0 pr\u00e9sent. En regardant bien autour de vous,...","og_url":"https:\/\/www.katag.ca\/aventure-242\/","og_site_name":"Katag","article_publisher":"https:\/\/www.facebook.com\/Katag.ca","article_modified_time":"2015-01-09T00:30:13+00:00","twitter_card":"summary_large_image","twitter_misc":{"Est. reading time":"1 minute"},"schema":{"@context":"https:\/\/schema.org","@graph":[{"@type":"WebPage","@id":"https:\/\/www.katag.ca\/aventure-242\/","url":"https:\/\/www.katag.ca\/aventure-242\/","name":"Aventure 242 | Katag","isPartOf":{"@id":"https:\/\/www.katag.ca\/#website"},"datePublished":"2015-01-06T21:07:32+00:00","dateModified":"2015-01-09T00:30:13+00:00","breadcrumb":{"@id":"https:\/\/www.katag.ca\/aventure-242\/#breadcrumb"},"inLanguage":"en-US","potentialAction":[{"@type":"ReadAction","target":["https:\/\/www.katag.ca\/aventure-242\/"]}]},{"@type":"BreadcrumbList","@id":"https:\/\/www.katag.ca\/aventure-242\/#breadcrumb","itemListElement":[{"@type":"ListItem","position":1,"name":"Accueil","item":"https:\/\/www.katag.ca\/"},{"@type":"ListItem","position":2,"name":"Aventure 242"}]},{"@type":"WebSite","@id":"https:\/\/www.katag.ca\/#website","url":"https:\/\/www.katag.ca\/","name":"Katag","description":"LE jeu d'&eacute;p&eacute;es-mousse","publisher":{"@id":"https:\/\/www.katag.ca\/#organization"},"potentialAction":[{"@type":"SearchAction","target":{"@type":"EntryPoint","urlTemplate":"https:\/\/www.katag.ca\/?s={search_term_string}"},"query-input":{"@type":"PropertyValueSpecification","valueRequired":true,"valueName":"search_term_string"}}],"inLanguage":"en-US"},{"@type":"Organization","@id":"https:\/\/www.katag.ca\/#organization","name":"Katag","url":"https:\/\/www.katag.ca\/","logo":{"@type":"ImageObject","inLanguage":"en-US","@id":"https:\/\/www.katag.ca\/#\/schema\/logo\/image\/","url":"https:\/\/www.katag.ca\/wp-content\/uploads\/2021\/03\/logo-fr.png","contentUrl":"https:\/\/www.katag.ca\/wp-content\/uploads\/2021\/03\/logo-fr.png","width":338,"height":173,"caption":"Katag"},"image":{"@id":"https:\/\/www.katag.ca\/#\/schema\/logo\/image\/"},"sameAs":["https:\/\/www.facebook.com\/Katag.ca"]}]}},"_links":{"self":[{"href":"https:\/\/www.katag.ca\/en\/wp-json\/wp\/v2\/pages\/1457","targetHints":{"allow":["GET"]}}],"collection":[{"href":"https:\/\/www.katag.ca\/en\/wp-json\/wp\/v2\/pages"}],"about":[{"href":"https:\/\/www.katag.ca\/en\/wp-json\/wp\/v2\/types\/page"}],"author":[{"embeddable":true,"href":"https:\/\/www.katag.ca\/en\/wp-json\/wp\/v2\/users\/2"}],"replies":[{"embeddable":true,"href":"https:\/\/www.katag.ca\/en\/wp-json\/wp\/v2\/comments?post=1457"}],"version-history":[{"count":3,"href":"https:\/\/www.katag.ca\/en\/wp-json\/wp\/v2\/pages\/1457\/revisions"}],"predecessor-version":[{"id":2045,"href":"https:\/\/www.katag.ca\/en\/wp-json\/wp\/v2\/pages\/1457\/revisions\/2045"}],"wp:attachment":[{"href":"https:\/\/www.katag.ca\/en\/wp-json\/wp\/v2\/media?parent=1457"}],"curies":[{"name":"wp","href":"https:\/\/api.w.org\/{rel}","templated":true}]}}