{"id":1459,"date":"2015-01-06T21:08:22","date_gmt":"2015-01-06T21:08:22","guid":{"rendered":"http:\/\/www.boutiquekatag.com\/?page_id=1459"},"modified":"2015-01-09T00:31:51","modified_gmt":"2015-01-09T00:31:51","slug":"aventure-243","status":"publish","type":"page","link":"https:\/\/www.katag.ca\/en\/aventure-243\/","title":{"rendered":"Aventure 243"},"content":{"rendered":"<p>Vous commandez donc une portion de rago\u00fbt d\u2019asira, que l\u2019on vous sert dans un grand gobelet avec une cuill\u00e8re. \u00ab N\u2019oubliez pas de jeter le contenant et la cuill\u00e8re dans un bac de recyclage! \u00bb, vous dit l\u2019homme avant de vous quitter. Veuillez d\u00e9duire deux points \u00e0 votre total dans la cat\u00e9gorie r\u00eaves de votre feuille de route. Vous regardez la nourriture que l\u2019on vous a servie, mais n\u2019arrivez pas \u00e0 trouver cela app\u00e9tissant. Que d\u00e9sirez-vous faire?<\/p>\n<div class=\"btn-container  align-center\"><a class=\"organic-btn  dark-blue-btn small-btn  align-center\" href=\"http:\/\/www.katag.ca\/aventure-274\/\"><span class=\"btn-holder\">Vous d\u00e9sirez manger le rago\u00fbt<\/span><\/a><\/div>\n<div class=\"btn-container  align-center\"><a class=\"organic-btn  dark-blue-btn small-btn  align-center\" href=\"http:\/\/www.katag.ca\/aventure-275\/\"><span class=\"btn-holder\">Vous pr\u00e9f\u00e9rez le rendre \u00e0 l\u2019homme qui vous a servi et lui demander autre chose<\/span><\/a><\/div>\n<div class=\"btn-container  align-center\"><a class=\"organic-btn  dark-blue-btn small-btn  align-center\" href=\"http:\/\/www.katag.ca\/aventure-277\/\"><span class=\"btn-holder\">Vous choisissez de chercher une poubelle et y jeter le tout<\/span><\/a><\/div>\n<div class=\"btn-container  align-center\"><a class=\"organic-btn  dark-blue-btn small-btn  align-center\" href=\"http:\/\/www.katag.ca\/aventure-176\/\"><span class=\"btn-holder\">Vous d\u00e9cidez de d\u00e9poser le contenant sur le comptoir et continuer votre exploration<\/span><\/a><\/div>\n","protected":false},"excerpt":{"rendered":"<p>Vous commandez donc une portion de rago\u00fbt d\u2019asira, que l\u2019on vous sert dans un grand gobelet avec une cuill\u00e8re. \u00ab N\u2019oubliez pas de jeter le contenant et la cuill\u00e8re dans un bac de recyclage! \u00bb, vous dit l\u2019homme avant de vous quitter. Veuillez d\u00e9duire deux points \u00e0 votre total dans la cat\u00e9gorie r\u00eaves de votre feuille de route. Vous regardez la nourriture que l\u2019on vous a servie, mais n\u2019arrivez pas \u00e0 trouver cela app\u00e9tissant. Que d\u00e9sirez-vous faire?<\/p>\n","protected":false},"author":2,"featured_media":0,"parent":0,"menu_order":0,"comment_status":"closed","ping_status":"closed","template":"","meta":{"footnotes":""},"class_list":["post-1459","page","type-page","status-publish","hentry"],"yoast_head":"<!-- This site is optimized with the Yoast SEO plugin v27.5 - https:\/\/yoast.com\/product\/yoast-seo-wordpress\/ -->\n<title>Aventure 243 | Katag<\/title>\n<meta name=\"robots\" content=\"index, follow, max-snippet:-1, max-image-preview:large, max-video-preview:-1\" \/>\n<link rel=\"canonical\" href=\"https:\/\/www.katag.ca\/aventure-243\/\" \/>\n<meta property=\"og:locale\" content=\"en_US\" \/>\n<meta property=\"og:type\" content=\"article\" \/>\n<meta property=\"og:title\" content=\"Aventure 243 | Katag\" \/>\n<meta property=\"og:description\" content=\"Vous commandez donc une portion de rago\u00fbt d\u2019asira, que l\u2019on vous sert dans un grand gobelet avec une cuill\u00e8re. \u00ab N\u2019oubliez pas de jeter le contenant et la cuill\u00e8re dans un bac de recyclage! \u00bb, vous dit l\u2019homme avant de vous quitter. Veuillez d\u00e9duire deux points \u00e0 votre total dans la cat\u00e9gorie r\u00eaves de votre feuille de route. Vous regardez la nourriture que l\u2019on vous a servie, mais n\u2019arrivez pas \u00e0 trouver cela app\u00e9tissant. Que d\u00e9sirez-vous faire?\" \/>\n<meta property=\"og:url\" content=\"https:\/\/www.katag.ca\/aventure-243\/\" \/>\n<meta property=\"og:site_name\" content=\"Katag\" \/>\n<meta property=\"article:publisher\" content=\"https:\/\/www.facebook.com\/Katag.ca\" \/>\n<meta property=\"article:modified_time\" content=\"2015-01-09T00:31:51+00:00\" \/>\n<meta name=\"twitter:card\" content=\"summary_large_image\" \/>\n<meta name=\"twitter:label1\" content=\"Est. reading time\" \/>\n\t<meta name=\"twitter:data1\" content=\"1 minute\" \/>\n<script type=\"application\/ld+json\" class=\"yoast-schema-graph\">{\"@context\":\"https:\\\/\\\/schema.org\",\"@graph\":[{\"@type\":\"WebPage\",\"@id\":\"https:\\\/\\\/www.katag.ca\\\/aventure-243\\\/\",\"url\":\"https:\\\/\\\/www.katag.ca\\\/aventure-243\\\/\",\"name\":\"Aventure 243 | Katag\",\"isPartOf\":{\"@id\":\"https:\\\/\\\/www.katag.ca\\\/#website\"},\"datePublished\":\"2015-01-06T21:08:22+00:00\",\"dateModified\":\"2015-01-09T00:31:51+00:00\",\"breadcrumb\":{\"@id\":\"https:\\\/\\\/www.katag.ca\\\/aventure-243\\\/#breadcrumb\"},\"inLanguage\":\"en-US\",\"potentialAction\":[{\"@type\":\"ReadAction\",\"target\":[\"https:\\\/\\\/www.katag.ca\\\/aventure-243\\\/\"]}]},{\"@type\":\"BreadcrumbList\",\"@id\":\"https:\\\/\\\/www.katag.ca\\\/aventure-243\\\/#breadcrumb\",\"itemListElement\":[{\"@type\":\"ListItem\",\"position\":1,\"name\":\"Accueil\",\"item\":\"https:\\\/\\\/www.katag.ca\\\/\"},{\"@type\":\"ListItem\",\"position\":2,\"name\":\"Aventure 243\"}]},{\"@type\":\"WebSite\",\"@id\":\"https:\\\/\\\/www.katag.ca\\\/#website\",\"url\":\"https:\\\/\\\/www.katag.ca\\\/\",\"name\":\"Katag\",\"description\":\"LE jeu d'&eacute;p&eacute;es-mousse\",\"publisher\":{\"@id\":\"https:\\\/\\\/www.katag.ca\\\/#organization\"},\"potentialAction\":[{\"@type\":\"SearchAction\",\"target\":{\"@type\":\"EntryPoint\",\"urlTemplate\":\"https:\\\/\\\/www.katag.ca\\\/?s={search_term_string}\"},\"query-input\":{\"@type\":\"PropertyValueSpecification\",\"valueRequired\":true,\"valueName\":\"search_term_string\"}}],\"inLanguage\":\"en-US\"},{\"@type\":\"Organization\",\"@id\":\"https:\\\/\\\/www.katag.ca\\\/#organization\",\"name\":\"Katag\",\"url\":\"https:\\\/\\\/www.katag.ca\\\/\",\"logo\":{\"@type\":\"ImageObject\",\"inLanguage\":\"en-US\",\"@id\":\"https:\\\/\\\/www.katag.ca\\\/#\\\/schema\\\/logo\\\/image\\\/\",\"url\":\"https:\\\/\\\/www.katag.ca\\\/wp-content\\\/uploads\\\/2021\\\/03\\\/logo-fr.png\",\"contentUrl\":\"https:\\\/\\\/www.katag.ca\\\/wp-content\\\/uploads\\\/2021\\\/03\\\/logo-fr.png\",\"width\":338,\"height\":173,\"caption\":\"Katag\"},\"image\":{\"@id\":\"https:\\\/\\\/www.katag.ca\\\/#\\\/schema\\\/logo\\\/image\\\/\"},\"sameAs\":[\"https:\\\/\\\/www.facebook.com\\\/Katag.ca\"]}]}<\/script>\n<!-- \/ Yoast SEO plugin. -->","yoast_head_json":{"title":"Aventure 243 | Katag","robots":{"index":"index","follow":"follow","max-snippet":"max-snippet:-1","max-image-preview":"max-image-preview:large","max-video-preview":"max-video-preview:-1"},"canonical":"https:\/\/www.katag.ca\/aventure-243\/","og_locale":"en_US","og_type":"article","og_title":"Aventure 243 | Katag","og_description":"Vous commandez donc une portion de rago\u00fbt d\u2019asira, que l\u2019on vous sert dans un grand gobelet avec une cuill\u00e8re. \u00ab N\u2019oubliez pas de jeter le contenant et la cuill\u00e8re dans un bac de recyclage! \u00bb, vous dit l\u2019homme avant de vous quitter. Veuillez d\u00e9duire deux points \u00e0 votre total dans la cat\u00e9gorie r\u00eaves de votre feuille de route. Vous regardez la nourriture que l\u2019on vous a servie, mais n\u2019arrivez pas \u00e0 trouver cela app\u00e9tissant. Que d\u00e9sirez-vous faire?","og_url":"https:\/\/www.katag.ca\/aventure-243\/","og_site_name":"Katag","article_publisher":"https:\/\/www.facebook.com\/Katag.ca","article_modified_time":"2015-01-09T00:31:51+00:00","twitter_card":"summary_large_image","twitter_misc":{"Est. reading time":"1 minute"},"schema":{"@context":"https:\/\/schema.org","@graph":[{"@type":"WebPage","@id":"https:\/\/www.katag.ca\/aventure-243\/","url":"https:\/\/www.katag.ca\/aventure-243\/","name":"Aventure 243 | Katag","isPartOf":{"@id":"https:\/\/www.katag.ca\/#website"},"datePublished":"2015-01-06T21:08:22+00:00","dateModified":"2015-01-09T00:31:51+00:00","breadcrumb":{"@id":"https:\/\/www.katag.ca\/aventure-243\/#breadcrumb"},"inLanguage":"en-US","potentialAction":[{"@type":"ReadAction","target":["https:\/\/www.katag.ca\/aventure-243\/"]}]},{"@type":"BreadcrumbList","@id":"https:\/\/www.katag.ca\/aventure-243\/#breadcrumb","itemListElement":[{"@type":"ListItem","position":1,"name":"Accueil","item":"https:\/\/www.katag.ca\/"},{"@type":"ListItem","position":2,"name":"Aventure 243"}]},{"@type":"WebSite","@id":"https:\/\/www.katag.ca\/#website","url":"https:\/\/www.katag.ca\/","name":"Katag","description":"LE jeu d'&eacute;p&eacute;es-mousse","publisher":{"@id":"https:\/\/www.katag.ca\/#organization"},"potentialAction":[{"@type":"SearchAction","target":{"@type":"EntryPoint","urlTemplate":"https:\/\/www.katag.ca\/?s={search_term_string}"},"query-input":{"@type":"PropertyValueSpecification","valueRequired":true,"valueName":"search_term_string"}}],"inLanguage":"en-US"},{"@type":"Organization","@id":"https:\/\/www.katag.ca\/#organization","name":"Katag","url":"https:\/\/www.katag.ca\/","logo":{"@type":"ImageObject","inLanguage":"en-US","@id":"https:\/\/www.katag.ca\/#\/schema\/logo\/image\/","url":"https:\/\/www.katag.ca\/wp-content\/uploads\/2021\/03\/logo-fr.png","contentUrl":"https:\/\/www.katag.ca\/wp-content\/uploads\/2021\/03\/logo-fr.png","width":338,"height":173,"caption":"Katag"},"image":{"@id":"https:\/\/www.katag.ca\/#\/schema\/logo\/image\/"},"sameAs":["https:\/\/www.facebook.com\/Katag.ca"]}]}},"_links":{"self":[{"href":"https:\/\/www.katag.ca\/en\/wp-json\/wp\/v2\/pages\/1459","targetHints":{"allow":["GET"]}}],"collection":[{"href":"https:\/\/www.katag.ca\/en\/wp-json\/wp\/v2\/pages"}],"about":[{"href":"https:\/\/www.katag.ca\/en\/wp-json\/wp\/v2\/types\/page"}],"author":[{"embeddable":true,"href":"https:\/\/www.katag.ca\/en\/wp-json\/wp\/v2\/users\/2"}],"replies":[{"embeddable":true,"href":"https:\/\/www.katag.ca\/en\/wp-json\/wp\/v2\/comments?post=1459"}],"version-history":[{"count":3,"href":"https:\/\/www.katag.ca\/en\/wp-json\/wp\/v2\/pages\/1459\/revisions"}],"predecessor-version":[{"id":2047,"href":"https:\/\/www.katag.ca\/en\/wp-json\/wp\/v2\/pages\/1459\/revisions\/2047"}],"wp:attachment":[{"href":"https:\/\/www.katag.ca\/en\/wp-json\/wp\/v2\/media?parent=1459"}],"curies":[{"name":"wp","href":"https:\/\/api.w.org\/{rel}","templated":true}]}}