{"id":1461,"date":"2015-01-06T21:09:29","date_gmt":"2015-01-06T21:09:29","guid":{"rendered":"http:\/\/www.boutiquekatag.com\/?page_id=1461"},"modified":"2015-01-09T00:33:02","modified_gmt":"2015-01-09T00:33:02","slug":"aventure-244","status":"publish","type":"page","link":"https:\/\/www.katag.ca\/en\/aventure-244\/","title":{"rendered":"Aventure 244"},"content":{"rendered":"<p>Vous payez votre d\u00fb et l\u2019homme vous remet une brochette de cornette. Veuillez d\u00e9duire deux points \u00e0 votre total dans la cat\u00e9gorie r\u00eaves de votre feuille de route. Vous regardez la brochette et constatez qu\u2019elle n\u2019est faite que de fruits et de l\u00e9gumes, alors que vous vous attendiez \u00e0 de la viande! Vous la d\u00e9gustez quand m\u00eame et la trouvez tr\u00e8s savoureuse. Ajoutez deux points \u00e0 votre total dans la cat\u00e9gorie endurance sur votre feuille de route. Qu\u2019allez-vous faire maintenant?<\/p>\n<div class=\"btn-container  align-center\"><a class=\"organic-btn  dark-blue-btn small-btn  align-center\" href=\"http:\/\/www.katag.ca\/aventure-176\/\"><span class=\"btn-holder\">Vous continuez d\u2019explorer ce lieu<\/span><\/a><\/div>\n<div class=\"btn-container  align-center\"><a class=\"organic-btn  dark-blue-btn small-btn  align-center\" href=\"http:\/\/www.katag.ca\/aventure-201\/\"><span class=\"btn-holder\">Vous pr\u00e9f\u00e9rez poursuivre votre chemin sans vous attarder plus longtemps dans cet endroit<\/span><\/a><\/div>\n","protected":false},"excerpt":{"rendered":"<p>Vous payez votre d\u00fb et l\u2019homme vous remet une brochette de cornette. Veuillez d\u00e9duire deux points \u00e0 votre total dans la cat\u00e9gorie r\u00eaves de votre feuille de route. Vous regardez la brochette et constatez qu\u2019elle n\u2019est faite que de fruits et de l\u00e9gumes, alors que vous vous attendiez \u00e0 de la viande! Vous la d\u00e9gustez quand m\u00eame et la trouvez tr\u00e8s savoureuse. Ajoutez deux points \u00e0 votre total dans la cat\u00e9gorie endurance sur votre feuille de route. Qu\u2019allez-vous faire maintenant?<\/p>\n","protected":false},"author":2,"featured_media":0,"parent":0,"menu_order":0,"comment_status":"closed","ping_status":"closed","template":"","meta":{"footnotes":""},"class_list":["post-1461","page","type-page","status-publish","hentry"],"yoast_head":"<!-- This site is optimized with the Yoast SEO plugin v27.5 - https:\/\/yoast.com\/product\/yoast-seo-wordpress\/ -->\n<title>Aventure 244 | Katag<\/title>\n<meta name=\"robots\" content=\"index, follow, max-snippet:-1, max-image-preview:large, max-video-preview:-1\" \/>\n<link rel=\"canonical\" href=\"https:\/\/www.katag.ca\/en\/aventure-244\/\" \/>\n<meta property=\"og:locale\" content=\"en_US\" \/>\n<meta property=\"og:type\" content=\"article\" \/>\n<meta property=\"og:title\" content=\"Aventure 244 | Katag\" \/>\n<meta property=\"og:description\" content=\"Vous payez votre d\u00fb et l\u2019homme vous remet une brochette de cornette. Veuillez d\u00e9duire deux points \u00e0 votre total dans la cat\u00e9gorie r\u00eaves de votre feuille de route. Vous regardez la brochette et constatez qu\u2019elle n\u2019est faite que de fruits et de l\u00e9gumes, alors que vous vous attendiez \u00e0 de la viande! Vous la d\u00e9gustez quand m\u00eame et la trouvez tr\u00e8s savoureuse. Ajoutez deux points \u00e0 votre total dans la cat\u00e9gorie endurance sur votre feuille de route. Qu\u2019allez-vous faire maintenant?\" \/>\n<meta property=\"og:url\" content=\"https:\/\/www.katag.ca\/en\/aventure-244\/\" \/>\n<meta property=\"og:site_name\" content=\"Katag\" \/>\n<meta property=\"article:publisher\" content=\"https:\/\/www.facebook.com\/Katag.ca\" \/>\n<meta property=\"article:modified_time\" content=\"2015-01-09T00:33:02+00:00\" \/>\n<meta name=\"twitter:card\" content=\"summary_large_image\" \/>\n<meta name=\"twitter:label1\" content=\"Est. reading time\" \/>\n\t<meta name=\"twitter:data1\" content=\"1 minute\" \/>\n<script type=\"application\/ld+json\" class=\"yoast-schema-graph\">{\"@context\":\"https:\\\/\\\/schema.org\",\"@graph\":[{\"@type\":\"WebPage\",\"@id\":\"https:\\\/\\\/www.katag.ca\\\/en\\\/aventure-244\\\/\",\"url\":\"https:\\\/\\\/www.katag.ca\\\/en\\\/aventure-244\\\/\",\"name\":\"Aventure 244 | Katag\",\"isPartOf\":{\"@id\":\"https:\\\/\\\/www.katag.ca\\\/#website\"},\"datePublished\":\"2015-01-06T21:09:29+00:00\",\"dateModified\":\"2015-01-09T00:33:02+00:00\",\"breadcrumb\":{\"@id\":\"https:\\\/\\\/www.katag.ca\\\/en\\\/aventure-244\\\/#breadcrumb\"},\"inLanguage\":\"en-US\",\"potentialAction\":[{\"@type\":\"ReadAction\",\"target\":[\"https:\\\/\\\/www.katag.ca\\\/en\\\/aventure-244\\\/\"]}]},{\"@type\":\"BreadcrumbList\",\"@id\":\"https:\\\/\\\/www.katag.ca\\\/en\\\/aventure-244\\\/#breadcrumb\",\"itemListElement\":[{\"@type\":\"ListItem\",\"position\":1,\"name\":\"Accueil\",\"item\":\"https:\\\/\\\/www.katag.ca\\\/\"},{\"@type\":\"ListItem\",\"position\":2,\"name\":\"Aventure 244\"}]},{\"@type\":\"WebSite\",\"@id\":\"https:\\\/\\\/www.katag.ca\\\/#website\",\"url\":\"https:\\\/\\\/www.katag.ca\\\/\",\"name\":\"Katag\",\"description\":\"LE jeu d'&eacute;p&eacute;es-mousse\",\"publisher\":{\"@id\":\"https:\\\/\\\/www.katag.ca\\\/#organization\"},\"potentialAction\":[{\"@type\":\"SearchAction\",\"target\":{\"@type\":\"EntryPoint\",\"urlTemplate\":\"https:\\\/\\\/www.katag.ca\\\/?s={search_term_string}\"},\"query-input\":{\"@type\":\"PropertyValueSpecification\",\"valueRequired\":true,\"valueName\":\"search_term_string\"}}],\"inLanguage\":\"en-US\"},{\"@type\":\"Organization\",\"@id\":\"https:\\\/\\\/www.katag.ca\\\/#organization\",\"name\":\"Katag\",\"url\":\"https:\\\/\\\/www.katag.ca\\\/\",\"logo\":{\"@type\":\"ImageObject\",\"inLanguage\":\"en-US\",\"@id\":\"https:\\\/\\\/www.katag.ca\\\/#\\\/schema\\\/logo\\\/image\\\/\",\"url\":\"https:\\\/\\\/www.katag.ca\\\/wp-content\\\/uploads\\\/2021\\\/03\\\/logo-fr.png\",\"contentUrl\":\"https:\\\/\\\/www.katag.ca\\\/wp-content\\\/uploads\\\/2021\\\/03\\\/logo-fr.png\",\"width\":338,\"height\":173,\"caption\":\"Katag\"},\"image\":{\"@id\":\"https:\\\/\\\/www.katag.ca\\\/#\\\/schema\\\/logo\\\/image\\\/\"},\"sameAs\":[\"https:\\\/\\\/www.facebook.com\\\/Katag.ca\"]}]}<\/script>\n<!-- \/ Yoast SEO plugin. -->","yoast_head_json":{"title":"Aventure 244 | Katag","robots":{"index":"index","follow":"follow","max-snippet":"max-snippet:-1","max-image-preview":"max-image-preview:large","max-video-preview":"max-video-preview:-1"},"canonical":"https:\/\/www.katag.ca\/en\/aventure-244\/","og_locale":"en_US","og_type":"article","og_title":"Aventure 244 | Katag","og_description":"Vous payez votre d\u00fb et l\u2019homme vous remet une brochette de cornette. Veuillez d\u00e9duire deux points \u00e0 votre total dans la cat\u00e9gorie r\u00eaves de votre feuille de route. Vous regardez la brochette et constatez qu\u2019elle n\u2019est faite que de fruits et de l\u00e9gumes, alors que vous vous attendiez \u00e0 de la viande! Vous la d\u00e9gustez quand m\u00eame et la trouvez tr\u00e8s savoureuse. Ajoutez deux points \u00e0 votre total dans la cat\u00e9gorie endurance sur votre feuille de route. Qu\u2019allez-vous faire maintenant?","og_url":"https:\/\/www.katag.ca\/en\/aventure-244\/","og_site_name":"Katag","article_publisher":"https:\/\/www.facebook.com\/Katag.ca","article_modified_time":"2015-01-09T00:33:02+00:00","twitter_card":"summary_large_image","twitter_misc":{"Est. reading time":"1 minute"},"schema":{"@context":"https:\/\/schema.org","@graph":[{"@type":"WebPage","@id":"https:\/\/www.katag.ca\/en\/aventure-244\/","url":"https:\/\/www.katag.ca\/en\/aventure-244\/","name":"Aventure 244 | Katag","isPartOf":{"@id":"https:\/\/www.katag.ca\/#website"},"datePublished":"2015-01-06T21:09:29+00:00","dateModified":"2015-01-09T00:33:02+00:00","breadcrumb":{"@id":"https:\/\/www.katag.ca\/en\/aventure-244\/#breadcrumb"},"inLanguage":"en-US","potentialAction":[{"@type":"ReadAction","target":["https:\/\/www.katag.ca\/en\/aventure-244\/"]}]},{"@type":"BreadcrumbList","@id":"https:\/\/www.katag.ca\/en\/aventure-244\/#breadcrumb","itemListElement":[{"@type":"ListItem","position":1,"name":"Accueil","item":"https:\/\/www.katag.ca\/"},{"@type":"ListItem","position":2,"name":"Aventure 244"}]},{"@type":"WebSite","@id":"https:\/\/www.katag.ca\/#website","url":"https:\/\/www.katag.ca\/","name":"Katag","description":"LE jeu d'&eacute;p&eacute;es-mousse","publisher":{"@id":"https:\/\/www.katag.ca\/#organization"},"potentialAction":[{"@type":"SearchAction","target":{"@type":"EntryPoint","urlTemplate":"https:\/\/www.katag.ca\/?s={search_term_string}"},"query-input":{"@type":"PropertyValueSpecification","valueRequired":true,"valueName":"search_term_string"}}],"inLanguage":"en-US"},{"@type":"Organization","@id":"https:\/\/www.katag.ca\/#organization","name":"Katag","url":"https:\/\/www.katag.ca\/","logo":{"@type":"ImageObject","inLanguage":"en-US","@id":"https:\/\/www.katag.ca\/#\/schema\/logo\/image\/","url":"https:\/\/www.katag.ca\/wp-content\/uploads\/2021\/03\/logo-fr.png","contentUrl":"https:\/\/www.katag.ca\/wp-content\/uploads\/2021\/03\/logo-fr.png","width":338,"height":173,"caption":"Katag"},"image":{"@id":"https:\/\/www.katag.ca\/#\/schema\/logo\/image\/"},"sameAs":["https:\/\/www.facebook.com\/Katag.ca"]}]}},"_links":{"self":[{"href":"https:\/\/www.katag.ca\/en\/wp-json\/wp\/v2\/pages\/1461","targetHints":{"allow":["GET"]}}],"collection":[{"href":"https:\/\/www.katag.ca\/en\/wp-json\/wp\/v2\/pages"}],"about":[{"href":"https:\/\/www.katag.ca\/en\/wp-json\/wp\/v2\/types\/page"}],"author":[{"embeddable":true,"href":"https:\/\/www.katag.ca\/en\/wp-json\/wp\/v2\/users\/2"}],"replies":[{"embeddable":true,"href":"https:\/\/www.katag.ca\/en\/wp-json\/wp\/v2\/comments?post=1461"}],"version-history":[{"count":3,"href":"https:\/\/www.katag.ca\/en\/wp-json\/wp\/v2\/pages\/1461\/revisions"}],"predecessor-version":[{"id":2049,"href":"https:\/\/www.katag.ca\/en\/wp-json\/wp\/v2\/pages\/1461\/revisions\/2049"}],"wp:attachment":[{"href":"https:\/\/www.katag.ca\/en\/wp-json\/wp\/v2\/media?parent=1461"}],"curies":[{"name":"wp","href":"https:\/\/api.w.org\/{rel}","templated":true}]}}