{"id":1471,"date":"2015-01-06T21:12:43","date_gmt":"2015-01-06T21:12:43","guid":{"rendered":"http:\/\/www.boutiquekatag.com\/?page_id=1471"},"modified":"2015-01-09T01:32:54","modified_gmt":"2015-01-09T01:32:54","slug":"aventure-249","status":"publish","type":"page","link":"https:\/\/www.katag.ca\/en\/aventure-249\/","title":{"rendered":"Aventure 249"},"content":{"rendered":"<p>L\u2019homme vous demande de vous asseoir sur une chaise et continue de vous parler en tentant de rendre l\u2019une de ses excursions int\u00e9ressante : \u00ab Tout d\u2019abord nous pourrions t\u2019offrir ce qu\u2019il y a de plus branch\u00e9 ces temps-ci pour les plus jeunes, une balade de truiphant dans les for\u00eats de\u2026 \u00bb Vous avez la vague impression d\u2019\u00eatre hypnotis\u00e9 par cet homme qui ne cesse de parler et bient\u00f4t vous n\u2019arrivez qu\u2019\u00e0 saisir de brefs passages de ce qu\u2019il raconte. \u00ab Bien s\u00fbr, il y a \u00e9galement, pour les plus t\u00e9m\u00e9raires, l\u2019escalade du volcan\u2026 les ch\u00fbtes du Lindor\u2026 cet \u00e9difice date de\u2026 \u00bb Vous commencez \u00e0 vous sentir somnolent, comme si vous alliez vous endormir. Vous sentez que vos forces vous quittent tranquillement et que si vous ne r\u00e9agissez pas rapidement, votre qu\u00eate se terminera abruptement\u2026 <\/p>\n<div class=\"btn-container  align-center\"><a class=\"organic-btn  dark-blue-btn small-btn  align-center\" href=\"http:\/\/www.katag.ca\/aventure-280\/\"><span class=\"btn-holder\">Si le total de vos points de r\u00eaves sur votre feuille de route est de 7 ou plus, cliquez ici<\/span><\/a><\/div>\n<div class=\"btn-container  align-center\"><a class=\"organic-btn  dark-blue-btn small-btn  align-center\" href=\"http:\/\/www.katag.ca\/aventure-281\/\"><span class=\"btn-holder\">Si votre total est inf\u00e9rieur \u00e0 7, cliquez ici<\/span><\/a><\/div>\n","protected":false},"excerpt":{"rendered":"<p>L\u2019homme vous demande de vous asseoir sur une chaise et continue de vous parler en tentant de rendre l\u2019une de ses excursions int\u00e9ressante : \u00ab Tout d\u2019abord nous pourrions t\u2019offrir ce qu\u2019il y a de plus branch\u00e9 ces temps-ci pour les plus jeunes, une balade de truiphant dans les for\u00eats de\u2026 \u00bb Vous avez la vague impression d\u2019\u00eatre hypnotis\u00e9 par cet homme qui ne cesse de parler et bient\u00f4t vous n\u2019arrivez qu\u2019\u00e0 saisir de brefs passages de ce qu\u2019il raconte. \u00ab Bien s\u00fbr, il y a \u00e9galement, pour&#8230;<\/p>\n","protected":false},"author":2,"featured_media":0,"parent":0,"menu_order":0,"comment_status":"closed","ping_status":"closed","template":"","meta":{"footnotes":""},"class_list":["post-1471","page","type-page","status-publish","hentry"],"yoast_head":"<!-- This site is optimized with the Yoast SEO plugin v27.5 - https:\/\/yoast.com\/product\/yoast-seo-wordpress\/ -->\n<title>Aventure 249 | Katag<\/title>\n<meta name=\"robots\" content=\"index, follow, max-snippet:-1, max-image-preview:large, max-video-preview:-1\" \/>\n<link rel=\"canonical\" href=\"https:\/\/www.katag.ca\/aventure-249\/\" \/>\n<meta property=\"og:locale\" content=\"en_US\" \/>\n<meta property=\"og:type\" content=\"article\" \/>\n<meta property=\"og:title\" content=\"Aventure 249 | Katag\" \/>\n<meta property=\"og:description\" content=\"L\u2019homme vous demande de vous asseoir sur une chaise et continue de vous parler en tentant de rendre l\u2019une de ses excursions int\u00e9ressante : \u00ab Tout d\u2019abord nous pourrions t\u2019offrir ce qu\u2019il y a de plus branch\u00e9 ces temps-ci pour les plus jeunes, une balade de truiphant dans les for\u00eats de\u2026 \u00bb Vous avez la vague impression d\u2019\u00eatre hypnotis\u00e9 par cet homme qui ne cesse de parler et bient\u00f4t vous n\u2019arrivez qu\u2019\u00e0 saisir de brefs passages de ce qu\u2019il raconte. \u00ab Bien s\u00fbr, il y a \u00e9galement, pour...\" \/>\n<meta property=\"og:url\" content=\"https:\/\/www.katag.ca\/aventure-249\/\" \/>\n<meta property=\"og:site_name\" content=\"Katag\" \/>\n<meta property=\"article:publisher\" content=\"https:\/\/www.facebook.com\/Katag.ca\" \/>\n<meta property=\"article:modified_time\" content=\"2015-01-09T01:32:54+00:00\" \/>\n<meta name=\"twitter:card\" content=\"summary_large_image\" \/>\n<meta name=\"twitter:label1\" content=\"Est. reading time\" \/>\n\t<meta name=\"twitter:data1\" content=\"1 minute\" \/>\n<script type=\"application\/ld+json\" class=\"yoast-schema-graph\">{\"@context\":\"https:\\\/\\\/schema.org\",\"@graph\":[{\"@type\":\"WebPage\",\"@id\":\"https:\\\/\\\/www.katag.ca\\\/aventure-249\\\/\",\"url\":\"https:\\\/\\\/www.katag.ca\\\/aventure-249\\\/\",\"name\":\"Aventure 249 | Katag\",\"isPartOf\":{\"@id\":\"https:\\\/\\\/www.katag.ca\\\/#website\"},\"datePublished\":\"2015-01-06T21:12:43+00:00\",\"dateModified\":\"2015-01-09T01:32:54+00:00\",\"breadcrumb\":{\"@id\":\"https:\\\/\\\/www.katag.ca\\\/aventure-249\\\/#breadcrumb\"},\"inLanguage\":\"en-US\",\"potentialAction\":[{\"@type\":\"ReadAction\",\"target\":[\"https:\\\/\\\/www.katag.ca\\\/aventure-249\\\/\"]}]},{\"@type\":\"BreadcrumbList\",\"@id\":\"https:\\\/\\\/www.katag.ca\\\/aventure-249\\\/#breadcrumb\",\"itemListElement\":[{\"@type\":\"ListItem\",\"position\":1,\"name\":\"Accueil\",\"item\":\"https:\\\/\\\/www.katag.ca\\\/\"},{\"@type\":\"ListItem\",\"position\":2,\"name\":\"Aventure 249\"}]},{\"@type\":\"WebSite\",\"@id\":\"https:\\\/\\\/www.katag.ca\\\/#website\",\"url\":\"https:\\\/\\\/www.katag.ca\\\/\",\"name\":\"Katag\",\"description\":\"LE jeu d'&eacute;p&eacute;es-mousse\",\"publisher\":{\"@id\":\"https:\\\/\\\/www.katag.ca\\\/#organization\"},\"potentialAction\":[{\"@type\":\"SearchAction\",\"target\":{\"@type\":\"EntryPoint\",\"urlTemplate\":\"https:\\\/\\\/www.katag.ca\\\/?s={search_term_string}\"},\"query-input\":{\"@type\":\"PropertyValueSpecification\",\"valueRequired\":true,\"valueName\":\"search_term_string\"}}],\"inLanguage\":\"en-US\"},{\"@type\":\"Organization\",\"@id\":\"https:\\\/\\\/www.katag.ca\\\/#organization\",\"name\":\"Katag\",\"url\":\"https:\\\/\\\/www.katag.ca\\\/\",\"logo\":{\"@type\":\"ImageObject\",\"inLanguage\":\"en-US\",\"@id\":\"https:\\\/\\\/www.katag.ca\\\/#\\\/schema\\\/logo\\\/image\\\/\",\"url\":\"https:\\\/\\\/www.katag.ca\\\/wp-content\\\/uploads\\\/2021\\\/03\\\/logo-fr.png\",\"contentUrl\":\"https:\\\/\\\/www.katag.ca\\\/wp-content\\\/uploads\\\/2021\\\/03\\\/logo-fr.png\",\"width\":338,\"height\":173,\"caption\":\"Katag\"},\"image\":{\"@id\":\"https:\\\/\\\/www.katag.ca\\\/#\\\/schema\\\/logo\\\/image\\\/\"},\"sameAs\":[\"https:\\\/\\\/www.facebook.com\\\/Katag.ca\"]}]}<\/script>\n<!-- \/ Yoast SEO plugin. -->","yoast_head_json":{"title":"Aventure 249 | Katag","robots":{"index":"index","follow":"follow","max-snippet":"max-snippet:-1","max-image-preview":"max-image-preview:large","max-video-preview":"max-video-preview:-1"},"canonical":"https:\/\/www.katag.ca\/aventure-249\/","og_locale":"en_US","og_type":"article","og_title":"Aventure 249 | Katag","og_description":"L\u2019homme vous demande de vous asseoir sur une chaise et continue de vous parler en tentant de rendre l\u2019une de ses excursions int\u00e9ressante : \u00ab Tout d\u2019abord nous pourrions t\u2019offrir ce qu\u2019il y a de plus branch\u00e9 ces temps-ci pour les plus jeunes, une balade de truiphant dans les for\u00eats de\u2026 \u00bb Vous avez la vague impression d\u2019\u00eatre hypnotis\u00e9 par cet homme qui ne cesse de parler et bient\u00f4t vous n\u2019arrivez qu\u2019\u00e0 saisir de brefs passages de ce qu\u2019il raconte. \u00ab Bien s\u00fbr, il y a \u00e9galement, pour...","og_url":"https:\/\/www.katag.ca\/aventure-249\/","og_site_name":"Katag","article_publisher":"https:\/\/www.facebook.com\/Katag.ca","article_modified_time":"2015-01-09T01:32:54+00:00","twitter_card":"summary_large_image","twitter_misc":{"Est. reading time":"1 minute"},"schema":{"@context":"https:\/\/schema.org","@graph":[{"@type":"WebPage","@id":"https:\/\/www.katag.ca\/aventure-249\/","url":"https:\/\/www.katag.ca\/aventure-249\/","name":"Aventure 249 | Katag","isPartOf":{"@id":"https:\/\/www.katag.ca\/#website"},"datePublished":"2015-01-06T21:12:43+00:00","dateModified":"2015-01-09T01:32:54+00:00","breadcrumb":{"@id":"https:\/\/www.katag.ca\/aventure-249\/#breadcrumb"},"inLanguage":"en-US","potentialAction":[{"@type":"ReadAction","target":["https:\/\/www.katag.ca\/aventure-249\/"]}]},{"@type":"BreadcrumbList","@id":"https:\/\/www.katag.ca\/aventure-249\/#breadcrumb","itemListElement":[{"@type":"ListItem","position":1,"name":"Accueil","item":"https:\/\/www.katag.ca\/"},{"@type":"ListItem","position":2,"name":"Aventure 249"}]},{"@type":"WebSite","@id":"https:\/\/www.katag.ca\/#website","url":"https:\/\/www.katag.ca\/","name":"Katag","description":"LE jeu d'&eacute;p&eacute;es-mousse","publisher":{"@id":"https:\/\/www.katag.ca\/#organization"},"potentialAction":[{"@type":"SearchAction","target":{"@type":"EntryPoint","urlTemplate":"https:\/\/www.katag.ca\/?s={search_term_string}"},"query-input":{"@type":"PropertyValueSpecification","valueRequired":true,"valueName":"search_term_string"}}],"inLanguage":"en-US"},{"@type":"Organization","@id":"https:\/\/www.katag.ca\/#organization","name":"Katag","url":"https:\/\/www.katag.ca\/","logo":{"@type":"ImageObject","inLanguage":"en-US","@id":"https:\/\/www.katag.ca\/#\/schema\/logo\/image\/","url":"https:\/\/www.katag.ca\/wp-content\/uploads\/2021\/03\/logo-fr.png","contentUrl":"https:\/\/www.katag.ca\/wp-content\/uploads\/2021\/03\/logo-fr.png","width":338,"height":173,"caption":"Katag"},"image":{"@id":"https:\/\/www.katag.ca\/#\/schema\/logo\/image\/"},"sameAs":["https:\/\/www.facebook.com\/Katag.ca"]}]}},"_links":{"self":[{"href":"https:\/\/www.katag.ca\/en\/wp-json\/wp\/v2\/pages\/1471","targetHints":{"allow":["GET"]}}],"collection":[{"href":"https:\/\/www.katag.ca\/en\/wp-json\/wp\/v2\/pages"}],"about":[{"href":"https:\/\/www.katag.ca\/en\/wp-json\/wp\/v2\/types\/page"}],"author":[{"embeddable":true,"href":"https:\/\/www.katag.ca\/en\/wp-json\/wp\/v2\/users\/2"}],"replies":[{"embeddable":true,"href":"https:\/\/www.katag.ca\/en\/wp-json\/wp\/v2\/comments?post=1471"}],"version-history":[{"count":3,"href":"https:\/\/www.katag.ca\/en\/wp-json\/wp\/v2\/pages\/1471\/revisions"}],"predecessor-version":[{"id":2057,"href":"https:\/\/www.katag.ca\/en\/wp-json\/wp\/v2\/pages\/1471\/revisions\/2057"}],"wp:attachment":[{"href":"https:\/\/www.katag.ca\/en\/wp-json\/wp\/v2\/media?parent=1471"}],"curies":[{"name":"wp","href":"https:\/\/api.w.org\/{rel}","templated":true}]}}