{"id":1475,"date":"2015-01-06T21:14:15","date_gmt":"2015-01-06T21:14:15","guid":{"rendered":"http:\/\/www.boutiquekatag.com\/?page_id=1475"},"modified":"2015-01-09T01:47:19","modified_gmt":"2015-01-09T01:47:19","slug":"aventure-251","status":"publish","type":"page","link":"https:\/\/www.katag.ca\/en\/aventure-251\/","title":{"rendered":"Aventure 251"},"content":{"rendered":"<p>Vous prenez vos jambes \u00e0 votre cou et d\u00e9guerpissez le plus rapidement possible de cet endroit. Pendant un moment, vous pouvez entendre la chose qui vous suit siffler et filer \u00e0 toute allure dans votre direction. Vous arrivez \u00e0 diff\u00e9rentes intersections et, sans r\u00e9fl\u00e9chir, vous prenez  plusieurs fois des d\u00e9cisions instantan\u00e9es sans m\u00eame penser \u00e0 ce que vous faites. Vous avez d\u00fb tourner \u00e0 au moins cinq reprises! Au bout de dix minutes de course, vous vous arr\u00eatez, hors d\u2019haleine, pour regarder derri\u00e8re vous et constatez que vous avez r\u00e9ussi \u00e0 semer la cr\u00e9ature inconnue qui vous pourchassait.<\/p>\n<p>Toutefois, vous comprenez que vous ne savez plus exactement o\u00f9 vous vous trouvez et qu\u2019avec toutes ces intersections que vous avez prises, vous ne seriez pas en mesure de revenir sur vos pas avec certitude sans vous perdre. Ceci vous am\u00e8ne \u00e0 r\u00e9aliser que vous vous \u00eates perdu! Vous commencez par regarder autour de vous et avez au moins la certitude d\u2019\u00eatre entr\u00e9 dans un quartier r\u00e9sidentiel. Il y a de petites habitations de formes tr\u00e8s diverses et de couleurs tr\u00e8s \u00e9clatantes. Deux choses attirent plus particuli\u00e8rement votre attention. Vous pouvez voir au bout de la ruelle o\u00f9 vous vous trouvez qu\u2019un chemin semble mener \u00e0 l\u2019int\u00e9rieur d\u2019une for\u00eat. Puis, sur ce m\u00eame chemin, vous apercevez un homme, assis sur les marches de sa demeure, qui vous regarde. L\u2019homme a l\u2019air bien triste. Qu\u2019allez-vous faire?<\/p>\n<div class=\"btn-container  align-center\"><a class=\"organic-btn  dark-blue-btn small-btn  align-center\" href=\"http:\/\/www.katag.ca\/aventure-283\/\"><span class=\"btn-holder\">Vous d\u00e9sirez aller parler \u00e0 l\u2019homme<\/span><\/a><\/div>\n<div class=\"btn-container  align-center\"><a class=\"organic-btn  dark-blue-btn small-btn  align-center\" href=\"http:\/\/www.katag.ca\/aventure-284\/\"><span class=\"btn-holder\">Vous pr\u00e9f\u00e9rez vous diriger vers la for\u00eat<\/span><\/a><\/div>\n","protected":false},"excerpt":{"rendered":"<p>Vous prenez vos jambes \u00e0 votre cou et d\u00e9guerpissez le plus rapidement possible de cet endroit. Pendant un moment, vous pouvez entendre la chose qui vous suit siffler et filer \u00e0 toute allure dans votre direction. Vous arrivez \u00e0 diff\u00e9rentes intersections et, sans r\u00e9fl\u00e9chir, vous prenez plusieurs fois des d\u00e9cisions instantan\u00e9es sans m\u00eame penser \u00e0 ce que vous faites. Vous avez d\u00fb tourner \u00e0 au moins cinq reprises! Au bout de dix minutes de course, vous vous arr\u00eatez, hors d\u2019haleine, pour regarder derri\u00e8re vous et constatez que vous&#8230;<\/p>\n","protected":false},"author":2,"featured_media":0,"parent":0,"menu_order":0,"comment_status":"closed","ping_status":"closed","template":"","meta":{"footnotes":""},"class_list":["post-1475","page","type-page","status-publish","hentry"],"yoast_head":"<!-- This site is optimized with the Yoast SEO plugin v27.5 - https:\/\/yoast.com\/product\/yoast-seo-wordpress\/ -->\n<title>Aventure 251 | Katag<\/title>\n<meta name=\"robots\" content=\"index, follow, max-snippet:-1, max-image-preview:large, max-video-preview:-1\" \/>\n<link rel=\"canonical\" href=\"https:\/\/www.katag.ca\/aventure-251\/\" \/>\n<meta property=\"og:locale\" content=\"en_US\" \/>\n<meta property=\"og:type\" content=\"article\" \/>\n<meta property=\"og:title\" content=\"Aventure 251 | Katag\" \/>\n<meta property=\"og:description\" content=\"Vous prenez vos jambes \u00e0 votre cou et d\u00e9guerpissez le plus rapidement possible de cet endroit. Pendant un moment, vous pouvez entendre la chose qui vous suit siffler et filer \u00e0 toute allure dans votre direction. Vous arrivez \u00e0 diff\u00e9rentes intersections et, sans r\u00e9fl\u00e9chir, vous prenez plusieurs fois des d\u00e9cisions instantan\u00e9es sans m\u00eame penser \u00e0 ce que vous faites. Vous avez d\u00fb tourner \u00e0 au moins cinq reprises! Au bout de dix minutes de course, vous vous arr\u00eatez, hors d\u2019haleine, pour regarder derri\u00e8re vous et constatez que vous...\" \/>\n<meta property=\"og:url\" content=\"https:\/\/www.katag.ca\/aventure-251\/\" \/>\n<meta property=\"og:site_name\" content=\"Katag\" \/>\n<meta property=\"article:publisher\" content=\"https:\/\/www.facebook.com\/Katag.ca\" \/>\n<meta property=\"article:modified_time\" content=\"2015-01-09T01:47:19+00:00\" \/>\n<meta name=\"twitter:card\" content=\"summary_large_image\" \/>\n<meta name=\"twitter:label1\" content=\"Est. reading time\" \/>\n\t<meta name=\"twitter:data1\" content=\"1 minute\" \/>\n<script type=\"application\/ld+json\" class=\"yoast-schema-graph\">{\"@context\":\"https:\\\/\\\/schema.org\",\"@graph\":[{\"@type\":\"WebPage\",\"@id\":\"https:\\\/\\\/www.katag.ca\\\/aventure-251\\\/\",\"url\":\"https:\\\/\\\/www.katag.ca\\\/aventure-251\\\/\",\"name\":\"Aventure 251 | Katag\",\"isPartOf\":{\"@id\":\"https:\\\/\\\/www.katag.ca\\\/#website\"},\"datePublished\":\"2015-01-06T21:14:15+00:00\",\"dateModified\":\"2015-01-09T01:47:19+00:00\",\"breadcrumb\":{\"@id\":\"https:\\\/\\\/www.katag.ca\\\/aventure-251\\\/#breadcrumb\"},\"inLanguage\":\"en-US\",\"potentialAction\":[{\"@type\":\"ReadAction\",\"target\":[\"https:\\\/\\\/www.katag.ca\\\/aventure-251\\\/\"]}]},{\"@type\":\"BreadcrumbList\",\"@id\":\"https:\\\/\\\/www.katag.ca\\\/aventure-251\\\/#breadcrumb\",\"itemListElement\":[{\"@type\":\"ListItem\",\"position\":1,\"name\":\"Accueil\",\"item\":\"https:\\\/\\\/www.katag.ca\\\/\"},{\"@type\":\"ListItem\",\"position\":2,\"name\":\"Aventure 251\"}]},{\"@type\":\"WebSite\",\"@id\":\"https:\\\/\\\/www.katag.ca\\\/#website\",\"url\":\"https:\\\/\\\/www.katag.ca\\\/\",\"name\":\"Katag\",\"description\":\"LE jeu d'&eacute;p&eacute;es-mousse\",\"publisher\":{\"@id\":\"https:\\\/\\\/www.katag.ca\\\/#organization\"},\"potentialAction\":[{\"@type\":\"SearchAction\",\"target\":{\"@type\":\"EntryPoint\",\"urlTemplate\":\"https:\\\/\\\/www.katag.ca\\\/?s={search_term_string}\"},\"query-input\":{\"@type\":\"PropertyValueSpecification\",\"valueRequired\":true,\"valueName\":\"search_term_string\"}}],\"inLanguage\":\"en-US\"},{\"@type\":\"Organization\",\"@id\":\"https:\\\/\\\/www.katag.ca\\\/#organization\",\"name\":\"Katag\",\"url\":\"https:\\\/\\\/www.katag.ca\\\/\",\"logo\":{\"@type\":\"ImageObject\",\"inLanguage\":\"en-US\",\"@id\":\"https:\\\/\\\/www.katag.ca\\\/#\\\/schema\\\/logo\\\/image\\\/\",\"url\":\"https:\\\/\\\/www.katag.ca\\\/wp-content\\\/uploads\\\/2021\\\/03\\\/logo-fr.png\",\"contentUrl\":\"https:\\\/\\\/www.katag.ca\\\/wp-content\\\/uploads\\\/2021\\\/03\\\/logo-fr.png\",\"width\":338,\"height\":173,\"caption\":\"Katag\"},\"image\":{\"@id\":\"https:\\\/\\\/www.katag.ca\\\/#\\\/schema\\\/logo\\\/image\\\/\"},\"sameAs\":[\"https:\\\/\\\/www.facebook.com\\\/Katag.ca\"]}]}<\/script>\n<!-- \/ Yoast SEO plugin. -->","yoast_head_json":{"title":"Aventure 251 | Katag","robots":{"index":"index","follow":"follow","max-snippet":"max-snippet:-1","max-image-preview":"max-image-preview:large","max-video-preview":"max-video-preview:-1"},"canonical":"https:\/\/www.katag.ca\/aventure-251\/","og_locale":"en_US","og_type":"article","og_title":"Aventure 251 | Katag","og_description":"Vous prenez vos jambes \u00e0 votre cou et d\u00e9guerpissez le plus rapidement possible de cet endroit. Pendant un moment, vous pouvez entendre la chose qui vous suit siffler et filer \u00e0 toute allure dans votre direction. Vous arrivez \u00e0 diff\u00e9rentes intersections et, sans r\u00e9fl\u00e9chir, vous prenez plusieurs fois des d\u00e9cisions instantan\u00e9es sans m\u00eame penser \u00e0 ce que vous faites. Vous avez d\u00fb tourner \u00e0 au moins cinq reprises! Au bout de dix minutes de course, vous vous arr\u00eatez, hors d\u2019haleine, pour regarder derri\u00e8re vous et constatez que vous...","og_url":"https:\/\/www.katag.ca\/aventure-251\/","og_site_name":"Katag","article_publisher":"https:\/\/www.facebook.com\/Katag.ca","article_modified_time":"2015-01-09T01:47:19+00:00","twitter_card":"summary_large_image","twitter_misc":{"Est. reading time":"1 minute"},"schema":{"@context":"https:\/\/schema.org","@graph":[{"@type":"WebPage","@id":"https:\/\/www.katag.ca\/aventure-251\/","url":"https:\/\/www.katag.ca\/aventure-251\/","name":"Aventure 251 | Katag","isPartOf":{"@id":"https:\/\/www.katag.ca\/#website"},"datePublished":"2015-01-06T21:14:15+00:00","dateModified":"2015-01-09T01:47:19+00:00","breadcrumb":{"@id":"https:\/\/www.katag.ca\/aventure-251\/#breadcrumb"},"inLanguage":"en-US","potentialAction":[{"@type":"ReadAction","target":["https:\/\/www.katag.ca\/aventure-251\/"]}]},{"@type":"BreadcrumbList","@id":"https:\/\/www.katag.ca\/aventure-251\/#breadcrumb","itemListElement":[{"@type":"ListItem","position":1,"name":"Accueil","item":"https:\/\/www.katag.ca\/"},{"@type":"ListItem","position":2,"name":"Aventure 251"}]},{"@type":"WebSite","@id":"https:\/\/www.katag.ca\/#website","url":"https:\/\/www.katag.ca\/","name":"Katag","description":"LE jeu d'&eacute;p&eacute;es-mousse","publisher":{"@id":"https:\/\/www.katag.ca\/#organization"},"potentialAction":[{"@type":"SearchAction","target":{"@type":"EntryPoint","urlTemplate":"https:\/\/www.katag.ca\/?s={search_term_string}"},"query-input":{"@type":"PropertyValueSpecification","valueRequired":true,"valueName":"search_term_string"}}],"inLanguage":"en-US"},{"@type":"Organization","@id":"https:\/\/www.katag.ca\/#organization","name":"Katag","url":"https:\/\/www.katag.ca\/","logo":{"@type":"ImageObject","inLanguage":"en-US","@id":"https:\/\/www.katag.ca\/#\/schema\/logo\/image\/","url":"https:\/\/www.katag.ca\/wp-content\/uploads\/2021\/03\/logo-fr.png","contentUrl":"https:\/\/www.katag.ca\/wp-content\/uploads\/2021\/03\/logo-fr.png","width":338,"height":173,"caption":"Katag"},"image":{"@id":"https:\/\/www.katag.ca\/#\/schema\/logo\/image\/"},"sameAs":["https:\/\/www.facebook.com\/Katag.ca"]}]}},"_links":{"self":[{"href":"https:\/\/www.katag.ca\/en\/wp-json\/wp\/v2\/pages\/1475","targetHints":{"allow":["GET"]}}],"collection":[{"href":"https:\/\/www.katag.ca\/en\/wp-json\/wp\/v2\/pages"}],"about":[{"href":"https:\/\/www.katag.ca\/en\/wp-json\/wp\/v2\/types\/page"}],"author":[{"embeddable":true,"href":"https:\/\/www.katag.ca\/en\/wp-json\/wp\/v2\/users\/2"}],"replies":[{"embeddable":true,"href":"https:\/\/www.katag.ca\/en\/wp-json\/wp\/v2\/comments?post=1475"}],"version-history":[{"count":2,"href":"https:\/\/www.katag.ca\/en\/wp-json\/wp\/v2\/pages\/1475\/revisions"}],"predecessor-version":[{"id":2070,"href":"https:\/\/www.katag.ca\/en\/wp-json\/wp\/v2\/pages\/1475\/revisions\/2070"}],"wp:attachment":[{"href":"https:\/\/www.katag.ca\/en\/wp-json\/wp\/v2\/media?parent=1475"}],"curies":[{"name":"wp","href":"https:\/\/api.w.org\/{rel}","templated":true}]}}