{"id":1479,"date":"2015-01-06T21:15:42","date_gmt":"2015-01-06T21:15:42","guid":{"rendered":"http:\/\/www.boutiquekatag.com\/?page_id=1479"},"modified":"2015-01-09T01:51:32","modified_gmt":"2015-01-09T01:51:32","slug":"aventure-253","status":"publish","type":"page","link":"https:\/\/www.katag.ca\/en\/aventure-253\/","title":{"rendered":"Aventure 253"},"content":{"rendered":"<p>Vous marchez pendant une dizaine de minutes alors que le sentier continue de s\u2019\u00e9largir et vous r\u00e9alisez soudain que vous arrivez aux abords d\u2019un marais. Une \u00e9paisse brume semble en recouvrir une grande partie et vous ne pouvez donc pas distinguer ce qui peut se trouver de l\u2019autre c\u00f4t\u00e9. Vous pouvez contourner le marais par la gauche ou par la droite, tenter de passer en marchant dedans ou encore retourner sur vos pas. Alors que vous appr\u00eatiez \u00e0 faire un choix, vous apercevez une cr\u00e9ature volante d\u00e9crivant un cercle autour de vous, tel un oiseau de proie avant d\u2019attaquer. Sa pr\u00e9sence vous fait r\u00e9aliser que vous \u00eates compl\u00e8tement \u00e0 d\u00e9couvert! Qu\u2019allez-vous faire?<\/p>\n<div class=\"btn-container  align-center\"><a class=\"organic-btn  dark-blue-btn small-btn  align-center\" href=\"http:\/\/www.katag.ca\/aventure-285\/\"><span class=\"btn-holder\">Vous d\u00e9sirez attendre de voir ce que fera la cr\u00e9ature<\/span><\/a><\/div>\n<div class=\"btn-container  align-center\"><a class=\"organic-btn  dark-blue-btn small-btn  align-center\" href=\"http:\/\/www.katag.ca\/aventure-286\/\"><span class=\"btn-holder\">Vous choisissez de prendre la fuite en contournant le marais par la gauche<\/span><\/a><\/div>\n<div class=\"btn-container  align-center\"><a class=\"organic-btn  dark-blue-btn small-btn  align-center\" href=\"http:\/\/www.katag.ca\/aventure-287\/\"><span class=\"btn-holder\">Vous pr\u00e9f\u00e9rez prendre la fuite en contournant le marais par la droite<\/span><\/a><\/div>\n<div class=\"btn-container  align-center\"><a class=\"organic-btn  dark-blue-btn small-btn  align-center\" href=\"http:\/\/www.katag.ca\/aventure-288\/\"><span class=\"btn-holder\">Vous d\u00e9cidez de vous enfuir en entrant dans le marais<\/span><\/a><\/div>\n<div class=\"btn-container  align-center\"><a class=\"organic-btn  dark-blue-btn small-btn  align-center\" href=\"http:\/\/www.katag.ca\/aventure-289\/\"><span class=\"btn-holder\">Vous prenez la fuite en rebroussant chemin<\/span><\/a><\/div>\n","protected":false},"excerpt":{"rendered":"<p>Vous marchez pendant une dizaine de minutes alors que le sentier continue de s\u2019\u00e9largir et vous r\u00e9alisez soudain que vous arrivez aux abords d\u2019un marais. Une \u00e9paisse brume semble en recouvrir une grande partie et vous ne pouvez donc pas distinguer ce qui peut se trouver de l\u2019autre c\u00f4t\u00e9. Vous pouvez contourner le marais par la gauche ou par la droite, tenter de passer en marchant dedans ou encore retourner sur vos pas. Alors que vous appr\u00eatiez \u00e0 faire un choix, vous apercevez une cr\u00e9ature volante d\u00e9crivant un&#8230;<\/p>\n","protected":false},"author":2,"featured_media":0,"parent":0,"menu_order":0,"comment_status":"closed","ping_status":"closed","template":"","meta":{"footnotes":""},"class_list":["post-1479","page","type-page","status-publish","hentry"],"yoast_head":"<!-- This site is optimized with the Yoast SEO plugin v27.5 - https:\/\/yoast.com\/product\/yoast-seo-wordpress\/ -->\n<title>Aventure 253 | Katag<\/title>\n<meta name=\"robots\" content=\"index, follow, max-snippet:-1, max-image-preview:large, max-video-preview:-1\" \/>\n<link rel=\"canonical\" href=\"https:\/\/www.katag.ca\/aventure-253\/\" \/>\n<meta property=\"og:locale\" content=\"en_US\" \/>\n<meta property=\"og:type\" content=\"article\" \/>\n<meta property=\"og:title\" content=\"Aventure 253 | Katag\" \/>\n<meta property=\"og:description\" content=\"Vous marchez pendant une dizaine de minutes alors que le sentier continue de s\u2019\u00e9largir et vous r\u00e9alisez soudain que vous arrivez aux abords d\u2019un marais. Une \u00e9paisse brume semble en recouvrir une grande partie et vous ne pouvez donc pas distinguer ce qui peut se trouver de l\u2019autre c\u00f4t\u00e9. Vous pouvez contourner le marais par la gauche ou par la droite, tenter de passer en marchant dedans ou encore retourner sur vos pas. Alors que vous appr\u00eatiez \u00e0 faire un choix, vous apercevez une cr\u00e9ature volante d\u00e9crivant un...\" \/>\n<meta property=\"og:url\" content=\"https:\/\/www.katag.ca\/aventure-253\/\" \/>\n<meta property=\"og:site_name\" content=\"Katag\" \/>\n<meta property=\"article:publisher\" content=\"https:\/\/www.facebook.com\/Katag.ca\" \/>\n<meta property=\"article:modified_time\" content=\"2015-01-09T01:51:32+00:00\" \/>\n<meta name=\"twitter:card\" content=\"summary_large_image\" \/>\n<meta name=\"twitter:label1\" content=\"Est. reading time\" \/>\n\t<meta name=\"twitter:data1\" content=\"1 minute\" \/>\n<script type=\"application\/ld+json\" class=\"yoast-schema-graph\">{\"@context\":\"https:\\\/\\\/schema.org\",\"@graph\":[{\"@type\":\"WebPage\",\"@id\":\"https:\\\/\\\/www.katag.ca\\\/aventure-253\\\/\",\"url\":\"https:\\\/\\\/www.katag.ca\\\/aventure-253\\\/\",\"name\":\"Aventure 253 | Katag\",\"isPartOf\":{\"@id\":\"https:\\\/\\\/www.katag.ca\\\/#website\"},\"datePublished\":\"2015-01-06T21:15:42+00:00\",\"dateModified\":\"2015-01-09T01:51:32+00:00\",\"breadcrumb\":{\"@id\":\"https:\\\/\\\/www.katag.ca\\\/aventure-253\\\/#breadcrumb\"},\"inLanguage\":\"en-US\",\"potentialAction\":[{\"@type\":\"ReadAction\",\"target\":[\"https:\\\/\\\/www.katag.ca\\\/aventure-253\\\/\"]}]},{\"@type\":\"BreadcrumbList\",\"@id\":\"https:\\\/\\\/www.katag.ca\\\/aventure-253\\\/#breadcrumb\",\"itemListElement\":[{\"@type\":\"ListItem\",\"position\":1,\"name\":\"Accueil\",\"item\":\"https:\\\/\\\/www.katag.ca\\\/\"},{\"@type\":\"ListItem\",\"position\":2,\"name\":\"Aventure 253\"}]},{\"@type\":\"WebSite\",\"@id\":\"https:\\\/\\\/www.katag.ca\\\/#website\",\"url\":\"https:\\\/\\\/www.katag.ca\\\/\",\"name\":\"Katag\",\"description\":\"LE jeu d'&eacute;p&eacute;es-mousse\",\"publisher\":{\"@id\":\"https:\\\/\\\/www.katag.ca\\\/#organization\"},\"potentialAction\":[{\"@type\":\"SearchAction\",\"target\":{\"@type\":\"EntryPoint\",\"urlTemplate\":\"https:\\\/\\\/www.katag.ca\\\/?s={search_term_string}\"},\"query-input\":{\"@type\":\"PropertyValueSpecification\",\"valueRequired\":true,\"valueName\":\"search_term_string\"}}],\"inLanguage\":\"en-US\"},{\"@type\":\"Organization\",\"@id\":\"https:\\\/\\\/www.katag.ca\\\/#organization\",\"name\":\"Katag\",\"url\":\"https:\\\/\\\/www.katag.ca\\\/\",\"logo\":{\"@type\":\"ImageObject\",\"inLanguage\":\"en-US\",\"@id\":\"https:\\\/\\\/www.katag.ca\\\/#\\\/schema\\\/logo\\\/image\\\/\",\"url\":\"https:\\\/\\\/www.katag.ca\\\/wp-content\\\/uploads\\\/2021\\\/03\\\/logo-fr.png\",\"contentUrl\":\"https:\\\/\\\/www.katag.ca\\\/wp-content\\\/uploads\\\/2021\\\/03\\\/logo-fr.png\",\"width\":338,\"height\":173,\"caption\":\"Katag\"},\"image\":{\"@id\":\"https:\\\/\\\/www.katag.ca\\\/#\\\/schema\\\/logo\\\/image\\\/\"},\"sameAs\":[\"https:\\\/\\\/www.facebook.com\\\/Katag.ca\"]}]}<\/script>\n<!-- \/ Yoast SEO plugin. -->","yoast_head_json":{"title":"Aventure 253 | Katag","robots":{"index":"index","follow":"follow","max-snippet":"max-snippet:-1","max-image-preview":"max-image-preview:large","max-video-preview":"max-video-preview:-1"},"canonical":"https:\/\/www.katag.ca\/aventure-253\/","og_locale":"en_US","og_type":"article","og_title":"Aventure 253 | Katag","og_description":"Vous marchez pendant une dizaine de minutes alors que le sentier continue de s\u2019\u00e9largir et vous r\u00e9alisez soudain que vous arrivez aux abords d\u2019un marais. Une \u00e9paisse brume semble en recouvrir une grande partie et vous ne pouvez donc pas distinguer ce qui peut se trouver de l\u2019autre c\u00f4t\u00e9. Vous pouvez contourner le marais par la gauche ou par la droite, tenter de passer en marchant dedans ou encore retourner sur vos pas. Alors que vous appr\u00eatiez \u00e0 faire un choix, vous apercevez une cr\u00e9ature volante d\u00e9crivant un...","og_url":"https:\/\/www.katag.ca\/aventure-253\/","og_site_name":"Katag","article_publisher":"https:\/\/www.facebook.com\/Katag.ca","article_modified_time":"2015-01-09T01:51:32+00:00","twitter_card":"summary_large_image","twitter_misc":{"Est. reading time":"1 minute"},"schema":{"@context":"https:\/\/schema.org","@graph":[{"@type":"WebPage","@id":"https:\/\/www.katag.ca\/aventure-253\/","url":"https:\/\/www.katag.ca\/aventure-253\/","name":"Aventure 253 | Katag","isPartOf":{"@id":"https:\/\/www.katag.ca\/#website"},"datePublished":"2015-01-06T21:15:42+00:00","dateModified":"2015-01-09T01:51:32+00:00","breadcrumb":{"@id":"https:\/\/www.katag.ca\/aventure-253\/#breadcrumb"},"inLanguage":"en-US","potentialAction":[{"@type":"ReadAction","target":["https:\/\/www.katag.ca\/aventure-253\/"]}]},{"@type":"BreadcrumbList","@id":"https:\/\/www.katag.ca\/aventure-253\/#breadcrumb","itemListElement":[{"@type":"ListItem","position":1,"name":"Accueil","item":"https:\/\/www.katag.ca\/"},{"@type":"ListItem","position":2,"name":"Aventure 253"}]},{"@type":"WebSite","@id":"https:\/\/www.katag.ca\/#website","url":"https:\/\/www.katag.ca\/","name":"Katag","description":"LE jeu d'&eacute;p&eacute;es-mousse","publisher":{"@id":"https:\/\/www.katag.ca\/#organization"},"potentialAction":[{"@type":"SearchAction","target":{"@type":"EntryPoint","urlTemplate":"https:\/\/www.katag.ca\/?s={search_term_string}"},"query-input":{"@type":"PropertyValueSpecification","valueRequired":true,"valueName":"search_term_string"}}],"inLanguage":"en-US"},{"@type":"Organization","@id":"https:\/\/www.katag.ca\/#organization","name":"Katag","url":"https:\/\/www.katag.ca\/","logo":{"@type":"ImageObject","inLanguage":"en-US","@id":"https:\/\/www.katag.ca\/#\/schema\/logo\/image\/","url":"https:\/\/www.katag.ca\/wp-content\/uploads\/2021\/03\/logo-fr.png","contentUrl":"https:\/\/www.katag.ca\/wp-content\/uploads\/2021\/03\/logo-fr.png","width":338,"height":173,"caption":"Katag"},"image":{"@id":"https:\/\/www.katag.ca\/#\/schema\/logo\/image\/"},"sameAs":["https:\/\/www.facebook.com\/Katag.ca"]}]}},"_links":{"self":[{"href":"https:\/\/www.katag.ca\/en\/wp-json\/wp\/v2\/pages\/1479","targetHints":{"allow":["GET"]}}],"collection":[{"href":"https:\/\/www.katag.ca\/en\/wp-json\/wp\/v2\/pages"}],"about":[{"href":"https:\/\/www.katag.ca\/en\/wp-json\/wp\/v2\/types\/page"}],"author":[{"embeddable":true,"href":"https:\/\/www.katag.ca\/en\/wp-json\/wp\/v2\/users\/2"}],"replies":[{"embeddable":true,"href":"https:\/\/www.katag.ca\/en\/wp-json\/wp\/v2\/comments?post=1479"}],"version-history":[{"count":4,"href":"https:\/\/www.katag.ca\/en\/wp-json\/wp\/v2\/pages\/1479\/revisions"}],"predecessor-version":[{"id":2074,"href":"https:\/\/www.katag.ca\/en\/wp-json\/wp\/v2\/pages\/1479\/revisions\/2074"}],"wp:attachment":[{"href":"https:\/\/www.katag.ca\/en\/wp-json\/wp\/v2\/media?parent=1479"}],"curies":[{"name":"wp","href":"https:\/\/api.w.org\/{rel}","templated":true}]}}