{"id":1481,"date":"2015-01-06T21:16:17","date_gmt":"2015-01-06T21:16:17","guid":{"rendered":"http:\/\/www.boutiquekatag.com\/?page_id=1481"},"modified":"2015-01-09T02:04:37","modified_gmt":"2015-01-09T02:04:37","slug":"aventure-254","status":"publish","type":"page","link":"https:\/\/www.katag.ca\/en\/aventure-254\/","title":{"rendered":"Aventure 254"},"content":{"rendered":"<p>Vous vous engagez sur le sentier de droite. Celui-ci, avec ses nombreux d\u00e9tours et virages, s\u2019av\u00e8re \u00eatre un vrai labyrinthe! Apr\u00e8s quelques minutes de marche, vous n\u2019arrivez m\u00eame plus \u00e0 distinguer le nord du sud! Vous demeurez toutefois sur le sentier et arrivez finalement aux abords d\u2019un marais. Une \u00e9paisse brume semble en recouvrir une grande partie et vous ne pouvez donc distinguer ce qui peut se trouver de l\u2019autre c\u00f4t\u00e9. Toutefois, vous semblez distinguer l\u2019entr\u00e9e d\u2019un petit pont non loin de vous. Qu\u2019allez-vous faire?<\/p>\n<div class=\"btn-container  align-center\"><a class=\"organic-btn  dark-blue-btn small-btn  align-center\" href=\"http:\/\/www.katag.ca\/aventure-290\/\"><span class=\"btn-holder\">Vous d\u00e9sirez vous diriger vers le petit pont<\/span><\/a><\/div>\n<div class=\"btn-container  align-center\"><a class=\"organic-btn  dark-blue-btn small-btn  align-center\" href=\"http:\/\/www.katag.ca\/aventure-253\/\"><span class=\"btn-holder\">Vous pr\u00e9f\u00e9rez rebrousser chemin et prendre le sentier qui se trouvait \u00e0 votre gauche<\/span><\/a><\/div>\n","protected":false},"excerpt":{"rendered":"<p>Vous vous engagez sur le sentier de droite. Celui-ci, avec ses nombreux d\u00e9tours et virages, s\u2019av\u00e8re \u00eatre un vrai labyrinthe! Apr\u00e8s quelques minutes de marche, vous n\u2019arrivez m\u00eame plus \u00e0 distinguer le nord du sud! Vous demeurez toutefois sur le sentier et arrivez finalement aux abords d\u2019un marais. Une \u00e9paisse brume semble en recouvrir une grande partie et vous ne pouvez donc distinguer ce qui peut se trouver de l\u2019autre c\u00f4t\u00e9. Toutefois, vous semblez distinguer l\u2019entr\u00e9e d\u2019un petit pont non loin de vous. Qu\u2019allez-vous faire?<\/p>\n","protected":false},"author":2,"featured_media":0,"parent":0,"menu_order":0,"comment_status":"closed","ping_status":"closed","template":"","meta":{"footnotes":""},"class_list":["post-1481","page","type-page","status-publish","hentry"],"yoast_head":"<!-- This site is optimized with the Yoast SEO plugin v27.5 - https:\/\/yoast.com\/product\/yoast-seo-wordpress\/ -->\n<title>Aventure 254 | Katag<\/title>\n<meta name=\"robots\" content=\"index, follow, max-snippet:-1, max-image-preview:large, max-video-preview:-1\" \/>\n<link rel=\"canonical\" href=\"https:\/\/www.katag.ca\/aventure-254\/\" \/>\n<meta property=\"og:locale\" content=\"en_US\" \/>\n<meta property=\"og:type\" content=\"article\" \/>\n<meta property=\"og:title\" content=\"Aventure 254 | Katag\" \/>\n<meta property=\"og:description\" content=\"Vous vous engagez sur le sentier de droite. Celui-ci, avec ses nombreux d\u00e9tours et virages, s\u2019av\u00e8re \u00eatre un vrai labyrinthe! Apr\u00e8s quelques minutes de marche, vous n\u2019arrivez m\u00eame plus \u00e0 distinguer le nord du sud! Vous demeurez toutefois sur le sentier et arrivez finalement aux abords d\u2019un marais. Une \u00e9paisse brume semble en recouvrir une grande partie et vous ne pouvez donc distinguer ce qui peut se trouver de l\u2019autre c\u00f4t\u00e9. Toutefois, vous semblez distinguer l\u2019entr\u00e9e d\u2019un petit pont non loin de vous. Qu\u2019allez-vous faire?\" \/>\n<meta property=\"og:url\" content=\"https:\/\/www.katag.ca\/aventure-254\/\" \/>\n<meta property=\"og:site_name\" content=\"Katag\" \/>\n<meta property=\"article:publisher\" content=\"https:\/\/www.facebook.com\/Katag.ca\" \/>\n<meta property=\"article:modified_time\" content=\"2015-01-09T02:04:37+00:00\" \/>\n<meta name=\"twitter:card\" content=\"summary_large_image\" \/>\n<meta name=\"twitter:label1\" content=\"Est. reading time\" \/>\n\t<meta name=\"twitter:data1\" content=\"1 minute\" \/>\n<script type=\"application\/ld+json\" class=\"yoast-schema-graph\">{\"@context\":\"https:\\\/\\\/schema.org\",\"@graph\":[{\"@type\":\"WebPage\",\"@id\":\"https:\\\/\\\/www.katag.ca\\\/aventure-254\\\/\",\"url\":\"https:\\\/\\\/www.katag.ca\\\/aventure-254\\\/\",\"name\":\"Aventure 254 | Katag\",\"isPartOf\":{\"@id\":\"https:\\\/\\\/www.katag.ca\\\/#website\"},\"datePublished\":\"2015-01-06T21:16:17+00:00\",\"dateModified\":\"2015-01-09T02:04:37+00:00\",\"breadcrumb\":{\"@id\":\"https:\\\/\\\/www.katag.ca\\\/aventure-254\\\/#breadcrumb\"},\"inLanguage\":\"en-US\",\"potentialAction\":[{\"@type\":\"ReadAction\",\"target\":[\"https:\\\/\\\/www.katag.ca\\\/aventure-254\\\/\"]}]},{\"@type\":\"BreadcrumbList\",\"@id\":\"https:\\\/\\\/www.katag.ca\\\/aventure-254\\\/#breadcrumb\",\"itemListElement\":[{\"@type\":\"ListItem\",\"position\":1,\"name\":\"Accueil\",\"item\":\"https:\\\/\\\/www.katag.ca\\\/\"},{\"@type\":\"ListItem\",\"position\":2,\"name\":\"Aventure 254\"}]},{\"@type\":\"WebSite\",\"@id\":\"https:\\\/\\\/www.katag.ca\\\/#website\",\"url\":\"https:\\\/\\\/www.katag.ca\\\/\",\"name\":\"Katag\",\"description\":\"LE jeu d'&eacute;p&eacute;es-mousse\",\"publisher\":{\"@id\":\"https:\\\/\\\/www.katag.ca\\\/#organization\"},\"potentialAction\":[{\"@type\":\"SearchAction\",\"target\":{\"@type\":\"EntryPoint\",\"urlTemplate\":\"https:\\\/\\\/www.katag.ca\\\/?s={search_term_string}\"},\"query-input\":{\"@type\":\"PropertyValueSpecification\",\"valueRequired\":true,\"valueName\":\"search_term_string\"}}],\"inLanguage\":\"en-US\"},{\"@type\":\"Organization\",\"@id\":\"https:\\\/\\\/www.katag.ca\\\/#organization\",\"name\":\"Katag\",\"url\":\"https:\\\/\\\/www.katag.ca\\\/\",\"logo\":{\"@type\":\"ImageObject\",\"inLanguage\":\"en-US\",\"@id\":\"https:\\\/\\\/www.katag.ca\\\/#\\\/schema\\\/logo\\\/image\\\/\",\"url\":\"https:\\\/\\\/www.katag.ca\\\/wp-content\\\/uploads\\\/2021\\\/03\\\/logo-fr.png\",\"contentUrl\":\"https:\\\/\\\/www.katag.ca\\\/wp-content\\\/uploads\\\/2021\\\/03\\\/logo-fr.png\",\"width\":338,\"height\":173,\"caption\":\"Katag\"},\"image\":{\"@id\":\"https:\\\/\\\/www.katag.ca\\\/#\\\/schema\\\/logo\\\/image\\\/\"},\"sameAs\":[\"https:\\\/\\\/www.facebook.com\\\/Katag.ca\"]}]}<\/script>\n<!-- \/ Yoast SEO plugin. -->","yoast_head_json":{"title":"Aventure 254 | Katag","robots":{"index":"index","follow":"follow","max-snippet":"max-snippet:-1","max-image-preview":"max-image-preview:large","max-video-preview":"max-video-preview:-1"},"canonical":"https:\/\/www.katag.ca\/aventure-254\/","og_locale":"en_US","og_type":"article","og_title":"Aventure 254 | Katag","og_description":"Vous vous engagez sur le sentier de droite. Celui-ci, avec ses nombreux d\u00e9tours et virages, s\u2019av\u00e8re \u00eatre un vrai labyrinthe! Apr\u00e8s quelques minutes de marche, vous n\u2019arrivez m\u00eame plus \u00e0 distinguer le nord du sud! Vous demeurez toutefois sur le sentier et arrivez finalement aux abords d\u2019un marais. Une \u00e9paisse brume semble en recouvrir une grande partie et vous ne pouvez donc distinguer ce qui peut se trouver de l\u2019autre c\u00f4t\u00e9. Toutefois, vous semblez distinguer l\u2019entr\u00e9e d\u2019un petit pont non loin de vous. Qu\u2019allez-vous faire?","og_url":"https:\/\/www.katag.ca\/aventure-254\/","og_site_name":"Katag","article_publisher":"https:\/\/www.facebook.com\/Katag.ca","article_modified_time":"2015-01-09T02:04:37+00:00","twitter_card":"summary_large_image","twitter_misc":{"Est. reading time":"1 minute"},"schema":{"@context":"https:\/\/schema.org","@graph":[{"@type":"WebPage","@id":"https:\/\/www.katag.ca\/aventure-254\/","url":"https:\/\/www.katag.ca\/aventure-254\/","name":"Aventure 254 | Katag","isPartOf":{"@id":"https:\/\/www.katag.ca\/#website"},"datePublished":"2015-01-06T21:16:17+00:00","dateModified":"2015-01-09T02:04:37+00:00","breadcrumb":{"@id":"https:\/\/www.katag.ca\/aventure-254\/#breadcrumb"},"inLanguage":"en-US","potentialAction":[{"@type":"ReadAction","target":["https:\/\/www.katag.ca\/aventure-254\/"]}]},{"@type":"BreadcrumbList","@id":"https:\/\/www.katag.ca\/aventure-254\/#breadcrumb","itemListElement":[{"@type":"ListItem","position":1,"name":"Accueil","item":"https:\/\/www.katag.ca\/"},{"@type":"ListItem","position":2,"name":"Aventure 254"}]},{"@type":"WebSite","@id":"https:\/\/www.katag.ca\/#website","url":"https:\/\/www.katag.ca\/","name":"Katag","description":"LE jeu d'&eacute;p&eacute;es-mousse","publisher":{"@id":"https:\/\/www.katag.ca\/#organization"},"potentialAction":[{"@type":"SearchAction","target":{"@type":"EntryPoint","urlTemplate":"https:\/\/www.katag.ca\/?s={search_term_string}"},"query-input":{"@type":"PropertyValueSpecification","valueRequired":true,"valueName":"search_term_string"}}],"inLanguage":"en-US"},{"@type":"Organization","@id":"https:\/\/www.katag.ca\/#organization","name":"Katag","url":"https:\/\/www.katag.ca\/","logo":{"@type":"ImageObject","inLanguage":"en-US","@id":"https:\/\/www.katag.ca\/#\/schema\/logo\/image\/","url":"https:\/\/www.katag.ca\/wp-content\/uploads\/2021\/03\/logo-fr.png","contentUrl":"https:\/\/www.katag.ca\/wp-content\/uploads\/2021\/03\/logo-fr.png","width":338,"height":173,"caption":"Katag"},"image":{"@id":"https:\/\/www.katag.ca\/#\/schema\/logo\/image\/"},"sameAs":["https:\/\/www.facebook.com\/Katag.ca"]}]}},"_links":{"self":[{"href":"https:\/\/www.katag.ca\/en\/wp-json\/wp\/v2\/pages\/1481","targetHints":{"allow":["GET"]}}],"collection":[{"href":"https:\/\/www.katag.ca\/en\/wp-json\/wp\/v2\/pages"}],"about":[{"href":"https:\/\/www.katag.ca\/en\/wp-json\/wp\/v2\/types\/page"}],"author":[{"embeddable":true,"href":"https:\/\/www.katag.ca\/en\/wp-json\/wp\/v2\/users\/2"}],"replies":[{"embeddable":true,"href":"https:\/\/www.katag.ca\/en\/wp-json\/wp\/v2\/comments?post=1481"}],"version-history":[{"count":4,"href":"https:\/\/www.katag.ca\/en\/wp-json\/wp\/v2\/pages\/1481\/revisions"}],"predecessor-version":[{"id":2077,"href":"https:\/\/www.katag.ca\/en\/wp-json\/wp\/v2\/pages\/1481\/revisions\/2077"}],"wp:attachment":[{"href":"https:\/\/www.katag.ca\/en\/wp-json\/wp\/v2\/media?parent=1481"}],"curies":[{"name":"wp","href":"https:\/\/api.w.org\/{rel}","templated":true}]}}