{"id":1491,"date":"2015-01-06T21:19:02","date_gmt":"2015-01-06T21:19:02","guid":{"rendered":"http:\/\/www.boutiquekatag.com\/?page_id=1491"},"modified":"2015-01-09T02:28:57","modified_gmt":"2015-01-09T02:28:57","slug":"aventure-259","status":"publish","type":"page","link":"https:\/\/www.katag.ca\/en\/aventure-259\/","title":{"rendered":"Aventure 259"},"content":{"rendered":"<p>Vous monter \u00e0 bord et prenez les rames qui se trouvent dans la barque afin de pouvoir vous d\u00e9placer. Cependant, vous n\u2019arrivez pas \u00e0 avancer rapidement et, apr\u00e8s avoir ram\u00e9 pendant environ une demi-heure, vous r\u00e9alisez que vous \u00eates parti sur un coup de t\u00eate, sans avoir r\u00e9fl\u00e9chi \u00e0 l\u2019endroit o\u00f9 vous d\u00e9siriez r\u00e9ellement vous rendre! Devant vous, \u00e0 une certaine distance, semble se trouver un \u00e9norme port maritime, mais vous n\u2019avez aucune id\u00e9e du temps qu\u2019il vous faudrait pour vous y rendre. \u00c0 votre droite, au loin, vous croyez apercevoir une grande statue aux abords de la plage. \u00c0 votre gauche, vous pouvez distinguer le dojo de l\u2019Eau, d\u2019o\u00f9 vous \u00eates arriv\u00e9 il y a maintenant un moment. Qu\u2019allez-vous faire?<\/p>\n<div class=\"btn-container  align-center\"><a class=\"organic-btn  dark-blue-btn small-btn  align-center\" href=\"http:\/\/www.katag.ca\/aventure-293\/\"><span class=\"btn-holder\">Vous d\u00e9sirez vous diriger vers le port maritime<\/span><\/a><\/div>\n<div class=\"btn-container  align-center\"><a class=\"organic-btn  dark-blue-btn small-btn  align-center\" href=\"http:\/\/www.katag.ca\/aventure-294\/\"><span class=\"btn-holder\">Vous pr\u00e9f\u00e9rez aller vers la statue<\/span><\/a><\/div>\n<div class=\"btn-container  align-center\"><a class=\"organic-btn  dark-blue-btn small-btn  align-center\" href=\"http:\/\/www.katag.ca\/aventure-295\/\"><span class=\"btn-holder\">Vous choisissez de retourner vers le dojo de l\u2019Eau<\/span><\/a><\/div>\n<div class=\"btn-container  align-center\"><a class=\"organic-btn  dark-blue-btn small-btn  align-center\" href=\"http:\/\/www.katag.ca\/aventure-296\/\"><span class=\"btn-holder\">Vous d\u00e9cidez de rebrousser chemin et retourner sur le quai pour continuer \u00e0 pied<\/span><\/a><\/div>\n","protected":false},"excerpt":{"rendered":"<p>Vous monter \u00e0 bord et prenez les rames qui se trouvent dans la barque afin de pouvoir vous d\u00e9placer. Cependant, vous n\u2019arrivez pas \u00e0 avancer rapidement et, apr\u00e8s avoir ram\u00e9 pendant environ une demi-heure, vous r\u00e9alisez que vous \u00eates parti sur un coup de t\u00eate, sans avoir r\u00e9fl\u00e9chi \u00e0 l\u2019endroit o\u00f9 vous d\u00e9siriez r\u00e9ellement vous rendre! Devant vous, \u00e0 une certaine distance, semble se trouver un \u00e9norme port maritime, mais vous n\u2019avez aucune id\u00e9e du temps qu\u2019il vous faudrait pour vous y rendre. \u00c0 votre droite, au loin,&#8230;<\/p>\n","protected":false},"author":2,"featured_media":0,"parent":0,"menu_order":0,"comment_status":"closed","ping_status":"closed","template":"","meta":{"footnotes":""},"class_list":["post-1491","page","type-page","status-publish","hentry"],"yoast_head":"<!-- This site is optimized with the Yoast SEO plugin v27.5 - https:\/\/yoast.com\/product\/yoast-seo-wordpress\/ -->\n<title>Aventure 259 | Katag<\/title>\n<meta name=\"robots\" content=\"index, follow, max-snippet:-1, max-image-preview:large, max-video-preview:-1\" \/>\n<link rel=\"canonical\" href=\"https:\/\/www.katag.ca\/aventure-259\/\" \/>\n<meta property=\"og:locale\" content=\"en_US\" \/>\n<meta property=\"og:type\" content=\"article\" \/>\n<meta property=\"og:title\" content=\"Aventure 259 | Katag\" \/>\n<meta property=\"og:description\" content=\"Vous monter \u00e0 bord et prenez les rames qui se trouvent dans la barque afin de pouvoir vous d\u00e9placer. Cependant, vous n\u2019arrivez pas \u00e0 avancer rapidement et, apr\u00e8s avoir ram\u00e9 pendant environ une demi-heure, vous r\u00e9alisez que vous \u00eates parti sur un coup de t\u00eate, sans avoir r\u00e9fl\u00e9chi \u00e0 l\u2019endroit o\u00f9 vous d\u00e9siriez r\u00e9ellement vous rendre! Devant vous, \u00e0 une certaine distance, semble se trouver un \u00e9norme port maritime, mais vous n\u2019avez aucune id\u00e9e du temps qu\u2019il vous faudrait pour vous y rendre. \u00c0 votre droite, au loin,...\" \/>\n<meta property=\"og:url\" content=\"https:\/\/www.katag.ca\/aventure-259\/\" \/>\n<meta property=\"og:site_name\" content=\"Katag\" \/>\n<meta property=\"article:publisher\" content=\"https:\/\/www.facebook.com\/Katag.ca\" \/>\n<meta property=\"article:modified_time\" content=\"2015-01-09T02:28:57+00:00\" \/>\n<meta name=\"twitter:card\" content=\"summary_large_image\" \/>\n<meta name=\"twitter:label1\" content=\"Est. reading time\" \/>\n\t<meta name=\"twitter:data1\" content=\"1 minute\" \/>\n<script type=\"application\/ld+json\" class=\"yoast-schema-graph\">{\"@context\":\"https:\\\/\\\/schema.org\",\"@graph\":[{\"@type\":\"WebPage\",\"@id\":\"https:\\\/\\\/www.katag.ca\\\/aventure-259\\\/\",\"url\":\"https:\\\/\\\/www.katag.ca\\\/aventure-259\\\/\",\"name\":\"Aventure 259 | Katag\",\"isPartOf\":{\"@id\":\"https:\\\/\\\/www.katag.ca\\\/#website\"},\"datePublished\":\"2015-01-06T21:19:02+00:00\",\"dateModified\":\"2015-01-09T02:28:57+00:00\",\"breadcrumb\":{\"@id\":\"https:\\\/\\\/www.katag.ca\\\/aventure-259\\\/#breadcrumb\"},\"inLanguage\":\"en-US\",\"potentialAction\":[{\"@type\":\"ReadAction\",\"target\":[\"https:\\\/\\\/www.katag.ca\\\/aventure-259\\\/\"]}]},{\"@type\":\"BreadcrumbList\",\"@id\":\"https:\\\/\\\/www.katag.ca\\\/aventure-259\\\/#breadcrumb\",\"itemListElement\":[{\"@type\":\"ListItem\",\"position\":1,\"name\":\"Accueil\",\"item\":\"https:\\\/\\\/www.katag.ca\\\/\"},{\"@type\":\"ListItem\",\"position\":2,\"name\":\"Aventure 259\"}]},{\"@type\":\"WebSite\",\"@id\":\"https:\\\/\\\/www.katag.ca\\\/#website\",\"url\":\"https:\\\/\\\/www.katag.ca\\\/\",\"name\":\"Katag\",\"description\":\"LE jeu d'&eacute;p&eacute;es-mousse\",\"publisher\":{\"@id\":\"https:\\\/\\\/www.katag.ca\\\/#organization\"},\"potentialAction\":[{\"@type\":\"SearchAction\",\"target\":{\"@type\":\"EntryPoint\",\"urlTemplate\":\"https:\\\/\\\/www.katag.ca\\\/?s={search_term_string}\"},\"query-input\":{\"@type\":\"PropertyValueSpecification\",\"valueRequired\":true,\"valueName\":\"search_term_string\"}}],\"inLanguage\":\"en-US\"},{\"@type\":\"Organization\",\"@id\":\"https:\\\/\\\/www.katag.ca\\\/#organization\",\"name\":\"Katag\",\"url\":\"https:\\\/\\\/www.katag.ca\\\/\",\"logo\":{\"@type\":\"ImageObject\",\"inLanguage\":\"en-US\",\"@id\":\"https:\\\/\\\/www.katag.ca\\\/#\\\/schema\\\/logo\\\/image\\\/\",\"url\":\"https:\\\/\\\/www.katag.ca\\\/wp-content\\\/uploads\\\/2021\\\/03\\\/logo-fr.png\",\"contentUrl\":\"https:\\\/\\\/www.katag.ca\\\/wp-content\\\/uploads\\\/2021\\\/03\\\/logo-fr.png\",\"width\":338,\"height\":173,\"caption\":\"Katag\"},\"image\":{\"@id\":\"https:\\\/\\\/www.katag.ca\\\/#\\\/schema\\\/logo\\\/image\\\/\"},\"sameAs\":[\"https:\\\/\\\/www.facebook.com\\\/Katag.ca\"]}]}<\/script>\n<!-- \/ Yoast SEO plugin. -->","yoast_head_json":{"title":"Aventure 259 | Katag","robots":{"index":"index","follow":"follow","max-snippet":"max-snippet:-1","max-image-preview":"max-image-preview:large","max-video-preview":"max-video-preview:-1"},"canonical":"https:\/\/www.katag.ca\/aventure-259\/","og_locale":"en_US","og_type":"article","og_title":"Aventure 259 | Katag","og_description":"Vous monter \u00e0 bord et prenez les rames qui se trouvent dans la barque afin de pouvoir vous d\u00e9placer. Cependant, vous n\u2019arrivez pas \u00e0 avancer rapidement et, apr\u00e8s avoir ram\u00e9 pendant environ une demi-heure, vous r\u00e9alisez que vous \u00eates parti sur un coup de t\u00eate, sans avoir r\u00e9fl\u00e9chi \u00e0 l\u2019endroit o\u00f9 vous d\u00e9siriez r\u00e9ellement vous rendre! Devant vous, \u00e0 une certaine distance, semble se trouver un \u00e9norme port maritime, mais vous n\u2019avez aucune id\u00e9e du temps qu\u2019il vous faudrait pour vous y rendre. \u00c0 votre droite, au loin,...","og_url":"https:\/\/www.katag.ca\/aventure-259\/","og_site_name":"Katag","article_publisher":"https:\/\/www.facebook.com\/Katag.ca","article_modified_time":"2015-01-09T02:28:57+00:00","twitter_card":"summary_large_image","twitter_misc":{"Est. reading time":"1 minute"},"schema":{"@context":"https:\/\/schema.org","@graph":[{"@type":"WebPage","@id":"https:\/\/www.katag.ca\/aventure-259\/","url":"https:\/\/www.katag.ca\/aventure-259\/","name":"Aventure 259 | Katag","isPartOf":{"@id":"https:\/\/www.katag.ca\/#website"},"datePublished":"2015-01-06T21:19:02+00:00","dateModified":"2015-01-09T02:28:57+00:00","breadcrumb":{"@id":"https:\/\/www.katag.ca\/aventure-259\/#breadcrumb"},"inLanguage":"en-US","potentialAction":[{"@type":"ReadAction","target":["https:\/\/www.katag.ca\/aventure-259\/"]}]},{"@type":"BreadcrumbList","@id":"https:\/\/www.katag.ca\/aventure-259\/#breadcrumb","itemListElement":[{"@type":"ListItem","position":1,"name":"Accueil","item":"https:\/\/www.katag.ca\/"},{"@type":"ListItem","position":2,"name":"Aventure 259"}]},{"@type":"WebSite","@id":"https:\/\/www.katag.ca\/#website","url":"https:\/\/www.katag.ca\/","name":"Katag","description":"LE jeu d'&eacute;p&eacute;es-mousse","publisher":{"@id":"https:\/\/www.katag.ca\/#organization"},"potentialAction":[{"@type":"SearchAction","target":{"@type":"EntryPoint","urlTemplate":"https:\/\/www.katag.ca\/?s={search_term_string}"},"query-input":{"@type":"PropertyValueSpecification","valueRequired":true,"valueName":"search_term_string"}}],"inLanguage":"en-US"},{"@type":"Organization","@id":"https:\/\/www.katag.ca\/#organization","name":"Katag","url":"https:\/\/www.katag.ca\/","logo":{"@type":"ImageObject","inLanguage":"en-US","@id":"https:\/\/www.katag.ca\/#\/schema\/logo\/image\/","url":"https:\/\/www.katag.ca\/wp-content\/uploads\/2021\/03\/logo-fr.png","contentUrl":"https:\/\/www.katag.ca\/wp-content\/uploads\/2021\/03\/logo-fr.png","width":338,"height":173,"caption":"Katag"},"image":{"@id":"https:\/\/www.katag.ca\/#\/schema\/logo\/image\/"},"sameAs":["https:\/\/www.facebook.com\/Katag.ca"]}]}},"_links":{"self":[{"href":"https:\/\/www.katag.ca\/en\/wp-json\/wp\/v2\/pages\/1491","targetHints":{"allow":["GET"]}}],"collection":[{"href":"https:\/\/www.katag.ca\/en\/wp-json\/wp\/v2\/pages"}],"about":[{"href":"https:\/\/www.katag.ca\/en\/wp-json\/wp\/v2\/types\/page"}],"author":[{"embeddable":true,"href":"https:\/\/www.katag.ca\/en\/wp-json\/wp\/v2\/users\/2"}],"replies":[{"embeddable":true,"href":"https:\/\/www.katag.ca\/en\/wp-json\/wp\/v2\/comments?post=1491"}],"version-history":[{"count":3,"href":"https:\/\/www.katag.ca\/en\/wp-json\/wp\/v2\/pages\/1491\/revisions"}],"predecessor-version":[{"id":2085,"href":"https:\/\/www.katag.ca\/en\/wp-json\/wp\/v2\/pages\/1491\/revisions\/2085"}],"wp:attachment":[{"href":"https:\/\/www.katag.ca\/en\/wp-json\/wp\/v2\/media?parent=1491"}],"curies":[{"name":"wp","href":"https:\/\/api.w.org\/{rel}","templated":true}]}}