{"id":1493,"date":"2015-01-06T21:19:49","date_gmt":"2015-01-06T21:19:49","guid":{"rendered":"http:\/\/www.boutiquekatag.com\/?page_id=1493"},"modified":"2015-01-09T02:31:36","modified_gmt":"2015-01-09T02:31:36","slug":"aventure-260","status":"publish","type":"page","link":"https:\/\/www.katag.ca\/en\/aventure-260\/","title":{"rendered":"Aventure 260"},"content":{"rendered":"<p>Sans trop savoir pourquoi, vous entrez dans l\u2019eau et commencez \u00e0 nager vers les dauphins. Votre intuition vous dit que c\u2019est LA chose \u00e0 faire. Vous \u00eates soudain entour\u00e9 par une dizaine de dauphins qui, presque immobiles, attendent que vous fassiez quelque chose. Comme vous ne savez trop ce qu\u2019ils attendent de vous, vous restez plant\u00e9 l\u00e0 \u00e0 faire du sur place. L\u2019un d\u2019eux finit par s\u2019installer juste devant vous et vous avez la forte impression qu\u2019il tente de vous indiquer que vous devez monter sur son dos! Vous vous ex\u00e9cutez et embarquez en vous tenant les mains sur sa nageoire dorsale. Le groupe commence \u00e0 avancer tranquillement dans l\u2019eau, pour ensuite prendre de la vitesse. Vous vous sentez en s\u00e9curit\u00e9 et avez la forte impression que les dauphins vous prot\u00e9geraient co\u00fbte que co\u00fbte! Veuillez ajouter un point \u00e0 votre total dans la cat\u00e9gorie intuition de votre feuille de route. Vous comprenez maintenant qu\u2019ils se dirigent vers l\u2019ouest en direction d\u2019une \u00e9norme statue. Toujours guid\u00e9 par votre intuition, vous vous dites qu\u2019ils doivent avoir une  bonne raison de vous y conduire. Il est vrai apr\u00e8s tout que les dauphins sont consid\u00e9r\u00e9s par plusieurs comme \u00e9tant la race animale la plus intelligente, en tout cas sur terre!<\/p>\n<p>Apr\u00e8s avoir nag\u00e9 pr\u00e8s d\u2019une demi-heure, vous arrivez finalement aux abords du lac et vous descendez du dos du dauphin qui vous transportait. Vous aimeriez bien leur communiquer votre gratitude et vous d\u00e9cidez de les flatter un peu sur le dos. Bonne id\u00e9e, car ils font la file pour recevoir vos caresses! Puis, apr\u00e8s un moment, ils vous quittent et vous vous sentez dr\u00f4lement bien! Vous r\u00e9cup\u00e9rez tous vos points d\u2019endurance et retournez au total le plus haut que vous avez eu durant votre qu\u00eate. Veuillez faire les modifications n\u00e9cessaires sur votre feuille de route dans la cat\u00e9gorie endurance. <\/p>\n<p>Vous vous retournez et \u00eates devant la statue, haute d\u2019une centaine de m\u00e8tres, repr\u00e9sentant une femme avec une t\u00eate de dauphin. Vous n\u2019avez d\u2019ailleurs aucune id\u00e9e pourquoi ces dauphins vous ont amen\u00e9 jusqu\u2019ici. Vous d\u00e9cidez d\u2019explorer les lieux. En regardant autour de vous, vous constatez que derri\u00e8re la statue se dessinent trois chemins, un allant vers le sud, un vers le nord et un autre vers l\u2019ouest et tous se dirigent vers l\u2019int\u00e9rieur d\u2019une for\u00eat assez dense. Et il y a, bien entendu, cette \u00e9trange statue. \u00c0 prime abord, celle-ci ne vous int\u00e9ressait pas r\u00e9ellement, mais plus vous la regardez et plus vous avez l\u2019impression qu\u2019elle d\u00e9gage un grand magn\u00e9tisme. Vous \u00eates m\u00eame un peu \u00e9tourdi \u00e0 force de la regarder. Qu\u2019allez-vous faire?<\/p>\n<div class=\"btn-container  align-center\"><a class=\"organic-btn  dark-blue-btn small-btn  align-center\" href=\"http:\/\/www.katag.ca\/aventure-297\/\"><span class=\"btn-holder\">Vous d\u00e9sirez vous attarder plus longtemps \u00e0 examiner la statue<\/span><\/a><\/div>\n<div class=\"btn-container  align-center\"><a class=\"organic-btn  dark-blue-btn small-btn  align-center\" href=\"http:\/\/www.katag.ca\/aventure-298\/\"><span class=\"btn-holder\">Vous pr\u00e9f\u00e9rez emprunter le chemin menant vers le sud<\/span><\/a><\/div>\n<div class=\"btn-container  align-center\"><a class=\"organic-btn  dark-blue-btn small-btn  align-center\" href=\"http:\/\/www.katag.ca\/aventure-299\/\"><span class=\"btn-holder\">Vous choisissez de prendre le chemin menant vers le nord<\/span><\/a><\/div>\n<div class=\"btn-container  align-center\"><a class=\"organic-btn  dark-blue-btn small-btn  align-center\" href=\"http:\/\/www.katag.ca\/aventure-300\/\"><span class=\"btn-holder\">Vous d\u00e9cidez d\u2019aller sur le chemin menant vers l\u2019ouest<\/span><\/a><\/div>\n","protected":false},"excerpt":{"rendered":"<p>Sans trop savoir pourquoi, vous entrez dans l\u2019eau et commencez \u00e0 nager vers les dauphins. Votre intuition vous dit que c\u2019est LA chose \u00e0 faire. Vous \u00eates soudain entour\u00e9 par une dizaine de dauphins qui, presque immobiles, attendent que vous fassiez quelque chose. Comme vous ne savez trop ce qu\u2019ils attendent de vous, vous restez plant\u00e9 l\u00e0 \u00e0 faire du sur place. L\u2019un d\u2019eux finit par s\u2019installer juste devant vous et vous avez la forte impression qu\u2019il tente de vous indiquer que vous devez monter sur son dos!&#8230;<\/p>\n","protected":false},"author":2,"featured_media":0,"parent":0,"menu_order":0,"comment_status":"closed","ping_status":"closed","template":"","meta":{"footnotes":""},"class_list":["post-1493","page","type-page","status-publish","hentry"],"yoast_head":"<!-- This site is optimized with the Yoast SEO plugin v27.5 - https:\/\/yoast.com\/product\/yoast-seo-wordpress\/ -->\n<title>Aventure 260 | Katag<\/title>\n<meta name=\"robots\" content=\"index, follow, max-snippet:-1, max-image-preview:large, max-video-preview:-1\" \/>\n<link rel=\"canonical\" href=\"https:\/\/www.katag.ca\/en\/aventure-260\/\" \/>\n<meta property=\"og:locale\" content=\"en_US\" \/>\n<meta property=\"og:type\" content=\"article\" \/>\n<meta property=\"og:title\" content=\"Aventure 260 | Katag\" \/>\n<meta property=\"og:description\" content=\"Sans trop savoir pourquoi, vous entrez dans l\u2019eau et commencez \u00e0 nager vers les dauphins. Votre intuition vous dit que c\u2019est LA chose \u00e0 faire. Vous \u00eates soudain entour\u00e9 par une dizaine de dauphins qui, presque immobiles, attendent que vous fassiez quelque chose. Comme vous ne savez trop ce qu\u2019ils attendent de vous, vous restez plant\u00e9 l\u00e0 \u00e0 faire du sur place. L\u2019un d\u2019eux finit par s\u2019installer juste devant vous et vous avez la forte impression qu\u2019il tente de vous indiquer que vous devez monter sur son dos!...\" \/>\n<meta property=\"og:url\" content=\"https:\/\/www.katag.ca\/en\/aventure-260\/\" \/>\n<meta property=\"og:site_name\" content=\"Katag\" \/>\n<meta property=\"article:publisher\" content=\"https:\/\/www.facebook.com\/Katag.ca\" \/>\n<meta property=\"article:modified_time\" content=\"2015-01-09T02:31:36+00:00\" \/>\n<meta name=\"twitter:card\" content=\"summary_large_image\" \/>\n<meta name=\"twitter:label1\" content=\"Est. reading time\" \/>\n\t<meta name=\"twitter:data1\" content=\"3 minutes\" \/>\n<script type=\"application\/ld+json\" class=\"yoast-schema-graph\">{\"@context\":\"https:\\\/\\\/schema.org\",\"@graph\":[{\"@type\":\"WebPage\",\"@id\":\"https:\\\/\\\/www.katag.ca\\\/en\\\/aventure-260\\\/\",\"url\":\"https:\\\/\\\/www.katag.ca\\\/en\\\/aventure-260\\\/\",\"name\":\"Aventure 260 | Katag\",\"isPartOf\":{\"@id\":\"https:\\\/\\\/www.katag.ca\\\/#website\"},\"datePublished\":\"2015-01-06T21:19:49+00:00\",\"dateModified\":\"2015-01-09T02:31:36+00:00\",\"breadcrumb\":{\"@id\":\"https:\\\/\\\/www.katag.ca\\\/en\\\/aventure-260\\\/#breadcrumb\"},\"inLanguage\":\"en-US\",\"potentialAction\":[{\"@type\":\"ReadAction\",\"target\":[\"https:\\\/\\\/www.katag.ca\\\/en\\\/aventure-260\\\/\"]}]},{\"@type\":\"BreadcrumbList\",\"@id\":\"https:\\\/\\\/www.katag.ca\\\/en\\\/aventure-260\\\/#breadcrumb\",\"itemListElement\":[{\"@type\":\"ListItem\",\"position\":1,\"name\":\"Accueil\",\"item\":\"https:\\\/\\\/www.katag.ca\\\/\"},{\"@type\":\"ListItem\",\"position\":2,\"name\":\"Aventure 260\"}]},{\"@type\":\"WebSite\",\"@id\":\"https:\\\/\\\/www.katag.ca\\\/#website\",\"url\":\"https:\\\/\\\/www.katag.ca\\\/\",\"name\":\"Katag\",\"description\":\"LE jeu d'&eacute;p&eacute;es-mousse\",\"publisher\":{\"@id\":\"https:\\\/\\\/www.katag.ca\\\/#organization\"},\"potentialAction\":[{\"@type\":\"SearchAction\",\"target\":{\"@type\":\"EntryPoint\",\"urlTemplate\":\"https:\\\/\\\/www.katag.ca\\\/?s={search_term_string}\"},\"query-input\":{\"@type\":\"PropertyValueSpecification\",\"valueRequired\":true,\"valueName\":\"search_term_string\"}}],\"inLanguage\":\"en-US\"},{\"@type\":\"Organization\",\"@id\":\"https:\\\/\\\/www.katag.ca\\\/#organization\",\"name\":\"Katag\",\"url\":\"https:\\\/\\\/www.katag.ca\\\/\",\"logo\":{\"@type\":\"ImageObject\",\"inLanguage\":\"en-US\",\"@id\":\"https:\\\/\\\/www.katag.ca\\\/#\\\/schema\\\/logo\\\/image\\\/\",\"url\":\"https:\\\/\\\/www.katag.ca\\\/wp-content\\\/uploads\\\/2021\\\/03\\\/logo-fr.png\",\"contentUrl\":\"https:\\\/\\\/www.katag.ca\\\/wp-content\\\/uploads\\\/2021\\\/03\\\/logo-fr.png\",\"width\":338,\"height\":173,\"caption\":\"Katag\"},\"image\":{\"@id\":\"https:\\\/\\\/www.katag.ca\\\/#\\\/schema\\\/logo\\\/image\\\/\"},\"sameAs\":[\"https:\\\/\\\/www.facebook.com\\\/Katag.ca\"]}]}<\/script>\n<!-- \/ Yoast SEO plugin. -->","yoast_head_json":{"title":"Aventure 260 | Katag","robots":{"index":"index","follow":"follow","max-snippet":"max-snippet:-1","max-image-preview":"max-image-preview:large","max-video-preview":"max-video-preview:-1"},"canonical":"https:\/\/www.katag.ca\/en\/aventure-260\/","og_locale":"en_US","og_type":"article","og_title":"Aventure 260 | Katag","og_description":"Sans trop savoir pourquoi, vous entrez dans l\u2019eau et commencez \u00e0 nager vers les dauphins. Votre intuition vous dit que c\u2019est LA chose \u00e0 faire. Vous \u00eates soudain entour\u00e9 par une dizaine de dauphins qui, presque immobiles, attendent que vous fassiez quelque chose. Comme vous ne savez trop ce qu\u2019ils attendent de vous, vous restez plant\u00e9 l\u00e0 \u00e0 faire du sur place. L\u2019un d\u2019eux finit par s\u2019installer juste devant vous et vous avez la forte impression qu\u2019il tente de vous indiquer que vous devez monter sur son dos!...","og_url":"https:\/\/www.katag.ca\/en\/aventure-260\/","og_site_name":"Katag","article_publisher":"https:\/\/www.facebook.com\/Katag.ca","article_modified_time":"2015-01-09T02:31:36+00:00","twitter_card":"summary_large_image","twitter_misc":{"Est. reading time":"3 minutes"},"schema":{"@context":"https:\/\/schema.org","@graph":[{"@type":"WebPage","@id":"https:\/\/www.katag.ca\/en\/aventure-260\/","url":"https:\/\/www.katag.ca\/en\/aventure-260\/","name":"Aventure 260 | Katag","isPartOf":{"@id":"https:\/\/www.katag.ca\/#website"},"datePublished":"2015-01-06T21:19:49+00:00","dateModified":"2015-01-09T02:31:36+00:00","breadcrumb":{"@id":"https:\/\/www.katag.ca\/en\/aventure-260\/#breadcrumb"},"inLanguage":"en-US","potentialAction":[{"@type":"ReadAction","target":["https:\/\/www.katag.ca\/en\/aventure-260\/"]}]},{"@type":"BreadcrumbList","@id":"https:\/\/www.katag.ca\/en\/aventure-260\/#breadcrumb","itemListElement":[{"@type":"ListItem","position":1,"name":"Accueil","item":"https:\/\/www.katag.ca\/"},{"@type":"ListItem","position":2,"name":"Aventure 260"}]},{"@type":"WebSite","@id":"https:\/\/www.katag.ca\/#website","url":"https:\/\/www.katag.ca\/","name":"Katag","description":"LE jeu d'&eacute;p&eacute;es-mousse","publisher":{"@id":"https:\/\/www.katag.ca\/#organization"},"potentialAction":[{"@type":"SearchAction","target":{"@type":"EntryPoint","urlTemplate":"https:\/\/www.katag.ca\/?s={search_term_string}"},"query-input":{"@type":"PropertyValueSpecification","valueRequired":true,"valueName":"search_term_string"}}],"inLanguage":"en-US"},{"@type":"Organization","@id":"https:\/\/www.katag.ca\/#organization","name":"Katag","url":"https:\/\/www.katag.ca\/","logo":{"@type":"ImageObject","inLanguage":"en-US","@id":"https:\/\/www.katag.ca\/#\/schema\/logo\/image\/","url":"https:\/\/www.katag.ca\/wp-content\/uploads\/2021\/03\/logo-fr.png","contentUrl":"https:\/\/www.katag.ca\/wp-content\/uploads\/2021\/03\/logo-fr.png","width":338,"height":173,"caption":"Katag"},"image":{"@id":"https:\/\/www.katag.ca\/#\/schema\/logo\/image\/"},"sameAs":["https:\/\/www.facebook.com\/Katag.ca"]}]}},"_links":{"self":[{"href":"https:\/\/www.katag.ca\/en\/wp-json\/wp\/v2\/pages\/1493","targetHints":{"allow":["GET"]}}],"collection":[{"href":"https:\/\/www.katag.ca\/en\/wp-json\/wp\/v2\/pages"}],"about":[{"href":"https:\/\/www.katag.ca\/en\/wp-json\/wp\/v2\/types\/page"}],"author":[{"embeddable":true,"href":"https:\/\/www.katag.ca\/en\/wp-json\/wp\/v2\/users\/2"}],"replies":[{"embeddable":true,"href":"https:\/\/www.katag.ca\/en\/wp-json\/wp\/v2\/comments?post=1493"}],"version-history":[{"count":3,"href":"https:\/\/www.katag.ca\/en\/wp-json\/wp\/v2\/pages\/1493\/revisions"}],"predecessor-version":[{"id":2087,"href":"https:\/\/www.katag.ca\/en\/wp-json\/wp\/v2\/pages\/1493\/revisions\/2087"}],"wp:attachment":[{"href":"https:\/\/www.katag.ca\/en\/wp-json\/wp\/v2\/media?parent=1493"}],"curies":[{"name":"wp","href":"https:\/\/api.w.org\/{rel}","templated":true}]}}