{"id":1495,"date":"2015-01-06T21:20:23","date_gmt":"2015-01-06T21:20:23","guid":{"rendered":"http:\/\/www.boutiquekatag.com\/?page_id=1495"},"modified":"2015-01-09T02:33:07","modified_gmt":"2015-01-09T02:33:07","slug":"aventure-261","status":"publish","type":"page","link":"https:\/\/www.katag.ca\/en\/aventure-261\/","title":{"rendered":"Aventure 261"},"content":{"rendered":"<p>Vous d\u00e9cidez de rebrousser chemin et marcher un certain temps avant d\u2019apercevoir \u00e0 nouveau les traces de pas. Vous coupez \u00e0 travers les hautes herbes qui se trouvent devant vous. Les traces de pas s\u2019estompent, mais les herbes pi\u00e9tin\u00e9es qui se trouvent devant vous ne mentent pas : vous pouvez voir par o\u00f9 la b\u00eate est pass\u00e9e! Vous d\u00e9cidez donc de suivre le sentier dessin\u00e9 par ces herbes pi\u00e9tin\u00e9es. Vous arrivez rapidement \u00e0 un sentier naturel en terre et les traces de pas ici sont si multiples que vous ne pouvez distinguer de quel c\u00f4t\u00e9 est partie la b\u00eate. Vous avez ici trois choix : gauche, droite ou tout droit! Qu\u2019allez-vous faire?<\/p>\n<div class=\"btn-container  align-center\"><a class=\"organic-btn  dark-blue-btn small-btn  align-center\" href=\"http:\/\/www.katag.ca\/aventure-227\/\"><span class=\"btn-holder\">Vous d\u00e9sirez tourner \u00e0 gauche<\/span><\/a><\/div>\n<div class=\"btn-container  align-center\"><a class=\"organic-btn  dark-blue-btn small-btn  align-center\" href=\"http:\/\/www.katag.ca\/aventure-228\/\"><span class=\"btn-holder\">Vous pr\u00e9f\u00e9rez tourner \u00e0 droite<\/span><\/a><\/div>\n<div class=\"btn-container  align-center\"><a class=\"organic-btn  dark-blue-btn small-btn  align-center\" href=\"http:\/\/www.katag.ca\/aventure-255\/\"><span class=\"btn-holder\">Vous choisissez de continuer tout droit<\/span><\/a><\/div>\n","protected":false},"excerpt":{"rendered":"<p>Vous d\u00e9cidez de rebrousser chemin et marcher un certain temps avant d\u2019apercevoir \u00e0 nouveau les traces de pas. Vous coupez \u00e0 travers les hautes herbes qui se trouvent devant vous. Les traces de pas s\u2019estompent, mais les herbes pi\u00e9tin\u00e9es qui se trouvent devant vous ne mentent pas : vous pouvez voir par o\u00f9 la b\u00eate est pass\u00e9e! Vous d\u00e9cidez donc de suivre le sentier dessin\u00e9 par ces herbes pi\u00e9tin\u00e9es. Vous arrivez rapidement \u00e0 un sentier naturel en terre et les traces de pas ici sont si multiples que&#8230;<\/p>\n","protected":false},"author":2,"featured_media":0,"parent":0,"menu_order":0,"comment_status":"closed","ping_status":"closed","template":"","meta":{"footnotes":""},"class_list":["post-1495","page","type-page","status-publish","hentry"],"yoast_head":"<!-- This site is optimized with the Yoast SEO plugin v27.5 - https:\/\/yoast.com\/product\/yoast-seo-wordpress\/ -->\n<title>Aventure 261 | Katag<\/title>\n<meta name=\"robots\" content=\"index, follow, max-snippet:-1, max-image-preview:large, max-video-preview:-1\" \/>\n<link rel=\"canonical\" href=\"https:\/\/www.katag.ca\/aventure-261\/\" \/>\n<meta property=\"og:locale\" content=\"en_US\" \/>\n<meta property=\"og:type\" content=\"article\" \/>\n<meta property=\"og:title\" content=\"Aventure 261 | Katag\" \/>\n<meta property=\"og:description\" content=\"Vous d\u00e9cidez de rebrousser chemin et marcher un certain temps avant d\u2019apercevoir \u00e0 nouveau les traces de pas. Vous coupez \u00e0 travers les hautes herbes qui se trouvent devant vous. Les traces de pas s\u2019estompent, mais les herbes pi\u00e9tin\u00e9es qui se trouvent devant vous ne mentent pas : vous pouvez voir par o\u00f9 la b\u00eate est pass\u00e9e! Vous d\u00e9cidez donc de suivre le sentier dessin\u00e9 par ces herbes pi\u00e9tin\u00e9es. Vous arrivez rapidement \u00e0 un sentier naturel en terre et les traces de pas ici sont si multiples que...\" \/>\n<meta property=\"og:url\" content=\"https:\/\/www.katag.ca\/aventure-261\/\" \/>\n<meta property=\"og:site_name\" content=\"Katag\" \/>\n<meta property=\"article:publisher\" content=\"https:\/\/www.facebook.com\/Katag.ca\" \/>\n<meta property=\"article:modified_time\" content=\"2015-01-09T02:33:07+00:00\" \/>\n<meta name=\"twitter:card\" content=\"summary_large_image\" \/>\n<meta name=\"twitter:label1\" content=\"Est. reading time\" \/>\n\t<meta name=\"twitter:data1\" content=\"1 minute\" \/>\n<script type=\"application\/ld+json\" class=\"yoast-schema-graph\">{\"@context\":\"https:\\\/\\\/schema.org\",\"@graph\":[{\"@type\":\"WebPage\",\"@id\":\"https:\\\/\\\/www.katag.ca\\\/aventure-261\\\/\",\"url\":\"https:\\\/\\\/www.katag.ca\\\/aventure-261\\\/\",\"name\":\"Aventure 261 | Katag\",\"isPartOf\":{\"@id\":\"https:\\\/\\\/www.katag.ca\\\/#website\"},\"datePublished\":\"2015-01-06T21:20:23+00:00\",\"dateModified\":\"2015-01-09T02:33:07+00:00\",\"breadcrumb\":{\"@id\":\"https:\\\/\\\/www.katag.ca\\\/aventure-261\\\/#breadcrumb\"},\"inLanguage\":\"en-US\",\"potentialAction\":[{\"@type\":\"ReadAction\",\"target\":[\"https:\\\/\\\/www.katag.ca\\\/aventure-261\\\/\"]}]},{\"@type\":\"BreadcrumbList\",\"@id\":\"https:\\\/\\\/www.katag.ca\\\/aventure-261\\\/#breadcrumb\",\"itemListElement\":[{\"@type\":\"ListItem\",\"position\":1,\"name\":\"Accueil\",\"item\":\"https:\\\/\\\/www.katag.ca\\\/\"},{\"@type\":\"ListItem\",\"position\":2,\"name\":\"Aventure 261\"}]},{\"@type\":\"WebSite\",\"@id\":\"https:\\\/\\\/www.katag.ca\\\/#website\",\"url\":\"https:\\\/\\\/www.katag.ca\\\/\",\"name\":\"Katag\",\"description\":\"LE jeu d'&eacute;p&eacute;es-mousse\",\"publisher\":{\"@id\":\"https:\\\/\\\/www.katag.ca\\\/#organization\"},\"potentialAction\":[{\"@type\":\"SearchAction\",\"target\":{\"@type\":\"EntryPoint\",\"urlTemplate\":\"https:\\\/\\\/www.katag.ca\\\/?s={search_term_string}\"},\"query-input\":{\"@type\":\"PropertyValueSpecification\",\"valueRequired\":true,\"valueName\":\"search_term_string\"}}],\"inLanguage\":\"en-US\"},{\"@type\":\"Organization\",\"@id\":\"https:\\\/\\\/www.katag.ca\\\/#organization\",\"name\":\"Katag\",\"url\":\"https:\\\/\\\/www.katag.ca\\\/\",\"logo\":{\"@type\":\"ImageObject\",\"inLanguage\":\"en-US\",\"@id\":\"https:\\\/\\\/www.katag.ca\\\/#\\\/schema\\\/logo\\\/image\\\/\",\"url\":\"https:\\\/\\\/www.katag.ca\\\/wp-content\\\/uploads\\\/2021\\\/03\\\/logo-fr.png\",\"contentUrl\":\"https:\\\/\\\/www.katag.ca\\\/wp-content\\\/uploads\\\/2021\\\/03\\\/logo-fr.png\",\"width\":338,\"height\":173,\"caption\":\"Katag\"},\"image\":{\"@id\":\"https:\\\/\\\/www.katag.ca\\\/#\\\/schema\\\/logo\\\/image\\\/\"},\"sameAs\":[\"https:\\\/\\\/www.facebook.com\\\/Katag.ca\"]}]}<\/script>\n<!-- \/ Yoast SEO plugin. -->","yoast_head_json":{"title":"Aventure 261 | Katag","robots":{"index":"index","follow":"follow","max-snippet":"max-snippet:-1","max-image-preview":"max-image-preview:large","max-video-preview":"max-video-preview:-1"},"canonical":"https:\/\/www.katag.ca\/aventure-261\/","og_locale":"en_US","og_type":"article","og_title":"Aventure 261 | Katag","og_description":"Vous d\u00e9cidez de rebrousser chemin et marcher un certain temps avant d\u2019apercevoir \u00e0 nouveau les traces de pas. Vous coupez \u00e0 travers les hautes herbes qui se trouvent devant vous. Les traces de pas s\u2019estompent, mais les herbes pi\u00e9tin\u00e9es qui se trouvent devant vous ne mentent pas : vous pouvez voir par o\u00f9 la b\u00eate est pass\u00e9e! Vous d\u00e9cidez donc de suivre le sentier dessin\u00e9 par ces herbes pi\u00e9tin\u00e9es. Vous arrivez rapidement \u00e0 un sentier naturel en terre et les traces de pas ici sont si multiples que...","og_url":"https:\/\/www.katag.ca\/aventure-261\/","og_site_name":"Katag","article_publisher":"https:\/\/www.facebook.com\/Katag.ca","article_modified_time":"2015-01-09T02:33:07+00:00","twitter_card":"summary_large_image","twitter_misc":{"Est. reading time":"1 minute"},"schema":{"@context":"https:\/\/schema.org","@graph":[{"@type":"WebPage","@id":"https:\/\/www.katag.ca\/aventure-261\/","url":"https:\/\/www.katag.ca\/aventure-261\/","name":"Aventure 261 | Katag","isPartOf":{"@id":"https:\/\/www.katag.ca\/#website"},"datePublished":"2015-01-06T21:20:23+00:00","dateModified":"2015-01-09T02:33:07+00:00","breadcrumb":{"@id":"https:\/\/www.katag.ca\/aventure-261\/#breadcrumb"},"inLanguage":"en-US","potentialAction":[{"@type":"ReadAction","target":["https:\/\/www.katag.ca\/aventure-261\/"]}]},{"@type":"BreadcrumbList","@id":"https:\/\/www.katag.ca\/aventure-261\/#breadcrumb","itemListElement":[{"@type":"ListItem","position":1,"name":"Accueil","item":"https:\/\/www.katag.ca\/"},{"@type":"ListItem","position":2,"name":"Aventure 261"}]},{"@type":"WebSite","@id":"https:\/\/www.katag.ca\/#website","url":"https:\/\/www.katag.ca\/","name":"Katag","description":"LE jeu d'&eacute;p&eacute;es-mousse","publisher":{"@id":"https:\/\/www.katag.ca\/#organization"},"potentialAction":[{"@type":"SearchAction","target":{"@type":"EntryPoint","urlTemplate":"https:\/\/www.katag.ca\/?s={search_term_string}"},"query-input":{"@type":"PropertyValueSpecification","valueRequired":true,"valueName":"search_term_string"}}],"inLanguage":"en-US"},{"@type":"Organization","@id":"https:\/\/www.katag.ca\/#organization","name":"Katag","url":"https:\/\/www.katag.ca\/","logo":{"@type":"ImageObject","inLanguage":"en-US","@id":"https:\/\/www.katag.ca\/#\/schema\/logo\/image\/","url":"https:\/\/www.katag.ca\/wp-content\/uploads\/2021\/03\/logo-fr.png","contentUrl":"https:\/\/www.katag.ca\/wp-content\/uploads\/2021\/03\/logo-fr.png","width":338,"height":173,"caption":"Katag"},"image":{"@id":"https:\/\/www.katag.ca\/#\/schema\/logo\/image\/"},"sameAs":["https:\/\/www.facebook.com\/Katag.ca"]}]}},"_links":{"self":[{"href":"https:\/\/www.katag.ca\/en\/wp-json\/wp\/v2\/pages\/1495","targetHints":{"allow":["GET"]}}],"collection":[{"href":"https:\/\/www.katag.ca\/en\/wp-json\/wp\/v2\/pages"}],"about":[{"href":"https:\/\/www.katag.ca\/en\/wp-json\/wp\/v2\/types\/page"}],"author":[{"embeddable":true,"href":"https:\/\/www.katag.ca\/en\/wp-json\/wp\/v2\/users\/2"}],"replies":[{"embeddable":true,"href":"https:\/\/www.katag.ca\/en\/wp-json\/wp\/v2\/comments?post=1495"}],"version-history":[{"count":3,"href":"https:\/\/www.katag.ca\/en\/wp-json\/wp\/v2\/pages\/1495\/revisions"}],"predecessor-version":[{"id":2089,"href":"https:\/\/www.katag.ca\/en\/wp-json\/wp\/v2\/pages\/1495\/revisions\/2089"}],"wp:attachment":[{"href":"https:\/\/www.katag.ca\/en\/wp-json\/wp\/v2\/media?parent=1495"}],"curies":[{"name":"wp","href":"https:\/\/api.w.org\/{rel}","templated":true}]}}