{"id":1497,"date":"2015-01-06T21:20:49","date_gmt":"2015-01-06T21:20:49","guid":{"rendered":"http:\/\/www.boutiquekatag.com\/?page_id=1497"},"modified":"2015-01-09T02:34:15","modified_gmt":"2015-01-09T02:34:15","slug":"aventure-262","status":"publish","type":"page","link":"https:\/\/www.katag.ca\/en\/aventure-262\/","title":{"rendered":"Aventure 262"},"content":{"rendered":"<p>Vous marchez pendant de longues heures et commencez \u00e0 \u00eatre vraiment \u00e9puis\u00e9 par toute cette marche. Vous n\u2019avez pratiquement plus de forces et la seule chose \u00e0 laquelle vous arrivez \u00e0 penser vraiment est que vous aimeriez dormir. N\u2019est-ce pas ironique! Vous \u00eates en plein sommeil et \u00eates fatigu\u00e9 par votre r\u00eave! Vous perdez deux points d\u2019endurance et devez les soustraire \u00e0 votre total sur votre feuille de route. <\/p>\n<div class=\"btn-container  align-center\"><a class=\"organic-btn  dark-blue-btn small-btn  align-center\" href=\"http:\/\/www.katag.ca\/aventure-263\/\"><span class=\"btn-holder\">S\u2019il vous reste encore des points de r\u00eaves, cliquez ici pour continuer<\/span><\/a><\/div>\n","protected":false},"excerpt":{"rendered":"<p>Vous marchez pendant de longues heures et commencez \u00e0 \u00eatre vraiment \u00e9puis\u00e9 par toute cette marche. Vous n\u2019avez pratiquement plus de forces et la seule chose \u00e0 laquelle vous arrivez \u00e0 penser vraiment est que vous aimeriez dormir. N\u2019est-ce pas ironique! Vous \u00eates en plein sommeil et \u00eates fatigu\u00e9 par votre r\u00eave! Vous perdez deux points d\u2019endurance et devez les soustraire \u00e0 votre total sur votre feuille de route.<\/p>\n","protected":false},"author":2,"featured_media":0,"parent":0,"menu_order":0,"comment_status":"closed","ping_status":"closed","template":"","meta":{"footnotes":""},"class_list":["post-1497","page","type-page","status-publish","hentry"],"yoast_head":"<!-- This site is optimized with the Yoast SEO plugin v27.5 - https:\/\/yoast.com\/product\/yoast-seo-wordpress\/ -->\n<title>Aventure 262 | Katag<\/title>\n<meta name=\"robots\" content=\"index, follow, max-snippet:-1, max-image-preview:large, max-video-preview:-1\" \/>\n<link rel=\"canonical\" href=\"https:\/\/www.katag.ca\/aventure-262\/\" \/>\n<meta property=\"og:locale\" content=\"en_US\" \/>\n<meta property=\"og:type\" content=\"article\" \/>\n<meta property=\"og:title\" content=\"Aventure 262 | Katag\" \/>\n<meta property=\"og:description\" content=\"Vous marchez pendant de longues heures et commencez \u00e0 \u00eatre vraiment \u00e9puis\u00e9 par toute cette marche. Vous n\u2019avez pratiquement plus de forces et la seule chose \u00e0 laquelle vous arrivez \u00e0 penser vraiment est que vous aimeriez dormir. N\u2019est-ce pas ironique! Vous \u00eates en plein sommeil et \u00eates fatigu\u00e9 par votre r\u00eave! Vous perdez deux points d\u2019endurance et devez les soustraire \u00e0 votre total sur votre feuille de route.\" \/>\n<meta property=\"og:url\" content=\"https:\/\/www.katag.ca\/aventure-262\/\" \/>\n<meta property=\"og:site_name\" content=\"Katag\" \/>\n<meta property=\"article:publisher\" content=\"https:\/\/www.facebook.com\/Katag.ca\" \/>\n<meta property=\"article:modified_time\" content=\"2015-01-09T02:34:15+00:00\" \/>\n<meta name=\"twitter:card\" content=\"summary_large_image\" \/>\n<script type=\"application\/ld+json\" class=\"yoast-schema-graph\">{\"@context\":\"https:\\\/\\\/schema.org\",\"@graph\":[{\"@type\":\"WebPage\",\"@id\":\"https:\\\/\\\/www.katag.ca\\\/aventure-262\\\/\",\"url\":\"https:\\\/\\\/www.katag.ca\\\/aventure-262\\\/\",\"name\":\"Aventure 262 | Katag\",\"isPartOf\":{\"@id\":\"https:\\\/\\\/www.katag.ca\\\/#website\"},\"datePublished\":\"2015-01-06T21:20:49+00:00\",\"dateModified\":\"2015-01-09T02:34:15+00:00\",\"breadcrumb\":{\"@id\":\"https:\\\/\\\/www.katag.ca\\\/aventure-262\\\/#breadcrumb\"},\"inLanguage\":\"en-US\",\"potentialAction\":[{\"@type\":\"ReadAction\",\"target\":[\"https:\\\/\\\/www.katag.ca\\\/aventure-262\\\/\"]}]},{\"@type\":\"BreadcrumbList\",\"@id\":\"https:\\\/\\\/www.katag.ca\\\/aventure-262\\\/#breadcrumb\",\"itemListElement\":[{\"@type\":\"ListItem\",\"position\":1,\"name\":\"Accueil\",\"item\":\"https:\\\/\\\/www.katag.ca\\\/\"},{\"@type\":\"ListItem\",\"position\":2,\"name\":\"Aventure 262\"}]},{\"@type\":\"WebSite\",\"@id\":\"https:\\\/\\\/www.katag.ca\\\/#website\",\"url\":\"https:\\\/\\\/www.katag.ca\\\/\",\"name\":\"Katag\",\"description\":\"LE jeu d'&eacute;p&eacute;es-mousse\",\"publisher\":{\"@id\":\"https:\\\/\\\/www.katag.ca\\\/#organization\"},\"potentialAction\":[{\"@type\":\"SearchAction\",\"target\":{\"@type\":\"EntryPoint\",\"urlTemplate\":\"https:\\\/\\\/www.katag.ca\\\/?s={search_term_string}\"},\"query-input\":{\"@type\":\"PropertyValueSpecification\",\"valueRequired\":true,\"valueName\":\"search_term_string\"}}],\"inLanguage\":\"en-US\"},{\"@type\":\"Organization\",\"@id\":\"https:\\\/\\\/www.katag.ca\\\/#organization\",\"name\":\"Katag\",\"url\":\"https:\\\/\\\/www.katag.ca\\\/\",\"logo\":{\"@type\":\"ImageObject\",\"inLanguage\":\"en-US\",\"@id\":\"https:\\\/\\\/www.katag.ca\\\/#\\\/schema\\\/logo\\\/image\\\/\",\"url\":\"https:\\\/\\\/www.katag.ca\\\/wp-content\\\/uploads\\\/2021\\\/03\\\/logo-fr.png\",\"contentUrl\":\"https:\\\/\\\/www.katag.ca\\\/wp-content\\\/uploads\\\/2021\\\/03\\\/logo-fr.png\",\"width\":338,\"height\":173,\"caption\":\"Katag\"},\"image\":{\"@id\":\"https:\\\/\\\/www.katag.ca\\\/#\\\/schema\\\/logo\\\/image\\\/\"},\"sameAs\":[\"https:\\\/\\\/www.facebook.com\\\/Katag.ca\"]}]}<\/script>\n<!-- \/ Yoast SEO plugin. -->","yoast_head_json":{"title":"Aventure 262 | Katag","robots":{"index":"index","follow":"follow","max-snippet":"max-snippet:-1","max-image-preview":"max-image-preview:large","max-video-preview":"max-video-preview:-1"},"canonical":"https:\/\/www.katag.ca\/aventure-262\/","og_locale":"en_US","og_type":"article","og_title":"Aventure 262 | Katag","og_description":"Vous marchez pendant de longues heures et commencez \u00e0 \u00eatre vraiment \u00e9puis\u00e9 par toute cette marche. Vous n\u2019avez pratiquement plus de forces et la seule chose \u00e0 laquelle vous arrivez \u00e0 penser vraiment est que vous aimeriez dormir. N\u2019est-ce pas ironique! Vous \u00eates en plein sommeil et \u00eates fatigu\u00e9 par votre r\u00eave! Vous perdez deux points d\u2019endurance et devez les soustraire \u00e0 votre total sur votre feuille de route.","og_url":"https:\/\/www.katag.ca\/aventure-262\/","og_site_name":"Katag","article_publisher":"https:\/\/www.facebook.com\/Katag.ca","article_modified_time":"2015-01-09T02:34:15+00:00","twitter_card":"summary_large_image","schema":{"@context":"https:\/\/schema.org","@graph":[{"@type":"WebPage","@id":"https:\/\/www.katag.ca\/aventure-262\/","url":"https:\/\/www.katag.ca\/aventure-262\/","name":"Aventure 262 | Katag","isPartOf":{"@id":"https:\/\/www.katag.ca\/#website"},"datePublished":"2015-01-06T21:20:49+00:00","dateModified":"2015-01-09T02:34:15+00:00","breadcrumb":{"@id":"https:\/\/www.katag.ca\/aventure-262\/#breadcrumb"},"inLanguage":"en-US","potentialAction":[{"@type":"ReadAction","target":["https:\/\/www.katag.ca\/aventure-262\/"]}]},{"@type":"BreadcrumbList","@id":"https:\/\/www.katag.ca\/aventure-262\/#breadcrumb","itemListElement":[{"@type":"ListItem","position":1,"name":"Accueil","item":"https:\/\/www.katag.ca\/"},{"@type":"ListItem","position":2,"name":"Aventure 262"}]},{"@type":"WebSite","@id":"https:\/\/www.katag.ca\/#website","url":"https:\/\/www.katag.ca\/","name":"Katag","description":"LE jeu d'&eacute;p&eacute;es-mousse","publisher":{"@id":"https:\/\/www.katag.ca\/#organization"},"potentialAction":[{"@type":"SearchAction","target":{"@type":"EntryPoint","urlTemplate":"https:\/\/www.katag.ca\/?s={search_term_string}"},"query-input":{"@type":"PropertyValueSpecification","valueRequired":true,"valueName":"search_term_string"}}],"inLanguage":"en-US"},{"@type":"Organization","@id":"https:\/\/www.katag.ca\/#organization","name":"Katag","url":"https:\/\/www.katag.ca\/","logo":{"@type":"ImageObject","inLanguage":"en-US","@id":"https:\/\/www.katag.ca\/#\/schema\/logo\/image\/","url":"https:\/\/www.katag.ca\/wp-content\/uploads\/2021\/03\/logo-fr.png","contentUrl":"https:\/\/www.katag.ca\/wp-content\/uploads\/2021\/03\/logo-fr.png","width":338,"height":173,"caption":"Katag"},"image":{"@id":"https:\/\/www.katag.ca\/#\/schema\/logo\/image\/"},"sameAs":["https:\/\/www.facebook.com\/Katag.ca"]}]}},"_links":{"self":[{"href":"https:\/\/www.katag.ca\/en\/wp-json\/wp\/v2\/pages\/1497","targetHints":{"allow":["GET"]}}],"collection":[{"href":"https:\/\/www.katag.ca\/en\/wp-json\/wp\/v2\/pages"}],"about":[{"href":"https:\/\/www.katag.ca\/en\/wp-json\/wp\/v2\/types\/page"}],"author":[{"embeddable":true,"href":"https:\/\/www.katag.ca\/en\/wp-json\/wp\/v2\/users\/2"}],"replies":[{"embeddable":true,"href":"https:\/\/www.katag.ca\/en\/wp-json\/wp\/v2\/comments?post=1497"}],"version-history":[{"count":3,"href":"https:\/\/www.katag.ca\/en\/wp-json\/wp\/v2\/pages\/1497\/revisions"}],"predecessor-version":[{"id":2091,"href":"https:\/\/www.katag.ca\/en\/wp-json\/wp\/v2\/pages\/1497\/revisions\/2091"}],"wp:attachment":[{"href":"https:\/\/www.katag.ca\/en\/wp-json\/wp\/v2\/media?parent=1497"}],"curies":[{"name":"wp","href":"https:\/\/api.w.org\/{rel}","templated":true}]}}