{"id":1501,"date":"2015-01-06T21:21:54","date_gmt":"2015-01-06T21:21:54","guid":{"rendered":"http:\/\/www.boutiquekatag.com\/?page_id=1501"},"modified":"2015-01-09T02:37:33","modified_gmt":"2015-01-09T02:37:33","slug":"aventure-264","status":"publish","type":"page","link":"https:\/\/www.katag.ca\/en\/aventure-264\/","title":{"rendered":"Aventure 264"},"content":{"rendered":"<p>Pendant un long moment, vous avez march\u00e9 la t\u00eate basse, accumulant de plus en plus de fatigue. Heureusement que cet endroit ou cette plan\u00e8te, vous ne savez pas trop bien, poss\u00e8de deux lunes qui vous \u00e9clairent amplement et vous permettent de continuer votre chemin. Vous vous d\u00e9cidez finalement \u00e0 lever la t\u00eate et regarder au loin dans toutes les directions en vous mettant face au lac. \u00c0 votre droite, soit vers l\u2019est, se trouve au loin le dojo de l\u2019Eau. Droit devant vous, au sud, semble se dresser, \u00e0 une assez grande distance, un port maritime. Mais ce qui attire plus particuli\u00e8rement votre attention, c\u2019est ce que vous voyez en regardant vers votre gauche, soit vers l\u2019ouest. \u00c0 environ  deux kilom\u00e8tres devant vous, se dresse une tr\u00e8s grande statue. Derri\u00e8re la statue, les hautes herbes font place \u00e0 une for\u00eat assez dense. Comme vous \u00eates trop loin pour penser atteindre \u00e0 pied le port maritime, vous sentez que le choix logique est de vous diriger vers cette statue. Vous marchez donc pendant pr\u00e8s d\u2019une heure avant de l\u2019atteindre. Celle-ci, haute d\u2019une centaine de m\u00e8tres, repr\u00e9sente une femme avec une t\u00eate de dauphin. Vous d\u00e9cidez d\u2019explorer les lieux. En regardant autour de vous, vous constatez que derri\u00e8re la statue se dessinent trois chemins, un allant vers l\u2019est, un vers le nord et un autre vers l\u2019ouest. Tous les trois se dirigent vers l\u2019int\u00e9rieur d\u2019une for\u00eat assez dense. Et il y a, bien entendu, cette \u00e9trange statue. Plus vous la regardez et plus vous avez l\u2019impression qu\u2019elle d\u00e9gage un grand magn\u00e9tisme. Vous avez m\u00eame l\u2019impression d\u2019\u00eatre un peu \u00e9tourdi \u00e0 force de la regarder. Qu\u2019allez-vous faire?<\/p>\n<div class=\"btn-container  align-center\"><a class=\"organic-btn  dark-blue-btn small-btn  align-center\" href=\"http:\/\/www.katag.ca\/aventure-297\/\"><span class=\"btn-holder\">Vous d\u00e9sirez vous attarder plus longtemps \u00e0 examiner la statue<\/span><\/a><\/div>\n<div class=\"btn-container  align-center\"><a class=\"organic-btn  dark-blue-btn small-btn  align-center\" href=\"http:\/\/www.katag.ca\/aventure-298\/\"><span class=\"btn-holder\">Vous pr\u00e9f\u00e9rez emprunter le chemin menant vers le sud<\/span><\/a><\/div>\n<div class=\"btn-container  align-center\"><a class=\"organic-btn  dark-blue-btn small-btn  align-center\" href=\"http:\/\/www.katag.ca\/aventure-299\/\"><span class=\"btn-holder\">Vous choisissez de prendre le chemin menant vers le nord<\/span><\/a><\/div>\n<div class=\"btn-container  align-center\"><a class=\"organic-btn  dark-blue-btn small-btn  align-center\" href=\"http:\/\/www.katag.ca\/aventure-300\/\"><span class=\"btn-holder\">Vous pr\u00e9f\u00e9rez aller sur le chemin menant vers l\u2019ouest<\/span><\/a><\/div>\n","protected":false},"excerpt":{"rendered":"<p>Pendant un long moment, vous avez march\u00e9 la t\u00eate basse, accumulant de plus en plus de fatigue. Heureusement que cet endroit ou cette plan\u00e8te, vous ne savez pas trop bien, poss\u00e8de deux lunes qui vous \u00e9clairent amplement et vous permettent de continuer votre chemin. Vous vous d\u00e9cidez finalement \u00e0 lever la t\u00eate et regarder au loin dans toutes les directions en vous mettant face au lac. \u00c0 votre droite, soit vers l\u2019est, se trouve au loin le dojo de l\u2019Eau. Droit devant vous, au sud, semble se dresser,&#8230;<\/p>\n","protected":false},"author":2,"featured_media":0,"parent":0,"menu_order":0,"comment_status":"closed","ping_status":"closed","template":"","meta":{"footnotes":""},"class_list":["post-1501","page","type-page","status-publish","hentry"],"yoast_head":"<!-- This site is optimized with the Yoast SEO plugin v27.5 - https:\/\/yoast.com\/product\/yoast-seo-wordpress\/ -->\n<title>Aventure 264 | Katag<\/title>\n<meta name=\"robots\" content=\"index, follow, max-snippet:-1, max-image-preview:large, max-video-preview:-1\" \/>\n<link rel=\"canonical\" href=\"https:\/\/www.katag.ca\/en\/aventure-264\/\" \/>\n<meta property=\"og:locale\" content=\"en_US\" \/>\n<meta property=\"og:type\" content=\"article\" \/>\n<meta property=\"og:title\" content=\"Aventure 264 | Katag\" \/>\n<meta property=\"og:description\" content=\"Pendant un long moment, vous avez march\u00e9 la t\u00eate basse, accumulant de plus en plus de fatigue. Heureusement que cet endroit ou cette plan\u00e8te, vous ne savez pas trop bien, poss\u00e8de deux lunes qui vous \u00e9clairent amplement et vous permettent de continuer votre chemin. Vous vous d\u00e9cidez finalement \u00e0 lever la t\u00eate et regarder au loin dans toutes les directions en vous mettant face au lac. \u00c0 votre droite, soit vers l\u2019est, se trouve au loin le dojo de l\u2019Eau. Droit devant vous, au sud, semble se dresser,...\" \/>\n<meta property=\"og:url\" content=\"https:\/\/www.katag.ca\/en\/aventure-264\/\" \/>\n<meta property=\"og:site_name\" content=\"Katag\" \/>\n<meta property=\"article:publisher\" content=\"https:\/\/www.facebook.com\/Katag.ca\" \/>\n<meta property=\"article:modified_time\" content=\"2015-01-09T02:37:33+00:00\" \/>\n<meta name=\"twitter:card\" content=\"summary_large_image\" \/>\n<meta name=\"twitter:label1\" content=\"Est. reading time\" \/>\n\t<meta name=\"twitter:data1\" content=\"2 minutes\" \/>\n<script type=\"application\/ld+json\" class=\"yoast-schema-graph\">{\"@context\":\"https:\\\/\\\/schema.org\",\"@graph\":[{\"@type\":\"WebPage\",\"@id\":\"https:\\\/\\\/www.katag.ca\\\/en\\\/aventure-264\\\/\",\"url\":\"https:\\\/\\\/www.katag.ca\\\/en\\\/aventure-264\\\/\",\"name\":\"Aventure 264 | Katag\",\"isPartOf\":{\"@id\":\"https:\\\/\\\/www.katag.ca\\\/#website\"},\"datePublished\":\"2015-01-06T21:21:54+00:00\",\"dateModified\":\"2015-01-09T02:37:33+00:00\",\"breadcrumb\":{\"@id\":\"https:\\\/\\\/www.katag.ca\\\/en\\\/aventure-264\\\/#breadcrumb\"},\"inLanguage\":\"en-US\",\"potentialAction\":[{\"@type\":\"ReadAction\",\"target\":[\"https:\\\/\\\/www.katag.ca\\\/en\\\/aventure-264\\\/\"]}]},{\"@type\":\"BreadcrumbList\",\"@id\":\"https:\\\/\\\/www.katag.ca\\\/en\\\/aventure-264\\\/#breadcrumb\",\"itemListElement\":[{\"@type\":\"ListItem\",\"position\":1,\"name\":\"Accueil\",\"item\":\"https:\\\/\\\/www.katag.ca\\\/\"},{\"@type\":\"ListItem\",\"position\":2,\"name\":\"Aventure 264\"}]},{\"@type\":\"WebSite\",\"@id\":\"https:\\\/\\\/www.katag.ca\\\/#website\",\"url\":\"https:\\\/\\\/www.katag.ca\\\/\",\"name\":\"Katag\",\"description\":\"LE jeu d'&eacute;p&eacute;es-mousse\",\"publisher\":{\"@id\":\"https:\\\/\\\/www.katag.ca\\\/#organization\"},\"potentialAction\":[{\"@type\":\"SearchAction\",\"target\":{\"@type\":\"EntryPoint\",\"urlTemplate\":\"https:\\\/\\\/www.katag.ca\\\/?s={search_term_string}\"},\"query-input\":{\"@type\":\"PropertyValueSpecification\",\"valueRequired\":true,\"valueName\":\"search_term_string\"}}],\"inLanguage\":\"en-US\"},{\"@type\":\"Organization\",\"@id\":\"https:\\\/\\\/www.katag.ca\\\/#organization\",\"name\":\"Katag\",\"url\":\"https:\\\/\\\/www.katag.ca\\\/\",\"logo\":{\"@type\":\"ImageObject\",\"inLanguage\":\"en-US\",\"@id\":\"https:\\\/\\\/www.katag.ca\\\/#\\\/schema\\\/logo\\\/image\\\/\",\"url\":\"https:\\\/\\\/www.katag.ca\\\/wp-content\\\/uploads\\\/2021\\\/03\\\/logo-fr.png\",\"contentUrl\":\"https:\\\/\\\/www.katag.ca\\\/wp-content\\\/uploads\\\/2021\\\/03\\\/logo-fr.png\",\"width\":338,\"height\":173,\"caption\":\"Katag\"},\"image\":{\"@id\":\"https:\\\/\\\/www.katag.ca\\\/#\\\/schema\\\/logo\\\/image\\\/\"},\"sameAs\":[\"https:\\\/\\\/www.facebook.com\\\/Katag.ca\"]}]}<\/script>\n<!-- \/ Yoast SEO plugin. -->","yoast_head_json":{"title":"Aventure 264 | Katag","robots":{"index":"index","follow":"follow","max-snippet":"max-snippet:-1","max-image-preview":"max-image-preview:large","max-video-preview":"max-video-preview:-1"},"canonical":"https:\/\/www.katag.ca\/en\/aventure-264\/","og_locale":"en_US","og_type":"article","og_title":"Aventure 264 | Katag","og_description":"Pendant un long moment, vous avez march\u00e9 la t\u00eate basse, accumulant de plus en plus de fatigue. Heureusement que cet endroit ou cette plan\u00e8te, vous ne savez pas trop bien, poss\u00e8de deux lunes qui vous \u00e9clairent amplement et vous permettent de continuer votre chemin. Vous vous d\u00e9cidez finalement \u00e0 lever la t\u00eate et regarder au loin dans toutes les directions en vous mettant face au lac. \u00c0 votre droite, soit vers l\u2019est, se trouve au loin le dojo de l\u2019Eau. Droit devant vous, au sud, semble se dresser,...","og_url":"https:\/\/www.katag.ca\/en\/aventure-264\/","og_site_name":"Katag","article_publisher":"https:\/\/www.facebook.com\/Katag.ca","article_modified_time":"2015-01-09T02:37:33+00:00","twitter_card":"summary_large_image","twitter_misc":{"Est. reading time":"2 minutes"},"schema":{"@context":"https:\/\/schema.org","@graph":[{"@type":"WebPage","@id":"https:\/\/www.katag.ca\/en\/aventure-264\/","url":"https:\/\/www.katag.ca\/en\/aventure-264\/","name":"Aventure 264 | Katag","isPartOf":{"@id":"https:\/\/www.katag.ca\/#website"},"datePublished":"2015-01-06T21:21:54+00:00","dateModified":"2015-01-09T02:37:33+00:00","breadcrumb":{"@id":"https:\/\/www.katag.ca\/en\/aventure-264\/#breadcrumb"},"inLanguage":"en-US","potentialAction":[{"@type":"ReadAction","target":["https:\/\/www.katag.ca\/en\/aventure-264\/"]}]},{"@type":"BreadcrumbList","@id":"https:\/\/www.katag.ca\/en\/aventure-264\/#breadcrumb","itemListElement":[{"@type":"ListItem","position":1,"name":"Accueil","item":"https:\/\/www.katag.ca\/"},{"@type":"ListItem","position":2,"name":"Aventure 264"}]},{"@type":"WebSite","@id":"https:\/\/www.katag.ca\/#website","url":"https:\/\/www.katag.ca\/","name":"Katag","description":"LE jeu d'&eacute;p&eacute;es-mousse","publisher":{"@id":"https:\/\/www.katag.ca\/#organization"},"potentialAction":[{"@type":"SearchAction","target":{"@type":"EntryPoint","urlTemplate":"https:\/\/www.katag.ca\/?s={search_term_string}"},"query-input":{"@type":"PropertyValueSpecification","valueRequired":true,"valueName":"search_term_string"}}],"inLanguage":"en-US"},{"@type":"Organization","@id":"https:\/\/www.katag.ca\/#organization","name":"Katag","url":"https:\/\/www.katag.ca\/","logo":{"@type":"ImageObject","inLanguage":"en-US","@id":"https:\/\/www.katag.ca\/#\/schema\/logo\/image\/","url":"https:\/\/www.katag.ca\/wp-content\/uploads\/2021\/03\/logo-fr.png","contentUrl":"https:\/\/www.katag.ca\/wp-content\/uploads\/2021\/03\/logo-fr.png","width":338,"height":173,"caption":"Katag"},"image":{"@id":"https:\/\/www.katag.ca\/#\/schema\/logo\/image\/"},"sameAs":["https:\/\/www.facebook.com\/Katag.ca"]}]}},"_links":{"self":[{"href":"https:\/\/www.katag.ca\/en\/wp-json\/wp\/v2\/pages\/1501","targetHints":{"allow":["GET"]}}],"collection":[{"href":"https:\/\/www.katag.ca\/en\/wp-json\/wp\/v2\/pages"}],"about":[{"href":"https:\/\/www.katag.ca\/en\/wp-json\/wp\/v2\/types\/page"}],"author":[{"embeddable":true,"href":"https:\/\/www.katag.ca\/en\/wp-json\/wp\/v2\/users\/2"}],"replies":[{"embeddable":true,"href":"https:\/\/www.katag.ca\/en\/wp-json\/wp\/v2\/comments?post=1501"}],"version-history":[{"count":3,"href":"https:\/\/www.katag.ca\/en\/wp-json\/wp\/v2\/pages\/1501\/revisions"}],"predecessor-version":[{"id":2094,"href":"https:\/\/www.katag.ca\/en\/wp-json\/wp\/v2\/pages\/1501\/revisions\/2094"}],"wp:attachment":[{"href":"https:\/\/www.katag.ca\/en\/wp-json\/wp\/v2\/media?parent=1501"}],"curies":[{"name":"wp","href":"https:\/\/api.w.org\/{rel}","templated":true}]}}