{"id":1505,"date":"2015-01-06T21:22:43","date_gmt":"2015-01-06T21:22:43","guid":{"rendered":"http:\/\/www.boutiquekatag.com\/?page_id=1505"},"modified":"2015-01-09T02:39:08","modified_gmt":"2015-01-09T02:39:08","slug":"aventure-266","status":"publish","type":"page","link":"https:\/\/www.katag.ca\/en\/aventure-266\/","title":{"rendered":"Aventure 266"},"content":{"rendered":"<p>Vous vous avancez sans faire de bruit et tapez gentiment sur l\u2019\u00e9paule de l\u2019homme qui est dos \u00e0 vous. Ce dernier sursaute, d\u00e9gaine son \u00e9p\u00e9e et vous en inflige un coup aux jambes, ce qui vous fait tr\u00e9bucher et tomber sur le dos. Il pointe ensuite son \u00e9p\u00e9e droit vers votre t\u00eate, tout en vous regardant. Vous perdez deux points d\u2019intuition, un point de r\u00eaves et deux points d\u2019endurance que vous devez d\u00e9duire de votre feuille de route. L\u2019homme r\u00e9alise soudain que vous ne lui vouliez probablement aucun mal. \u00ab Qu\u2019est-ce que tu fais l\u00e0, toi, \u00e0 cette heure tardive? \u00bb dit-il en s\u2019adressant \u00e0 vous. Vous lui dites que ce serait long \u00e0 expliquer, mais que vous avez pens\u00e9 qu\u2019il \u00e9tait pr\u00e9f\u00e9rable de l\u2019avertir de votre pr\u00e9sence afin d\u2019\u00e9viter l\u2019\u00e9l\u00e9ment de surprise, tout en \u00e9tant conscient que c\u2019est exactement ce que vous avez provoqu\u00e9! \u00ab Tu sais, on doit \u00eatre sur ses gardes lorsque l\u2019on r\u00f4de par ici \u00e0 cette heure du jour. Il y a de tout dans le coin la nuit : petits et grands animaux ainsi que ces salet\u00e9s de cauchemars qui se nourrissent de leurs peurs. Ce sont de minables cauchemars, pas particuli\u00e8rement f\u00e9roces, mais quand m\u00eame. Moi, je profite de cette heure tardive pour cueillir des cornettes, ces petits fruits verts qui sont si succulents en brochettes et que je vends facilement au march\u00e9 ensuite. La nuit est le meilleur temps pour en faire la cueillette! J\u2019ai d\u2019ailleurs vu l\u2019un de ces satan\u00e9s cauchemars passer il y a peu de temps sur les rives du lac Diga. Tu devrais faire attention, celui-l\u00e0 semblait bien plus dangereux que ceux que l\u2019on voit passer par ici normalement.\u00bb Intrigu\u00e9, vous lui demandez s\u2019il a pu voir dans quelle direction le cauchemar se dirigeait. \u00ab Ah oui, ils finissent toujours par se diriger vers l\u2019ouest, en direction de l\u2019Antre de la Folie. Si tu es assez fou pour tenter d\u2019en pourchasser un, d\u2019abord, rep\u00e8re la statue de Dinam, que certains consid\u00e8rent comme l\u2019incarnation des \u00e9l\u00e9ments, mais va savoir\u2026 Ensuite, ose entrer dans la for\u00eat. Tu en auras certainement pour plusieurs heures, voire m\u00eame quelques jours si tu ne prends pas le bon chemin\u2026 Si, \u00e0 un moment donn\u00e9, tu aboutis dans un lieu abominable o\u00f9 aucune cr\u00e9ature saine d\u2019esprit ne voudrait vivre, c\u2019est que tu es arriv\u00e9 au seuil de l\u2019Antre. Tu devras alors comprendre rapidement que tu es all\u00e9 trop loin et que tu risques de devenir fou! Mais bonne chance quand m\u00eame, tu en auras grand besoin. \u00bb L\u2019homme vous laisse, retournant vaquer \u00e0 ses occupations. Vous d\u00e9cidez donc de faire marche arri\u00e8re et retourner sur les rives du lac Diga. En regardant au loin, vous \u00eates en mesure d\u2019apercevoir ce qui pourrait \u00eatre la fameuse statue dont l\u2019homme parlait. Vous prenez donc cette direction.<\/p>\n<div class=\"btn-container  align-center\"><a class=\"organic-btn  dark-blue-btn small-btn  align-center\" href=\"http:\/\/www.katag.ca\/aventure-301\/\"><span class=\"btn-holder\">Cliquez ici pour continuer<\/span><\/a><\/div>\n","protected":false},"excerpt":{"rendered":"<p>Vous vous avancez sans faire de bruit et tapez gentiment sur l\u2019\u00e9paule de l\u2019homme qui est dos \u00e0 vous. Ce dernier sursaute, d\u00e9gaine son \u00e9p\u00e9e et vous en inflige un coup aux jambes, ce qui vous fait tr\u00e9bucher et tomber sur le dos. Il pointe ensuite son \u00e9p\u00e9e droit vers votre t\u00eate, tout en vous regardant. Vous perdez deux points d\u2019intuition, un point de r\u00eaves et deux points d\u2019endurance que vous devez d\u00e9duire de votre feuille de route. L\u2019homme r\u00e9alise soudain que vous ne lui vouliez probablement aucun&#8230;<\/p>\n","protected":false},"author":2,"featured_media":0,"parent":0,"menu_order":0,"comment_status":"closed","ping_status":"closed","template":"","meta":{"footnotes":""},"class_list":["post-1505","page","type-page","status-publish","hentry"],"yoast_head":"<!-- This site is optimized with the Yoast SEO plugin v27.5 - https:\/\/yoast.com\/product\/yoast-seo-wordpress\/ -->\n<title>Aventure 266 | Katag<\/title>\n<meta name=\"robots\" content=\"index, follow, max-snippet:-1, max-image-preview:large, max-video-preview:-1\" \/>\n<link rel=\"canonical\" href=\"https:\/\/www.katag.ca\/en\/aventure-266\/\" \/>\n<meta property=\"og:locale\" content=\"en_US\" \/>\n<meta property=\"og:type\" content=\"article\" \/>\n<meta property=\"og:title\" content=\"Aventure 266 | Katag\" \/>\n<meta property=\"og:description\" content=\"Vous vous avancez sans faire de bruit et tapez gentiment sur l\u2019\u00e9paule de l\u2019homme qui est dos \u00e0 vous. Ce dernier sursaute, d\u00e9gaine son \u00e9p\u00e9e et vous en inflige un coup aux jambes, ce qui vous fait tr\u00e9bucher et tomber sur le dos. Il pointe ensuite son \u00e9p\u00e9e droit vers votre t\u00eate, tout en vous regardant. Vous perdez deux points d\u2019intuition, un point de r\u00eaves et deux points d\u2019endurance que vous devez d\u00e9duire de votre feuille de route. L\u2019homme r\u00e9alise soudain que vous ne lui vouliez probablement aucun...\" \/>\n<meta property=\"og:url\" content=\"https:\/\/www.katag.ca\/en\/aventure-266\/\" \/>\n<meta property=\"og:site_name\" content=\"Katag\" \/>\n<meta property=\"article:publisher\" content=\"https:\/\/www.facebook.com\/Katag.ca\" \/>\n<meta property=\"article:modified_time\" content=\"2015-01-09T02:39:08+00:00\" \/>\n<meta name=\"twitter:card\" content=\"summary_large_image\" \/>\n<meta name=\"twitter:label1\" content=\"Est. reading time\" \/>\n\t<meta name=\"twitter:data1\" content=\"3 minutes\" \/>\n<script type=\"application\/ld+json\" class=\"yoast-schema-graph\">{\"@context\":\"https:\\\/\\\/schema.org\",\"@graph\":[{\"@type\":\"WebPage\",\"@id\":\"https:\\\/\\\/www.katag.ca\\\/en\\\/aventure-266\\\/\",\"url\":\"https:\\\/\\\/www.katag.ca\\\/en\\\/aventure-266\\\/\",\"name\":\"Aventure 266 | Katag\",\"isPartOf\":{\"@id\":\"https:\\\/\\\/www.katag.ca\\\/#website\"},\"datePublished\":\"2015-01-06T21:22:43+00:00\",\"dateModified\":\"2015-01-09T02:39:08+00:00\",\"breadcrumb\":{\"@id\":\"https:\\\/\\\/www.katag.ca\\\/en\\\/aventure-266\\\/#breadcrumb\"},\"inLanguage\":\"en-US\",\"potentialAction\":[{\"@type\":\"ReadAction\",\"target\":[\"https:\\\/\\\/www.katag.ca\\\/en\\\/aventure-266\\\/\"]}]},{\"@type\":\"BreadcrumbList\",\"@id\":\"https:\\\/\\\/www.katag.ca\\\/en\\\/aventure-266\\\/#breadcrumb\",\"itemListElement\":[{\"@type\":\"ListItem\",\"position\":1,\"name\":\"Accueil\",\"item\":\"https:\\\/\\\/www.katag.ca\\\/\"},{\"@type\":\"ListItem\",\"position\":2,\"name\":\"Aventure 266\"}]},{\"@type\":\"WebSite\",\"@id\":\"https:\\\/\\\/www.katag.ca\\\/#website\",\"url\":\"https:\\\/\\\/www.katag.ca\\\/\",\"name\":\"Katag\",\"description\":\"LE jeu d'&eacute;p&eacute;es-mousse\",\"publisher\":{\"@id\":\"https:\\\/\\\/www.katag.ca\\\/#organization\"},\"potentialAction\":[{\"@type\":\"SearchAction\",\"target\":{\"@type\":\"EntryPoint\",\"urlTemplate\":\"https:\\\/\\\/www.katag.ca\\\/?s={search_term_string}\"},\"query-input\":{\"@type\":\"PropertyValueSpecification\",\"valueRequired\":true,\"valueName\":\"search_term_string\"}}],\"inLanguage\":\"en-US\"},{\"@type\":\"Organization\",\"@id\":\"https:\\\/\\\/www.katag.ca\\\/#organization\",\"name\":\"Katag\",\"url\":\"https:\\\/\\\/www.katag.ca\\\/\",\"logo\":{\"@type\":\"ImageObject\",\"inLanguage\":\"en-US\",\"@id\":\"https:\\\/\\\/www.katag.ca\\\/#\\\/schema\\\/logo\\\/image\\\/\",\"url\":\"https:\\\/\\\/www.katag.ca\\\/wp-content\\\/uploads\\\/2021\\\/03\\\/logo-fr.png\",\"contentUrl\":\"https:\\\/\\\/www.katag.ca\\\/wp-content\\\/uploads\\\/2021\\\/03\\\/logo-fr.png\",\"width\":338,\"height\":173,\"caption\":\"Katag\"},\"image\":{\"@id\":\"https:\\\/\\\/www.katag.ca\\\/#\\\/schema\\\/logo\\\/image\\\/\"},\"sameAs\":[\"https:\\\/\\\/www.facebook.com\\\/Katag.ca\"]}]}<\/script>\n<!-- \/ Yoast SEO plugin. -->","yoast_head_json":{"title":"Aventure 266 | Katag","robots":{"index":"index","follow":"follow","max-snippet":"max-snippet:-1","max-image-preview":"max-image-preview:large","max-video-preview":"max-video-preview:-1"},"canonical":"https:\/\/www.katag.ca\/en\/aventure-266\/","og_locale":"en_US","og_type":"article","og_title":"Aventure 266 | Katag","og_description":"Vous vous avancez sans faire de bruit et tapez gentiment sur l\u2019\u00e9paule de l\u2019homme qui est dos \u00e0 vous. Ce dernier sursaute, d\u00e9gaine son \u00e9p\u00e9e et vous en inflige un coup aux jambes, ce qui vous fait tr\u00e9bucher et tomber sur le dos. Il pointe ensuite son \u00e9p\u00e9e droit vers votre t\u00eate, tout en vous regardant. Vous perdez deux points d\u2019intuition, un point de r\u00eaves et deux points d\u2019endurance que vous devez d\u00e9duire de votre feuille de route. L\u2019homme r\u00e9alise soudain que vous ne lui vouliez probablement aucun...","og_url":"https:\/\/www.katag.ca\/en\/aventure-266\/","og_site_name":"Katag","article_publisher":"https:\/\/www.facebook.com\/Katag.ca","article_modified_time":"2015-01-09T02:39:08+00:00","twitter_card":"summary_large_image","twitter_misc":{"Est. reading time":"3 minutes"},"schema":{"@context":"https:\/\/schema.org","@graph":[{"@type":"WebPage","@id":"https:\/\/www.katag.ca\/en\/aventure-266\/","url":"https:\/\/www.katag.ca\/en\/aventure-266\/","name":"Aventure 266 | Katag","isPartOf":{"@id":"https:\/\/www.katag.ca\/#website"},"datePublished":"2015-01-06T21:22:43+00:00","dateModified":"2015-01-09T02:39:08+00:00","breadcrumb":{"@id":"https:\/\/www.katag.ca\/en\/aventure-266\/#breadcrumb"},"inLanguage":"en-US","potentialAction":[{"@type":"ReadAction","target":["https:\/\/www.katag.ca\/en\/aventure-266\/"]}]},{"@type":"BreadcrumbList","@id":"https:\/\/www.katag.ca\/en\/aventure-266\/#breadcrumb","itemListElement":[{"@type":"ListItem","position":1,"name":"Accueil","item":"https:\/\/www.katag.ca\/"},{"@type":"ListItem","position":2,"name":"Aventure 266"}]},{"@type":"WebSite","@id":"https:\/\/www.katag.ca\/#website","url":"https:\/\/www.katag.ca\/","name":"Katag","description":"LE jeu d'&eacute;p&eacute;es-mousse","publisher":{"@id":"https:\/\/www.katag.ca\/#organization"},"potentialAction":[{"@type":"SearchAction","target":{"@type":"EntryPoint","urlTemplate":"https:\/\/www.katag.ca\/?s={search_term_string}"},"query-input":{"@type":"PropertyValueSpecification","valueRequired":true,"valueName":"search_term_string"}}],"inLanguage":"en-US"},{"@type":"Organization","@id":"https:\/\/www.katag.ca\/#organization","name":"Katag","url":"https:\/\/www.katag.ca\/","logo":{"@type":"ImageObject","inLanguage":"en-US","@id":"https:\/\/www.katag.ca\/#\/schema\/logo\/image\/","url":"https:\/\/www.katag.ca\/wp-content\/uploads\/2021\/03\/logo-fr.png","contentUrl":"https:\/\/www.katag.ca\/wp-content\/uploads\/2021\/03\/logo-fr.png","width":338,"height":173,"caption":"Katag"},"image":{"@id":"https:\/\/www.katag.ca\/#\/schema\/logo\/image\/"},"sameAs":["https:\/\/www.facebook.com\/Katag.ca"]}]}},"_links":{"self":[{"href":"https:\/\/www.katag.ca\/en\/wp-json\/wp\/v2\/pages\/1505","targetHints":{"allow":["GET"]}}],"collection":[{"href":"https:\/\/www.katag.ca\/en\/wp-json\/wp\/v2\/pages"}],"about":[{"href":"https:\/\/www.katag.ca\/en\/wp-json\/wp\/v2\/types\/page"}],"author":[{"embeddable":true,"href":"https:\/\/www.katag.ca\/en\/wp-json\/wp\/v2\/users\/2"}],"replies":[{"embeddable":true,"href":"https:\/\/www.katag.ca\/en\/wp-json\/wp\/v2\/comments?post=1505"}],"version-history":[{"count":2,"href":"https:\/\/www.katag.ca\/en\/wp-json\/wp\/v2\/pages\/1505\/revisions"}],"predecessor-version":[{"id":2096,"href":"https:\/\/www.katag.ca\/en\/wp-json\/wp\/v2\/pages\/1505\/revisions\/2096"}],"wp:attachment":[{"href":"https:\/\/www.katag.ca\/en\/wp-json\/wp\/v2\/media?parent=1505"}],"curies":[{"name":"wp","href":"https:\/\/api.w.org\/{rel}","templated":true}]}}