{"id":1509,"date":"2015-01-06T21:23:40","date_gmt":"2015-01-06T21:23:40","guid":{"rendered":"http:\/\/www.boutiquekatag.com\/?page_id=1509"},"modified":"2015-01-09T02:42:02","modified_gmt":"2015-01-09T02:42:02","slug":"aventure-268","status":"publish","type":"page","link":"https:\/\/www.katag.ca\/en\/aventure-268\/","title":{"rendered":"Aventure 268"},"content":{"rendered":"<p>Vous vous approchez doucement de la b\u00eate, en tendant votre main vers le bas pour lui permettre de la sentir. La b\u00eate ne semble pas avoir peur de vous et s\u2019avance tranquillement, mais prudemment. Apr\u00e8s vous avoir senti, elle se dresse comme pour jouer. Puis, vous entendez une voix d\u2019homme qui chante, non loin d\u2019o\u00f9 vous vous trouvez. La b\u00eate vous regarde et s\u2019\u00e9loigne lentement, tout en s\u2019arr\u00eatant pour voir si vous allez la suivre. Vous avez d\u2019ailleurs la forte impression que c\u2019est exactement ce que la b\u00eate esp\u00e8re. Qu\u2019allez-vous faire?<\/p>\n<div class=\"btn-container  align-center\"><a class=\"organic-btn  dark-blue-btn small-btn  align-center\" href=\"http:\/\/www.katag.ca\/aventure-304\/\"><span class=\"btn-holder\">Vous d\u00e9sirez suivre la b\u00eate<\/span><\/a><\/div>\n<div class=\"btn-container  align-center\"><a class=\"organic-btn  dark-blue-btn small-btn  align-center\" href=\"http:\/\/www.katag.ca\/aventure-205\/\"><span class=\"btn-holder\">Vous pr\u00e9f\u00e9rez rebrousser chemin et prendre la gauche \u00e0 l\u2019intersection<\/span><\/a><\/div>\n<div class=\"btn-container  align-center\"><a class=\"organic-btn  dark-blue-btn small-btn  align-center\" href=\"http:\/\/www.katag.ca\/aventure-270\/\"><span class=\"btn-holder\">Vous choisissez de continuer sur ce m\u00eame chemin pour voir ou il m\u00e8ne<\/span><\/a><\/div>\n","protected":false},"excerpt":{"rendered":"<p>Vous vous approchez doucement de la b\u00eate, en tendant votre main vers le bas pour lui permettre de la sentir. La b\u00eate ne semble pas avoir peur de vous et s\u2019avance tranquillement, mais prudemment. Apr\u00e8s vous avoir senti, elle se dresse comme pour jouer. Puis, vous entendez une voix d\u2019homme qui chante, non loin d\u2019o\u00f9 vous vous trouvez. La b\u00eate vous regarde et s\u2019\u00e9loigne lentement, tout en s\u2019arr\u00eatant pour voir si vous allez la suivre. Vous avez d\u2019ailleurs la forte impression que c\u2019est exactement ce que la b\u00eate&#8230;<\/p>\n","protected":false},"author":2,"featured_media":0,"parent":0,"menu_order":0,"comment_status":"closed","ping_status":"closed","template":"","meta":{"footnotes":""},"class_list":["post-1509","page","type-page","status-publish","hentry"],"yoast_head":"<!-- This site is optimized with the Yoast SEO plugin v27.5 - https:\/\/yoast.com\/product\/yoast-seo-wordpress\/ -->\n<title>Aventure 268 | Katag<\/title>\n<meta name=\"robots\" content=\"index, follow, max-snippet:-1, max-image-preview:large, max-video-preview:-1\" \/>\n<link rel=\"canonical\" href=\"https:\/\/www.katag.ca\/aventure-268\/\" \/>\n<meta property=\"og:locale\" content=\"en_US\" \/>\n<meta property=\"og:type\" content=\"article\" \/>\n<meta property=\"og:title\" content=\"Aventure 268 | Katag\" \/>\n<meta property=\"og:description\" content=\"Vous vous approchez doucement de la b\u00eate, en tendant votre main vers le bas pour lui permettre de la sentir. La b\u00eate ne semble pas avoir peur de vous et s\u2019avance tranquillement, mais prudemment. Apr\u00e8s vous avoir senti, elle se dresse comme pour jouer. Puis, vous entendez une voix d\u2019homme qui chante, non loin d\u2019o\u00f9 vous vous trouvez. La b\u00eate vous regarde et s\u2019\u00e9loigne lentement, tout en s\u2019arr\u00eatant pour voir si vous allez la suivre. Vous avez d\u2019ailleurs la forte impression que c\u2019est exactement ce que la b\u00eate...\" \/>\n<meta property=\"og:url\" content=\"https:\/\/www.katag.ca\/aventure-268\/\" \/>\n<meta property=\"og:site_name\" content=\"Katag\" \/>\n<meta property=\"article:publisher\" content=\"https:\/\/www.facebook.com\/Katag.ca\" \/>\n<meta property=\"article:modified_time\" content=\"2015-01-09T02:42:02+00:00\" \/>\n<meta name=\"twitter:card\" content=\"summary_large_image\" \/>\n<meta name=\"twitter:label1\" content=\"Est. reading time\" \/>\n\t<meta name=\"twitter:data1\" content=\"1 minute\" \/>\n<script type=\"application\/ld+json\" class=\"yoast-schema-graph\">{\"@context\":\"https:\\\/\\\/schema.org\",\"@graph\":[{\"@type\":\"WebPage\",\"@id\":\"https:\\\/\\\/www.katag.ca\\\/aventure-268\\\/\",\"url\":\"https:\\\/\\\/www.katag.ca\\\/aventure-268\\\/\",\"name\":\"Aventure 268 | Katag\",\"isPartOf\":{\"@id\":\"https:\\\/\\\/www.katag.ca\\\/#website\"},\"datePublished\":\"2015-01-06T21:23:40+00:00\",\"dateModified\":\"2015-01-09T02:42:02+00:00\",\"breadcrumb\":{\"@id\":\"https:\\\/\\\/www.katag.ca\\\/aventure-268\\\/#breadcrumb\"},\"inLanguage\":\"en-US\",\"potentialAction\":[{\"@type\":\"ReadAction\",\"target\":[\"https:\\\/\\\/www.katag.ca\\\/aventure-268\\\/\"]}]},{\"@type\":\"BreadcrumbList\",\"@id\":\"https:\\\/\\\/www.katag.ca\\\/aventure-268\\\/#breadcrumb\",\"itemListElement\":[{\"@type\":\"ListItem\",\"position\":1,\"name\":\"Accueil\",\"item\":\"https:\\\/\\\/www.katag.ca\\\/\"},{\"@type\":\"ListItem\",\"position\":2,\"name\":\"Aventure 268\"}]},{\"@type\":\"WebSite\",\"@id\":\"https:\\\/\\\/www.katag.ca\\\/#website\",\"url\":\"https:\\\/\\\/www.katag.ca\\\/\",\"name\":\"Katag\",\"description\":\"LE jeu d'&eacute;p&eacute;es-mousse\",\"publisher\":{\"@id\":\"https:\\\/\\\/www.katag.ca\\\/#organization\"},\"potentialAction\":[{\"@type\":\"SearchAction\",\"target\":{\"@type\":\"EntryPoint\",\"urlTemplate\":\"https:\\\/\\\/www.katag.ca\\\/?s={search_term_string}\"},\"query-input\":{\"@type\":\"PropertyValueSpecification\",\"valueRequired\":true,\"valueName\":\"search_term_string\"}}],\"inLanguage\":\"en-US\"},{\"@type\":\"Organization\",\"@id\":\"https:\\\/\\\/www.katag.ca\\\/#organization\",\"name\":\"Katag\",\"url\":\"https:\\\/\\\/www.katag.ca\\\/\",\"logo\":{\"@type\":\"ImageObject\",\"inLanguage\":\"en-US\",\"@id\":\"https:\\\/\\\/www.katag.ca\\\/#\\\/schema\\\/logo\\\/image\\\/\",\"url\":\"https:\\\/\\\/www.katag.ca\\\/wp-content\\\/uploads\\\/2021\\\/03\\\/logo-fr.png\",\"contentUrl\":\"https:\\\/\\\/www.katag.ca\\\/wp-content\\\/uploads\\\/2021\\\/03\\\/logo-fr.png\",\"width\":338,\"height\":173,\"caption\":\"Katag\"},\"image\":{\"@id\":\"https:\\\/\\\/www.katag.ca\\\/#\\\/schema\\\/logo\\\/image\\\/\"},\"sameAs\":[\"https:\\\/\\\/www.facebook.com\\\/Katag.ca\"]}]}<\/script>\n<!-- \/ Yoast SEO plugin. -->","yoast_head_json":{"title":"Aventure 268 | Katag","robots":{"index":"index","follow":"follow","max-snippet":"max-snippet:-1","max-image-preview":"max-image-preview:large","max-video-preview":"max-video-preview:-1"},"canonical":"https:\/\/www.katag.ca\/aventure-268\/","og_locale":"en_US","og_type":"article","og_title":"Aventure 268 | Katag","og_description":"Vous vous approchez doucement de la b\u00eate, en tendant votre main vers le bas pour lui permettre de la sentir. La b\u00eate ne semble pas avoir peur de vous et s\u2019avance tranquillement, mais prudemment. Apr\u00e8s vous avoir senti, elle se dresse comme pour jouer. Puis, vous entendez une voix d\u2019homme qui chante, non loin d\u2019o\u00f9 vous vous trouvez. La b\u00eate vous regarde et s\u2019\u00e9loigne lentement, tout en s\u2019arr\u00eatant pour voir si vous allez la suivre. Vous avez d\u2019ailleurs la forte impression que c\u2019est exactement ce que la b\u00eate...","og_url":"https:\/\/www.katag.ca\/aventure-268\/","og_site_name":"Katag","article_publisher":"https:\/\/www.facebook.com\/Katag.ca","article_modified_time":"2015-01-09T02:42:02+00:00","twitter_card":"summary_large_image","twitter_misc":{"Est. reading time":"1 minute"},"schema":{"@context":"https:\/\/schema.org","@graph":[{"@type":"WebPage","@id":"https:\/\/www.katag.ca\/aventure-268\/","url":"https:\/\/www.katag.ca\/aventure-268\/","name":"Aventure 268 | Katag","isPartOf":{"@id":"https:\/\/www.katag.ca\/#website"},"datePublished":"2015-01-06T21:23:40+00:00","dateModified":"2015-01-09T02:42:02+00:00","breadcrumb":{"@id":"https:\/\/www.katag.ca\/aventure-268\/#breadcrumb"},"inLanguage":"en-US","potentialAction":[{"@type":"ReadAction","target":["https:\/\/www.katag.ca\/aventure-268\/"]}]},{"@type":"BreadcrumbList","@id":"https:\/\/www.katag.ca\/aventure-268\/#breadcrumb","itemListElement":[{"@type":"ListItem","position":1,"name":"Accueil","item":"https:\/\/www.katag.ca\/"},{"@type":"ListItem","position":2,"name":"Aventure 268"}]},{"@type":"WebSite","@id":"https:\/\/www.katag.ca\/#website","url":"https:\/\/www.katag.ca\/","name":"Katag","description":"LE jeu d'&eacute;p&eacute;es-mousse","publisher":{"@id":"https:\/\/www.katag.ca\/#organization"},"potentialAction":[{"@type":"SearchAction","target":{"@type":"EntryPoint","urlTemplate":"https:\/\/www.katag.ca\/?s={search_term_string}"},"query-input":{"@type":"PropertyValueSpecification","valueRequired":true,"valueName":"search_term_string"}}],"inLanguage":"en-US"},{"@type":"Organization","@id":"https:\/\/www.katag.ca\/#organization","name":"Katag","url":"https:\/\/www.katag.ca\/","logo":{"@type":"ImageObject","inLanguage":"en-US","@id":"https:\/\/www.katag.ca\/#\/schema\/logo\/image\/","url":"https:\/\/www.katag.ca\/wp-content\/uploads\/2021\/03\/logo-fr.png","contentUrl":"https:\/\/www.katag.ca\/wp-content\/uploads\/2021\/03\/logo-fr.png","width":338,"height":173,"caption":"Katag"},"image":{"@id":"https:\/\/www.katag.ca\/#\/schema\/logo\/image\/"},"sameAs":["https:\/\/www.facebook.com\/Katag.ca"]}]}},"_links":{"self":[{"href":"https:\/\/www.katag.ca\/en\/wp-json\/wp\/v2\/pages\/1509","targetHints":{"allow":["GET"]}}],"collection":[{"href":"https:\/\/www.katag.ca\/en\/wp-json\/wp\/v2\/pages"}],"about":[{"href":"https:\/\/www.katag.ca\/en\/wp-json\/wp\/v2\/types\/page"}],"author":[{"embeddable":true,"href":"https:\/\/www.katag.ca\/en\/wp-json\/wp\/v2\/users\/2"}],"replies":[{"embeddable":true,"href":"https:\/\/www.katag.ca\/en\/wp-json\/wp\/v2\/comments?post=1509"}],"version-history":[{"count":3,"href":"https:\/\/www.katag.ca\/en\/wp-json\/wp\/v2\/pages\/1509\/revisions"}],"predecessor-version":[{"id":2100,"href":"https:\/\/www.katag.ca\/en\/wp-json\/wp\/v2\/pages\/1509\/revisions\/2100"}],"wp:attachment":[{"href":"https:\/\/www.katag.ca\/en\/wp-json\/wp\/v2\/media?parent=1509"}],"curies":[{"name":"wp","href":"https:\/\/api.w.org\/{rel}","templated":true}]}}