{"id":1513,"date":"2015-01-06T21:24:40","date_gmt":"2015-01-06T21:24:40","guid":{"rendered":"http:\/\/www.boutiquekatag.com\/?page_id=1513"},"modified":"2015-01-09T15:02:53","modified_gmt":"2015-01-09T15:02:53","slug":"aventure-270","status":"publish","type":"page","link":"https:\/\/www.katag.ca\/en\/aventure-270\/","title":{"rendered":"Aventure 270"},"content":{"rendered":"<p>Vous continuez d\u2019avancer pendant une vingtaine de minutes sur un chemin qui oblique dans toutes les directions. Vous avez l\u2019impression d\u2019\u00eatre tout d\u00e9boussol\u00e9! Vous notez toutefois que depuis quelques minutes, une l\u00e9g\u00e8re brume a fait son apparition et plus vous avancez et plus elle devient \u00e9paisse. En regardant vos pieds, vous vous apercevez \u00e9galement que le sol est de plus en plus boueux et qu\u2019avancer commence \u00e0 demander plus d\u2019efforts. Vous commencez d\u2019ailleurs \u00e0 vous demander si cette direction est la bonne, mais r\u00e9alisez rapidement qu\u2019il n\u2019existe pas de bonnes ou de mauvaises directions, tout en vous rappelant que vous n\u2019avez aucune id\u00e9e ou se trouve exactement le cauchemar que vous recherchez. Vous avancez toujours, mais comme la brume se fait encore plus dense, vous avancez maintenant presque \u00e0 t\u00e2tons, ne voyant qu\u2019\u00e0 un m\u00e8tre devant vous. Qu\u2019allez-vous faire?<\/p>\n<div class=\"btn-container  align-center\"><a class=\"organic-btn  dark-blue-btn small-btn  align-center\" href=\"http:\/\/www.katag.ca\/aventure-305\/\"><span class=\"btn-holder\">Vous d\u00e9sirez continuer dans cette direction<\/span><\/a><\/div>\n<div class=\"btn-container  align-center\"><a class=\"organic-btn  dark-blue-btn small-btn  align-center\" href=\"http:\/\/www.katag.ca\/aventure-205\/\"><span class=\"btn-holder\">Vous pr\u00e9f\u00e9rez rebrousser chemin et prendre la gauche \u00e0 la derni\u00e8re intersection<\/span><\/a><\/div>\n","protected":false},"excerpt":{"rendered":"<p>Vous continuez d\u2019avancer pendant une vingtaine de minutes sur un chemin qui oblique dans toutes les directions. Vous avez l\u2019impression d\u2019\u00eatre tout d\u00e9boussol\u00e9! Vous notez toutefois que depuis quelques minutes, une l\u00e9g\u00e8re brume a fait son apparition et plus vous avancez et plus elle devient \u00e9paisse. En regardant vos pieds, vous vous apercevez \u00e9galement que le sol est de plus en plus boueux et qu\u2019avancer commence \u00e0 demander plus d\u2019efforts. Vous commencez d\u2019ailleurs \u00e0 vous demander si cette direction est la bonne, mais r\u00e9alisez rapidement qu\u2019il n\u2019existe pas&#8230;<\/p>\n","protected":false},"author":2,"featured_media":0,"parent":0,"menu_order":0,"comment_status":"closed","ping_status":"closed","template":"","meta":{"footnotes":""},"class_list":["post-1513","page","type-page","status-publish","hentry"],"yoast_head":"<!-- This site is optimized with the Yoast SEO plugin v27.5 - https:\/\/yoast.com\/product\/yoast-seo-wordpress\/ -->\n<title>Aventure 270 | Katag<\/title>\n<meta name=\"robots\" content=\"index, follow, max-snippet:-1, max-image-preview:large, max-video-preview:-1\" \/>\n<link rel=\"canonical\" href=\"https:\/\/www.katag.ca\/aventure-270\/\" \/>\n<meta property=\"og:locale\" content=\"en_US\" \/>\n<meta property=\"og:type\" content=\"article\" \/>\n<meta property=\"og:title\" content=\"Aventure 270 | Katag\" \/>\n<meta property=\"og:description\" content=\"Vous continuez d\u2019avancer pendant une vingtaine de minutes sur un chemin qui oblique dans toutes les directions. Vous avez l\u2019impression d\u2019\u00eatre tout d\u00e9boussol\u00e9! Vous notez toutefois que depuis quelques minutes, une l\u00e9g\u00e8re brume a fait son apparition et plus vous avancez et plus elle devient \u00e9paisse. En regardant vos pieds, vous vous apercevez \u00e9galement que le sol est de plus en plus boueux et qu\u2019avancer commence \u00e0 demander plus d\u2019efforts. Vous commencez d\u2019ailleurs \u00e0 vous demander si cette direction est la bonne, mais r\u00e9alisez rapidement qu\u2019il n\u2019existe pas...\" \/>\n<meta property=\"og:url\" content=\"https:\/\/www.katag.ca\/aventure-270\/\" \/>\n<meta property=\"og:site_name\" content=\"Katag\" \/>\n<meta property=\"article:publisher\" content=\"https:\/\/www.facebook.com\/Katag.ca\" \/>\n<meta property=\"article:modified_time\" content=\"2015-01-09T15:02:53+00:00\" \/>\n<meta name=\"twitter:card\" content=\"summary_large_image\" \/>\n<meta name=\"twitter:label1\" content=\"Est. reading time\" \/>\n\t<meta name=\"twitter:data1\" content=\"1 minute\" \/>\n<script type=\"application\/ld+json\" class=\"yoast-schema-graph\">{\"@context\":\"https:\\\/\\\/schema.org\",\"@graph\":[{\"@type\":\"WebPage\",\"@id\":\"https:\\\/\\\/www.katag.ca\\\/aventure-270\\\/\",\"url\":\"https:\\\/\\\/www.katag.ca\\\/aventure-270\\\/\",\"name\":\"Aventure 270 | Katag\",\"isPartOf\":{\"@id\":\"https:\\\/\\\/www.katag.ca\\\/#website\"},\"datePublished\":\"2015-01-06T21:24:40+00:00\",\"dateModified\":\"2015-01-09T15:02:53+00:00\",\"breadcrumb\":{\"@id\":\"https:\\\/\\\/www.katag.ca\\\/aventure-270\\\/#breadcrumb\"},\"inLanguage\":\"en-US\",\"potentialAction\":[{\"@type\":\"ReadAction\",\"target\":[\"https:\\\/\\\/www.katag.ca\\\/aventure-270\\\/\"]}]},{\"@type\":\"BreadcrumbList\",\"@id\":\"https:\\\/\\\/www.katag.ca\\\/aventure-270\\\/#breadcrumb\",\"itemListElement\":[{\"@type\":\"ListItem\",\"position\":1,\"name\":\"Accueil\",\"item\":\"https:\\\/\\\/www.katag.ca\\\/\"},{\"@type\":\"ListItem\",\"position\":2,\"name\":\"Aventure 270\"}]},{\"@type\":\"WebSite\",\"@id\":\"https:\\\/\\\/www.katag.ca\\\/#website\",\"url\":\"https:\\\/\\\/www.katag.ca\\\/\",\"name\":\"Katag\",\"description\":\"LE jeu d'&eacute;p&eacute;es-mousse\",\"publisher\":{\"@id\":\"https:\\\/\\\/www.katag.ca\\\/#organization\"},\"potentialAction\":[{\"@type\":\"SearchAction\",\"target\":{\"@type\":\"EntryPoint\",\"urlTemplate\":\"https:\\\/\\\/www.katag.ca\\\/?s={search_term_string}\"},\"query-input\":{\"@type\":\"PropertyValueSpecification\",\"valueRequired\":true,\"valueName\":\"search_term_string\"}}],\"inLanguage\":\"en-US\"},{\"@type\":\"Organization\",\"@id\":\"https:\\\/\\\/www.katag.ca\\\/#organization\",\"name\":\"Katag\",\"url\":\"https:\\\/\\\/www.katag.ca\\\/\",\"logo\":{\"@type\":\"ImageObject\",\"inLanguage\":\"en-US\",\"@id\":\"https:\\\/\\\/www.katag.ca\\\/#\\\/schema\\\/logo\\\/image\\\/\",\"url\":\"https:\\\/\\\/www.katag.ca\\\/wp-content\\\/uploads\\\/2021\\\/03\\\/logo-fr.png\",\"contentUrl\":\"https:\\\/\\\/www.katag.ca\\\/wp-content\\\/uploads\\\/2021\\\/03\\\/logo-fr.png\",\"width\":338,\"height\":173,\"caption\":\"Katag\"},\"image\":{\"@id\":\"https:\\\/\\\/www.katag.ca\\\/#\\\/schema\\\/logo\\\/image\\\/\"},\"sameAs\":[\"https:\\\/\\\/www.facebook.com\\\/Katag.ca\"]}]}<\/script>\n<!-- \/ Yoast SEO plugin. -->","yoast_head_json":{"title":"Aventure 270 | Katag","robots":{"index":"index","follow":"follow","max-snippet":"max-snippet:-1","max-image-preview":"max-image-preview:large","max-video-preview":"max-video-preview:-1"},"canonical":"https:\/\/www.katag.ca\/aventure-270\/","og_locale":"en_US","og_type":"article","og_title":"Aventure 270 | Katag","og_description":"Vous continuez d\u2019avancer pendant une vingtaine de minutes sur un chemin qui oblique dans toutes les directions. Vous avez l\u2019impression d\u2019\u00eatre tout d\u00e9boussol\u00e9! Vous notez toutefois que depuis quelques minutes, une l\u00e9g\u00e8re brume a fait son apparition et plus vous avancez et plus elle devient \u00e9paisse. En regardant vos pieds, vous vous apercevez \u00e9galement que le sol est de plus en plus boueux et qu\u2019avancer commence \u00e0 demander plus d\u2019efforts. Vous commencez d\u2019ailleurs \u00e0 vous demander si cette direction est la bonne, mais r\u00e9alisez rapidement qu\u2019il n\u2019existe pas...","og_url":"https:\/\/www.katag.ca\/aventure-270\/","og_site_name":"Katag","article_publisher":"https:\/\/www.facebook.com\/Katag.ca","article_modified_time":"2015-01-09T15:02:53+00:00","twitter_card":"summary_large_image","twitter_misc":{"Est. reading time":"1 minute"},"schema":{"@context":"https:\/\/schema.org","@graph":[{"@type":"WebPage","@id":"https:\/\/www.katag.ca\/aventure-270\/","url":"https:\/\/www.katag.ca\/aventure-270\/","name":"Aventure 270 | Katag","isPartOf":{"@id":"https:\/\/www.katag.ca\/#website"},"datePublished":"2015-01-06T21:24:40+00:00","dateModified":"2015-01-09T15:02:53+00:00","breadcrumb":{"@id":"https:\/\/www.katag.ca\/aventure-270\/#breadcrumb"},"inLanguage":"en-US","potentialAction":[{"@type":"ReadAction","target":["https:\/\/www.katag.ca\/aventure-270\/"]}]},{"@type":"BreadcrumbList","@id":"https:\/\/www.katag.ca\/aventure-270\/#breadcrumb","itemListElement":[{"@type":"ListItem","position":1,"name":"Accueil","item":"https:\/\/www.katag.ca\/"},{"@type":"ListItem","position":2,"name":"Aventure 270"}]},{"@type":"WebSite","@id":"https:\/\/www.katag.ca\/#website","url":"https:\/\/www.katag.ca\/","name":"Katag","description":"LE jeu d'&eacute;p&eacute;es-mousse","publisher":{"@id":"https:\/\/www.katag.ca\/#organization"},"potentialAction":[{"@type":"SearchAction","target":{"@type":"EntryPoint","urlTemplate":"https:\/\/www.katag.ca\/?s={search_term_string}"},"query-input":{"@type":"PropertyValueSpecification","valueRequired":true,"valueName":"search_term_string"}}],"inLanguage":"en-US"},{"@type":"Organization","@id":"https:\/\/www.katag.ca\/#organization","name":"Katag","url":"https:\/\/www.katag.ca\/","logo":{"@type":"ImageObject","inLanguage":"en-US","@id":"https:\/\/www.katag.ca\/#\/schema\/logo\/image\/","url":"https:\/\/www.katag.ca\/wp-content\/uploads\/2021\/03\/logo-fr.png","contentUrl":"https:\/\/www.katag.ca\/wp-content\/uploads\/2021\/03\/logo-fr.png","width":338,"height":173,"caption":"Katag"},"image":{"@id":"https:\/\/www.katag.ca\/#\/schema\/logo\/image\/"},"sameAs":["https:\/\/www.facebook.com\/Katag.ca"]}]}},"_links":{"self":[{"href":"https:\/\/www.katag.ca\/en\/wp-json\/wp\/v2\/pages\/1513","targetHints":{"allow":["GET"]}}],"collection":[{"href":"https:\/\/www.katag.ca\/en\/wp-json\/wp\/v2\/pages"}],"about":[{"href":"https:\/\/www.katag.ca\/en\/wp-json\/wp\/v2\/types\/page"}],"author":[{"embeddable":true,"href":"https:\/\/www.katag.ca\/en\/wp-json\/wp\/v2\/users\/2"}],"replies":[{"embeddable":true,"href":"https:\/\/www.katag.ca\/en\/wp-json\/wp\/v2\/comments?post=1513"}],"version-history":[{"count":2,"href":"https:\/\/www.katag.ca\/en\/wp-json\/wp\/v2\/pages\/1513\/revisions"}],"predecessor-version":[{"id":2103,"href":"https:\/\/www.katag.ca\/en\/wp-json\/wp\/v2\/pages\/1513\/revisions\/2103"}],"wp:attachment":[{"href":"https:\/\/www.katag.ca\/en\/wp-json\/wp\/v2\/media?parent=1513"}],"curies":[{"name":"wp","href":"https:\/\/api.w.org\/{rel}","templated":true}]}}