{"id":1515,"date":"2015-01-06T21:25:13","date_gmt":"2015-01-06T21:25:13","guid":{"rendered":"http:\/\/www.boutiquekatag.com\/?page_id=1515"},"modified":"2015-01-09T15:03:27","modified_gmt":"2015-01-09T15:03:27","slug":"aventure-271","status":"publish","type":"page","link":"https:\/\/www.katag.ca\/en\/aventure-271\/","title":{"rendered":"Aventure 271"},"content":{"rendered":"<p>Apr\u00e8s avoir pris la gauche, vous marchez dans l\u2019obscurit\u00e9, mais de temps \u00e0 autre, vous rencontrez des pi\u00e9tons, certains seuls, d\u2019autres en petits groupes. Certains d\u2019entre eux marchent avec un objet qui vous fait penser \u00e0 une lampe de poche et qui \u00e9met une lumi\u00e8re bleut\u00e9e. Vous croisez m\u00eame une petite famille avec de jeunes enfants, les bras remplis de provisions, ce qui vous rappelle que vous commencez \u00e0 avoir un peu faim. Vous ne pouvez \u00e9galement vous emp\u00eacher de trouver \u00e9trange le fait que des enfants d\u2019un si jeune \u00e2ge soient encore debout \u00e0 cette heure du jour. Le gens ne dorment-ils donc jamais par ici? Plus vous avancez et plus vous entendez du bruit \u00e0 proximit\u00e9, comme si plusieurs personnes \u00e9taient r\u00e9unies en groupe \u00e0 quelques m\u00e8tres devant vous.<\/p>\n<div class=\"btn-container  align-center\"><a class=\"organic-btn  dark-blue-btn small-btn  align-center\" href=\"http:\/\/www.katag.ca\/aventure-176\/\"><span class=\"btn-holder\">Cliquez ici pour continuer<\/span><\/a><\/div>\n","protected":false},"excerpt":{"rendered":"<p>Apr\u00e8s avoir pris la gauche, vous marchez dans l\u2019obscurit\u00e9, mais de temps \u00e0 autre, vous rencontrez des pi\u00e9tons, certains seuls, d\u2019autres en petits groupes. Certains d\u2019entre eux marchent avec un objet qui vous fait penser \u00e0 une lampe de poche et qui \u00e9met une lumi\u00e8re bleut\u00e9e. Vous croisez m\u00eame une petite famille avec de jeunes enfants, les bras remplis de provisions, ce qui vous rappelle que vous commencez \u00e0 avoir un peu faim. Vous ne pouvez \u00e9galement vous emp\u00eacher de trouver \u00e9trange le fait que des enfants d\u2019un&#8230;<\/p>\n","protected":false},"author":2,"featured_media":0,"parent":0,"menu_order":0,"comment_status":"closed","ping_status":"closed","template":"","meta":{"footnotes":""},"class_list":["post-1515","page","type-page","status-publish","hentry"],"yoast_head":"<!-- This site is optimized with the Yoast SEO plugin v27.5 - https:\/\/yoast.com\/product\/yoast-seo-wordpress\/ -->\n<title>Aventure 271 | Katag<\/title>\n<meta name=\"robots\" content=\"index, follow, max-snippet:-1, max-image-preview:large, max-video-preview:-1\" \/>\n<link rel=\"canonical\" href=\"https:\/\/www.katag.ca\/aventure-271\/\" \/>\n<meta property=\"og:locale\" content=\"en_US\" \/>\n<meta property=\"og:type\" content=\"article\" \/>\n<meta property=\"og:title\" content=\"Aventure 271 | Katag\" \/>\n<meta property=\"og:description\" content=\"Apr\u00e8s avoir pris la gauche, vous marchez dans l\u2019obscurit\u00e9, mais de temps \u00e0 autre, vous rencontrez des pi\u00e9tons, certains seuls, d\u2019autres en petits groupes. Certains d\u2019entre eux marchent avec un objet qui vous fait penser \u00e0 une lampe de poche et qui \u00e9met une lumi\u00e8re bleut\u00e9e. Vous croisez m\u00eame une petite famille avec de jeunes enfants, les bras remplis de provisions, ce qui vous rappelle que vous commencez \u00e0 avoir un peu faim. Vous ne pouvez \u00e9galement vous emp\u00eacher de trouver \u00e9trange le fait que des enfants d\u2019un...\" \/>\n<meta property=\"og:url\" content=\"https:\/\/www.katag.ca\/aventure-271\/\" \/>\n<meta property=\"og:site_name\" content=\"Katag\" \/>\n<meta property=\"article:publisher\" content=\"https:\/\/www.facebook.com\/Katag.ca\" \/>\n<meta property=\"article:modified_time\" content=\"2015-01-09T15:03:27+00:00\" \/>\n<meta name=\"twitter:card\" content=\"summary_large_image\" \/>\n<meta name=\"twitter:label1\" content=\"Est. reading time\" \/>\n\t<meta name=\"twitter:data1\" content=\"1 minute\" \/>\n<script type=\"application\/ld+json\" class=\"yoast-schema-graph\">{\"@context\":\"https:\\\/\\\/schema.org\",\"@graph\":[{\"@type\":\"WebPage\",\"@id\":\"https:\\\/\\\/www.katag.ca\\\/aventure-271\\\/\",\"url\":\"https:\\\/\\\/www.katag.ca\\\/aventure-271\\\/\",\"name\":\"Aventure 271 | Katag\",\"isPartOf\":{\"@id\":\"https:\\\/\\\/www.katag.ca\\\/#website\"},\"datePublished\":\"2015-01-06T21:25:13+00:00\",\"dateModified\":\"2015-01-09T15:03:27+00:00\",\"breadcrumb\":{\"@id\":\"https:\\\/\\\/www.katag.ca\\\/aventure-271\\\/#breadcrumb\"},\"inLanguage\":\"en-US\",\"potentialAction\":[{\"@type\":\"ReadAction\",\"target\":[\"https:\\\/\\\/www.katag.ca\\\/aventure-271\\\/\"]}]},{\"@type\":\"BreadcrumbList\",\"@id\":\"https:\\\/\\\/www.katag.ca\\\/aventure-271\\\/#breadcrumb\",\"itemListElement\":[{\"@type\":\"ListItem\",\"position\":1,\"name\":\"Accueil\",\"item\":\"https:\\\/\\\/www.katag.ca\\\/\"},{\"@type\":\"ListItem\",\"position\":2,\"name\":\"Aventure 271\"}]},{\"@type\":\"WebSite\",\"@id\":\"https:\\\/\\\/www.katag.ca\\\/#website\",\"url\":\"https:\\\/\\\/www.katag.ca\\\/\",\"name\":\"Katag\",\"description\":\"LE jeu d'&eacute;p&eacute;es-mousse\",\"publisher\":{\"@id\":\"https:\\\/\\\/www.katag.ca\\\/#organization\"},\"potentialAction\":[{\"@type\":\"SearchAction\",\"target\":{\"@type\":\"EntryPoint\",\"urlTemplate\":\"https:\\\/\\\/www.katag.ca\\\/?s={search_term_string}\"},\"query-input\":{\"@type\":\"PropertyValueSpecification\",\"valueRequired\":true,\"valueName\":\"search_term_string\"}}],\"inLanguage\":\"en-US\"},{\"@type\":\"Organization\",\"@id\":\"https:\\\/\\\/www.katag.ca\\\/#organization\",\"name\":\"Katag\",\"url\":\"https:\\\/\\\/www.katag.ca\\\/\",\"logo\":{\"@type\":\"ImageObject\",\"inLanguage\":\"en-US\",\"@id\":\"https:\\\/\\\/www.katag.ca\\\/#\\\/schema\\\/logo\\\/image\\\/\",\"url\":\"https:\\\/\\\/www.katag.ca\\\/wp-content\\\/uploads\\\/2021\\\/03\\\/logo-fr.png\",\"contentUrl\":\"https:\\\/\\\/www.katag.ca\\\/wp-content\\\/uploads\\\/2021\\\/03\\\/logo-fr.png\",\"width\":338,\"height\":173,\"caption\":\"Katag\"},\"image\":{\"@id\":\"https:\\\/\\\/www.katag.ca\\\/#\\\/schema\\\/logo\\\/image\\\/\"},\"sameAs\":[\"https:\\\/\\\/www.facebook.com\\\/Katag.ca\"]}]}<\/script>\n<!-- \/ Yoast SEO plugin. -->","yoast_head_json":{"title":"Aventure 271 | Katag","robots":{"index":"index","follow":"follow","max-snippet":"max-snippet:-1","max-image-preview":"max-image-preview:large","max-video-preview":"max-video-preview:-1"},"canonical":"https:\/\/www.katag.ca\/aventure-271\/","og_locale":"en_US","og_type":"article","og_title":"Aventure 271 | Katag","og_description":"Apr\u00e8s avoir pris la gauche, vous marchez dans l\u2019obscurit\u00e9, mais de temps \u00e0 autre, vous rencontrez des pi\u00e9tons, certains seuls, d\u2019autres en petits groupes. Certains d\u2019entre eux marchent avec un objet qui vous fait penser \u00e0 une lampe de poche et qui \u00e9met une lumi\u00e8re bleut\u00e9e. Vous croisez m\u00eame une petite famille avec de jeunes enfants, les bras remplis de provisions, ce qui vous rappelle que vous commencez \u00e0 avoir un peu faim. Vous ne pouvez \u00e9galement vous emp\u00eacher de trouver \u00e9trange le fait que des enfants d\u2019un...","og_url":"https:\/\/www.katag.ca\/aventure-271\/","og_site_name":"Katag","article_publisher":"https:\/\/www.facebook.com\/Katag.ca","article_modified_time":"2015-01-09T15:03:27+00:00","twitter_card":"summary_large_image","twitter_misc":{"Est. reading time":"1 minute"},"schema":{"@context":"https:\/\/schema.org","@graph":[{"@type":"WebPage","@id":"https:\/\/www.katag.ca\/aventure-271\/","url":"https:\/\/www.katag.ca\/aventure-271\/","name":"Aventure 271 | Katag","isPartOf":{"@id":"https:\/\/www.katag.ca\/#website"},"datePublished":"2015-01-06T21:25:13+00:00","dateModified":"2015-01-09T15:03:27+00:00","breadcrumb":{"@id":"https:\/\/www.katag.ca\/aventure-271\/#breadcrumb"},"inLanguage":"en-US","potentialAction":[{"@type":"ReadAction","target":["https:\/\/www.katag.ca\/aventure-271\/"]}]},{"@type":"BreadcrumbList","@id":"https:\/\/www.katag.ca\/aventure-271\/#breadcrumb","itemListElement":[{"@type":"ListItem","position":1,"name":"Accueil","item":"https:\/\/www.katag.ca\/"},{"@type":"ListItem","position":2,"name":"Aventure 271"}]},{"@type":"WebSite","@id":"https:\/\/www.katag.ca\/#website","url":"https:\/\/www.katag.ca\/","name":"Katag","description":"LE jeu d'&eacute;p&eacute;es-mousse","publisher":{"@id":"https:\/\/www.katag.ca\/#organization"},"potentialAction":[{"@type":"SearchAction","target":{"@type":"EntryPoint","urlTemplate":"https:\/\/www.katag.ca\/?s={search_term_string}"},"query-input":{"@type":"PropertyValueSpecification","valueRequired":true,"valueName":"search_term_string"}}],"inLanguage":"en-US"},{"@type":"Organization","@id":"https:\/\/www.katag.ca\/#organization","name":"Katag","url":"https:\/\/www.katag.ca\/","logo":{"@type":"ImageObject","inLanguage":"en-US","@id":"https:\/\/www.katag.ca\/#\/schema\/logo\/image\/","url":"https:\/\/www.katag.ca\/wp-content\/uploads\/2021\/03\/logo-fr.png","contentUrl":"https:\/\/www.katag.ca\/wp-content\/uploads\/2021\/03\/logo-fr.png","width":338,"height":173,"caption":"Katag"},"image":{"@id":"https:\/\/www.katag.ca\/#\/schema\/logo\/image\/"},"sameAs":["https:\/\/www.facebook.com\/Katag.ca"]}]}},"_links":{"self":[{"href":"https:\/\/www.katag.ca\/en\/wp-json\/wp\/v2\/pages\/1515","targetHints":{"allow":["GET"]}}],"collection":[{"href":"https:\/\/www.katag.ca\/en\/wp-json\/wp\/v2\/pages"}],"about":[{"href":"https:\/\/www.katag.ca\/en\/wp-json\/wp\/v2\/types\/page"}],"author":[{"embeddable":true,"href":"https:\/\/www.katag.ca\/en\/wp-json\/wp\/v2\/users\/2"}],"replies":[{"embeddable":true,"href":"https:\/\/www.katag.ca\/en\/wp-json\/wp\/v2\/comments?post=1515"}],"version-history":[{"count":2,"href":"https:\/\/www.katag.ca\/en\/wp-json\/wp\/v2\/pages\/1515\/revisions"}],"predecessor-version":[{"id":2104,"href":"https:\/\/www.katag.ca\/en\/wp-json\/wp\/v2\/pages\/1515\/revisions\/2104"}],"wp:attachment":[{"href":"https:\/\/www.katag.ca\/en\/wp-json\/wp\/v2\/media?parent=1515"}],"curies":[{"name":"wp","href":"https:\/\/api.w.org\/{rel}","templated":true}]}}