{"id":1517,"date":"2015-01-06T21:25:47","date_gmt":"2015-01-06T21:25:47","guid":{"rendered":"http:\/\/www.boutiquekatag.com\/?page_id=1517"},"modified":"2015-01-09T15:04:38","modified_gmt":"2015-01-09T15:04:38","slug":"aventure-272","status":"publish","type":"page","link":"https:\/\/www.katag.ca\/en\/aventure-272\/","title":{"rendered":"Aventure 272"},"content":{"rendered":"<p>Vous d\u00e9cidez donc de continuer en avan\u00e7ant droit devant vous dans une obscurit\u00e9 grandissante. Vous constatez que parfois, le silence est encore pire que le rugissement du plus grand des f\u00e9lins! Apr\u00e8s avoir march\u00e9 dans le noir total sur quelques m\u00e8tres, votre visage heurte de plein fouet un mur en brique! Vous en garderez probablement une bonne ecchymose! Vous perdez deux points d\u2019endurance que vous devez d\u00e9duire de votre total dans la cat\u00e9gorie endurance de votre feuille de route. Vous n\u2019avez maintenant d\u2019autre choix que de rebrousser chemin et prendre l\u2019un des deux autres embranchements.<\/p>\n<div class=\"btn-container  align-center\"><a class=\"organic-btn  dark-blue-btn small-btn  align-center\" href=\"http:\/\/www.katag.ca\/aventure-273\/\"><span class=\"btn-holder\">Vous d\u00e9sirez vous engager dans la ruelle o\u00f9 vous avez cr\u00fb voir quelque chose bouger<\/span><\/a><\/div>\n<div class=\"btn-container  align-center\"><a class=\"organic-btn  dark-blue-btn small-btn  align-center\" href=\"http:\/\/www.katag.ca\/aventure-271\/\"><span class=\"btn-holder\">Vous pr\u00e9f\u00e9rez vous diriger dans la ruelle au fond de laquelle vous pouvez distinguer une lueur<\/span><\/a><\/div>\n","protected":false},"excerpt":{"rendered":"<p>Vous d\u00e9cidez donc de continuer en avan\u00e7ant droit devant vous dans une obscurit\u00e9 grandissante. Vous constatez que parfois, le silence est encore pire que le rugissement du plus grand des f\u00e9lins! Apr\u00e8s avoir march\u00e9 dans le noir total sur quelques m\u00e8tres, votre visage heurte de plein fouet un mur en brique! Vous en garderez probablement une bonne ecchymose! Vous perdez deux points d\u2019endurance que vous devez d\u00e9duire de votre total dans la cat\u00e9gorie endurance de votre feuille de route. Vous n\u2019avez maintenant d\u2019autre choix que de rebrousser chemin&#8230;<\/p>\n","protected":false},"author":2,"featured_media":0,"parent":0,"menu_order":0,"comment_status":"closed","ping_status":"closed","template":"","meta":{"footnotes":""},"class_list":["post-1517","page","type-page","status-publish","hentry"],"yoast_head":"<!-- This site is optimized with the Yoast SEO plugin v27.5 - https:\/\/yoast.com\/product\/yoast-seo-wordpress\/ -->\n<title>Aventure 272 | Katag<\/title>\n<meta name=\"robots\" content=\"index, follow, max-snippet:-1, max-image-preview:large, max-video-preview:-1\" \/>\n<link rel=\"canonical\" href=\"https:\/\/www.katag.ca\/aventure-272\/\" \/>\n<meta property=\"og:locale\" content=\"en_US\" \/>\n<meta property=\"og:type\" content=\"article\" \/>\n<meta property=\"og:title\" content=\"Aventure 272 | Katag\" \/>\n<meta property=\"og:description\" content=\"Vous d\u00e9cidez donc de continuer en avan\u00e7ant droit devant vous dans une obscurit\u00e9 grandissante. Vous constatez que parfois, le silence est encore pire que le rugissement du plus grand des f\u00e9lins! Apr\u00e8s avoir march\u00e9 dans le noir total sur quelques m\u00e8tres, votre visage heurte de plein fouet un mur en brique! Vous en garderez probablement une bonne ecchymose! Vous perdez deux points d\u2019endurance que vous devez d\u00e9duire de votre total dans la cat\u00e9gorie endurance de votre feuille de route. Vous n\u2019avez maintenant d\u2019autre choix que de rebrousser chemin...\" \/>\n<meta property=\"og:url\" content=\"https:\/\/www.katag.ca\/aventure-272\/\" \/>\n<meta property=\"og:site_name\" content=\"Katag\" \/>\n<meta property=\"article:publisher\" content=\"https:\/\/www.facebook.com\/Katag.ca\" \/>\n<meta property=\"article:modified_time\" content=\"2015-01-09T15:04:38+00:00\" \/>\n<meta name=\"twitter:card\" content=\"summary_large_image\" \/>\n<meta name=\"twitter:label1\" content=\"Est. reading time\" \/>\n\t<meta name=\"twitter:data1\" content=\"1 minute\" \/>\n<script type=\"application\/ld+json\" class=\"yoast-schema-graph\">{\"@context\":\"https:\\\/\\\/schema.org\",\"@graph\":[{\"@type\":\"WebPage\",\"@id\":\"https:\\\/\\\/www.katag.ca\\\/aventure-272\\\/\",\"url\":\"https:\\\/\\\/www.katag.ca\\\/aventure-272\\\/\",\"name\":\"Aventure 272 | Katag\",\"isPartOf\":{\"@id\":\"https:\\\/\\\/www.katag.ca\\\/#website\"},\"datePublished\":\"2015-01-06T21:25:47+00:00\",\"dateModified\":\"2015-01-09T15:04:38+00:00\",\"breadcrumb\":{\"@id\":\"https:\\\/\\\/www.katag.ca\\\/aventure-272\\\/#breadcrumb\"},\"inLanguage\":\"en-US\",\"potentialAction\":[{\"@type\":\"ReadAction\",\"target\":[\"https:\\\/\\\/www.katag.ca\\\/aventure-272\\\/\"]}]},{\"@type\":\"BreadcrumbList\",\"@id\":\"https:\\\/\\\/www.katag.ca\\\/aventure-272\\\/#breadcrumb\",\"itemListElement\":[{\"@type\":\"ListItem\",\"position\":1,\"name\":\"Accueil\",\"item\":\"https:\\\/\\\/www.katag.ca\\\/\"},{\"@type\":\"ListItem\",\"position\":2,\"name\":\"Aventure 272\"}]},{\"@type\":\"WebSite\",\"@id\":\"https:\\\/\\\/www.katag.ca\\\/#website\",\"url\":\"https:\\\/\\\/www.katag.ca\\\/\",\"name\":\"Katag\",\"description\":\"LE jeu d'&eacute;p&eacute;es-mousse\",\"publisher\":{\"@id\":\"https:\\\/\\\/www.katag.ca\\\/#organization\"},\"potentialAction\":[{\"@type\":\"SearchAction\",\"target\":{\"@type\":\"EntryPoint\",\"urlTemplate\":\"https:\\\/\\\/www.katag.ca\\\/?s={search_term_string}\"},\"query-input\":{\"@type\":\"PropertyValueSpecification\",\"valueRequired\":true,\"valueName\":\"search_term_string\"}}],\"inLanguage\":\"en-US\"},{\"@type\":\"Organization\",\"@id\":\"https:\\\/\\\/www.katag.ca\\\/#organization\",\"name\":\"Katag\",\"url\":\"https:\\\/\\\/www.katag.ca\\\/\",\"logo\":{\"@type\":\"ImageObject\",\"inLanguage\":\"en-US\",\"@id\":\"https:\\\/\\\/www.katag.ca\\\/#\\\/schema\\\/logo\\\/image\\\/\",\"url\":\"https:\\\/\\\/www.katag.ca\\\/wp-content\\\/uploads\\\/2021\\\/03\\\/logo-fr.png\",\"contentUrl\":\"https:\\\/\\\/www.katag.ca\\\/wp-content\\\/uploads\\\/2021\\\/03\\\/logo-fr.png\",\"width\":338,\"height\":173,\"caption\":\"Katag\"},\"image\":{\"@id\":\"https:\\\/\\\/www.katag.ca\\\/#\\\/schema\\\/logo\\\/image\\\/\"},\"sameAs\":[\"https:\\\/\\\/www.facebook.com\\\/Katag.ca\"]}]}<\/script>\n<!-- \/ Yoast SEO plugin. -->","yoast_head_json":{"title":"Aventure 272 | Katag","robots":{"index":"index","follow":"follow","max-snippet":"max-snippet:-1","max-image-preview":"max-image-preview:large","max-video-preview":"max-video-preview:-1"},"canonical":"https:\/\/www.katag.ca\/aventure-272\/","og_locale":"en_US","og_type":"article","og_title":"Aventure 272 | Katag","og_description":"Vous d\u00e9cidez donc de continuer en avan\u00e7ant droit devant vous dans une obscurit\u00e9 grandissante. Vous constatez que parfois, le silence est encore pire que le rugissement du plus grand des f\u00e9lins! Apr\u00e8s avoir march\u00e9 dans le noir total sur quelques m\u00e8tres, votre visage heurte de plein fouet un mur en brique! Vous en garderez probablement une bonne ecchymose! Vous perdez deux points d\u2019endurance que vous devez d\u00e9duire de votre total dans la cat\u00e9gorie endurance de votre feuille de route. Vous n\u2019avez maintenant d\u2019autre choix que de rebrousser chemin...","og_url":"https:\/\/www.katag.ca\/aventure-272\/","og_site_name":"Katag","article_publisher":"https:\/\/www.facebook.com\/Katag.ca","article_modified_time":"2015-01-09T15:04:38+00:00","twitter_card":"summary_large_image","twitter_misc":{"Est. reading time":"1 minute"},"schema":{"@context":"https:\/\/schema.org","@graph":[{"@type":"WebPage","@id":"https:\/\/www.katag.ca\/aventure-272\/","url":"https:\/\/www.katag.ca\/aventure-272\/","name":"Aventure 272 | Katag","isPartOf":{"@id":"https:\/\/www.katag.ca\/#website"},"datePublished":"2015-01-06T21:25:47+00:00","dateModified":"2015-01-09T15:04:38+00:00","breadcrumb":{"@id":"https:\/\/www.katag.ca\/aventure-272\/#breadcrumb"},"inLanguage":"en-US","potentialAction":[{"@type":"ReadAction","target":["https:\/\/www.katag.ca\/aventure-272\/"]}]},{"@type":"BreadcrumbList","@id":"https:\/\/www.katag.ca\/aventure-272\/#breadcrumb","itemListElement":[{"@type":"ListItem","position":1,"name":"Accueil","item":"https:\/\/www.katag.ca\/"},{"@type":"ListItem","position":2,"name":"Aventure 272"}]},{"@type":"WebSite","@id":"https:\/\/www.katag.ca\/#website","url":"https:\/\/www.katag.ca\/","name":"Katag","description":"LE jeu d'&eacute;p&eacute;es-mousse","publisher":{"@id":"https:\/\/www.katag.ca\/#organization"},"potentialAction":[{"@type":"SearchAction","target":{"@type":"EntryPoint","urlTemplate":"https:\/\/www.katag.ca\/?s={search_term_string}"},"query-input":{"@type":"PropertyValueSpecification","valueRequired":true,"valueName":"search_term_string"}}],"inLanguage":"en-US"},{"@type":"Organization","@id":"https:\/\/www.katag.ca\/#organization","name":"Katag","url":"https:\/\/www.katag.ca\/","logo":{"@type":"ImageObject","inLanguage":"en-US","@id":"https:\/\/www.katag.ca\/#\/schema\/logo\/image\/","url":"https:\/\/www.katag.ca\/wp-content\/uploads\/2021\/03\/logo-fr.png","contentUrl":"https:\/\/www.katag.ca\/wp-content\/uploads\/2021\/03\/logo-fr.png","width":338,"height":173,"caption":"Katag"},"image":{"@id":"https:\/\/www.katag.ca\/#\/schema\/logo\/image\/"},"sameAs":["https:\/\/www.facebook.com\/Katag.ca"]}]}},"_links":{"self":[{"href":"https:\/\/www.katag.ca\/en\/wp-json\/wp\/v2\/pages\/1517","targetHints":{"allow":["GET"]}}],"collection":[{"href":"https:\/\/www.katag.ca\/en\/wp-json\/wp\/v2\/pages"}],"about":[{"href":"https:\/\/www.katag.ca\/en\/wp-json\/wp\/v2\/types\/page"}],"author":[{"embeddable":true,"href":"https:\/\/www.katag.ca\/en\/wp-json\/wp\/v2\/users\/2"}],"replies":[{"embeddable":true,"href":"https:\/\/www.katag.ca\/en\/wp-json\/wp\/v2\/comments?post=1517"}],"version-history":[{"count":2,"href":"https:\/\/www.katag.ca\/en\/wp-json\/wp\/v2\/pages\/1517\/revisions"}],"predecessor-version":[{"id":2105,"href":"https:\/\/www.katag.ca\/en\/wp-json\/wp\/v2\/pages\/1517\/revisions\/2105"}],"wp:attachment":[{"href":"https:\/\/www.katag.ca\/en\/wp-json\/wp\/v2\/media?parent=1517"}],"curies":[{"name":"wp","href":"https:\/\/api.w.org\/{rel}","templated":true}]}}