{"id":1519,"date":"2015-01-06T21:26:15","date_gmt":"2015-01-06T21:26:15","guid":{"rendered":"http:\/\/www.boutiquekatag.com\/?page_id=1519"},"modified":"2015-01-09T15:05:32","modified_gmt":"2015-01-09T15:05:32","slug":"aventure-273","status":"publish","type":"page","link":"https:\/\/www.katag.ca\/en\/aventure-273\/","title":{"rendered":"Aventure 273"},"content":{"rendered":"<p>Vous  vous dirigez dans la direction o\u00f9 vous avez cru distinguer du mouvement, tout en tentant de marcher le plus silencieusement possible. La ruelle est remplie de recoins sombres, sans compter que vous \u00eates vous-m\u00eame d\u00e9j\u00e0 plong\u00e9 dans une certaine obscurit\u00e9. Soudain, sortie de nulle part, se trouve une cr\u00e9ature ail\u00e9e dont vous pouvez mal distinguer les attributs, qui plonge du ciel droit vers vous. Cette cr\u00e9ature semble avoir la taille et la forme d\u2019un lion et l\u2019id\u00e9e de l\u2019affronter vous terrifie!<\/p>\n<div class=\"btn-container  align-center\"><a class=\"organic-btn  dark-blue-btn small-btn  align-center\" href=\"http:\/\/www.katag.ca\/aventure-306\/\"><span class=\"btn-holder\">Si votre total de points dans la cat\u00e9gorie r\u00eaves est de 6 ou plus, cliquez ici<\/span><\/a><\/div>\n<div class=\"btn-container  align-center\"><a class=\"organic-btn  dark-blue-btn small-btn  align-center\" href=\"http:\/\/www.katag.ca\/aventure-307\/\"><span class=\"btn-holder\">Si votre total de points est de moins de 6, cliquez ici<\/span><\/a><\/div>\n","protected":false},"excerpt":{"rendered":"<p>Vous vous dirigez dans la direction o\u00f9 vous avez cru distinguer du mouvement, tout en tentant de marcher le plus silencieusement possible. La ruelle est remplie de recoins sombres, sans compter que vous \u00eates vous-m\u00eame d\u00e9j\u00e0 plong\u00e9 dans une certaine obscurit\u00e9. Soudain, sortie de nulle part, se trouve une cr\u00e9ature ail\u00e9e dont vous pouvez mal distinguer les attributs, qui plonge du ciel droit vers vous. Cette cr\u00e9ature semble avoir la taille et la forme d\u2019un lion et l\u2019id\u00e9e de l\u2019affronter vous terrifie!<\/p>\n","protected":false},"author":2,"featured_media":0,"parent":0,"menu_order":0,"comment_status":"closed","ping_status":"closed","template":"","meta":{"footnotes":""},"class_list":["post-1519","page","type-page","status-publish","hentry"],"yoast_head":"<!-- This site is optimized with the Yoast SEO plugin v27.5 - https:\/\/yoast.com\/product\/yoast-seo-wordpress\/ -->\n<title>Aventure 273 | Katag<\/title>\n<meta name=\"robots\" content=\"index, follow, max-snippet:-1, max-image-preview:large, max-video-preview:-1\" \/>\n<link rel=\"canonical\" href=\"https:\/\/www.katag.ca\/aventure-273\/\" \/>\n<meta property=\"og:locale\" content=\"en_US\" \/>\n<meta property=\"og:type\" content=\"article\" \/>\n<meta property=\"og:title\" content=\"Aventure 273 | Katag\" \/>\n<meta property=\"og:description\" content=\"Vous vous dirigez dans la direction o\u00f9 vous avez cru distinguer du mouvement, tout en tentant de marcher le plus silencieusement possible. La ruelle est remplie de recoins sombres, sans compter que vous \u00eates vous-m\u00eame d\u00e9j\u00e0 plong\u00e9 dans une certaine obscurit\u00e9. Soudain, sortie de nulle part, se trouve une cr\u00e9ature ail\u00e9e dont vous pouvez mal distinguer les attributs, qui plonge du ciel droit vers vous. Cette cr\u00e9ature semble avoir la taille et la forme d\u2019un lion et l\u2019id\u00e9e de l\u2019affronter vous terrifie!\" \/>\n<meta property=\"og:url\" content=\"https:\/\/www.katag.ca\/aventure-273\/\" \/>\n<meta property=\"og:site_name\" content=\"Katag\" \/>\n<meta property=\"article:publisher\" content=\"https:\/\/www.facebook.com\/Katag.ca\" \/>\n<meta property=\"article:modified_time\" content=\"2015-01-09T15:05:32+00:00\" \/>\n<meta name=\"twitter:card\" content=\"summary_large_image\" \/>\n<meta name=\"twitter:label1\" content=\"Est. reading time\" \/>\n\t<meta name=\"twitter:data1\" content=\"1 minute\" \/>\n<script type=\"application\/ld+json\" class=\"yoast-schema-graph\">{\"@context\":\"https:\\\/\\\/schema.org\",\"@graph\":[{\"@type\":\"WebPage\",\"@id\":\"https:\\\/\\\/www.katag.ca\\\/aventure-273\\\/\",\"url\":\"https:\\\/\\\/www.katag.ca\\\/aventure-273\\\/\",\"name\":\"Aventure 273 | Katag\",\"isPartOf\":{\"@id\":\"https:\\\/\\\/www.katag.ca\\\/#website\"},\"datePublished\":\"2015-01-06T21:26:15+00:00\",\"dateModified\":\"2015-01-09T15:05:32+00:00\",\"breadcrumb\":{\"@id\":\"https:\\\/\\\/www.katag.ca\\\/aventure-273\\\/#breadcrumb\"},\"inLanguage\":\"en-US\",\"potentialAction\":[{\"@type\":\"ReadAction\",\"target\":[\"https:\\\/\\\/www.katag.ca\\\/aventure-273\\\/\"]}]},{\"@type\":\"BreadcrumbList\",\"@id\":\"https:\\\/\\\/www.katag.ca\\\/aventure-273\\\/#breadcrumb\",\"itemListElement\":[{\"@type\":\"ListItem\",\"position\":1,\"name\":\"Accueil\",\"item\":\"https:\\\/\\\/www.katag.ca\\\/\"},{\"@type\":\"ListItem\",\"position\":2,\"name\":\"Aventure 273\"}]},{\"@type\":\"WebSite\",\"@id\":\"https:\\\/\\\/www.katag.ca\\\/#website\",\"url\":\"https:\\\/\\\/www.katag.ca\\\/\",\"name\":\"Katag\",\"description\":\"LE jeu d'&eacute;p&eacute;es-mousse\",\"publisher\":{\"@id\":\"https:\\\/\\\/www.katag.ca\\\/#organization\"},\"potentialAction\":[{\"@type\":\"SearchAction\",\"target\":{\"@type\":\"EntryPoint\",\"urlTemplate\":\"https:\\\/\\\/www.katag.ca\\\/?s={search_term_string}\"},\"query-input\":{\"@type\":\"PropertyValueSpecification\",\"valueRequired\":true,\"valueName\":\"search_term_string\"}}],\"inLanguage\":\"en-US\"},{\"@type\":\"Organization\",\"@id\":\"https:\\\/\\\/www.katag.ca\\\/#organization\",\"name\":\"Katag\",\"url\":\"https:\\\/\\\/www.katag.ca\\\/\",\"logo\":{\"@type\":\"ImageObject\",\"inLanguage\":\"en-US\",\"@id\":\"https:\\\/\\\/www.katag.ca\\\/#\\\/schema\\\/logo\\\/image\\\/\",\"url\":\"https:\\\/\\\/www.katag.ca\\\/wp-content\\\/uploads\\\/2021\\\/03\\\/logo-fr.png\",\"contentUrl\":\"https:\\\/\\\/www.katag.ca\\\/wp-content\\\/uploads\\\/2021\\\/03\\\/logo-fr.png\",\"width\":338,\"height\":173,\"caption\":\"Katag\"},\"image\":{\"@id\":\"https:\\\/\\\/www.katag.ca\\\/#\\\/schema\\\/logo\\\/image\\\/\"},\"sameAs\":[\"https:\\\/\\\/www.facebook.com\\\/Katag.ca\"]}]}<\/script>\n<!-- \/ Yoast SEO plugin. -->","yoast_head_json":{"title":"Aventure 273 | Katag","robots":{"index":"index","follow":"follow","max-snippet":"max-snippet:-1","max-image-preview":"max-image-preview:large","max-video-preview":"max-video-preview:-1"},"canonical":"https:\/\/www.katag.ca\/aventure-273\/","og_locale":"en_US","og_type":"article","og_title":"Aventure 273 | Katag","og_description":"Vous vous dirigez dans la direction o\u00f9 vous avez cru distinguer du mouvement, tout en tentant de marcher le plus silencieusement possible. La ruelle est remplie de recoins sombres, sans compter que vous \u00eates vous-m\u00eame d\u00e9j\u00e0 plong\u00e9 dans une certaine obscurit\u00e9. Soudain, sortie de nulle part, se trouve une cr\u00e9ature ail\u00e9e dont vous pouvez mal distinguer les attributs, qui plonge du ciel droit vers vous. Cette cr\u00e9ature semble avoir la taille et la forme d\u2019un lion et l\u2019id\u00e9e de l\u2019affronter vous terrifie!","og_url":"https:\/\/www.katag.ca\/aventure-273\/","og_site_name":"Katag","article_publisher":"https:\/\/www.facebook.com\/Katag.ca","article_modified_time":"2015-01-09T15:05:32+00:00","twitter_card":"summary_large_image","twitter_misc":{"Est. reading time":"1 minute"},"schema":{"@context":"https:\/\/schema.org","@graph":[{"@type":"WebPage","@id":"https:\/\/www.katag.ca\/aventure-273\/","url":"https:\/\/www.katag.ca\/aventure-273\/","name":"Aventure 273 | Katag","isPartOf":{"@id":"https:\/\/www.katag.ca\/#website"},"datePublished":"2015-01-06T21:26:15+00:00","dateModified":"2015-01-09T15:05:32+00:00","breadcrumb":{"@id":"https:\/\/www.katag.ca\/aventure-273\/#breadcrumb"},"inLanguage":"en-US","potentialAction":[{"@type":"ReadAction","target":["https:\/\/www.katag.ca\/aventure-273\/"]}]},{"@type":"BreadcrumbList","@id":"https:\/\/www.katag.ca\/aventure-273\/#breadcrumb","itemListElement":[{"@type":"ListItem","position":1,"name":"Accueil","item":"https:\/\/www.katag.ca\/"},{"@type":"ListItem","position":2,"name":"Aventure 273"}]},{"@type":"WebSite","@id":"https:\/\/www.katag.ca\/#website","url":"https:\/\/www.katag.ca\/","name":"Katag","description":"LE jeu d'&eacute;p&eacute;es-mousse","publisher":{"@id":"https:\/\/www.katag.ca\/#organization"},"potentialAction":[{"@type":"SearchAction","target":{"@type":"EntryPoint","urlTemplate":"https:\/\/www.katag.ca\/?s={search_term_string}"},"query-input":{"@type":"PropertyValueSpecification","valueRequired":true,"valueName":"search_term_string"}}],"inLanguage":"en-US"},{"@type":"Organization","@id":"https:\/\/www.katag.ca\/#organization","name":"Katag","url":"https:\/\/www.katag.ca\/","logo":{"@type":"ImageObject","inLanguage":"en-US","@id":"https:\/\/www.katag.ca\/#\/schema\/logo\/image\/","url":"https:\/\/www.katag.ca\/wp-content\/uploads\/2021\/03\/logo-fr.png","contentUrl":"https:\/\/www.katag.ca\/wp-content\/uploads\/2021\/03\/logo-fr.png","width":338,"height":173,"caption":"Katag"},"image":{"@id":"https:\/\/www.katag.ca\/#\/schema\/logo\/image\/"},"sameAs":["https:\/\/www.facebook.com\/Katag.ca"]}]}},"_links":{"self":[{"href":"https:\/\/www.katag.ca\/en\/wp-json\/wp\/v2\/pages\/1519","targetHints":{"allow":["GET"]}}],"collection":[{"href":"https:\/\/www.katag.ca\/en\/wp-json\/wp\/v2\/pages"}],"about":[{"href":"https:\/\/www.katag.ca\/en\/wp-json\/wp\/v2\/types\/page"}],"author":[{"embeddable":true,"href":"https:\/\/www.katag.ca\/en\/wp-json\/wp\/v2\/users\/2"}],"replies":[{"embeddable":true,"href":"https:\/\/www.katag.ca\/en\/wp-json\/wp\/v2\/comments?post=1519"}],"version-history":[{"count":2,"href":"https:\/\/www.katag.ca\/en\/wp-json\/wp\/v2\/pages\/1519\/revisions"}],"predecessor-version":[{"id":2106,"href":"https:\/\/www.katag.ca\/en\/wp-json\/wp\/v2\/pages\/1519\/revisions\/2106"}],"wp:attachment":[{"href":"https:\/\/www.katag.ca\/en\/wp-json\/wp\/v2\/media?parent=1519"}],"curies":[{"name":"wp","href":"https:\/\/api.w.org\/{rel}","templated":true}]}}