{"id":1521,"date":"2015-01-06T21:26:47","date_gmt":"2015-01-06T21:26:47","guid":{"rendered":"http:\/\/www.boutiquekatag.com\/?page_id=1521"},"modified":"2015-01-09T15:06:22","modified_gmt":"2015-01-09T15:06:22","slug":"aventure-274","status":"publish","type":"page","link":"https:\/\/www.katag.ca\/en\/aventure-274\/","title":{"rendered":"Aventure 274"},"content":{"rendered":"<p>Vous commencez \u00e0 manger le rago\u00fbt, mais au bout de quelques bouch\u00e9es, vous avez soudain la naus\u00e9e et ne vous sentez vraiment pas bien. Vous ne savez trop si cela est d\u00fb au fait que vous n\u2019avez jamais go\u00fbt\u00e9 ce met, car plusieurs personnes autour de vous semblent particuli\u00e8rement l\u2019appr\u00e9cier, mais vous avez l\u2019impression que vous allez \u00eatre malade! Vous calmez votre esprit et vous sentez que vous allez vous en tirer apr\u00e8s tout. Vous avez maintenant la certitude qu\u2019il fallait suivre votre instinct et ne pas manger ce rago\u00fbt! Celui-ci vous a affaiblit et vous perdez un point que vous devez d\u00e9duire dans la cat\u00e9gorie endurance sur votre feuille de route. De plus, comme vous n\u2019avez pas suivi votre instinct, vous perdez \u00e9galement un point dans la cat\u00e9gorie intuition. Vous devez aussi le soustraire \u00e0 votre total sur votre feuille de route.   <\/p>\n<div class=\"btn-container  align-center\"><a class=\"organic-btn  dark-blue-btn small-btn  align-center\" href=\"http:\/\/www.katag.ca\/aventure-176\/\"><span class=\"btn-holder\">Cliquez ici pour continuer votre exploration<\/span><\/a><\/div>\n","protected":false},"excerpt":{"rendered":"<p>Vous commencez \u00e0 manger le rago\u00fbt, mais au bout de quelques bouch\u00e9es, vous avez soudain la naus\u00e9e et ne vous sentez vraiment pas bien. Vous ne savez trop si cela est d\u00fb au fait que vous n\u2019avez jamais go\u00fbt\u00e9 ce met, car plusieurs personnes autour de vous semblent particuli\u00e8rement l\u2019appr\u00e9cier, mais vous avez l\u2019impression que vous allez \u00eatre malade! Vous calmez votre esprit et vous sentez que vous allez vous en tirer apr\u00e8s tout. Vous avez maintenant la certitude qu\u2019il fallait suivre votre instinct et ne pas manger&#8230;<\/p>\n","protected":false},"author":2,"featured_media":0,"parent":0,"menu_order":0,"comment_status":"closed","ping_status":"closed","template":"","meta":{"footnotes":""},"class_list":["post-1521","page","type-page","status-publish","hentry"],"yoast_head":"<!-- This site is optimized with the Yoast SEO plugin v27.5 - https:\/\/yoast.com\/product\/yoast-seo-wordpress\/ -->\n<title>Aventure 274 | Katag<\/title>\n<meta name=\"robots\" content=\"index, follow, max-snippet:-1, max-image-preview:large, max-video-preview:-1\" \/>\n<link rel=\"canonical\" href=\"https:\/\/www.katag.ca\/aventure-274\/\" \/>\n<meta property=\"og:locale\" content=\"en_US\" \/>\n<meta property=\"og:type\" content=\"article\" \/>\n<meta property=\"og:title\" content=\"Aventure 274 | Katag\" \/>\n<meta property=\"og:description\" content=\"Vous commencez \u00e0 manger le rago\u00fbt, mais au bout de quelques bouch\u00e9es, vous avez soudain la naus\u00e9e et ne vous sentez vraiment pas bien. Vous ne savez trop si cela est d\u00fb au fait que vous n\u2019avez jamais go\u00fbt\u00e9 ce met, car plusieurs personnes autour de vous semblent particuli\u00e8rement l\u2019appr\u00e9cier, mais vous avez l\u2019impression que vous allez \u00eatre malade! Vous calmez votre esprit et vous sentez que vous allez vous en tirer apr\u00e8s tout. Vous avez maintenant la certitude qu\u2019il fallait suivre votre instinct et ne pas manger...\" \/>\n<meta property=\"og:url\" content=\"https:\/\/www.katag.ca\/aventure-274\/\" \/>\n<meta property=\"og:site_name\" content=\"Katag\" \/>\n<meta property=\"article:publisher\" content=\"https:\/\/www.facebook.com\/Katag.ca\" \/>\n<meta property=\"article:modified_time\" content=\"2015-01-09T15:06:22+00:00\" \/>\n<meta name=\"twitter:card\" content=\"summary_large_image\" \/>\n<meta name=\"twitter:label1\" content=\"Est. reading time\" \/>\n\t<meta name=\"twitter:data1\" content=\"1 minute\" \/>\n<script type=\"application\/ld+json\" class=\"yoast-schema-graph\">{\"@context\":\"https:\\\/\\\/schema.org\",\"@graph\":[{\"@type\":\"WebPage\",\"@id\":\"https:\\\/\\\/www.katag.ca\\\/aventure-274\\\/\",\"url\":\"https:\\\/\\\/www.katag.ca\\\/aventure-274\\\/\",\"name\":\"Aventure 274 | Katag\",\"isPartOf\":{\"@id\":\"https:\\\/\\\/www.katag.ca\\\/#website\"},\"datePublished\":\"2015-01-06T21:26:47+00:00\",\"dateModified\":\"2015-01-09T15:06:22+00:00\",\"breadcrumb\":{\"@id\":\"https:\\\/\\\/www.katag.ca\\\/aventure-274\\\/#breadcrumb\"},\"inLanguage\":\"en-US\",\"potentialAction\":[{\"@type\":\"ReadAction\",\"target\":[\"https:\\\/\\\/www.katag.ca\\\/aventure-274\\\/\"]}]},{\"@type\":\"BreadcrumbList\",\"@id\":\"https:\\\/\\\/www.katag.ca\\\/aventure-274\\\/#breadcrumb\",\"itemListElement\":[{\"@type\":\"ListItem\",\"position\":1,\"name\":\"Accueil\",\"item\":\"https:\\\/\\\/www.katag.ca\\\/\"},{\"@type\":\"ListItem\",\"position\":2,\"name\":\"Aventure 274\"}]},{\"@type\":\"WebSite\",\"@id\":\"https:\\\/\\\/www.katag.ca\\\/#website\",\"url\":\"https:\\\/\\\/www.katag.ca\\\/\",\"name\":\"Katag\",\"description\":\"LE jeu d'&eacute;p&eacute;es-mousse\",\"publisher\":{\"@id\":\"https:\\\/\\\/www.katag.ca\\\/#organization\"},\"potentialAction\":[{\"@type\":\"SearchAction\",\"target\":{\"@type\":\"EntryPoint\",\"urlTemplate\":\"https:\\\/\\\/www.katag.ca\\\/?s={search_term_string}\"},\"query-input\":{\"@type\":\"PropertyValueSpecification\",\"valueRequired\":true,\"valueName\":\"search_term_string\"}}],\"inLanguage\":\"en-US\"},{\"@type\":\"Organization\",\"@id\":\"https:\\\/\\\/www.katag.ca\\\/#organization\",\"name\":\"Katag\",\"url\":\"https:\\\/\\\/www.katag.ca\\\/\",\"logo\":{\"@type\":\"ImageObject\",\"inLanguage\":\"en-US\",\"@id\":\"https:\\\/\\\/www.katag.ca\\\/#\\\/schema\\\/logo\\\/image\\\/\",\"url\":\"https:\\\/\\\/www.katag.ca\\\/wp-content\\\/uploads\\\/2021\\\/03\\\/logo-fr.png\",\"contentUrl\":\"https:\\\/\\\/www.katag.ca\\\/wp-content\\\/uploads\\\/2021\\\/03\\\/logo-fr.png\",\"width\":338,\"height\":173,\"caption\":\"Katag\"},\"image\":{\"@id\":\"https:\\\/\\\/www.katag.ca\\\/#\\\/schema\\\/logo\\\/image\\\/\"},\"sameAs\":[\"https:\\\/\\\/www.facebook.com\\\/Katag.ca\"]}]}<\/script>\n<!-- \/ Yoast SEO plugin. -->","yoast_head_json":{"title":"Aventure 274 | Katag","robots":{"index":"index","follow":"follow","max-snippet":"max-snippet:-1","max-image-preview":"max-image-preview:large","max-video-preview":"max-video-preview:-1"},"canonical":"https:\/\/www.katag.ca\/aventure-274\/","og_locale":"en_US","og_type":"article","og_title":"Aventure 274 | Katag","og_description":"Vous commencez \u00e0 manger le rago\u00fbt, mais au bout de quelques bouch\u00e9es, vous avez soudain la naus\u00e9e et ne vous sentez vraiment pas bien. Vous ne savez trop si cela est d\u00fb au fait que vous n\u2019avez jamais go\u00fbt\u00e9 ce met, car plusieurs personnes autour de vous semblent particuli\u00e8rement l\u2019appr\u00e9cier, mais vous avez l\u2019impression que vous allez \u00eatre malade! Vous calmez votre esprit et vous sentez que vous allez vous en tirer apr\u00e8s tout. Vous avez maintenant la certitude qu\u2019il fallait suivre votre instinct et ne pas manger...","og_url":"https:\/\/www.katag.ca\/aventure-274\/","og_site_name":"Katag","article_publisher":"https:\/\/www.facebook.com\/Katag.ca","article_modified_time":"2015-01-09T15:06:22+00:00","twitter_card":"summary_large_image","twitter_misc":{"Est. reading time":"1 minute"},"schema":{"@context":"https:\/\/schema.org","@graph":[{"@type":"WebPage","@id":"https:\/\/www.katag.ca\/aventure-274\/","url":"https:\/\/www.katag.ca\/aventure-274\/","name":"Aventure 274 | Katag","isPartOf":{"@id":"https:\/\/www.katag.ca\/#website"},"datePublished":"2015-01-06T21:26:47+00:00","dateModified":"2015-01-09T15:06:22+00:00","breadcrumb":{"@id":"https:\/\/www.katag.ca\/aventure-274\/#breadcrumb"},"inLanguage":"en-US","potentialAction":[{"@type":"ReadAction","target":["https:\/\/www.katag.ca\/aventure-274\/"]}]},{"@type":"BreadcrumbList","@id":"https:\/\/www.katag.ca\/aventure-274\/#breadcrumb","itemListElement":[{"@type":"ListItem","position":1,"name":"Accueil","item":"https:\/\/www.katag.ca\/"},{"@type":"ListItem","position":2,"name":"Aventure 274"}]},{"@type":"WebSite","@id":"https:\/\/www.katag.ca\/#website","url":"https:\/\/www.katag.ca\/","name":"Katag","description":"LE jeu d'&eacute;p&eacute;es-mousse","publisher":{"@id":"https:\/\/www.katag.ca\/#organization"},"potentialAction":[{"@type":"SearchAction","target":{"@type":"EntryPoint","urlTemplate":"https:\/\/www.katag.ca\/?s={search_term_string}"},"query-input":{"@type":"PropertyValueSpecification","valueRequired":true,"valueName":"search_term_string"}}],"inLanguage":"en-US"},{"@type":"Organization","@id":"https:\/\/www.katag.ca\/#organization","name":"Katag","url":"https:\/\/www.katag.ca\/","logo":{"@type":"ImageObject","inLanguage":"en-US","@id":"https:\/\/www.katag.ca\/#\/schema\/logo\/image\/","url":"https:\/\/www.katag.ca\/wp-content\/uploads\/2021\/03\/logo-fr.png","contentUrl":"https:\/\/www.katag.ca\/wp-content\/uploads\/2021\/03\/logo-fr.png","width":338,"height":173,"caption":"Katag"},"image":{"@id":"https:\/\/www.katag.ca\/#\/schema\/logo\/image\/"},"sameAs":["https:\/\/www.facebook.com\/Katag.ca"]}]}},"_links":{"self":[{"href":"https:\/\/www.katag.ca\/en\/wp-json\/wp\/v2\/pages\/1521","targetHints":{"allow":["GET"]}}],"collection":[{"href":"https:\/\/www.katag.ca\/en\/wp-json\/wp\/v2\/pages"}],"about":[{"href":"https:\/\/www.katag.ca\/en\/wp-json\/wp\/v2\/types\/page"}],"author":[{"embeddable":true,"href":"https:\/\/www.katag.ca\/en\/wp-json\/wp\/v2\/users\/2"}],"replies":[{"embeddable":true,"href":"https:\/\/www.katag.ca\/en\/wp-json\/wp\/v2\/comments?post=1521"}],"version-history":[{"count":2,"href":"https:\/\/www.katag.ca\/en\/wp-json\/wp\/v2\/pages\/1521\/revisions"}],"predecessor-version":[{"id":2107,"href":"https:\/\/www.katag.ca\/en\/wp-json\/wp\/v2\/pages\/1521\/revisions\/2107"}],"wp:attachment":[{"href":"https:\/\/www.katag.ca\/en\/wp-json\/wp\/v2\/media?parent=1521"}],"curies":[{"name":"wp","href":"https:\/\/api.w.org\/{rel}","templated":true}]}}