{"id":1523,"date":"2015-01-06T21:27:27","date_gmt":"2015-01-06T21:27:27","guid":{"rendered":"http:\/\/www.boutiquekatag.com\/?page_id=1523"},"modified":"2015-01-09T15:07:30","modified_gmt":"2015-01-09T15:07:30","slug":"aventure-275","status":"publish","type":"page","link":"https:\/\/www.katag.ca\/en\/aventure-275\/","title":{"rendered":"Aventure 275"},"content":{"rendered":"<p>\u00ab Pas de probl\u00e8me mon ami! Tu n\u2019as qu\u2019\u00e0 choisir autre chose, r\u00e9pond l\u2019homme.Toutefois, tu comprendras que je ne vais pas refiler ce plat \u00e0 quelqu\u2019un d\u2019autre maintenant que tu l\u2019as touch\u00e9. Tu devras donc payer ce que co\u00fbte un autre plat. \u00bb Vous avez quand m\u00eame la forte impression que la nourriture vous aurait rendu malade et vous gagnez un point pour avoir suivi votre intuition. Veuillez l\u2019ajouter \u00e0 votre total dans la cat\u00e9gorie intuition de votre feuille de route. Qu\u2019allez-vous faire?<\/p>\n<div class=\"btn-container  align-center\"><a class=\"organic-btn  dark-blue-btn small-btn  align-center\" href=\"http:\/\/www.katag.ca\/aventure-244\/\"><span class=\"btn-holder\">Vous d\u00e9sirez essayer la brochette de cornettes<\/span><\/a><\/div>\n<div class=\"btn-container  align-center\"><a class=\"organic-btn  dark-blue-btn small-btn  align-center\" href=\"http:\/\/www.katag.ca\/aventure-245\/\"><span class=\"btn-holder\">Vous pr\u00e9f\u00e9rez go\u00fbter le gigot de nidron<\/span><\/a><\/div>\n<div class=\"btn-container  align-center\"><a class=\"organic-btn  dark-blue-btn small-btn  align-center\" href=\"http:\/\/www.katag.ca\/aventure-176\/\"><span class=\"btn-holder\">Vous choisissez de ne rien prendre et continuer d\u2019explorer les alentours<\/span><\/a><\/div>\n","protected":false},"excerpt":{"rendered":"<p>\u00ab Pas de probl\u00e8me mon ami! Tu n\u2019as qu\u2019\u00e0 choisir autre chose, r\u00e9pond l\u2019homme.Toutefois, tu comprendras que je ne vais pas refiler ce plat \u00e0 quelqu\u2019un d\u2019autre maintenant que tu l\u2019as touch\u00e9. Tu devras donc payer ce que co\u00fbte un autre plat. \u00bb Vous avez quand m\u00eame la forte impression que la nourriture vous aurait rendu malade et vous gagnez un point pour avoir suivi votre intuition. Veuillez l\u2019ajouter \u00e0 votre total dans la cat\u00e9gorie intuition de votre feuille de route. Qu\u2019allez-vous faire?<\/p>\n","protected":false},"author":2,"featured_media":0,"parent":0,"menu_order":0,"comment_status":"closed","ping_status":"closed","template":"","meta":{"footnotes":""},"class_list":["post-1523","page","type-page","status-publish","hentry"],"yoast_head":"<!-- This site is optimized with the Yoast SEO plugin v27.5 - https:\/\/yoast.com\/product\/yoast-seo-wordpress\/ -->\n<title>Aventure 275 | Katag<\/title>\n<meta name=\"robots\" content=\"index, follow, max-snippet:-1, max-image-preview:large, max-video-preview:-1\" \/>\n<link rel=\"canonical\" href=\"https:\/\/www.katag.ca\/aventure-275\/\" \/>\n<meta property=\"og:locale\" content=\"en_US\" \/>\n<meta property=\"og:type\" content=\"article\" \/>\n<meta property=\"og:title\" content=\"Aventure 275 | Katag\" \/>\n<meta property=\"og:description\" content=\"\u00ab Pas de probl\u00e8me mon ami! Tu n\u2019as qu\u2019\u00e0 choisir autre chose, r\u00e9pond l\u2019homme.Toutefois, tu comprendras que je ne vais pas refiler ce plat \u00e0 quelqu\u2019un d\u2019autre maintenant que tu l\u2019as touch\u00e9. Tu devras donc payer ce que co\u00fbte un autre plat. \u00bb Vous avez quand m\u00eame la forte impression que la nourriture vous aurait rendu malade et vous gagnez un point pour avoir suivi votre intuition. Veuillez l\u2019ajouter \u00e0 votre total dans la cat\u00e9gorie intuition de votre feuille de route. Qu\u2019allez-vous faire?\" \/>\n<meta property=\"og:url\" content=\"https:\/\/www.katag.ca\/aventure-275\/\" \/>\n<meta property=\"og:site_name\" content=\"Katag\" \/>\n<meta property=\"article:publisher\" content=\"https:\/\/www.facebook.com\/Katag.ca\" \/>\n<meta property=\"article:modified_time\" content=\"2015-01-09T15:07:30+00:00\" \/>\n<meta name=\"twitter:card\" content=\"summary_large_image\" \/>\n<meta name=\"twitter:label1\" content=\"Est. reading time\" \/>\n\t<meta name=\"twitter:data1\" content=\"1 minute\" \/>\n<script type=\"application\/ld+json\" class=\"yoast-schema-graph\">{\"@context\":\"https:\\\/\\\/schema.org\",\"@graph\":[{\"@type\":\"WebPage\",\"@id\":\"https:\\\/\\\/www.katag.ca\\\/aventure-275\\\/\",\"url\":\"https:\\\/\\\/www.katag.ca\\\/aventure-275\\\/\",\"name\":\"Aventure 275 | Katag\",\"isPartOf\":{\"@id\":\"https:\\\/\\\/www.katag.ca\\\/#website\"},\"datePublished\":\"2015-01-06T21:27:27+00:00\",\"dateModified\":\"2015-01-09T15:07:30+00:00\",\"breadcrumb\":{\"@id\":\"https:\\\/\\\/www.katag.ca\\\/aventure-275\\\/#breadcrumb\"},\"inLanguage\":\"en-US\",\"potentialAction\":[{\"@type\":\"ReadAction\",\"target\":[\"https:\\\/\\\/www.katag.ca\\\/aventure-275\\\/\"]}]},{\"@type\":\"BreadcrumbList\",\"@id\":\"https:\\\/\\\/www.katag.ca\\\/aventure-275\\\/#breadcrumb\",\"itemListElement\":[{\"@type\":\"ListItem\",\"position\":1,\"name\":\"Accueil\",\"item\":\"https:\\\/\\\/www.katag.ca\\\/\"},{\"@type\":\"ListItem\",\"position\":2,\"name\":\"Aventure 275\"}]},{\"@type\":\"WebSite\",\"@id\":\"https:\\\/\\\/www.katag.ca\\\/#website\",\"url\":\"https:\\\/\\\/www.katag.ca\\\/\",\"name\":\"Katag\",\"description\":\"LE jeu d'&eacute;p&eacute;es-mousse\",\"publisher\":{\"@id\":\"https:\\\/\\\/www.katag.ca\\\/#organization\"},\"potentialAction\":[{\"@type\":\"SearchAction\",\"target\":{\"@type\":\"EntryPoint\",\"urlTemplate\":\"https:\\\/\\\/www.katag.ca\\\/?s={search_term_string}\"},\"query-input\":{\"@type\":\"PropertyValueSpecification\",\"valueRequired\":true,\"valueName\":\"search_term_string\"}}],\"inLanguage\":\"en-US\"},{\"@type\":\"Organization\",\"@id\":\"https:\\\/\\\/www.katag.ca\\\/#organization\",\"name\":\"Katag\",\"url\":\"https:\\\/\\\/www.katag.ca\\\/\",\"logo\":{\"@type\":\"ImageObject\",\"inLanguage\":\"en-US\",\"@id\":\"https:\\\/\\\/www.katag.ca\\\/#\\\/schema\\\/logo\\\/image\\\/\",\"url\":\"https:\\\/\\\/www.katag.ca\\\/wp-content\\\/uploads\\\/2021\\\/03\\\/logo-fr.png\",\"contentUrl\":\"https:\\\/\\\/www.katag.ca\\\/wp-content\\\/uploads\\\/2021\\\/03\\\/logo-fr.png\",\"width\":338,\"height\":173,\"caption\":\"Katag\"},\"image\":{\"@id\":\"https:\\\/\\\/www.katag.ca\\\/#\\\/schema\\\/logo\\\/image\\\/\"},\"sameAs\":[\"https:\\\/\\\/www.facebook.com\\\/Katag.ca\"]}]}<\/script>\n<!-- \/ Yoast SEO plugin. -->","yoast_head_json":{"title":"Aventure 275 | Katag","robots":{"index":"index","follow":"follow","max-snippet":"max-snippet:-1","max-image-preview":"max-image-preview:large","max-video-preview":"max-video-preview:-1"},"canonical":"https:\/\/www.katag.ca\/aventure-275\/","og_locale":"en_US","og_type":"article","og_title":"Aventure 275 | Katag","og_description":"\u00ab Pas de probl\u00e8me mon ami! Tu n\u2019as qu\u2019\u00e0 choisir autre chose, r\u00e9pond l\u2019homme.Toutefois, tu comprendras que je ne vais pas refiler ce plat \u00e0 quelqu\u2019un d\u2019autre maintenant que tu l\u2019as touch\u00e9. Tu devras donc payer ce que co\u00fbte un autre plat. \u00bb Vous avez quand m\u00eame la forte impression que la nourriture vous aurait rendu malade et vous gagnez un point pour avoir suivi votre intuition. Veuillez l\u2019ajouter \u00e0 votre total dans la cat\u00e9gorie intuition de votre feuille de route. Qu\u2019allez-vous faire?","og_url":"https:\/\/www.katag.ca\/aventure-275\/","og_site_name":"Katag","article_publisher":"https:\/\/www.facebook.com\/Katag.ca","article_modified_time":"2015-01-09T15:07:30+00:00","twitter_card":"summary_large_image","twitter_misc":{"Est. reading time":"1 minute"},"schema":{"@context":"https:\/\/schema.org","@graph":[{"@type":"WebPage","@id":"https:\/\/www.katag.ca\/aventure-275\/","url":"https:\/\/www.katag.ca\/aventure-275\/","name":"Aventure 275 | Katag","isPartOf":{"@id":"https:\/\/www.katag.ca\/#website"},"datePublished":"2015-01-06T21:27:27+00:00","dateModified":"2015-01-09T15:07:30+00:00","breadcrumb":{"@id":"https:\/\/www.katag.ca\/aventure-275\/#breadcrumb"},"inLanguage":"en-US","potentialAction":[{"@type":"ReadAction","target":["https:\/\/www.katag.ca\/aventure-275\/"]}]},{"@type":"BreadcrumbList","@id":"https:\/\/www.katag.ca\/aventure-275\/#breadcrumb","itemListElement":[{"@type":"ListItem","position":1,"name":"Accueil","item":"https:\/\/www.katag.ca\/"},{"@type":"ListItem","position":2,"name":"Aventure 275"}]},{"@type":"WebSite","@id":"https:\/\/www.katag.ca\/#website","url":"https:\/\/www.katag.ca\/","name":"Katag","description":"LE jeu d'&eacute;p&eacute;es-mousse","publisher":{"@id":"https:\/\/www.katag.ca\/#organization"},"potentialAction":[{"@type":"SearchAction","target":{"@type":"EntryPoint","urlTemplate":"https:\/\/www.katag.ca\/?s={search_term_string}"},"query-input":{"@type":"PropertyValueSpecification","valueRequired":true,"valueName":"search_term_string"}}],"inLanguage":"en-US"},{"@type":"Organization","@id":"https:\/\/www.katag.ca\/#organization","name":"Katag","url":"https:\/\/www.katag.ca\/","logo":{"@type":"ImageObject","inLanguage":"en-US","@id":"https:\/\/www.katag.ca\/#\/schema\/logo\/image\/","url":"https:\/\/www.katag.ca\/wp-content\/uploads\/2021\/03\/logo-fr.png","contentUrl":"https:\/\/www.katag.ca\/wp-content\/uploads\/2021\/03\/logo-fr.png","width":338,"height":173,"caption":"Katag"},"image":{"@id":"https:\/\/www.katag.ca\/#\/schema\/logo\/image\/"},"sameAs":["https:\/\/www.facebook.com\/Katag.ca"]}]}},"_links":{"self":[{"href":"https:\/\/www.katag.ca\/en\/wp-json\/wp\/v2\/pages\/1523","targetHints":{"allow":["GET"]}}],"collection":[{"href":"https:\/\/www.katag.ca\/en\/wp-json\/wp\/v2\/pages"}],"about":[{"href":"https:\/\/www.katag.ca\/en\/wp-json\/wp\/v2\/types\/page"}],"author":[{"embeddable":true,"href":"https:\/\/www.katag.ca\/en\/wp-json\/wp\/v2\/users\/2"}],"replies":[{"embeddable":true,"href":"https:\/\/www.katag.ca\/en\/wp-json\/wp\/v2\/comments?post=1523"}],"version-history":[{"count":2,"href":"https:\/\/www.katag.ca\/en\/wp-json\/wp\/v2\/pages\/1523\/revisions"}],"predecessor-version":[{"id":2108,"href":"https:\/\/www.katag.ca\/en\/wp-json\/wp\/v2\/pages\/1523\/revisions\/2108"}],"wp:attachment":[{"href":"https:\/\/www.katag.ca\/en\/wp-json\/wp\/v2\/media?parent=1523"}],"curies":[{"name":"wp","href":"https:\/\/api.w.org\/{rel}","templated":true}]}}