{"id":1525,"date":"2015-01-06T21:28:00","date_gmt":"2015-01-06T21:28:00","guid":{"rendered":"http:\/\/www.boutiquekatag.com\/?page_id=1525"},"modified":"2015-01-09T15:08:22","modified_gmt":"2015-01-09T15:08:22","slug":"aventure-277","status":"publish","type":"page","link":"https:\/\/www.katag.ca\/en\/aventure-277\/","title":{"rendered":"Aventure 277"},"content":{"rendered":"<p>Vous vous dirigez discr\u00e8tement vers une poubelle situ\u00e9e non loin de vous et, alors que vous vous appr\u00eatez \u00e0 jeter le plat dans les poubelles, vous sentez une main puissante sur votre \u00e9paule. Vous vous retournez et l\u2019homme qui vous a vendu le plat se tient droit devant vous avec un air qui ne vous dit rien de bon. \u00ab Comme \u00e7a, tu n\u2019es qu\u2019un gaspilleur, hein? Tu ne sais donc pas que l\u2019on ne jette pas la nourriture comme cela? Tes parents ne t\u2019ont-ils rien appris? Allez, remets-moi ce plat et file de ma vue avant que je te botte les fesses! \u00bb Vous vous ex\u00e9cutez et d\u00e9guerpissez \u00e0 toute allure, pas tr\u00e8s fier du geste que vous vous appr\u00eatiez \u00e0 poser avant que l\u2019homme n\u2019arrive. Vous perdez un point d\u2019intuition que vous devez d\u00e9duire de votre total dans la cat\u00e9gorie intuition sur votre feuille de route. Ceci vous a laiss\u00e9 une mauvaise impression et vous d\u00e9cidez de quitter le march\u00e9. <\/p>\n<div class=\"btn-container  align-center\"><a class=\"organic-btn  dark-blue-btn small-btn  align-center\" href=\"http:\/\/www.katag.ca\/aventure-176\/\"><span class=\"btn-holder\">Cliquez ici pour continuer<\/span><\/a><\/div>\n","protected":false},"excerpt":{"rendered":"<p>Vous vous dirigez discr\u00e8tement vers une poubelle situ\u00e9e non loin de vous et, alors que vous vous appr\u00eatez \u00e0 jeter le plat dans les poubelles, vous sentez une main puissante sur votre \u00e9paule. Vous vous retournez et l\u2019homme qui vous a vendu le plat se tient droit devant vous avec un air qui ne vous dit rien de bon. \u00ab Comme \u00e7a, tu n\u2019es qu\u2019un gaspilleur, hein? Tu ne sais donc pas que l\u2019on ne jette pas la nourriture comme cela? Tes parents ne t\u2019ont-ils rien appris? Allez,&#8230;<\/p>\n","protected":false},"author":2,"featured_media":0,"parent":0,"menu_order":0,"comment_status":"closed","ping_status":"closed","template":"","meta":{"footnotes":""},"class_list":["post-1525","page","type-page","status-publish","hentry"],"yoast_head":"<!-- This site is optimized with the Yoast SEO plugin v27.5 - https:\/\/yoast.com\/product\/yoast-seo-wordpress\/ -->\n<title>Aventure 277 | Katag<\/title>\n<meta name=\"robots\" content=\"index, follow, max-snippet:-1, max-image-preview:large, max-video-preview:-1\" \/>\n<link rel=\"canonical\" href=\"https:\/\/www.katag.ca\/aventure-277\/\" \/>\n<meta property=\"og:locale\" content=\"en_US\" \/>\n<meta property=\"og:type\" content=\"article\" \/>\n<meta property=\"og:title\" content=\"Aventure 277 | Katag\" \/>\n<meta property=\"og:description\" content=\"Vous vous dirigez discr\u00e8tement vers une poubelle situ\u00e9e non loin de vous et, alors que vous vous appr\u00eatez \u00e0 jeter le plat dans les poubelles, vous sentez une main puissante sur votre \u00e9paule. Vous vous retournez et l\u2019homme qui vous a vendu le plat se tient droit devant vous avec un air qui ne vous dit rien de bon. \u00ab Comme \u00e7a, tu n\u2019es qu\u2019un gaspilleur, hein? Tu ne sais donc pas que l\u2019on ne jette pas la nourriture comme cela? Tes parents ne t\u2019ont-ils rien appris? Allez,...\" \/>\n<meta property=\"og:url\" content=\"https:\/\/www.katag.ca\/aventure-277\/\" \/>\n<meta property=\"og:site_name\" content=\"Katag\" \/>\n<meta property=\"article:publisher\" content=\"https:\/\/www.facebook.com\/Katag.ca\" \/>\n<meta property=\"article:modified_time\" content=\"2015-01-09T15:08:22+00:00\" \/>\n<meta name=\"twitter:card\" content=\"summary_large_image\" \/>\n<meta name=\"twitter:label1\" content=\"Est. reading time\" \/>\n\t<meta name=\"twitter:data1\" content=\"1 minute\" \/>\n<script type=\"application\/ld+json\" class=\"yoast-schema-graph\">{\"@context\":\"https:\\\/\\\/schema.org\",\"@graph\":[{\"@type\":\"WebPage\",\"@id\":\"https:\\\/\\\/www.katag.ca\\\/aventure-277\\\/\",\"url\":\"https:\\\/\\\/www.katag.ca\\\/aventure-277\\\/\",\"name\":\"Aventure 277 | Katag\",\"isPartOf\":{\"@id\":\"https:\\\/\\\/www.katag.ca\\\/#website\"},\"datePublished\":\"2015-01-06T21:28:00+00:00\",\"dateModified\":\"2015-01-09T15:08:22+00:00\",\"breadcrumb\":{\"@id\":\"https:\\\/\\\/www.katag.ca\\\/aventure-277\\\/#breadcrumb\"},\"inLanguage\":\"en-US\",\"potentialAction\":[{\"@type\":\"ReadAction\",\"target\":[\"https:\\\/\\\/www.katag.ca\\\/aventure-277\\\/\"]}]},{\"@type\":\"BreadcrumbList\",\"@id\":\"https:\\\/\\\/www.katag.ca\\\/aventure-277\\\/#breadcrumb\",\"itemListElement\":[{\"@type\":\"ListItem\",\"position\":1,\"name\":\"Accueil\",\"item\":\"https:\\\/\\\/www.katag.ca\\\/\"},{\"@type\":\"ListItem\",\"position\":2,\"name\":\"Aventure 277\"}]},{\"@type\":\"WebSite\",\"@id\":\"https:\\\/\\\/www.katag.ca\\\/#website\",\"url\":\"https:\\\/\\\/www.katag.ca\\\/\",\"name\":\"Katag\",\"description\":\"LE jeu d'&eacute;p&eacute;es-mousse\",\"publisher\":{\"@id\":\"https:\\\/\\\/www.katag.ca\\\/#organization\"},\"potentialAction\":[{\"@type\":\"SearchAction\",\"target\":{\"@type\":\"EntryPoint\",\"urlTemplate\":\"https:\\\/\\\/www.katag.ca\\\/?s={search_term_string}\"},\"query-input\":{\"@type\":\"PropertyValueSpecification\",\"valueRequired\":true,\"valueName\":\"search_term_string\"}}],\"inLanguage\":\"en-US\"},{\"@type\":\"Organization\",\"@id\":\"https:\\\/\\\/www.katag.ca\\\/#organization\",\"name\":\"Katag\",\"url\":\"https:\\\/\\\/www.katag.ca\\\/\",\"logo\":{\"@type\":\"ImageObject\",\"inLanguage\":\"en-US\",\"@id\":\"https:\\\/\\\/www.katag.ca\\\/#\\\/schema\\\/logo\\\/image\\\/\",\"url\":\"https:\\\/\\\/www.katag.ca\\\/wp-content\\\/uploads\\\/2021\\\/03\\\/logo-fr.png\",\"contentUrl\":\"https:\\\/\\\/www.katag.ca\\\/wp-content\\\/uploads\\\/2021\\\/03\\\/logo-fr.png\",\"width\":338,\"height\":173,\"caption\":\"Katag\"},\"image\":{\"@id\":\"https:\\\/\\\/www.katag.ca\\\/#\\\/schema\\\/logo\\\/image\\\/\"},\"sameAs\":[\"https:\\\/\\\/www.facebook.com\\\/Katag.ca\"]}]}<\/script>\n<!-- \/ Yoast SEO plugin. -->","yoast_head_json":{"title":"Aventure 277 | Katag","robots":{"index":"index","follow":"follow","max-snippet":"max-snippet:-1","max-image-preview":"max-image-preview:large","max-video-preview":"max-video-preview:-1"},"canonical":"https:\/\/www.katag.ca\/aventure-277\/","og_locale":"en_US","og_type":"article","og_title":"Aventure 277 | Katag","og_description":"Vous vous dirigez discr\u00e8tement vers une poubelle situ\u00e9e non loin de vous et, alors que vous vous appr\u00eatez \u00e0 jeter le plat dans les poubelles, vous sentez une main puissante sur votre \u00e9paule. Vous vous retournez et l\u2019homme qui vous a vendu le plat se tient droit devant vous avec un air qui ne vous dit rien de bon. \u00ab Comme \u00e7a, tu n\u2019es qu\u2019un gaspilleur, hein? Tu ne sais donc pas que l\u2019on ne jette pas la nourriture comme cela? Tes parents ne t\u2019ont-ils rien appris? Allez,...","og_url":"https:\/\/www.katag.ca\/aventure-277\/","og_site_name":"Katag","article_publisher":"https:\/\/www.facebook.com\/Katag.ca","article_modified_time":"2015-01-09T15:08:22+00:00","twitter_card":"summary_large_image","twitter_misc":{"Est. reading time":"1 minute"},"schema":{"@context":"https:\/\/schema.org","@graph":[{"@type":"WebPage","@id":"https:\/\/www.katag.ca\/aventure-277\/","url":"https:\/\/www.katag.ca\/aventure-277\/","name":"Aventure 277 | Katag","isPartOf":{"@id":"https:\/\/www.katag.ca\/#website"},"datePublished":"2015-01-06T21:28:00+00:00","dateModified":"2015-01-09T15:08:22+00:00","breadcrumb":{"@id":"https:\/\/www.katag.ca\/aventure-277\/#breadcrumb"},"inLanguage":"en-US","potentialAction":[{"@type":"ReadAction","target":["https:\/\/www.katag.ca\/aventure-277\/"]}]},{"@type":"BreadcrumbList","@id":"https:\/\/www.katag.ca\/aventure-277\/#breadcrumb","itemListElement":[{"@type":"ListItem","position":1,"name":"Accueil","item":"https:\/\/www.katag.ca\/"},{"@type":"ListItem","position":2,"name":"Aventure 277"}]},{"@type":"WebSite","@id":"https:\/\/www.katag.ca\/#website","url":"https:\/\/www.katag.ca\/","name":"Katag","description":"LE jeu d'&eacute;p&eacute;es-mousse","publisher":{"@id":"https:\/\/www.katag.ca\/#organization"},"potentialAction":[{"@type":"SearchAction","target":{"@type":"EntryPoint","urlTemplate":"https:\/\/www.katag.ca\/?s={search_term_string}"},"query-input":{"@type":"PropertyValueSpecification","valueRequired":true,"valueName":"search_term_string"}}],"inLanguage":"en-US"},{"@type":"Organization","@id":"https:\/\/www.katag.ca\/#organization","name":"Katag","url":"https:\/\/www.katag.ca\/","logo":{"@type":"ImageObject","inLanguage":"en-US","@id":"https:\/\/www.katag.ca\/#\/schema\/logo\/image\/","url":"https:\/\/www.katag.ca\/wp-content\/uploads\/2021\/03\/logo-fr.png","contentUrl":"https:\/\/www.katag.ca\/wp-content\/uploads\/2021\/03\/logo-fr.png","width":338,"height":173,"caption":"Katag"},"image":{"@id":"https:\/\/www.katag.ca\/#\/schema\/logo\/image\/"},"sameAs":["https:\/\/www.facebook.com\/Katag.ca"]}]}},"_links":{"self":[{"href":"https:\/\/www.katag.ca\/en\/wp-json\/wp\/v2\/pages\/1525","targetHints":{"allow":["GET"]}}],"collection":[{"href":"https:\/\/www.katag.ca\/en\/wp-json\/wp\/v2\/pages"}],"about":[{"href":"https:\/\/www.katag.ca\/en\/wp-json\/wp\/v2\/types\/page"}],"author":[{"embeddable":true,"href":"https:\/\/www.katag.ca\/en\/wp-json\/wp\/v2\/users\/2"}],"replies":[{"embeddable":true,"href":"https:\/\/www.katag.ca\/en\/wp-json\/wp\/v2\/comments?post=1525"}],"version-history":[{"count":2,"href":"https:\/\/www.katag.ca\/en\/wp-json\/wp\/v2\/pages\/1525\/revisions"}],"predecessor-version":[{"id":2109,"href":"https:\/\/www.katag.ca\/en\/wp-json\/wp\/v2\/pages\/1525\/revisions\/2109"}],"wp:attachment":[{"href":"https:\/\/www.katag.ca\/en\/wp-json\/wp\/v2\/media?parent=1525"}],"curies":[{"name":"wp","href":"https:\/\/api.w.org\/{rel}","templated":true}]}}