{"id":1527,"date":"2015-01-06T21:28:44","date_gmt":"2015-01-06T21:28:44","guid":{"rendered":"http:\/\/www.boutiquekatag.com\/?page_id=1527"},"modified":"2015-01-09T15:09:25","modified_gmt":"2015-01-09T15:09:25","slug":"aventure-278","status":"publish","type":"page","link":"https:\/\/www.katag.ca\/en\/aventure-278\/","title":{"rendered":"Aventure 278"},"content":{"rendered":"<p>Comme cet endroit est tr\u00e8s \u00e9troit, attaquer en premier vous donne un fort avantage et la cr\u00e9ature sent tout de suite le vent tourner en votre faveur. \u00c7a ne l\u2019emp\u00eachera toutefois pas de vous livrer un combat! Avant d\u2019attaquer, vous r\u00e9alisez que vous n\u2019avez jamais affront\u00e9 de cauchemar auparavant et vous vous demandez ce qui se passera si vous le vainquez! Roulez les d\u00e9s.<\/p>\n<h5>Traquenard cauchemar :<\/h5>\n<ul>\n<li><strong>Attaque :<\/strong> 4<\/li>\n<li><strong>Endurance :<\/strong> 4<\/li>\n<\/ul>\n<p>&nbsp;<\/p>\n<div class=\"btn-container  align-center\"><a class=\"organic-btn  dark-blue-btn small-btn  align-center\" href=\"http:\/\/www.katag.ca\/aventure-308\/\"><span class=\"btn-holder\">Si vous sortez vainqueur du combat, cliquez ici<\/span><\/a><\/div>\n<div class=\"btn-container  align-center\"><a class=\"organic-btn  dark-blue-btn small-btn  align-center\" href=\"http:\/\/www.katag.ca\/aventure-11\/\"><span class=\"btn-holder\">Sinon, cliquez ici<\/span><\/a><\/div>\n","protected":false},"excerpt":{"rendered":"<p>Comme cet endroit est tr\u00e8s \u00e9troit, attaquer en premier vous donne un fort avantage et la cr\u00e9ature sent tout de suite le vent tourner en votre faveur. \u00c7a ne l\u2019emp\u00eachera toutefois pas de vous livrer un combat! Avant d\u2019attaquer, vous r\u00e9alisez que vous n\u2019avez jamais affront\u00e9 de cauchemar auparavant et vous vous demandez ce qui se passera si vous le vainquez! Roulez les d\u00e9s. Traquenard cauchemar : Attaque : 4 Endurance : 4 &nbsp;<\/p>\n","protected":false},"author":2,"featured_media":0,"parent":0,"menu_order":0,"comment_status":"closed","ping_status":"closed","template":"","meta":{"footnotes":""},"class_list":["post-1527","page","type-page","status-publish","hentry"],"yoast_head":"<!-- This site is optimized with the Yoast SEO plugin v27.5 - https:\/\/yoast.com\/product\/yoast-seo-wordpress\/ -->\n<title>Aventure 278 | Katag<\/title>\n<meta name=\"robots\" content=\"index, follow, max-snippet:-1, max-image-preview:large, max-video-preview:-1\" \/>\n<link rel=\"canonical\" href=\"https:\/\/www.katag.ca\/aventure-278\/\" \/>\n<meta property=\"og:locale\" content=\"en_US\" \/>\n<meta property=\"og:type\" content=\"article\" \/>\n<meta property=\"og:title\" content=\"Aventure 278 | Katag\" \/>\n<meta property=\"og:description\" content=\"Comme cet endroit est tr\u00e8s \u00e9troit, attaquer en premier vous donne un fort avantage et la cr\u00e9ature sent tout de suite le vent tourner en votre faveur. \u00c7a ne l\u2019emp\u00eachera toutefois pas de vous livrer un combat! Avant d\u2019attaquer, vous r\u00e9alisez que vous n\u2019avez jamais affront\u00e9 de cauchemar auparavant et vous vous demandez ce qui se passera si vous le vainquez! Roulez les d\u00e9s. Traquenard cauchemar : Attaque : 4 Endurance : 4 &nbsp;\" \/>\n<meta property=\"og:url\" content=\"https:\/\/www.katag.ca\/aventure-278\/\" \/>\n<meta property=\"og:site_name\" content=\"Katag\" \/>\n<meta property=\"article:publisher\" content=\"https:\/\/www.facebook.com\/Katag.ca\" \/>\n<meta property=\"article:modified_time\" content=\"2015-01-09T15:09:25+00:00\" \/>\n<meta name=\"twitter:card\" content=\"summary_large_image\" \/>\n<meta name=\"twitter:label1\" content=\"Est. reading time\" \/>\n\t<meta name=\"twitter:data1\" content=\"1 minute\" \/>\n<script type=\"application\/ld+json\" class=\"yoast-schema-graph\">{\"@context\":\"https:\\\/\\\/schema.org\",\"@graph\":[{\"@type\":\"WebPage\",\"@id\":\"https:\\\/\\\/www.katag.ca\\\/aventure-278\\\/\",\"url\":\"https:\\\/\\\/www.katag.ca\\\/aventure-278\\\/\",\"name\":\"Aventure 278 | Katag\",\"isPartOf\":{\"@id\":\"https:\\\/\\\/www.katag.ca\\\/#website\"},\"datePublished\":\"2015-01-06T21:28:44+00:00\",\"dateModified\":\"2015-01-09T15:09:25+00:00\",\"breadcrumb\":{\"@id\":\"https:\\\/\\\/www.katag.ca\\\/aventure-278\\\/#breadcrumb\"},\"inLanguage\":\"en-US\",\"potentialAction\":[{\"@type\":\"ReadAction\",\"target\":[\"https:\\\/\\\/www.katag.ca\\\/aventure-278\\\/\"]}]},{\"@type\":\"BreadcrumbList\",\"@id\":\"https:\\\/\\\/www.katag.ca\\\/aventure-278\\\/#breadcrumb\",\"itemListElement\":[{\"@type\":\"ListItem\",\"position\":1,\"name\":\"Accueil\",\"item\":\"https:\\\/\\\/www.katag.ca\\\/\"},{\"@type\":\"ListItem\",\"position\":2,\"name\":\"Aventure 278\"}]},{\"@type\":\"WebSite\",\"@id\":\"https:\\\/\\\/www.katag.ca\\\/#website\",\"url\":\"https:\\\/\\\/www.katag.ca\\\/\",\"name\":\"Katag\",\"description\":\"LE jeu d'&eacute;p&eacute;es-mousse\",\"publisher\":{\"@id\":\"https:\\\/\\\/www.katag.ca\\\/#organization\"},\"potentialAction\":[{\"@type\":\"SearchAction\",\"target\":{\"@type\":\"EntryPoint\",\"urlTemplate\":\"https:\\\/\\\/www.katag.ca\\\/?s={search_term_string}\"},\"query-input\":{\"@type\":\"PropertyValueSpecification\",\"valueRequired\":true,\"valueName\":\"search_term_string\"}}],\"inLanguage\":\"en-US\"},{\"@type\":\"Organization\",\"@id\":\"https:\\\/\\\/www.katag.ca\\\/#organization\",\"name\":\"Katag\",\"url\":\"https:\\\/\\\/www.katag.ca\\\/\",\"logo\":{\"@type\":\"ImageObject\",\"inLanguage\":\"en-US\",\"@id\":\"https:\\\/\\\/www.katag.ca\\\/#\\\/schema\\\/logo\\\/image\\\/\",\"url\":\"https:\\\/\\\/www.katag.ca\\\/wp-content\\\/uploads\\\/2021\\\/03\\\/logo-fr.png\",\"contentUrl\":\"https:\\\/\\\/www.katag.ca\\\/wp-content\\\/uploads\\\/2021\\\/03\\\/logo-fr.png\",\"width\":338,\"height\":173,\"caption\":\"Katag\"},\"image\":{\"@id\":\"https:\\\/\\\/www.katag.ca\\\/#\\\/schema\\\/logo\\\/image\\\/\"},\"sameAs\":[\"https:\\\/\\\/www.facebook.com\\\/Katag.ca\"]}]}<\/script>\n<!-- \/ Yoast SEO plugin. -->","yoast_head_json":{"title":"Aventure 278 | Katag","robots":{"index":"index","follow":"follow","max-snippet":"max-snippet:-1","max-image-preview":"max-image-preview:large","max-video-preview":"max-video-preview:-1"},"canonical":"https:\/\/www.katag.ca\/aventure-278\/","og_locale":"en_US","og_type":"article","og_title":"Aventure 278 | Katag","og_description":"Comme cet endroit est tr\u00e8s \u00e9troit, attaquer en premier vous donne un fort avantage et la cr\u00e9ature sent tout de suite le vent tourner en votre faveur. \u00c7a ne l\u2019emp\u00eachera toutefois pas de vous livrer un combat! Avant d\u2019attaquer, vous r\u00e9alisez que vous n\u2019avez jamais affront\u00e9 de cauchemar auparavant et vous vous demandez ce qui se passera si vous le vainquez! Roulez les d\u00e9s. Traquenard cauchemar : Attaque : 4 Endurance : 4 &nbsp;","og_url":"https:\/\/www.katag.ca\/aventure-278\/","og_site_name":"Katag","article_publisher":"https:\/\/www.facebook.com\/Katag.ca","article_modified_time":"2015-01-09T15:09:25+00:00","twitter_card":"summary_large_image","twitter_misc":{"Est. reading time":"1 minute"},"schema":{"@context":"https:\/\/schema.org","@graph":[{"@type":"WebPage","@id":"https:\/\/www.katag.ca\/aventure-278\/","url":"https:\/\/www.katag.ca\/aventure-278\/","name":"Aventure 278 | Katag","isPartOf":{"@id":"https:\/\/www.katag.ca\/#website"},"datePublished":"2015-01-06T21:28:44+00:00","dateModified":"2015-01-09T15:09:25+00:00","breadcrumb":{"@id":"https:\/\/www.katag.ca\/aventure-278\/#breadcrumb"},"inLanguage":"en-US","potentialAction":[{"@type":"ReadAction","target":["https:\/\/www.katag.ca\/aventure-278\/"]}]},{"@type":"BreadcrumbList","@id":"https:\/\/www.katag.ca\/aventure-278\/#breadcrumb","itemListElement":[{"@type":"ListItem","position":1,"name":"Accueil","item":"https:\/\/www.katag.ca\/"},{"@type":"ListItem","position":2,"name":"Aventure 278"}]},{"@type":"WebSite","@id":"https:\/\/www.katag.ca\/#website","url":"https:\/\/www.katag.ca\/","name":"Katag","description":"LE jeu d'&eacute;p&eacute;es-mousse","publisher":{"@id":"https:\/\/www.katag.ca\/#organization"},"potentialAction":[{"@type":"SearchAction","target":{"@type":"EntryPoint","urlTemplate":"https:\/\/www.katag.ca\/?s={search_term_string}"},"query-input":{"@type":"PropertyValueSpecification","valueRequired":true,"valueName":"search_term_string"}}],"inLanguage":"en-US"},{"@type":"Organization","@id":"https:\/\/www.katag.ca\/#organization","name":"Katag","url":"https:\/\/www.katag.ca\/","logo":{"@type":"ImageObject","inLanguage":"en-US","@id":"https:\/\/www.katag.ca\/#\/schema\/logo\/image\/","url":"https:\/\/www.katag.ca\/wp-content\/uploads\/2021\/03\/logo-fr.png","contentUrl":"https:\/\/www.katag.ca\/wp-content\/uploads\/2021\/03\/logo-fr.png","width":338,"height":173,"caption":"Katag"},"image":{"@id":"https:\/\/www.katag.ca\/#\/schema\/logo\/image\/"},"sameAs":["https:\/\/www.facebook.com\/Katag.ca"]}]}},"_links":{"self":[{"href":"https:\/\/www.katag.ca\/en\/wp-json\/wp\/v2\/pages\/1527","targetHints":{"allow":["GET"]}}],"collection":[{"href":"https:\/\/www.katag.ca\/en\/wp-json\/wp\/v2\/pages"}],"about":[{"href":"https:\/\/www.katag.ca\/en\/wp-json\/wp\/v2\/types\/page"}],"author":[{"embeddable":true,"href":"https:\/\/www.katag.ca\/en\/wp-json\/wp\/v2\/users\/2"}],"replies":[{"embeddable":true,"href":"https:\/\/www.katag.ca\/en\/wp-json\/wp\/v2\/comments?post=1527"}],"version-history":[{"count":2,"href":"https:\/\/www.katag.ca\/en\/wp-json\/wp\/v2\/pages\/1527\/revisions"}],"predecessor-version":[{"id":2110,"href":"https:\/\/www.katag.ca\/en\/wp-json\/wp\/v2\/pages\/1527\/revisions\/2110"}],"wp:attachment":[{"href":"https:\/\/www.katag.ca\/en\/wp-json\/wp\/v2\/media?parent=1527"}],"curies":[{"name":"wp","href":"https:\/\/api.w.org\/{rel}","templated":true}]}}