{"id":1537,"date":"2015-01-06T21:31:25","date_gmt":"2015-01-06T21:31:25","guid":{"rendered":"http:\/\/www.boutiquekatag.com\/?page_id=1537"},"modified":"2015-01-09T15:15:26","modified_gmt":"2015-01-09T15:15:26","slug":"aventure-283","status":"publish","type":"page","link":"https:\/\/www.katag.ca\/en\/aventure-283\/","title":{"rendered":"Aventure 283"},"content":{"rendered":"<p>Vous vous approchez de l\u2019homme et constatez que de grosses larmes coulent sur ses joues. Il vous regarde en for\u00e7ant un sourire. \u00ab  Bonjour, vous dit-il, que fais un enfant de ton \u00e2ge \u00e0 r\u00f4der seul dans les rues \u00e0 cette heure? Ce n\u2019est pas prudent tu sais\u2026 \u00bb Vous r\u00e9pondez \u00e0 l\u2019homme que vous \u00eates en mission officielle \u00e0 la recherche d\u2019un cauchemar. \u00ab C\u2019est toi alors, vous dit-il, les yeux pleins d\u2019eau, qui est peut-\u00eatre notre seul espoir! Tu vois, notre fille \u00e9tait partie se promener avec ses amies. Malheureusement, un cauchemar \u00e0 la forme d\u2019un dragon s\u2019est approch\u00e9 d\u2019elles et leur a probablement caus\u00e9 la peur de leur vie\u2026 Comme tu le sais certainement, les cauchemars se nourrissent de la peur des gens et il est bien \u00e9vident que des enfants qui ne sont accompagn\u00e9s d\u2019aucun adulte apr\u00e8s la tomb\u00e9e de la nuit sont des cibles faciles pour ces salet\u00e9s! Toutes les camarades de ma fille ont r\u00e9ussi \u00e0 s\u2019enfuir, mais pas elle. Personne ne l\u2019a revue depuis, et nous commen\u00e7ons \u00e0 craindre le pire pour elle\u2026 Tu m\u2019excuseras, mais je trouve tr\u00e8s \u00e9tonnant que ce soit \u00e0 un enfant qu\u2019on ait confi\u00e9 la mission de capturer une telle cr\u00e9ature. Tu dois \u00eatre vraiment tr\u00e8s sp\u00e9cial pour que le Conseil des sages t\u2019ait fait confiance \u00e0 ce point. Lorsque nous avons report\u00e9 l\u2019incident, on nous a r\u00e9pondu que notre seul espoir \u00e9tait pour l\u2019instant entre les mains d\u2019un R\u00eaveur conscient, du moins jusqu\u2019\u00e0 ce qu\u2019un membre de la tribu des Capteurs de r\u00eaves ne revienne de l\u2019Antre de la Folie. Comment comptes-tu t\u2019y prendre pour retracer le cauchemar? Crois-tu qu\u2019il soit possible qu\u2019il ait captur\u00e9 notre fille? \u00c7a ne s\u2019est jamais produit auparavant, mais on ne sait jamais avec ces satan\u00e9s cauchemars\u2026 \u00bb Vous constatez que vous ne d\u00e9tenez aucune information r\u00e9elle sur l\u2019endroit o\u00f9 le cauchemar pourrait se trouver et vous demandez \u00e0 l\u2019homme o\u00f9 l\u2019enl\u00e8vement s\u2019est produit. \u00ab Elles se promenaient \u00e0 la lisi\u00e8re de la for\u00eat tout au fond. Apr\u00e8s l\u2019incident, nous sommes partis \u00e0 la recherche de notre fille, mais bien entendu, nous n\u2019avons rien trouv\u00e9. \u00c0 bien y penser, il y a peut-\u00eatre quelqu\u2019un qui peut nous venir en aide, une vieille amie nomm\u00e9e M\u00e9m\u00e9. Elle est voyante. On dit qu\u2019elle fait des miracles avec les R\u00eaveurs! Si \u00e7a ne t\u2019ennuie pas d\u2019essayer, je te conduis \u00e0 elle tout de suite. On verra bien ce que cela peut donner! \u00bb Vous sentez que cet homme porte en vous une r\u00e9elle confiance et ceci vous redonne du moral! Veuillez ajouter un point \u00e0 votre total dans la cat\u00e9gorie attaque de votre feuille de route.<\/p>\n<p>Vous partez avec l\u2019homme et, au bout d\u2019une heure de marche, vous \u00eates de retour au march\u00e9 central par lequel vous \u00eates pass\u00e9 un peu plus t\u00f4t. L\u2019homme vous m\u00e8ne directement devant M\u00e9m\u00e9, voyance et cartes. Avant de vous quitter, il vous souhaite bonne chance en vous disant combien il appr\u00e9cie ce que vous faites. Apr\u00e8s l\u2019avoir chaudement salu\u00e9, vous entrez \u00e0 l\u2019int\u00e9rieur.<\/p>\n<div class=\"btn-container  align-center\"><a class=\"organic-btn  dark-blue-btn small-btn  align-center\" href=\"http:\/\/www.katag.ca\/aventure-310\/\"><span class=\"btn-holder\">Cliquez ici pour continuer<\/span><\/a><\/div>\n","protected":false},"excerpt":{"rendered":"<p>Vous vous approchez de l\u2019homme et constatez que de grosses larmes coulent sur ses joues. Il vous regarde en for\u00e7ant un sourire. \u00ab Bonjour, vous dit-il, que fais un enfant de ton \u00e2ge \u00e0 r\u00f4der seul dans les rues \u00e0 cette heure? Ce n\u2019est pas prudent tu sais\u2026 \u00bb Vous r\u00e9pondez \u00e0 l\u2019homme que vous \u00eates en mission officielle \u00e0 la recherche d\u2019un cauchemar. \u00ab C\u2019est toi alors, vous dit-il, les yeux pleins d\u2019eau, qui est peut-\u00eatre notre seul espoir! Tu vois, notre fille \u00e9tait partie se promener&#8230;<\/p>\n","protected":false},"author":2,"featured_media":0,"parent":0,"menu_order":0,"comment_status":"closed","ping_status":"closed","template":"","meta":{"footnotes":""},"class_list":["post-1537","page","type-page","status-publish","hentry"],"yoast_head":"<!-- This site is optimized with the Yoast SEO plugin v27.5 - https:\/\/yoast.com\/product\/yoast-seo-wordpress\/ -->\n<title>Aventure 283 | Katag<\/title>\n<meta name=\"robots\" content=\"index, follow, max-snippet:-1, max-image-preview:large, max-video-preview:-1\" \/>\n<link rel=\"canonical\" href=\"https:\/\/www.katag.ca\/en\/aventure-283\/\" \/>\n<meta property=\"og:locale\" content=\"en_US\" \/>\n<meta property=\"og:type\" content=\"article\" \/>\n<meta property=\"og:title\" content=\"Aventure 283 | Katag\" \/>\n<meta property=\"og:description\" content=\"Vous vous approchez de l\u2019homme et constatez que de grosses larmes coulent sur ses joues. Il vous regarde en for\u00e7ant un sourire. \u00ab Bonjour, vous dit-il, que fais un enfant de ton \u00e2ge \u00e0 r\u00f4der seul dans les rues \u00e0 cette heure? Ce n\u2019est pas prudent tu sais\u2026 \u00bb Vous r\u00e9pondez \u00e0 l\u2019homme que vous \u00eates en mission officielle \u00e0 la recherche d\u2019un cauchemar. \u00ab C\u2019est toi alors, vous dit-il, les yeux pleins d\u2019eau, qui est peut-\u00eatre notre seul espoir! Tu vois, notre fille \u00e9tait partie se promener...\" \/>\n<meta property=\"og:url\" content=\"https:\/\/www.katag.ca\/en\/aventure-283\/\" \/>\n<meta property=\"og:site_name\" content=\"Katag\" \/>\n<meta property=\"article:publisher\" content=\"https:\/\/www.facebook.com\/Katag.ca\" \/>\n<meta property=\"article:modified_time\" content=\"2015-01-09T15:15:26+00:00\" \/>\n<meta name=\"twitter:card\" content=\"summary_large_image\" \/>\n<meta name=\"twitter:label1\" content=\"Est. reading time\" \/>\n\t<meta name=\"twitter:data1\" content=\"3 minutes\" \/>\n<script type=\"application\/ld+json\" class=\"yoast-schema-graph\">{\"@context\":\"https:\\\/\\\/schema.org\",\"@graph\":[{\"@type\":\"WebPage\",\"@id\":\"https:\\\/\\\/www.katag.ca\\\/en\\\/aventure-283\\\/\",\"url\":\"https:\\\/\\\/www.katag.ca\\\/en\\\/aventure-283\\\/\",\"name\":\"Aventure 283 | Katag\",\"isPartOf\":{\"@id\":\"https:\\\/\\\/www.katag.ca\\\/#website\"},\"datePublished\":\"2015-01-06T21:31:25+00:00\",\"dateModified\":\"2015-01-09T15:15:26+00:00\",\"breadcrumb\":{\"@id\":\"https:\\\/\\\/www.katag.ca\\\/en\\\/aventure-283\\\/#breadcrumb\"},\"inLanguage\":\"en-US\",\"potentialAction\":[{\"@type\":\"ReadAction\",\"target\":[\"https:\\\/\\\/www.katag.ca\\\/en\\\/aventure-283\\\/\"]}]},{\"@type\":\"BreadcrumbList\",\"@id\":\"https:\\\/\\\/www.katag.ca\\\/en\\\/aventure-283\\\/#breadcrumb\",\"itemListElement\":[{\"@type\":\"ListItem\",\"position\":1,\"name\":\"Accueil\",\"item\":\"https:\\\/\\\/www.katag.ca\\\/\"},{\"@type\":\"ListItem\",\"position\":2,\"name\":\"Aventure 283\"}]},{\"@type\":\"WebSite\",\"@id\":\"https:\\\/\\\/www.katag.ca\\\/#website\",\"url\":\"https:\\\/\\\/www.katag.ca\\\/\",\"name\":\"Katag\",\"description\":\"LE jeu d'&eacute;p&eacute;es-mousse\",\"publisher\":{\"@id\":\"https:\\\/\\\/www.katag.ca\\\/#organization\"},\"potentialAction\":[{\"@type\":\"SearchAction\",\"target\":{\"@type\":\"EntryPoint\",\"urlTemplate\":\"https:\\\/\\\/www.katag.ca\\\/?s={search_term_string}\"},\"query-input\":{\"@type\":\"PropertyValueSpecification\",\"valueRequired\":true,\"valueName\":\"search_term_string\"}}],\"inLanguage\":\"en-US\"},{\"@type\":\"Organization\",\"@id\":\"https:\\\/\\\/www.katag.ca\\\/#organization\",\"name\":\"Katag\",\"url\":\"https:\\\/\\\/www.katag.ca\\\/\",\"logo\":{\"@type\":\"ImageObject\",\"inLanguage\":\"en-US\",\"@id\":\"https:\\\/\\\/www.katag.ca\\\/#\\\/schema\\\/logo\\\/image\\\/\",\"url\":\"https:\\\/\\\/www.katag.ca\\\/wp-content\\\/uploads\\\/2021\\\/03\\\/logo-fr.png\",\"contentUrl\":\"https:\\\/\\\/www.katag.ca\\\/wp-content\\\/uploads\\\/2021\\\/03\\\/logo-fr.png\",\"width\":338,\"height\":173,\"caption\":\"Katag\"},\"image\":{\"@id\":\"https:\\\/\\\/www.katag.ca\\\/#\\\/schema\\\/logo\\\/image\\\/\"},\"sameAs\":[\"https:\\\/\\\/www.facebook.com\\\/Katag.ca\"]}]}<\/script>\n<!-- \/ Yoast SEO plugin. -->","yoast_head_json":{"title":"Aventure 283 | Katag","robots":{"index":"index","follow":"follow","max-snippet":"max-snippet:-1","max-image-preview":"max-image-preview:large","max-video-preview":"max-video-preview:-1"},"canonical":"https:\/\/www.katag.ca\/en\/aventure-283\/","og_locale":"en_US","og_type":"article","og_title":"Aventure 283 | Katag","og_description":"Vous vous approchez de l\u2019homme et constatez que de grosses larmes coulent sur ses joues. Il vous regarde en for\u00e7ant un sourire. \u00ab Bonjour, vous dit-il, que fais un enfant de ton \u00e2ge \u00e0 r\u00f4der seul dans les rues \u00e0 cette heure? Ce n\u2019est pas prudent tu sais\u2026 \u00bb Vous r\u00e9pondez \u00e0 l\u2019homme que vous \u00eates en mission officielle \u00e0 la recherche d\u2019un cauchemar. \u00ab C\u2019est toi alors, vous dit-il, les yeux pleins d\u2019eau, qui est peut-\u00eatre notre seul espoir! Tu vois, notre fille \u00e9tait partie se promener...","og_url":"https:\/\/www.katag.ca\/en\/aventure-283\/","og_site_name":"Katag","article_publisher":"https:\/\/www.facebook.com\/Katag.ca","article_modified_time":"2015-01-09T15:15:26+00:00","twitter_card":"summary_large_image","twitter_misc":{"Est. reading time":"3 minutes"},"schema":{"@context":"https:\/\/schema.org","@graph":[{"@type":"WebPage","@id":"https:\/\/www.katag.ca\/en\/aventure-283\/","url":"https:\/\/www.katag.ca\/en\/aventure-283\/","name":"Aventure 283 | Katag","isPartOf":{"@id":"https:\/\/www.katag.ca\/#website"},"datePublished":"2015-01-06T21:31:25+00:00","dateModified":"2015-01-09T15:15:26+00:00","breadcrumb":{"@id":"https:\/\/www.katag.ca\/en\/aventure-283\/#breadcrumb"},"inLanguage":"en-US","potentialAction":[{"@type":"ReadAction","target":["https:\/\/www.katag.ca\/en\/aventure-283\/"]}]},{"@type":"BreadcrumbList","@id":"https:\/\/www.katag.ca\/en\/aventure-283\/#breadcrumb","itemListElement":[{"@type":"ListItem","position":1,"name":"Accueil","item":"https:\/\/www.katag.ca\/"},{"@type":"ListItem","position":2,"name":"Aventure 283"}]},{"@type":"WebSite","@id":"https:\/\/www.katag.ca\/#website","url":"https:\/\/www.katag.ca\/","name":"Katag","description":"LE jeu d'&eacute;p&eacute;es-mousse","publisher":{"@id":"https:\/\/www.katag.ca\/#organization"},"potentialAction":[{"@type":"SearchAction","target":{"@type":"EntryPoint","urlTemplate":"https:\/\/www.katag.ca\/?s={search_term_string}"},"query-input":{"@type":"PropertyValueSpecification","valueRequired":true,"valueName":"search_term_string"}}],"inLanguage":"en-US"},{"@type":"Organization","@id":"https:\/\/www.katag.ca\/#organization","name":"Katag","url":"https:\/\/www.katag.ca\/","logo":{"@type":"ImageObject","inLanguage":"en-US","@id":"https:\/\/www.katag.ca\/#\/schema\/logo\/image\/","url":"https:\/\/www.katag.ca\/wp-content\/uploads\/2021\/03\/logo-fr.png","contentUrl":"https:\/\/www.katag.ca\/wp-content\/uploads\/2021\/03\/logo-fr.png","width":338,"height":173,"caption":"Katag"},"image":{"@id":"https:\/\/www.katag.ca\/#\/schema\/logo\/image\/"},"sameAs":["https:\/\/www.facebook.com\/Katag.ca"]}]}},"_links":{"self":[{"href":"https:\/\/www.katag.ca\/en\/wp-json\/wp\/v2\/pages\/1537","targetHints":{"allow":["GET"]}}],"collection":[{"href":"https:\/\/www.katag.ca\/en\/wp-json\/wp\/v2\/pages"}],"about":[{"href":"https:\/\/www.katag.ca\/en\/wp-json\/wp\/v2\/types\/page"}],"author":[{"embeddable":true,"href":"https:\/\/www.katag.ca\/en\/wp-json\/wp\/v2\/users\/2"}],"replies":[{"embeddable":true,"href":"https:\/\/www.katag.ca\/en\/wp-json\/wp\/v2\/comments?post=1537"}],"version-history":[{"count":2,"href":"https:\/\/www.katag.ca\/en\/wp-json\/wp\/v2\/pages\/1537\/revisions"}],"predecessor-version":[{"id":2116,"href":"https:\/\/www.katag.ca\/en\/wp-json\/wp\/v2\/pages\/1537\/revisions\/2116"}],"wp:attachment":[{"href":"https:\/\/www.katag.ca\/en\/wp-json\/wp\/v2\/media?parent=1537"}],"curies":[{"name":"wp","href":"https:\/\/api.w.org\/{rel}","templated":true}]}}